{"id":74414,"date":"2021-09-23T09:41:23","date_gmt":"2021-09-23T07:41:23","guid":{"rendered":"https:\/\/dogpride1.wpengine.com\/?post_type=product&#038;p=74414"},"modified":"2021-12-27T10:17:37","modified_gmt":"2021-12-27T09:17:37","slug":"verkeerskegel-voor-maglite","status":"publish","type":"product","link":"https:\/\/dogpride.nl\/fr\/verkeerskegel-voor-maglite\/","title":{"rendered":"C\u00f4ne de signalisation pour Maglite"},"content":{"rendered":"<h4 class=\"txt-title-fichier\"><span class=\"goog-text-highlight\">C\u00f4ne de signalisation pour Maglite<\/span><\/h4>\n<p><span class=\"goog-text-highlight\">C\u00f4ne de signalisation pour Maglite. C\u00f4ne de circulation pour Maglite<\/span><br \/>\n<span class=\"goog-text-highlight\">Tr\u00e8s facile \u00e0\u00a0<\/span><span class=\"goog-text-highlight\">Confirmer\u00a0<\/span><span class=\"goog-text-highlight\">sur toutes les batteries Maglite type 2 \u00e0 6 GM<\/span><\/p>\n<p><a href=\"https:\/\/dogpride.nl\/fr\/produit\/maglite-lamp-in-diverse-uitvoeringen\/\">Regardez ici pour les lampes Maglite<\/a><\/p>\n<p>&nbsp;<\/p>\n<p><a href=\"https:\/\/devrolijkekwispel.nl\/\" target=\"_blank\" rel=\"noopener\">Dogpride NL parraine Kelly Albers<\/a><\/p>\n<p><em>Je (Kelly Albers) suis active dans le secteur animal depuis 2015. Apr\u00e8s avoir suivi plusieurs formations, avoir acquis de nombreuses ann\u00e9es d&#039;exp\u00e9rience dans les sports canins et avoir travaill\u00e9 pour plusieurs entreprises animali\u00e8res pendant plusieurs ann\u00e9es.<\/em><br \/>\n<em>En mai 2018, j&#039;ai atteint un sommet dans ma carri\u00e8re de sport canin. Je suis devenu champion du monde WDSF dans la classe ipo2 et j&#039;ai ensuite particip\u00e9 au championnat n\u00e9erlandais toutes races.<\/em><\/p>","protected":false},"excerpt":{"rendered":"<p class=\"txt-title-fichier\"><span class=\"goog-text-highlight\">C\u00f4ne de signalisation pour Maglite. C\u00f4ne de circulation pour Maglite. Tr\u00e8s facile \u00e0 fixer sur toutes les batteries Maglite type 2 \u00e0 6 GM.<\/span><\/p>","protected":false},"featured_media":74415,"template":"","meta":[],"product_brand":[],"product_cat":[2919],"product_tag":[],"class_list":{"0":"post-74414","1":"product","2":"type-product","3":"status-publish","4":"has-post-thumbnail","6":"product_cat-verlichting-voor-k9-handlers","8":"first","9":"instock","10":"taxable","11":"shipping-taxable","12":"purchasable","13":"product-type-variable"},"mb":[],"mfb_rest_fields":["title"],"_links":{"self":[{"href":"https:\/\/dogpride.nl\/fr\/wp-json\/wp\/v2\/product\/74414","targetHints":{"allow":["GET"]}}],"collection":[{"href":"https:\/\/dogpride.nl\/fr\/wp-json\/wp\/v2\/product"}],"about":[{"href":"https:\/\/dogpride.nl\/fr\/wp-json\/wp\/v2\/types\/product"}],"wp:featuredmedia":[{"embeddable":true,"href":"https:\/\/dogpride.nl\/fr\/wp-json\/wp\/v2\/media\/74415"}],"wp:attachment":[{"href":"https:\/\/dogpride.nl\/fr\/wp-json\/wp\/v2\/media?parent=74414"}],"wp:term":[{"taxonomy":"product_brand","embeddable":true,"href":"https:\/\/dogpride.nl\/fr\/wp-json\/wp\/v2\/product_brand?post=74414"},{"taxonomy":"product_cat","embeddable":true,"href":"https:\/\/dogpride.nl\/fr\/wp-json\/wp\/v2\/product_cat?post=74414"},{"taxonomy":"product_tag","embeddable":true,"href":"https:\/\/dogpride.nl\/fr\/wp-json\/wp\/v2\/product_tag?post=74414"}],"curies":[{"name":"wp","href":"https:\/\/api.w.org\/{rel}","templated":true}]}}