{"id":7441,"date":"2021-05-18T13:06:32","date_gmt":"2021-05-18T11:06:32","guid":{"rendered":"https:\/\/dogpride1.wpengine.com\/?post_type=product&#038;p=7441"},"modified":"2025-11-26T17:55:02","modified_gmt":"2025-11-26T16:55:02","slug":"knuffelwuff-hondenbed-scottsdale-kunstleer","status":"publish","type":"product","link":"https:\/\/dogpride.nl\/fr\/knuffelwuff-hondenbed-scottsdale-kunstleer\/","title":{"rendered":"Cuddlewuff Lit pour chien Scottsdale Similicuir"},"content":{"rendered":"<h4 data-start=\"329\" data-end=\"388\">Wat is het Knuffelwuff Hondenbed Scottsdale Kunstleer?<\/h4>\n<p data-start=\"390\" data-end=\"975\">Il <strong data-start=\"394\" data-end=\"440\">Cuddlewuff Lit pour chien Scottsdale Similicuir<\/strong> is een luxe, onderhoudsvriendelijk en duurzaam hondenbed dat speciaal is ontworpen voor honden die comfort \u00e9n stabiliteit nodig hebben. Dit hoogwaardige bed combineert een stevige kunstleren buitenkant met een zachte, comfortabele binnenkant en royale vulling. Hierdoor ontstaat een perfecte mix van hygi\u00ebne, stijl en ergonomisch ligcomfort.<br data-start=\"782\" data-end=\"785\" \/>Het Knuffelwuff Hondenbed Scottsdale Kunstleer is ideaal voor honden die dagelijks intensief gebruikmaken van hun mand en voor baasjes die een elegant bed zoeken dat in ieder interieur past.<\/p>\n<hr data-start=\"977\" data-end=\"980\" \/>\n<h4 data-start=\"982\" data-end=\"1033\">Premium kunstleer: sterk, praktisch en elegant<\/h4>\n<p data-start=\"1035\" data-end=\"1241\">Het eerste dat opvalt aan het <strong data-start=\"1065\" data-end=\"1111\">Cuddlewuff Lit pour chien Scottsdale Similicuir<\/strong> is de exclusieve kunstleren bekleding. Dit materiaal ziet er niet alleen chic uit, maar biedt ook ongekende praktische voordelen:<\/p>\n<ul data-start=\"1243\" data-end=\"1426\">\n<li data-start=\"1243\" data-end=\"1274\">\n<p data-start=\"1245\" data-end=\"1274\">gemakkelijk schoon te maken<\/p>\n<\/li>\n<li data-start=\"1275\" data-end=\"1302\">\n<p data-start=\"1277\" data-end=\"1302\">water- en vuilafstotend<\/p>\n<\/li>\n<li data-start=\"1303\" data-end=\"1338\">\n<p data-start=\"1305\" data-end=\"1338\">neemt geen haren of geurtjes op<\/p>\n<\/li>\n<li data-start=\"1339\" data-end=\"1376\">\n<p data-start=\"1341\" data-end=\"1376\">blijft mooi, ook na jaren gebruik<\/p>\n<\/li>\n<li data-start=\"1377\" data-end=\"1426\">\n<p data-start=\"1379\" data-end=\"1426\">ideaal voor natte, modderige of harige honden<\/p>\n<\/li>\n<\/ul>\n<p data-start=\"1428\" data-end=\"1629\">In tegenstelling tot stoffen manden hoef je bij dit model niet bang te zijn voor vlekken of hardnekkige geuren. Een snelle veeg met een vochtige doek volstaat om het bed weer als nieuw te laten lijken.<\/p>\n<hr data-start=\"1631\" data-end=\"1634\" \/>\n<h4 data-start=\"1636\" data-end=\"1684\">Zacht liggedeelte voor knus en warm comfort<\/h4>\n<p data-start=\"1686\" data-end=\"1901\">Hoewel het bed een robuuste kunstleren rand heeft, beschikt het <strong data-start=\"1750\" data-end=\"1796\">Cuddlewuff Lit pour chien Scottsdale Similicuir<\/strong> over een heerlijk zacht ligoppervlak waar honden graag op gaan liggen. De bovenkant van het liggedeelte:<\/p>\n<ul data-start=\"1903\" data-end=\"2059\">\n<li data-start=\"1903\" data-end=\"1921\">\n<p data-start=\"1905\" data-end=\"1921\">voelt warm aan<\/p>\n<\/li>\n<li data-start=\"1922\" data-end=\"1977\">\n<p data-start=\"1924\" data-end=\"1977\">is comfortabel voor honden met gevoelige gewrichten<\/p>\n<\/li>\n<li data-start=\"1978\" data-end=\"2011\">\n<p data-start=\"1980\" data-end=\"2011\">nodigt uit tot langere dutjes<\/p>\n<\/li>\n<li data-start=\"2012\" data-end=\"2059\">\n<p data-start=\"2014\" data-end=\"2059\">zorgt ervoor dat het bed niet koud aanvoelt<\/p>\n<\/li>\n<\/ul>\n<p data-start=\"2061\" data-end=\"2192\">Deze combinatie van stevige randen en een zachte kern maakt het Scottsdale-model een fijne plek voor elke hond, van pup tot senior.<\/p>\n<hr data-start=\"2194\" data-end=\"2197\" \/>\n<h4 data-start=\"2199\" data-end=\"2253\">Stevige schuimvulling voor duurzame ondersteuning<\/h4>\n<p data-start=\"2255\" data-end=\"2427\">De vulling van het <strong data-start=\"2274\" data-end=\"2320\">Cuddlewuff Lit pour chien Scottsdale Similicuir<\/strong> bestaat uit een hoogwaardige schuimkern die speciaal is ontwikkeld voor langdurig gebruik. Dit zorgt voor:<\/p>\n<ul data-start=\"2429\" data-end=\"2594\">\n<li data-start=\"2429\" data-end=\"2455\">\n<p data-start=\"2431\" data-end=\"2455\">blijvende vormvastheid<\/p>\n<\/li>\n<li data-start=\"2456\" data-end=\"2486\">\n<p data-start=\"2458\" data-end=\"2486\">gelijkmatige drukverdeling<\/p>\n<\/li>\n<li data-start=\"2487\" data-end=\"2534\">\n<p data-start=\"2489\" data-end=\"2534\">ondersteuning voor rug, heupen en ledematen<\/p>\n<\/li>\n<li data-start=\"2535\" data-end=\"2594\">\n<p data-start=\"2537\" data-end=\"2594\">een stabiele slaapplaats voor honden van alle gewichten<\/p>\n<\/li>\n<\/ul>\n<p data-start=\"2596\" data-end=\"2683\">Zelfs zwaardere honden kunnen comfortabel liggen zonder dat het bed inzakt of vervormt.<\/p>\n<p><a href=\"https:\/\/dogpride.nl\/fr\/hondenmanden\/knuffelwuff-hondenmanden\/\"><img loading=\"lazy\" decoding=\"async\" class=\"alignnone\" title=\"Cuddlewuff Lit pour chien Scottsdale Similicuir\" src=\"https:\/\/dogpride.nl\/wp-content\/uploads\/scottsdale-2-150x150.jpeg\" alt=\"Knuffelwuff Hondenbed Scottsdale Kunstleer\" width=\"150\" height=\"150\" \/><\/a><\/p>\n<h4 data-start=\"2690\" data-end=\"2736\">Opstaande randen voor een geborgen gevoel<\/h4>\n<p data-start=\"2738\" data-end=\"2891\">Het design van het <strong data-start=\"2757\" data-end=\"2803\">Cuddlewuff Lit pour chien Scottsdale Similicuir<\/strong> bevat stevige opstaande randen die honden een gevoel van veiligheid geven. Deze randen:<\/p>\n<ul data-start=\"2893\" data-end=\"3079\">\n<li data-start=\"2893\" data-end=\"2927\">\n<p data-start=\"2895\" data-end=\"2927\">bieden nek- en hoofdonsteuning<\/p>\n<\/li>\n<li data-start=\"2928\" data-end=\"2976\">\n<p data-start=\"2930\" data-end=\"2976\">zorgen voor een beschutte, rustige slaapplek<\/p>\n<\/li>\n<li data-start=\"2977\" data-end=\"3011\">\n<p data-start=\"2979\" data-end=\"3011\">houden tocht en prikkels tegen<\/p>\n<\/li>\n<li data-start=\"3012\" data-end=\"3079\">\n<p data-start=\"3014\" data-end=\"3079\">maken het bed ideaal voor honden die graag tegen iets aanliggen<\/p>\n<\/li>\n<\/ul>\n<p data-start=\"3081\" data-end=\"3206\">Veel honden geven de voorkeur aan dit soort \u201cnestvormige\u201d manden, omdat zij zich daardoor veiliger en meer ontspannen voelen.<\/p>\n<hr data-start=\"3208\" data-end=\"3211\" \/>\n<h4 data-start=\"3213\" data-end=\"3260\">Antislip-onderzijde voor extra stabiliteit<\/h4>\n<p data-start=\"3262\" data-end=\"3527\">Il <strong data-start=\"3266\" data-end=\"3312\">Cuddlewuff Lit pour chien Scottsdale Similicuir<\/strong> is voorzien van een antisliplaag aan de onderzijde. Hierdoor glijdt het bed niet weg wanneer de hond erin springt of zich omdraait. Dit is vooral praktisch op gladde vloeren zoals tegels, vinyl, laminaat en parket.<\/p>\n<hr data-start=\"3529\" data-end=\"3532\" \/>\n<h4 data-start=\"3534\" data-end=\"3572\">Duurzaam ontwerp dat lang meegaat<\/h4>\n<p data-start=\"3574\" data-end=\"3766\">Il <strong data-start=\"3578\" data-end=\"3624\">Cuddlewuff Lit pour chien Scottsdale Similicuir<\/strong> is gebouwd om jarenlang intensief gebruik te doorstaan. Dankzij de sterke stiksels, slijtvaste buitenkant en solide vulling is dit hondenbed:<\/p>\n<ul data-start=\"3768\" data-end=\"3915\">\n<li data-start=\"3768\" data-end=\"3808\">\n<p data-start=\"3770\" data-end=\"3808\">bestand tegen graaf- en nestelgedrag<\/p>\n<\/li>\n<li data-start=\"3809\" data-end=\"3844\">\n<p data-start=\"3811\" data-end=\"3844\">geschikt voor dagelijks gebruik<\/p>\n<\/li>\n<li data-start=\"3845\" data-end=\"3876\">\n<p data-start=\"3847\" data-end=\"3876\">vormvast, ook na lange tijd<\/p>\n<\/li>\n<li data-start=\"3877\" data-end=\"3915\">\n<p data-start=\"3879\" data-end=\"3915\">ideaal voor drukke of grote honden<\/p>\n<\/li>\n<\/ul>\n<p data-start=\"3917\" data-end=\"4050\">De uitstekende bouwkwaliteit zorgt ervoor dat het bed niet alleen mooi is, maar ook een echte investering in langdurig hondencomfort.<\/p>\n<hr data-start=\"4052\" data-end=\"4055\" \/>\n<h4 data-start=\"4057\" data-end=\"4106\">Hygi\u00ebnisch en ideaal voor allergische honden<\/h4>\n<p data-start=\"4108\" data-end=\"4378\">Omdat het kunstleer geen stof, huidschilfers of haren vasthoudt, is het <strong data-start=\"4180\" data-end=\"4226\">Cuddlewuff Lit pour chien Scottsdale Similicuir<\/strong> bijzonder geschikt voor honden met allergie\u00ebn of gevoelige huid. De gladde structuur houdt minder allergenen vast, en schoonmaken is eenvoudig en snel.<\/p>\n<hr data-start=\"4380\" data-end=\"4383\" \/>\n<h4 data-start=\"4385\" data-end=\"4429\">Past in moderne en klassieke interieurs<\/h4>\n<p data-start=\"4431\" data-end=\"4649\">Met zijn strakke lijnen en luxe afwerking past het <strong data-start=\"4482\" data-end=\"4528\">Cuddlewuff Lit pour chien Scottsdale Similicuir<\/strong> moeiteloos in verschillende woonstijlen. Het bed oogt als een premium meubelstuk en vormt een stijlvolle toevoeging aan:<\/p>\n<ul data-start=\"4651\" data-end=\"4758\">\n<li data-start=\"4651\" data-end=\"4673\">\n<p data-start=\"4653\" data-end=\"4673\">moderne woonkamers<\/p>\n<\/li>\n<li data-start=\"4674\" data-end=\"4697\">\n<p data-start=\"4676\" data-end=\"4697\">landelijke woningen<\/p>\n<\/li>\n<li data-start=\"4698\" data-end=\"4724\">\n<p data-start=\"4700\" data-end=\"4724\">industri\u00eble interieurs<\/p>\n<\/li>\n<li data-start=\"4725\" data-end=\"4758\">\n<p data-start=\"4727\" data-end=\"4758\">slaapkamers of kantoorruimtes<\/p>\n<\/li>\n<\/ul>\n<p data-start=\"4760\" data-end=\"4834\">Het bed is ontworpen om zowel praktisch als visueel aantrekkelijk te zijn.<\/p>\n<hr data-start=\"4836\" data-end=\"4839\" \/>\n<h4 data-start=\"4841\" data-end=\"4912\">Waarom kiezen voor het Knuffelwuff Hondenbed Scottsdale Kunstleer?<\/h4>\n<p data-start=\"4914\" data-end=\"5366\">Il <strong data-start=\"4918\" data-end=\"4964\">Cuddlewuff Lit pour chien Scottsdale Similicuir<\/strong> is perfect voor hondenbezitters die een duurzaam, hygi\u00ebnisch en stijlvol hondenbed zoeken dat tegen een stootje kan. De combinatie van een luxe kunstleren omranding, zachte binnenkant, stevige vulling en onderhoudsvriendelijk ontwerp maakt het een echte topper in zijn klasse.<br data-start=\"5241\" data-end=\"5244\" \/>Voor honden die veel slapen, veel verharen of vaak vies thuiskomen, is dit hondenbed een praktische \u00e9n elegante oplossing.<\/p>\n<p><img loading=\"lazy\" decoding=\"async\" class=\"alignnone\" title=\"Cuddlewuff Lit pour chien Scottsdale Similicuir\" src=\"https:\/\/dogpride.nl\/wp-content\/uploads\/scottsdale-2-150x150.jpeg\" alt=\"Knuffelwuff Hondenbed Scottsdale Kunstleer\" width=\"150\" height=\"150\" \/><\/p>\n<p><a href=\"https:\/\/www.knuffelwuff.de\/\" target=\"_blank\" rel=\"noopener\"><img loading=\"lazy\" decoding=\"async\" class=\"alignnone wp-image-145218 size-full\" src=\"https:\/\/dogpride.nl\/wp-content\/uploads\/Knuffelwuff-logo.jpg\" alt=\"Knuffelwuff logo\" width=\"141\" height=\"81\" srcset=\"https:\/\/dogpride.nl\/wp-content\/uploads\/Knuffelwuff-logo.jpg 141w, https:\/\/dogpride.nl\/wp-content\/uploads\/Knuffelwuff-logo-18x10.jpg 18w\" sizes=\"auto, (max-width: 141px) 100vw, 141px\" \/><\/a><\/p>","protected":false},"excerpt":{"rendered":"<p>Lit pour chien Cuddlewuff Scottsdale en cuir artificiel. Avec sa couleur agr\u00e9ablement chaude et ses bords lat\u00e9raux volumineux, vous obtenez un v\u00e9ritable accroche-regard dans votre maison.<\/p>","protected":false},"featured_media":46454,"template":"","meta":[],"product_brand":[],"product_cat":[1578],"product_tag":[12182,15092,15175,14994,15183,15179,15096,15093,14819,15112],"class_list":{"0":"post-7441","1":"product","2":"type-product","3":"status-publish","4":"has-post-thumbnail","6":"product_cat-knuffelwuff-hondenmanden","7":"product_tag-comfortabel-hondenbed","8":"product_tag-duurzaam-hondenkussen","9":"product_tag-hondenmand-met-randen","10":"product_tag-hygienisch-hondenkussen","11":"product_tag-knuffelwuff-scottsdale","12":"product_tag-kunstleren-hondenbed","13":"product_tag-luxe-hondenmand","14":"product_tag-makkelijk-schoon-hondenbed","15":"product_tag-premium-hondenbed","16":"product_tag-stevig-hondenbed","18":"first","19":"instock","20":"taxable","21":"shipping-taxable","22":"purchasable","23":"product-type-variable"},"mb":[],"mfb_rest_fields":["title"],"_links":{"self":[{"href":"https:\/\/dogpride.nl\/fr\/wp-json\/wp\/v2\/product\/7441","targetHints":{"allow":["GET"]}}],"collection":[{"href":"https:\/\/dogpride.nl\/fr\/wp-json\/wp\/v2\/product"}],"about":[{"href":"https:\/\/dogpride.nl\/fr\/wp-json\/wp\/v2\/types\/product"}],"wp:featuredmedia":[{"embeddable":true,"href":"https:\/\/dogpride.nl\/fr\/wp-json\/wp\/v2\/media\/46454"}],"wp:attachment":[{"href":"https:\/\/dogpride.nl\/fr\/wp-json\/wp\/v2\/media?parent=7441"}],"wp:term":[{"taxonomy":"product_brand","embeddable":true,"href":"https:\/\/dogpride.nl\/fr\/wp-json\/wp\/v2\/product_brand?post=7441"},{"taxonomy":"product_cat","embeddable":true,"href":"https:\/\/dogpride.nl\/fr\/wp-json\/wp\/v2\/product_cat?post=7441"},{"taxonomy":"product_tag","embeddable":true,"href":"https:\/\/dogpride.nl\/fr\/wp-json\/wp\/v2\/product_tag?post=7441"}],"curies":[{"name":"wp","href":"https:\/\/api.w.org\/{rel}","templated":true}]}}