{"id":74404,"date":"2021-09-23T09:07:48","date_gmt":"2021-09-23T07:07:48","guid":{"rendered":"https:\/\/dogpride1.wpengine.com\/?post_type=product&#038;p=74404"},"modified":"2025-07-11T10:08:28","modified_gmt":"2025-07-11T08:08:28","slug":"toe-flitslicht-180-lumen","status":"publish","type":"product","link":"https:\/\/dogpride.nl\/fr\/toe-flitslicht-180-lumen\/","title":{"rendered":"Lampe de poche TOE 180 lumens"},"content":{"rendered":"<h4>Lampe de poche TOE 180 lumens<\/h4>\n<p>Lampe de poche TOE 180 lumens<\/p>\n<p><span class=\"\">Les lampes d&#039;intervention TOE forment une gamme diversifi\u00e9e qui r\u00e9pond parfaitement aux besoins du terrain.<\/span><br \/>\nLes r\u00e9f\u00e9rences propos\u00e9es sont toutes disponibles en qualit\u00e9 Cree\u00aeLED ; ils sont en aluminium a\u00e9ronautique anti-roulis ; ils existent en mode Strong, Weak ou Strobe selon les mod\u00e8les ; R\u00e9sistant \u00e0 l&#039;eau et aux chocs IPX7, ils sont livr\u00e9s avec des piles, un clip ceinture et sous blister.<br \/>\nEfficaces, ergonomiques et compactes, les lampes \u00e0 valve d&#039;intervention TOE sont id\u00e9ales pour toute application ou intervention n\u00e9cessitant qualit\u00e9 et fiabilit\u00e9.<\/p>\n<p>\u2013 180 lumens<br \/>\n\u2013 Puissance de sortie : Haute 1 heure \u2013 Basse 5 heures<br \/>\n\u2013 LED : CREE XP-G R3 blanche<br \/>\n- Structure a\u00e9rospatiale en aluminium anti-roulis<br \/>\n<span class=\"goog-text-highlight\">\u2013 Mode : Fort \u2013 Faible \u2013 Stroboscope<\/span><br \/>\n<span class=\"goog-text-highlight\">\u2013 \u00c9tanch\u00e9it\u00e9 : IPX7<\/span><br \/>\n<span class=\"goog-text-highlight\">\u2013 R\u00e9sistance aux chocs : 1,2 m<\/span><br \/>\n<span class=\"goog-text-highlight\">\u2013 Piles : 2 x AA<\/span><br \/>\n<span class=\"goog-text-highlight\">\u2013 Accessoires : Clip ceinture + piles<\/span><br \/>\n<span class=\"goog-text-highlight\">\u2013 Dimensions : Longueur : 15,7 cm<\/span><br \/>\n<span class=\"goog-text-highlight\">Diam\u00e8tre : 2,6 cm<\/span><br \/>\n<span class=\"goog-text-highlight\">Poids : 92g<\/span><br \/>\n<span class=\"goog-text-highlight\">- 2 ans de garantie<\/span><\/p>","protected":false},"excerpt":{"rendered":"<p>Lampe de poche TOE 180 lumens. <span class=\"\">Les lampes d&#039;intervention TOE forment une gamme diversifi\u00e9e qui r\u00e9pond parfaitement aux besoins du terrain.<\/span><\/p>","protected":false},"featured_media":74405,"template":"","meta":[],"product_brand":[],"product_cat":[2919],"product_tag":[],"class_list":{"0":"post-74404","1":"product","2":"type-product","3":"status-publish","4":"has-post-thumbnail","6":"product_cat-verlichting-voor-k9-handlers","8":"first","9":"instock","10":"taxable","11":"shipping-taxable","12":"purchasable","13":"product-type-simple"},"mb":[],"mfb_rest_fields":["title"],"_links":{"self":[{"href":"https:\/\/dogpride.nl\/fr\/wp-json\/wp\/v2\/product\/74404","targetHints":{"allow":["GET"]}}],"collection":[{"href":"https:\/\/dogpride.nl\/fr\/wp-json\/wp\/v2\/product"}],"about":[{"href":"https:\/\/dogpride.nl\/fr\/wp-json\/wp\/v2\/types\/product"}],"wp:featuredmedia":[{"embeddable":true,"href":"https:\/\/dogpride.nl\/fr\/wp-json\/wp\/v2\/media\/74405"}],"wp:attachment":[{"href":"https:\/\/dogpride.nl\/fr\/wp-json\/wp\/v2\/media?parent=74404"}],"wp:term":[{"taxonomy":"product_brand","embeddable":true,"href":"https:\/\/dogpride.nl\/fr\/wp-json\/wp\/v2\/product_brand?post=74404"},{"taxonomy":"product_cat","embeddable":true,"href":"https:\/\/dogpride.nl\/fr\/wp-json\/wp\/v2\/product_cat?post=74404"},{"taxonomy":"product_tag","embeddable":true,"href":"https:\/\/dogpride.nl\/fr\/wp-json\/wp\/v2\/product_tag?post=74404"}],"curies":[{"name":"wp","href":"https:\/\/api.w.org\/{rel}","templated":true}]}}