{"id":74401,"date":"2021-09-23T09:05:03","date_gmt":"2021-09-23T07:05:03","guid":{"rendered":"https:\/\/dogpride1.wpengine.com\/?post_type=product&#038;p=74401"},"modified":"2021-12-27T10:29:31","modified_gmt":"2021-12-27T09:29:31","slug":"handsfree-lampje-quiqlite-pro","status":"publish","type":"product","link":"https:\/\/dogpride.nl\/fr\/handsfree-lampje-quiqlite-pro\/","title":{"rendered":"Lampe mains libres QuiqLite Pro"},"content":{"rendered":"<h4>Lampe mains libres QuiqLite Pro<\/h4>\n<p>Lampe mains libres QuiqLite Pro<\/p>\n<p>La seule source lumineuse &quot;mains libres&quot; au monde dissimulable 100%.<\/p>\n<p>Enti\u00e8rement con\u00e7u pour faciliter et s\u00e9curiser toute activit\u00e9 d&#039;intervention sur le terrain.<br \/>\nAvec le QUIQLITE Pro avec ses lentilles LED et son corps rotatif \u00e0 360\u00b0, vous pouvez ajuster l&#039;angle d&#039;\u00e9clairage en fonction des besoins de chacun.<br \/>\nM\u00eame en vision nocturne ou en faible luminosit\u00e9, le QUIQLITE Pro offre un confort d&#039;\u00e9clairage sans \u00e9blouissement et sans s&#039;habituer \u00e0 l&#039;obscurit\u00e9.<\/p>\n<p>Id\u00e9al pour : militaire, forces de l&#039;ordre, pompiers, s\u00e9curit\u00e9 priv\u00e9e, service p\u00e9nitentiaire, etc.<br \/>\nConvient pour : ceinture, gilet tactique, gilet, sac tactique, carte, bloc-notes, pare-soleil, etc.<\/p>\n<p>\u2013 Double LED super lumineuse<br \/>\n\u2013 Lentille LED inclinable \u00e0 160\u00b0<br \/>\n\u2013 Bo\u00eetier rotatif \u00e0 360\u00b0 avec clip fixe<br \/>\n<span class=\"goog-text-highlight\">\u2013 D\u00e9marrage imm\u00e9diat en appuyant sur le bouton marche\/arr\u00eat<\/span><br \/>\n<span class=\"goog-text-highlight\">bouton - Bouton de r\u00e9glage de la luminosit\u00e9<\/span><br \/>\n<span class=\"goog-text-highlight\">\u2013 Syst\u00e8me d&#039;arr\u00eat automatique apr\u00e8s 10 minutes<\/span><br \/>\n<span class=\"goog-text-highlight\">&#8211;<\/span><br \/>\n<span class=\"goog-text-highlight\">Stroboscope d&#039;urgence - syst\u00e8me &quot;QuiqFlare&quot;, signal lumineux de s\u00e9curit\u00e9 personnelle<\/span><br \/>\n<span class=\"goog-text-highlight\">\u2013 Clip magn\u00e9tique amovible<\/span><br \/>\n<span class=\"goog-text-highlight\">\u2013 Aucune influence sur la vision nocturne<\/span><br \/>\n<span class=\"goog-text-highlight\">- R\u00e9sistant \u00e0 l&#039;eau\u00a0<\/span><span class=\"goog-text-highlight\">- Mince<\/span><br \/>\n<span class=\"goog-text-highlight\">, compact, discret<\/span><br \/>\n<span class=\"goog-text-highlight\">\u2013 Piles : 2 x CR2032 incluses (r\u00e9f : 26595)<\/span><\/p>\n<p><span class=\"goog-text-highlight\">Vie de la batterie:<\/span><br \/>\n<span class=\"goog-text-highlight\">\u2013 1 LED = 10 lumens<\/span><br \/>\n<span class=\"goog-text-highlight\">jusqu&#039;\u00e0 40 heures\u00a0<\/span><span class=\"goog-text-highlight\">autonomie\u00a0<\/span><span class=\"goog-text-highlight\">&#8211; 2<\/span><br \/>\n<span class=\"goog-text-highlight\">leds\u00a0<\/span><span class=\"goog-text-highlight\">= 20 lumens jusqu&#039;\u00e0 20 heures d&#039;autonomie\u00a0<\/span><span class=\"goog-text-highlight\">Lampe stroboscopique d&#039;urgence<\/span><br \/>\n<span class=\"goog-text-highlight\">\u2013 Jusqu\u2019\u00e0 40 heures d\u2019autonomie<\/span><br \/>\n<span class=\"goog-text-highlight\">Appuyez longuement sur le bouton d&#039;alimentation pendant 2 secondes pour activer le mode stroboscopique d&#039;urgence<\/span><br \/>\nLe mode stroboscopique est souvent utilis\u00e9 comme feu clignotant individuel (circulation routi\u00e8re, parking, etc.)<br \/>\n1 ann\u00e9e de garantie<\/p>","protected":false},"excerpt":{"rendered":"<p>Lumi\u00e8re mains libres QuiqLite Pro. Cette lampe est la seule source lumineuse &quot;mains libres&quot; au monde dissimulable 100%.<\/p>","protected":false},"featured_media":74400,"template":"","meta":[],"product_brand":[],"product_cat":[2919],"product_tag":[],"class_list":{"0":"post-74401","1":"product","2":"type-product","3":"status-publish","4":"has-post-thumbnail","6":"product_cat-verlichting-voor-k9-handlers","8":"first","9":"instock","10":"taxable","11":"shipping-taxable","12":"purchasable","13":"product-type-simple"},"mb":[],"mfb_rest_fields":["title"],"_links":{"self":[{"href":"https:\/\/dogpride.nl\/fr\/wp-json\/wp\/v2\/product\/74401","targetHints":{"allow":["GET"]}}],"collection":[{"href":"https:\/\/dogpride.nl\/fr\/wp-json\/wp\/v2\/product"}],"about":[{"href":"https:\/\/dogpride.nl\/fr\/wp-json\/wp\/v2\/types\/product"}],"wp:featuredmedia":[{"embeddable":true,"href":"https:\/\/dogpride.nl\/fr\/wp-json\/wp\/v2\/media\/74400"}],"wp:attachment":[{"href":"https:\/\/dogpride.nl\/fr\/wp-json\/wp\/v2\/media?parent=74401"}],"wp:term":[{"taxonomy":"product_brand","embeddable":true,"href":"https:\/\/dogpride.nl\/fr\/wp-json\/wp\/v2\/product_brand?post=74401"},{"taxonomy":"product_cat","embeddable":true,"href":"https:\/\/dogpride.nl\/fr\/wp-json\/wp\/v2\/product_cat?post=74401"},{"taxonomy":"product_tag","embeddable":true,"href":"https:\/\/dogpride.nl\/fr\/wp-json\/wp\/v2\/product_tag?post=74401"}],"curies":[{"name":"wp","href":"https:\/\/api.w.org\/{rel}","templated":true}]}}