{"id":74396,"date":"2021-09-23T08:58:42","date_gmt":"2021-09-23T06:58:42","guid":{"rendered":"https:\/\/dogpride1.wpengine.com\/?post_type=product&#038;p=74396"},"modified":"2026-03-19T10:13:50","modified_gmt":"2026-03-19T09:13:50","slug":"scanforce-metaaldetector-handschoen","status":"publish","type":"product","link":"https:\/\/dogpride.nl\/fr\/scanforce-metaaldetector-handschoen\/","title":{"rendered":"Gant d\u00e9tecteur de m\u00e9taux SCANFORCE"},"content":{"rendered":"<h4>Gant d\u00e9tecteur de m\u00e9taux SCANFORCE<\/h4>\n<p>Gant d\u00e9tecteur de m\u00e9taux SCANFORCE<\/p>\n<p><span class=\"\">ACCESSOIRE SCANFORCE-BR \u00c0 PORTER SUR UN GANT.<\/span><\/p>\n<p>Un gant d\u00e9tecteur de m\u00e9taux.<\/p>\n<p><span class=\"\">En affectation collective pour l&#039;ensemble du personnel, lors d&#039;op\u00e9rations de contr\u00f4le, de s\u00e9curit\u00e9 et de protection.<\/span><\/p>\n<p>De veiligheid van gebieden, mensen en goederen neemt toe en de strijd tegen terrorisme is een dagelijkse bezigheid geworden voor politie en veiligheidsdiensten.<br \/>\nSCANFORCE est la solution qui r\u00e9volutionne et facilite la mission des professionnels de la s\u00e9curit\u00e9 \u00e0 travers le monde.<\/p>\n<p><a href=\"https:\/\/dogpride.nl\/fr\/\"><img loading=\"lazy\" decoding=\"async\" class=\"alignnone\" title=\"Gant d\u00e9tecteur de m\u00e9taux SCANFORCE\" src=\"https:\/\/dogpride.nl\/wp-content\/uploads\/verybig-4537-3-150x150.jpg\" alt=\"SCANFORCE metaaldetector handschoen\" width=\"150\" height=\"150\" \/><\/a><\/p>\n<p>SCANFORCE metaaldetector handschoen MAXI INVISIBLE DETECTION SCANFORCE is een onzichtbare metaaldetectorhandschoen, van Frans ontwerp, technologie en fabricage.<br \/>\nTOTALE REACTIVITEIT. Het maakt de controle en filtratie van mensen mogelijk zonder fysiek contact, terwijl ze hun handen vrij houden om in te grijpen als de situatie dit vereist: handboeien, immobilisatietechnieken, gebruik van een wapen &#8230; SCANFORCE metaaldetector handschoen\u00a0kan een pistool, een wapen met bladen of elk ander ander klein stukje metaal ter grootte van een paperclip.<\/p>\n<p><strong><span class=\"\">Les performances des gants d\u00e9tecteurs de m\u00e9taux :<\/span><\/strong><\/p>\n<ul>\n<li>Snelheid van het gebaar: uitgerust met de 2 handschoenen, wordt de effici\u00ebntie van de controle of de filtratie verbeterd.<\/li>\n<li>Handsfree: ultralicht geminiaturiseerd ge\u00efntegreerd systeem met permanente detectie.<\/li>\n<li>Maximale reactiviteit: handsfree met totale interventievrijheid.<\/li>\n<li>Actie zonder fysiek contact: detectiegevoeligheidsafstand van 4 tot 5 cm waardoor de operator zich kan concentreren op zijn actie.<\/li>\n<li>Onzichtbaar systeem: de detectiebox is onzichtbaar voor het blote oog.<\/li>\n<li>Frans gepatenteerd systeem: Frans ontwerp, technologie en fabricage.<\/li>\n<li><span class=\"goog-text-highlight\">Discretie van trillingen: trillingen die op de handpalm worden gevoeld om de aanwezigheid van een metalen voorwerp te waarschuwen, alleen de drager voelt het, wat het een voorsprong geeft bij een interventie.\u00a0<\/span><\/li>\n<li>Hoge autonomie: 1 week detectie (40 uur werking in permanente detectie).<\/li>\n<li>AAN\/UIT-knop + automatische stand-by: de 9 volt batterij schakelt uit na 15 minuten inactiviteit.<\/li>\n<\/ul>\n<p><a href=\"https:\/\/nl.wikipedia.org\/wiki\/Hoofdpagina\" target=\"_blank\" rel=\"noopener\"><img loading=\"lazy\" decoding=\"async\" class=\"alignnone\" src=\"https:\/\/dogpride.nl\/wp-content\/uploads\/verybig-4537-3-150x150.jpg\" alt=\"\" width=\"150\" height=\"150\" \/><\/a><\/p>","protected":false},"excerpt":{"rendered":"<p>De veiligheid van gebieden, mensen en goederen neemt toe en de strijd tegen terrorisme is een dagelijkse bezigheid geworden voor politie en veiligheidsdiensten. SCANFORCE is de oplossing die de missie van beveiligingsprofessionals overal ter wereld.<\/p>","protected":false},"featured_media":74397,"template":"","meta":[],"product_brand":[],"product_cat":[2899],"product_tag":[8055,8054,8053],"class_list":{"0":"post-74396","1":"product","2":"type-product","3":"status-publish","4":"has-post-thumbnail","6":"product_cat-metaaldetectoren-voor-beveiliging","7":"product_tag-handschoen","8":"product_tag-metaaldetector","9":"product_tag-scanforce","11":"first","12":"instock","13":"taxable","14":"shipping-taxable","15":"purchasable","16":"product-type-variable"},"mb":[],"mfb_rest_fields":["title"],"_links":{"self":[{"href":"https:\/\/dogpride.nl\/fr\/wp-json\/wp\/v2\/product\/74396","targetHints":{"allow":["GET"]}}],"collection":[{"href":"https:\/\/dogpride.nl\/fr\/wp-json\/wp\/v2\/product"}],"about":[{"href":"https:\/\/dogpride.nl\/fr\/wp-json\/wp\/v2\/types\/product"}],"wp:featuredmedia":[{"embeddable":true,"href":"https:\/\/dogpride.nl\/fr\/wp-json\/wp\/v2\/media\/74397"}],"wp:attachment":[{"href":"https:\/\/dogpride.nl\/fr\/wp-json\/wp\/v2\/media?parent=74396"}],"wp:term":[{"taxonomy":"product_brand","embeddable":true,"href":"https:\/\/dogpride.nl\/fr\/wp-json\/wp\/v2\/product_brand?post=74396"},{"taxonomy":"product_cat","embeddable":true,"href":"https:\/\/dogpride.nl\/fr\/wp-json\/wp\/v2\/product_cat?post=74396"},{"taxonomy":"product_tag","embeddable":true,"href":"https:\/\/dogpride.nl\/fr\/wp-json\/wp\/v2\/product_tag?post=74396"}],"curies":[{"name":"wp","href":"https:\/\/api.w.org\/{rel}","templated":true}]}}