{"id":74390,"date":"2021-09-23T08:51:39","date_gmt":"2021-09-23T06:51:39","guid":{"rendered":"https:\/\/dogpride1.wpengine.com\/?post_type=product&#038;p=74390"},"modified":"2026-03-19T10:15:19","modified_gmt":"2026-03-19T09:15:19","slug":"scanforce-blacktactilt-metaaldetectorhandschoen","status":"publish","type":"product","link":"https:\/\/dogpride.nl\/fr\/scanforce-blacktactilt-metaaldetectorhandschoen\/","title":{"rendered":"Gant d\u00e9tecteur de m\u00e9taux SCANFORCE Blacktactilt"},"content":{"rendered":"<h4>Gant d\u00e9tecteur de m\u00e9taux SCANFORCE Blacktactilt<\/h4>\n<p>Gant d\u00e9tecteur de m\u00e9taux SCANFORCE Blacktactilt<\/p>\n<p>Gant d\u00e9tecteur de m\u00e9taux SCANFORCE-BL PROTECTION DU COUTEAU ET RECHERCHE SIMULTAN\u00c9E<\/p>\n<p>Attribu\u00e9 individuellement au personnel lors des contr\u00f4les d&#039;acc\u00e8s aux \u00abfan zones\u00bb lors d&#039;\u00e9v\u00e9nements sportifs, de festivals, de prisons, etc.<\/p>\n<p>La s\u00e9curit\u00e9 des territoires, des personnes et des biens s&#039;accro\u00eet et la lutte contre le terrorisme est devenue une action quotidienne des forces de l&#039;ordre et des services de s\u00e9curit\u00e9.<br \/>\nSCANFORCE est la solution qui r\u00e9volutionne et facilite la mission des professionnels de la s\u00e9curit\u00e9 \u00e0 travers le monde.<\/p>\n<p>SCANFORCE Blacktactilt metaaldetectorhandschoen MAXI INVISIBLE DETECTION SCANFORCE is een onzichtbare metaaldetectorhandschoen, van Frans ontwerp, technologie en fabricage.<br \/>\nR\u00c9ACTIVIT\u00c9 TOTALE Il permet le contr\u00f4le et la filtration des personnes sans contact physique, tout en laissant les mains libres pour intervenir si la situation l&#039;exige : menottes, techniques d&#039;immobilisation, usage d&#039;une arme\u2026<br \/>\nSCANFORCE Blacktactilt metaaldetectorhandschoen kan een pistool, een wapen met bladen of elk ander ander klein stukje metaal ter grootte van een paperclip.<\/p>\n<p><a href=\"https:\/\/dogpride.nl\/fr\/\"><img loading=\"lazy\" decoding=\"async\" class=\"alignnone\" title=\"Gant d\u00e9tecteur de m\u00e9taux SCANFORCE Blacktactilt\" src=\"https:\/\/dogpride.nl\/wp-content\/uploads\/verybig-4537-3-150x150.jpg\" alt=\"SCANFORCE Blacktactilt metaaldetectorhandschoen\" width=\"150\" height=\"150\" \/><\/a><\/p>\n<h4><strong>De prestaties van SCANFORCE Blacktactilt metaaldetectorhandschoen:<\/strong><\/h4>\n<ul>\n<li>Snelheid van het gebaar: uitgerust met de 2 handschoenen, wordt de effici\u00ebntie van de controle of de filtratie verbeterd.<\/li>\n<li>Handsfree: ultralicht geminiaturiseerd ge\u00efntegreerd systeem met permanente detectie.<\/li>\n<li>Maximale reactiviteit: handsfree met totale interventievrijheid.<\/li>\n<li>Actie zonder fysiek contact: detectiegevoeligheidsafstand van 4 tot 5 cm waardoor de operator zich kan concentreren op zijn actie.<\/li>\n<li>Onzichtbaar systeem: de detectiebox is onzichtbaar voor het blote oog.<\/li>\n<li>Frans gepatenteerd systeem: Frans ontwerp, technologie en fabricage.<\/li>\n<li><span class=\"goog-text-highlight\">Discretie van trillingen: trillingen die op de handpalm worden gevoeld om de aanwezigheid van een metalen voorwerp te waarschuwen, alleen de drager voelt het, wat het een voorsprong geeft bij een interventie.\u00a0<\/span><\/li>\n<li>Hoge autonomie: 1 week detectie (40 uur werking in permanente detectie).<\/li>\n<li>AAN\/UIT-knop + automatische stand-by: de 9 volt batterij schakelt uit na 15 minuten inactiviteit.<\/li>\n<\/ul>\n<p><a href=\"https:\/\/nl.wikipedia.org\/wiki\/Hoofdpagina\" target=\"_blank\" rel=\"noopener\"><img loading=\"lazy\" decoding=\"async\" class=\"alignnone\" src=\"https:\/\/dogpride.nl\/wp-content\/uploads\/verybig-4537-3-150x150.jpg\" alt=\"\" width=\"150\" height=\"150\" \/><\/a><\/p>","protected":false},"excerpt":{"rendered":"<p>R\u00c9ACTIVIT\u00c9 TOTALE Il permet le contr\u00f4le et la filtration des personnes sans contact physique, tout en laissant les mains libres pour intervenir si la situation l&#039;exige : menottes, techniques d&#039;immobilisation, usage d&#039;une arme\u2026<\/p>","protected":false},"featured_media":74391,"template":"","meta":[],"product_brand":[],"product_cat":[2899],"product_tag":[],"class_list":{"0":"post-74390","1":"product","2":"type-product","3":"status-publish","4":"has-post-thumbnail","6":"product_cat-metaaldetectoren-voor-beveiliging","8":"first","9":"instock","10":"taxable","11":"shipping-taxable","12":"purchasable","13":"product-type-variable"},"mb":[],"mfb_rest_fields":["title"],"_links":{"self":[{"href":"https:\/\/dogpride.nl\/fr\/wp-json\/wp\/v2\/product\/74390","targetHints":{"allow":["GET"]}}],"collection":[{"href":"https:\/\/dogpride.nl\/fr\/wp-json\/wp\/v2\/product"}],"about":[{"href":"https:\/\/dogpride.nl\/fr\/wp-json\/wp\/v2\/types\/product"}],"wp:featuredmedia":[{"embeddable":true,"href":"https:\/\/dogpride.nl\/fr\/wp-json\/wp\/v2\/media\/74391"}],"wp:attachment":[{"href":"https:\/\/dogpride.nl\/fr\/wp-json\/wp\/v2\/media?parent=74390"}],"wp:term":[{"taxonomy":"product_brand","embeddable":true,"href":"https:\/\/dogpride.nl\/fr\/wp-json\/wp\/v2\/product_brand?post=74390"},{"taxonomy":"product_cat","embeddable":true,"href":"https:\/\/dogpride.nl\/fr\/wp-json\/wp\/v2\/product_cat?post=74390"},{"taxonomy":"product_tag","embeddable":true,"href":"https:\/\/dogpride.nl\/fr\/wp-json\/wp\/v2\/product_tag?post=74390"}],"curies":[{"name":"wp","href":"https:\/\/api.w.org\/{rel}","templated":true}]}}