{"id":74383,"date":"2021-09-23T08:45:53","date_gmt":"2021-09-23T06:45:53","guid":{"rendered":"https:\/\/dogpride1.wpengine.com\/?post_type=product&#038;p=74383"},"modified":"2026-03-19T10:18:09","modified_gmt":"2026-03-19T09:18:09","slug":"scanforce-speedert-metaaldetectorhandschoen","status":"publish","type":"product","link":"https:\/\/dogpride.nl\/fr\/scanforce-speedert-metaaldetectorhandschoen\/","title":{"rendered":"Gant d\u00e9tecteur de m\u00e9taux SCANFORCE Speedert"},"content":{"rendered":"<h4>Gant d\u00e9tecteur de m\u00e9taux SCANFORCE Speedert<\/h4>\n<p>Gant d\u00e9tecteur de m\u00e9taux SCANFORCE Speedert<\/p>\n<p><a href=\"https:\/\/dogpride.nl\/fr\/\"><img loading=\"lazy\" decoding=\"async\" class=\"alignnone\" title=\"Gant d\u00e9tecteur de m\u00e9taux SCANFORCE Speedert\" src=\"https:\/\/dogpride.nl\/wp-content\/uploads\/verybig-4538-2-150x150.jpg\" alt=\"SCANFORCE Speedert metaaldetectorhandschoen\" width=\"150\" height=\"150\" \/><\/a><\/p>\n<p><span class=\"\">Gant d\u00e9tecteur de m\u00e9taux SCANFORCE-SP MOD\u00c8LE RENFORC\u00c9 POUR LES INTERVENTIONS<\/span><\/p>\n<p><span class=\"\">En mission individuelle pour les op\u00e9rations de contr\u00f4le des foules, les manifestations, la s\u00e9curit\u00e9 des institutions civiles et militaires, la s\u00e9curit\u00e9 des transports.<\/span><\/p>\n<p><span class=\"\">La s\u00e9curit\u00e9 des territoires, des personnes et des biens s&#039;accro\u00eet et la lutte contre le terrorisme est devenue une action quotidienne des forces de l&#039;ordre et des services de s\u00e9curit\u00e9.<br \/>\n<\/span>SCANFORCE est la solution qui r\u00e9volutionne et facilite la mission des professionnels de la s\u00e9curit\u00e9 \u00e0 travers le monde.<\/p>\n<p><span class=\"\">MAXI DETECTION INVISIBLE SCANFORCE est un gant d\u00e9tecteur de m\u00e9taux invisible, de conception, de technologie et de fabrication fran\u00e7aise.\u00a0<\/span><br \/>\nR\u00c9ACTIVIT\u00c9 TOTALE Il permet le contr\u00f4le et la filtration des personnes sans contact physique, tout en laissant les mains libres pour intervenir si la situation l&#039;exige : menottes, techniques d&#039;immobilisation, usage d&#039;une arme\u2026<br \/>\nSCANFORCE peut \u00eatre un pistolet, une arme blanche ou tout autre petit morceau de m\u00e9tal de la taille d&#039;un trombone.<\/p>\n<p><a href=\"https:\/\/nl.wikipedia.org\/wiki\/Hoofdpagina\" target=\"_blank\" rel=\"noopener\"><img loading=\"lazy\" decoding=\"async\" class=\"alignnone\" src=\"https:\/\/dogpride.nl\/wp-content\/uploads\/verybig-4538-2-150x150.jpg\" alt=\"\" width=\"150\" height=\"150\" \/><\/a><\/p>\n<h4><strong>Les performances des gants d\u00e9tecteurs de m\u00e9taux :<\/strong><\/h4>\n<ul>\n<li>Snelheid van het gebaar: uitgerust met de 2 handschoenen, wordt de effici\u00ebntie van de controle of de filtratie verbeterd.<\/li>\n<li>Handsfree: ultralicht geminiaturiseerd ge\u00efntegreerd systeem met permanente detectie.<\/li>\n<li>Maximale reactiviteit: handsfree met totale interventievrijheid.<\/li>\n<li><span class=\"goog-text-highlight\">Actie zonder fysiek contact: detectiegevoeligheidsafstand van 4 tot 5 cm waardoor de operator zich kan concentreren op zijn actie.\u00a0<\/span><\/li>\n<li>Onzichtbaar systeem: de detectiebox is onzichtbaar voor het blote oog.<\/li>\n<li>Frans gepatenteerd systeem: Frans ontwerp, technologie en fabricage.<\/li>\n<li>Discretie van trillingen: trillingen die op de handpalm worden gevoeld om de aanwezigheid van een metalen voorwerp te waarschuwen, alleen de drager voelt het, wat het een voorsprong geeft bij een interventie.<\/li>\n<li>Hoge autonomie: 1 week detectie (40 uur werking in permanente detectie).<\/li>\n<li>AAN\/UIT-knop + automatische stand-by: de 9 volt batterij schakelt uit na 15 minuten inactiviteit.<\/li>\n<\/ul>","protected":false},"excerpt":{"rendered":"<p>Gant d\u00e9tecteur de m\u00e9taux SCANFORCE Speedert.<\/p>","protected":false},"featured_media":74384,"template":"","meta":[],"product_brand":[],"product_cat":[2899],"product_tag":[8057,8053,8056],"class_list":{"0":"post-74383","1":"product","2":"type-product","3":"status-publish","4":"has-post-thumbnail","6":"product_cat-metaaldetectoren-voor-beveiliging","7":"product_tag-metaaldetectorhandschoen","8":"product_tag-scanforce","9":"product_tag-speedert","11":"first","12":"instock","13":"taxable","14":"shipping-taxable","15":"purchasable","16":"product-type-variable"},"mb":[],"mfb_rest_fields":["title"],"_links":{"self":[{"href":"https:\/\/dogpride.nl\/fr\/wp-json\/wp\/v2\/product\/74383","targetHints":{"allow":["GET"]}}],"collection":[{"href":"https:\/\/dogpride.nl\/fr\/wp-json\/wp\/v2\/product"}],"about":[{"href":"https:\/\/dogpride.nl\/fr\/wp-json\/wp\/v2\/types\/product"}],"wp:featuredmedia":[{"embeddable":true,"href":"https:\/\/dogpride.nl\/fr\/wp-json\/wp\/v2\/media\/74384"}],"wp:attachment":[{"href":"https:\/\/dogpride.nl\/fr\/wp-json\/wp\/v2\/media?parent=74383"}],"wp:term":[{"taxonomy":"product_brand","embeddable":true,"href":"https:\/\/dogpride.nl\/fr\/wp-json\/wp\/v2\/product_brand?post=74383"},{"taxonomy":"product_cat","embeddable":true,"href":"https:\/\/dogpride.nl\/fr\/wp-json\/wp\/v2\/product_cat?post=74383"},{"taxonomy":"product_tag","embeddable":true,"href":"https:\/\/dogpride.nl\/fr\/wp-json\/wp\/v2\/product_tag?post=74383"}],"curies":[{"name":"wp","href":"https:\/\/api.w.org\/{rel}","templated":true}]}}