{"id":7432,"date":"2021-05-17T17:15:22","date_gmt":"2021-05-17T15:15:22","guid":{"rendered":"https:\/\/dogpride1.wpengine.com\/?post_type=product&#038;p=7432"},"modified":"2026-02-20T10:47:11","modified_gmt":"2026-02-20T09:47:11","slug":"knuffelwuff-orthopedisch-hondenbed-jessy","status":"publish","type":"product","link":"https:\/\/dogpride.nl\/fr\/knuffelwuff-orthopedisch-hondenbed-jessy\/","title":{"rendered":"Lit orthop\u00e9dique pour chien Cuddlewuff Jessy"},"content":{"rendered":"<h4>Lit orthop\u00e9dique pour chien Cuddlewuff Jessy<\/h4>\n<p>Lit orthop\u00e9dique pour chien Cuddlewuff Jessy<\/p>\n<p>Lit pour chien orthop\u00e9dique Cuddlewuff Jessy. Vous souhaitez simplement faire quelque chose de bien pour votre chien ? Alors tu es avec nous <span style=\"font-size: 10pt;\">Lit orthop\u00e9dique pour chien Cuddlewuff Jessy\u00a0<\/span>exactement au bon endroit.<\/p>\n<p>Contrairement \u00e0 un lit normal, cette version s&#039;adapte tr\u00e8s pr\u00e9cis\u00e9ment \u00e0 la morphologie de votre chien. Cela garantit un sommeil qui soulage les articulations et la colonne vert\u00e9brale. Comment est-ce possible? Le secret r\u00e9side dans et dans la m\u00e9thode de construction.<\/p>\n<p>Le noyau est constitu\u00e9 de mousse \u00e0 m\u00e9moire orthop\u00e9dique. Dans ce cas, il s&#039;agit d&#039;une mousse froide hautement \u00e9lastique et respirante qui r\u00e9agit \u00e0 la temp\u00e9rature, au poids et \u00e0 la forme du corps. De cette fa\u00e7on, les points de pression sont \u00e9vit\u00e9s et le mat\u00e9riau revient toujours \u00e0 sa position d&#039;origine apr\u00e8s utilisation.<\/p>\n<p>Gr\u00e2ce au bord rembourr\u00e9 de mousse et extra-large, votre ami \u00e0 quatre pattes peut se blottir contre lui, s&#039;allonger la t\u00eate et ainsi dormir de mani\u00e8re reposante et relaxante dans le lit pour chien orthop\u00e9dique Jessy.<\/p>\n<div>\n<div>\u00a0\u00a0\u00a0\u00a0\u00a0\u00a0\u00a0\u00a0\u00a0\u00a0\u00a0\u00a0\u00a0\u00a0\u00a0<iframe loading=\"lazy\" src=\"https:\/\/player.vimeo.com\/video\/398765666\" width=\"640\" height=\"360\" frameborder=\"0\" allowfullscreen=\"allowfullscreen\" data-mce-fragment=\"1\"><\/iframe><\/div>\n<\/div>\n<p>Le mat\u00e9riau sup\u00e9rieur du lit pour chien est compos\u00e9 de Cordura, un tissu en nylon robuste qui a \u00e9t\u00e9 d\u00e9velopp\u00e9 pour une haute r\u00e9sistance \u00e0 l&#039;abrasion, \u00e0 la d\u00e9chirure et \u00e0 l&#039;usure.<\/p>\n<p>La housse s\u00e9par\u00e9e en imitation peau d&#039;agneau est facile \u00e0 nettoyer et peut \u00eatre retir\u00e9e au moyen de la fermeture \u00e9clair cousue et peut \u00eatre lav\u00e9e en machine \u00e0 trente degr\u00e9s. La salet\u00e9 peut simplement \u00eatre bross\u00e9e ou secou\u00e9e. Bien s\u00fbr, vous pouvez \u00e9galement acheter des housses de rechange pour ce lit pour chien.<\/p>\n<p>Le fond antid\u00e9rapant assure une position stable du lit pour chien, ce qui offre une protection suppl\u00e9mentaire contre les sols froids gr\u00e2ce au mat\u00e9riau isolant utilis\u00e9.<\/p>\n<p>Seuls des mat\u00e9riaux de haute qualit\u00e9 ont \u00e9t\u00e9 utilis\u00e9s pour ce lit pour chien, comme pour tous les autres produits de la marque Cuddlewuff.<\/p>\n<h5><strong>Mat\u00e9riel:\u00a0\u00a0<\/strong><\/h5>\n<ul>\n<li>Mat\u00e9riau sup\u00e9rieur : Cordura<\/li>\n<li>Couverture s\u00e9par\u00e9e : simili cuir d&#039;agneau<\/li>\n<li>Dessous : mat\u00e9riau isolant antid\u00e9rapant<\/li>\n<\/ul>\n<h5><strong>remplissage:<\/strong><\/h5>\n<ul>\n<li>Noyau : mousse \u00e0 m\u00e9moire de forme orthop\u00e9dique<\/li>\n<li>Bords lat\u00e9raux : flocons de mousse<\/li>\n<\/ul>\n<h5><strong>Nettoyage:<\/strong><\/h5>\n<ul>\n<li>Housse amovible gr\u00e2ce \u00e0 la fermeture \u00e9clair cousue<\/li>\n<li>Nettoyage facile gr\u00e2ce au mat\u00e9riau r\u00e9sistant \u00e0 la salet\u00e9 et \u00e0 l&#039;eau<\/li>\n<li>Housse lavable \u00e0 30\u00b0<\/li>\n<\/ul>\n<h5><strong>Les particularit\u00e9s:<\/strong><\/h5>\n<ul>\n<li>Ce lit est de forme extr\u00eamement stable et reprend toujours sa forme d&#039;origine apr\u00e8s utilisation<\/li>\n<li>Matelas orthop\u00e9dique pour un sommeil particuli\u00e8rement douillet qui prot\u00e8ge les articulations<\/li>\n<li>D\u00e9velopp\u00e9 en Allemagne, fabriqu\u00e9 dans l&#039;UE<\/li>\n<\/ul>\n<p><strong>Tableau des tailles:<\/strong><\/p>\n<p><img loading=\"lazy\" decoding=\"async\" class=\"alignnone wp-image-103300 size-large\" src=\"https:\/\/www.dogpride.nl\/wp-content\/uploads\/Afmetingen-Jessy-1024x589.jpg\" alt=\"Maattabel\" width=\"1024\" height=\"589\" srcset=\"https:\/\/dogpride.nl\/wp-content\/uploads\/Afmetingen-Jessy-1024x589.jpg 1024w, https:\/\/dogpride.nl\/wp-content\/uploads\/Afmetingen-Jessy-250x144.jpg 250w, https:\/\/dogpride.nl\/wp-content\/uploads\/Afmetingen-Jessy-400x230.jpg 400w, https:\/\/dogpride.nl\/wp-content\/uploads\/Afmetingen-Jessy-300x172.jpg 300w, https:\/\/dogpride.nl\/wp-content\/uploads\/Afmetingen-Jessy-768x442.jpg 768w, https:\/\/dogpride.nl\/wp-content\/uploads\/Afmetingen-Jessy-200x115.jpg 200w, https:\/\/dogpride.nl\/wp-content\/uploads\/Afmetingen-Jessy-600x345.jpg 600w, https:\/\/dogpride.nl\/wp-content\/uploads\/Afmetingen-Jessy-800x460.jpg 800w, https:\/\/dogpride.nl\/wp-content\/uploads\/Afmetingen-Jessy-1200x690.jpg 1200w, https:\/\/dogpride.nl\/wp-content\/uploads\/Afmetingen-Jessy.jpg 1268w\" sizes=\"auto, (max-width: 1024px) 100vw, 1024px\" \/><\/p>\n<p><a href=\"https:\/\/www.knuffelwuff.de\/\" target=\"_blank\" rel=\"noopener\"><img loading=\"lazy\" decoding=\"async\" class=\"alignnone wp-image-145218 size-full\" src=\"https:\/\/dogpride.nl\/wp-content\/uploads\/Knuffelwuff-logo.jpg\" alt=\"Knuffelwuff logo\" width=\"141\" height=\"81\" srcset=\"https:\/\/dogpride.nl\/wp-content\/uploads\/Knuffelwuff-logo.jpg 141w, https:\/\/dogpride.nl\/wp-content\/uploads\/Knuffelwuff-logo-18x10.jpg 18w\" sizes=\"auto, (max-width: 141px) 100vw, 141px\" \/><\/a><\/p>\n<p><a href=\"https:\/\/dogpride.nl\/fr\/hondenmanden\/knuffelwuff-hondenmanden\/\"><img loading=\"lazy\" decoding=\"async\" class=\"alignnone\" src=\"https:\/\/dogpride.nl\/wp-content\/uploads\/jessy4-150x150.jpeg\" alt=\"\" width=\"150\" height=\"150\" \/><\/a><\/p>","protected":false},"excerpt":{"rendered":"<p>Lit pour chien orthop\u00e9dique Cuddlewuff Jessy. Contrairement \u00e0 un lit normal, cette version s&#039;adapte tr\u00e8s pr\u00e9cis\u00e9ment \u00e0 la morphologie de votre chien.<\/p>","protected":false},"featured_media":46501,"template":"","meta":[],"product_brand":[],"product_cat":[1578],"product_tag":[],"class_list":{"0":"post-7432","1":"product","2":"type-product","3":"status-publish","4":"has-post-thumbnail","6":"product_cat-knuffelwuff-hondenmanden","8":"first","9":"instock","10":"taxable","11":"shipping-taxable","12":"purchasable","13":"product-type-variable"},"mb":[],"mfb_rest_fields":["title"],"_links":{"self":[{"href":"https:\/\/dogpride.nl\/fr\/wp-json\/wp\/v2\/product\/7432","targetHints":{"allow":["GET"]}}],"collection":[{"href":"https:\/\/dogpride.nl\/fr\/wp-json\/wp\/v2\/product"}],"about":[{"href":"https:\/\/dogpride.nl\/fr\/wp-json\/wp\/v2\/types\/product"}],"wp:featuredmedia":[{"embeddable":true,"href":"https:\/\/dogpride.nl\/fr\/wp-json\/wp\/v2\/media\/46501"}],"wp:attachment":[{"href":"https:\/\/dogpride.nl\/fr\/wp-json\/wp\/v2\/media?parent=7432"}],"wp:term":[{"taxonomy":"product_brand","embeddable":true,"href":"https:\/\/dogpride.nl\/fr\/wp-json\/wp\/v2\/product_brand?post=7432"},{"taxonomy":"product_cat","embeddable":true,"href":"https:\/\/dogpride.nl\/fr\/wp-json\/wp\/v2\/product_cat?post=7432"},{"taxonomy":"product_tag","embeddable":true,"href":"https:\/\/dogpride.nl\/fr\/wp-json\/wp\/v2\/product_tag?post=7432"}],"curies":[{"name":"wp","href":"https:\/\/api.w.org\/{rel}","templated":true}]}}