{"id":74204,"date":"2021-09-22T14:00:04","date_gmt":"2021-09-22T12:00:04","guid":{"rendered":"https:\/\/dogpride1.wpengine.com\/?post_type=product&#038;p=74204"},"modified":"2023-05-10T09:35:57","modified_gmt":"2023-05-10T07:35:57","slug":"rangers-centurion-8-0-sz-ct-1-shell-ritssluiting","status":"publish","type":"product","link":"https:\/\/dogpride.nl\/fr\/rangers-centurion-8-0-sz-ct-1-shell-ritssluiting\/","title":{"rendered":"Rangers CENTURION-8.0-SZ-CT-1 Fermeture \u00c9clair"},"content":{"rendered":"<h4>Rangers CENTURION-8.0-SZ-CT-1 Fermeture \u00c9clair<\/h4>\n<p><span class=\"\">Fermeture \u00e0 glissi\u00e8re de la coque Rangers CENTURION-8.0-SZ-CT-1. Bottes d&#039;intervention Magnum Ranger pour les forces de l&#039;ordre et la s\u00e9curit\u00e9 priv\u00e9e.<\/span><\/p>\n<p><span class=\"goog-text-highlight\">Tige : fermeture \u00e9clair YKK\u00ae int\u00e9rieure en cuir\/nylon r\u00e9sistant \u00e0 l&#039;abrasion et respirante<br \/>\nRembourr\u00e9 <\/span><span class=\"goog-text-highlight\">col et languette pour plus de confort<br \/>\nnon-m\u00e9taux <\/span><span class=\"goog-text-highlight\">yeux<br \/>\nLacets ronds<br \/>\n<\/span><span class=\"goog-text-highlight\">Nez de coque composite<\/span><br \/>\n<span class=\"goog-text-highlight\">\u00e0 l&#039;avant-pied Hauteur de la tige : 19 cm<\/span><br \/>\n<span class=\"goog-text-highlight\">Semelle : Semelle int\u00e9rieure amovible. Inject\u00e9 de PU double densit\u00e9 antid\u00e9rapant et r\u00e9sistant aux hydrocarbures et \u00e0 l&#039;abrasion<\/span><\/p>\n<p><span class=\"goog-text-highlight\"> Certifications : EN ISO 20345\u00a0: 2011 SB E FO SRA<\/span><br \/>\n<span class=\"goog-text-highlight\">Poids : 605 g par chaussure en 42<\/span><br \/>\n<span class=\"goog-text-highlight\">Tailles : 39 \u00e0 46<\/span><br \/>\n<span class=\"goog-text-highlight\">Couleur noir<\/span><\/p>","protected":false},"excerpt":{"rendered":"<p><span class=\"\">Bottes d&#039;intervention Magnum Ranger pour les forces de l&#039;ordre et la s\u00e9curit\u00e9 priv\u00e9e. <span class=\"goog-text-highlight\">Tige : fermeture \u00e9clair YKK\u00ae int\u00e9rieure en cuir\/nylon respirante et r\u00e9sistante \u00e0 l&#039;abrasion.<\/span><\/span><\/p>","protected":false},"featured_media":74205,"template":"","meta":[],"product_brand":[],"product_cat":[6064],"product_tag":[4875,4878,4870,4871,4879],"class_list":{"0":"post-74204","1":"product","2":"type-product","3":"status-publish","4":"has-post-thumbnail","6":"product_cat-magnum-schoenen","7":"product_tag-8-0","8":"product_tag-centurion","9":"product_tag-magnum","10":"product_tag-rangers","11":"product_tag-sz-ct","13":"first","14":"instock","15":"taxable","16":"shipping-taxable","17":"purchasable","18":"product-type-variable"},"mb":[],"mfb_rest_fields":["title"],"_links":{"self":[{"href":"https:\/\/dogpride.nl\/fr\/wp-json\/wp\/v2\/product\/74204","targetHints":{"allow":["GET"]}}],"collection":[{"href":"https:\/\/dogpride.nl\/fr\/wp-json\/wp\/v2\/product"}],"about":[{"href":"https:\/\/dogpride.nl\/fr\/wp-json\/wp\/v2\/types\/product"}],"wp:featuredmedia":[{"embeddable":true,"href":"https:\/\/dogpride.nl\/fr\/wp-json\/wp\/v2\/media\/74205"}],"wp:attachment":[{"href":"https:\/\/dogpride.nl\/fr\/wp-json\/wp\/v2\/media?parent=74204"}],"wp:term":[{"taxonomy":"product_brand","embeddable":true,"href":"https:\/\/dogpride.nl\/fr\/wp-json\/wp\/v2\/product_brand?post=74204"},{"taxonomy":"product_cat","embeddable":true,"href":"https:\/\/dogpride.nl\/fr\/wp-json\/wp\/v2\/product_cat?post=74204"},{"taxonomy":"product_tag","embeddable":true,"href":"https:\/\/dogpride.nl\/fr\/wp-json\/wp\/v2\/product_tag?post=74204"}],"curies":[{"name":"wp","href":"https:\/\/api.w.org\/{rel}","templated":true}]}}