{"id":74129,"date":"2021-09-22T13:23:05","date_gmt":"2021-09-22T11:23:05","guid":{"rendered":"https:\/\/dogpride1.wpengine.com\/?post_type=product&#038;p=74129"},"modified":"2023-05-10T09:30:36","modified_gmt":"2023-05-10T07:30:36","slug":"rangers-magnum-lynx-8-0","status":"publish","type":"product","link":"https:\/\/dogpride.nl\/fr\/rangers-magnum-lynx-8-0\/","title":{"rendered":"Ranger Magnum Lynx 8.0"},"content":{"rendered":"<h4>Ranger Magnum Lynx 8.0<\/h4>\n<p><span class=\"\">Ranger Magnum Lynx 8.0. Ce mod\u00e8le de chaussure s&#039;adresse aux professionnels de la s\u00e9curit\u00e9 et des forces de l&#039;ordre \u00e0 la recherche du meilleur rapport qualit\u00e9-prix.<br \/>\n<\/span>Avantage Ranger : Conception non magn\u00e9tique.<\/p>\n<p>CHAUSSURES D&#039;INTERVENTION : POLICE \/ GENDARMERIE \/ S\u00c9CURIT\u00c9 PRIV\u00c9E<\/p>\n<p>HAUT:<\/p>\n<p>\u2013 Cuir pleine fleur respirant et d\u00e9perlant \/ nylon r\u00e9sistant \u00e0 l&#039;abrasion et respirant<br \/>\n\u2013 Doublure jersey \/ mousse respirante avec traitement antibact\u00e9rien<br \/>\n\u2013 Col et languette rembourr\u00e9s pour plus de confort<br \/>\n\u2013 Lacets et \u0153illets en copolym\u00e8re<br \/>\n\u2013 Lacets ronds \u00e0 pointes<br \/>\n\u2013 Hauteur du f\u00fbt : 17 cm<\/p>\n<p>SEUL:<\/p>\n<p>\u2013 Int\u00e9rieur amovible \u2013 Semelle intercalaire en EVA pr\u00e9form\u00e9e et compress\u00e9e<br \/>\n\u2013 Arbre composite anti-torsion \u2013 \u00c9l\u00e9vation soud\u00e9e<br \/>\n- Ext\u00e9rieur en caoutchouc carbone stri\u00e9 antid\u00e9rapant SRA avec picots de stabilit\u00e9 lat\u00e9rale, r\u00e9sistant aux hydrocarbures \/ \u00e0 l&#039;abrasion et \u00e9clabouss\u00e9 au talon pour faciliter la conduite et la course<br \/>\n\u2013 Enti\u00e8rement NON magn\u00e9tique.<br \/>\n<span class=\"goog-text-highlight\">\u2013 Certifi\u00e9 EN ISO 20347\u00a0: 2012 OB E FO SRA<\/span><\/p>\n<p><span class=\"goog-text-highlight\">POIDS : 600 g par pointure 42<\/span><\/p>\n<p><strong>Tailles : 35 \u00e0 48<\/strong><\/p>","protected":false},"excerpt":{"rendered":"<p><span class=\"\">Ce mod\u00e8le de chaussure s&#039;adresse aux professionnels de la s\u00e9curit\u00e9 et des forces de l&#039;ordre \u00e0 la recherche du meilleur rapport qualit\u00e9-prix.\u00a0<\/span><\/p>","protected":false},"featured_media":74130,"template":"","meta":[],"product_brand":[],"product_cat":[6064],"product_tag":[4875,4885,4870,4871],"class_list":{"0":"post-74129","1":"product","2":"type-product","3":"status-publish","4":"has-post-thumbnail","6":"product_cat-magnum-schoenen","7":"product_tag-8-0","8":"product_tag-lynx","9":"product_tag-magnum","10":"product_tag-rangers","12":"first","13":"instock","14":"taxable","15":"shipping-taxable","16":"purchasable","17":"product-type-variable"},"mb":[],"mfb_rest_fields":["title"],"_links":{"self":[{"href":"https:\/\/dogpride.nl\/fr\/wp-json\/wp\/v2\/product\/74129","targetHints":{"allow":["GET"]}}],"collection":[{"href":"https:\/\/dogpride.nl\/fr\/wp-json\/wp\/v2\/product"}],"about":[{"href":"https:\/\/dogpride.nl\/fr\/wp-json\/wp\/v2\/types\/product"}],"wp:featuredmedia":[{"embeddable":true,"href":"https:\/\/dogpride.nl\/fr\/wp-json\/wp\/v2\/media\/74130"}],"wp:attachment":[{"href":"https:\/\/dogpride.nl\/fr\/wp-json\/wp\/v2\/media?parent=74129"}],"wp:term":[{"taxonomy":"product_brand","embeddable":true,"href":"https:\/\/dogpride.nl\/fr\/wp-json\/wp\/v2\/product_brand?post=74129"},{"taxonomy":"product_cat","embeddable":true,"href":"https:\/\/dogpride.nl\/fr\/wp-json\/wp\/v2\/product_cat?post=74129"},{"taxonomy":"product_tag","embeddable":true,"href":"https:\/\/dogpride.nl\/fr\/wp-json\/wp\/v2\/product_tag?post=74129"}],"curies":[{"name":"wp","href":"https:\/\/api.w.org\/{rel}","templated":true}]}}