{"id":74113,"date":"2021-09-22T13:14:42","date_gmt":"2021-09-22T11:14:42","guid":{"rendered":"https:\/\/dogpride1.wpengine.com\/?post_type=product&#038;p=74113"},"modified":"2023-05-10T09:31:46","modified_gmt":"2023-05-10T07:31:46","slug":"magnum-lynx-8-0-sz-1-rits","status":"publish","type":"product","link":"https:\/\/dogpride.nl\/fr\/magnum-lynx-8-0-sz-1-rits\/","title":{"rendered":"Fermeture \u00e9clair Magnum Lynx-8.0 SZ-1"},"content":{"rendered":"<h4 class=\"txt-title-fichier\">Fermeture \u00e9clair Magnum Lynx-8.0 SZ-1<\/h4>\n<p>Fermeture \u00e9clair Magnum Lynx-8.0 SZ-1<\/p>\n<p><span class=\"\">Le mod\u00e8le de chaussure de s\u00e9curit\u00e9 et d&#039;intervention LYNX 8.0 SZ* s&#039;adresse aux professionnels \u00e0 la recherche du meilleur rapport qualit\u00e9-prix.\u00a0<\/span>L&#039;avantage : facile \u00e0 enfiler gr\u00e2ce \u00e0 la fermeture \u00e9clair \u00e0 l&#039;int\u00e9rieur.<br \/>\n* SZ = 1 fermeture \u00e9clair \u00e0 l&#039;int\u00e9rieur<\/p>\n<p>CHAUSSURES D&#039;INTERVENTION : POLICE \/ GENDARMERIE \/ S\u00c9CURIT\u00c9 PRIV\u00c9E<\/p>\n<p>SUP\u00c9RIEUR:<\/p>\n<p>\u2013 Cuir pleine fleur respirant et d\u00e9perlant \/ nylon r\u00e9sistant \u00e0 l&#039;abrasion et respirant<br \/>\n\u2013 Fermeture \u00e9clair YKK \u00e0 l&#039;int\u00e9rieur<br \/>\n\u2013 Doublure jersey\/mousse respirante avec traitement antibact\u00e9rien<br \/>\n\u2013 Col et languette rembourr\u00e9s pour plus de confort<br \/>\n\u2013 Lacets et \u0153illets en copolym\u00e8re<br \/>\n\u2013 Lacets ronds \u00e0 pointes<br \/>\n<span class=\"goog-text-highlight\">\u2013 Hauteur du f\u00fbt : 17 cm<\/span><\/p>\n<p><span class=\"goog-text-highlight\">SEUL:<\/span><\/p>\n<p><span class=\"goog-text-highlight\">\u2013 Amovible\u00a0<\/span><span class=\"goog-text-highlight\">\u00e0 l&#039;int\u00e9rieur<\/span><br \/>\n<span class=\"goog-text-highlight\">- EVA interm\u00e9diaire moul\u00e9 absorbant les chocs<\/span><br \/>\n<span class=\"goog-text-highlight\">\u2013 Arbre composite anti-torsion \u2013 Soud\u00e9<\/span><br \/>\n<span class=\"goog-text-highlight\">\u00e9l\u00e9vation<\/span><br \/>\n<span class=\"goog-text-highlight\">- Ext\u00e9rieur en caoutchouc de carbone dentel\u00e9 antid\u00e9rapant SRA avec coussinets de stabilit\u00e9 lat\u00e9rale, r\u00e9sistant aux hydrocarbures \/ \u00e0 l&#039;abrasion et \u00e9clabouss\u00e9 sur le talon pour faciliter la conduite et la course<\/span><br \/>\n<span class=\"goog-text-highlight\">\u2013 Certifi\u00e9 EN ISO 20347\u00a0: 2012 OB E FO SRA<\/span><\/p>\n<p><span class=\"goog-text-highlight\">POIDS : 590 g la chaussure en pointure 42<\/span><\/p>\n<p><strong>Tailles : 35 \u00e0 47<\/strong><\/p>","protected":false},"excerpt":{"rendered":"<p class=\"txt-title-fichier\"><span class=\"goog-text-highlight\">Magnum Lynx 8.0 SZ 1 zip. <span class=\"\">Le mod\u00e8le de chaussure de s\u00e9curit\u00e9 et d&#039;intervention LYNX 8.0 SZ* s&#039;adresse aux professionnels \u00e0 la recherche du meilleur rapport qualit\u00e9-prix.\u00a0<\/span><\/span><\/p>","protected":false},"featured_media":74114,"template":"","meta":[],"product_brand":[],"product_cat":[6064],"product_tag":[4886,4875,4885,4870,4876],"class_list":{"0":"post-74113","1":"product","2":"type-product","3":"status-publish","4":"has-post-thumbnail","6":"product_cat-magnum-schoenen","7":"product_tag-1-rits","8":"product_tag-8-0","9":"product_tag-lynx","10":"product_tag-magnum","11":"product_tag-sz","13":"first","14":"instock","15":"taxable","16":"shipping-taxable","17":"purchasable","18":"product-type-variable"},"mb":[],"mfb_rest_fields":["title"],"_links":{"self":[{"href":"https:\/\/dogpride.nl\/fr\/wp-json\/wp\/v2\/product\/74113","targetHints":{"allow":["GET"]}}],"collection":[{"href":"https:\/\/dogpride.nl\/fr\/wp-json\/wp\/v2\/product"}],"about":[{"href":"https:\/\/dogpride.nl\/fr\/wp-json\/wp\/v2\/types\/product"}],"wp:featuredmedia":[{"embeddable":true,"href":"https:\/\/dogpride.nl\/fr\/wp-json\/wp\/v2\/media\/74114"}],"wp:attachment":[{"href":"https:\/\/dogpride.nl\/fr\/wp-json\/wp\/v2\/media?parent=74113"}],"wp:term":[{"taxonomy":"product_brand","embeddable":true,"href":"https:\/\/dogpride.nl\/fr\/wp-json\/wp\/v2\/product_brand?post=74113"},{"taxonomy":"product_cat","embeddable":true,"href":"https:\/\/dogpride.nl\/fr\/wp-json\/wp\/v2\/product_cat?post=74113"},{"taxonomy":"product_tag","embeddable":true,"href":"https:\/\/dogpride.nl\/fr\/wp-json\/wp\/v2\/product_tag?post=74113"}],"curies":[{"name":"wp","href":"https:\/\/api.w.org\/{rel}","templated":true}]}}