{"id":74066,"date":"2021-09-22T12:44:38","date_gmt":"2021-09-22T10:44:38","guid":{"rendered":"https:\/\/dogpride1.wpengine.com\/?post_type=product&#038;p=74066"},"modified":"2023-05-10T09:32:31","modified_gmt":"2023-05-10T07:32:31","slug":"magnum-active-duty-shell-veiligheidsschoen","status":"publish","type":"product","link":"https:\/\/dogpride.nl\/fr\/magnum-active-duty-shell-veiligheidsschoen\/","title":{"rendered":"Chaussure de s\u00e9curit\u00e9 Magnum Active-Duty Shell"},"content":{"rendered":"<h4 class=\"txt-title-fichier\">Chaussure de s\u00e9curit\u00e9 Magnum Active-Duty Shell<\/h4>\n<p>Chaussure de s\u00e9curit\u00e9 Magnum Active-Duty Shell<\/p>\n<p>CHAUSSURES BASSES de la marque Magnum. Pour la s\u00e9curit\u00e9 et l&#039;application de la loi.<br \/>\n<span class=\"goog-text-highlight\">HAUT<\/span><br \/>\n<span class=\"goog-text-highlight\">\u2013 Cuir souple pleine fleur<\/span><br \/>\n<span class=\"goog-text-highlight\">\u2013 Composite certifi\u00e9 CEN 345<\/span><br \/>\n<span class=\"goog-text-highlight\">plat<\/span><br \/>\n<span class=\"goog-text-highlight\">&#8211;\u00a0<\/span><span class=\"goog-text-highlight\">Doublure cambrelle\u00a0<\/span><span class=\"goog-text-highlight\">\u2013 R\u00e9glementaire discret\u00a0<\/span><span class=\"goog-text-highlight\">yeux\u00a0<\/span><span class=\"goog-text-highlight\">- De<\/span><br \/>\n<span class=\"goog-text-highlight\">col rembourr\u00e9 en mousse<\/span><br \/>\n<span class=\"goog-text-highlight\">\u2013 Semelle int\u00e9rieure anatomique amovible<\/span><br \/>\n<span class=\"goog-text-highlight\">\u2013 Talon avec gel amortissant<\/span><\/p>\n<p><span class=\"goog-text-highlight\">SEUL<\/span><br \/>\n<span class=\"goog-text-highlight\">\u2013 EVA isolant et amortissant moul\u00e9 compress\u00e9 \u2013<\/span><br \/>\n<span class=\"goog-text-highlight\">Ext\u00e9rieur en caoutchouc antid\u00e9rapant et r\u00e9sistant aux hydrocarbures<\/span><br \/>\n<span class=\"goog-text-highlight\">\u2013 Certifi\u00e9 EN ISO 345 S1<\/span><\/p>\n<p><strong>Tailles : 35 \u00e0 48<\/strong><\/p>","protected":false},"excerpt":{"rendered":"<p class=\"txt-title-fichier\"><span class=\"goog-text-highlight\">Chaussure de s\u00e9curit\u00e9 Magnum Active Duty Shell. CHAUSSURES BASSES de la marque Magnum. Pour la s\u00e9curit\u00e9 et l&#039;application de la loi. Fabriqu\u00e9 \u00e0 partir de cuir souple pleine fleur. Tailles : 35 \u00e0 48.<\/span><\/p>","protected":false},"featured_media":74067,"template":"","meta":[],"product_brand":[],"product_cat":[6064],"product_tag":[3400,4891,4870,4728,4863],"class_list":{"0":"post-74066","1":"product","2":"type-product","3":"status-publish","4":"has-post-thumbnail","6":"product_cat-magnum-schoenen","7":"product_tag-active","8":"product_tag-duty","9":"product_tag-magnum","10":"product_tag-shell","11":"product_tag-veiligheidsschoen","13":"first","14":"instock","15":"taxable","16":"shipping-taxable","17":"purchasable","18":"product-type-variable"},"mb":[],"mfb_rest_fields":["title"],"_links":{"self":[{"href":"https:\/\/dogpride.nl\/fr\/wp-json\/wp\/v2\/product\/74066","targetHints":{"allow":["GET"]}}],"collection":[{"href":"https:\/\/dogpride.nl\/fr\/wp-json\/wp\/v2\/product"}],"about":[{"href":"https:\/\/dogpride.nl\/fr\/wp-json\/wp\/v2\/types\/product"}],"wp:featuredmedia":[{"embeddable":true,"href":"https:\/\/dogpride.nl\/fr\/wp-json\/wp\/v2\/media\/74067"}],"wp:attachment":[{"href":"https:\/\/dogpride.nl\/fr\/wp-json\/wp\/v2\/media?parent=74066"}],"wp:term":[{"taxonomy":"product_brand","embeddable":true,"href":"https:\/\/dogpride.nl\/fr\/wp-json\/wp\/v2\/product_brand?post=74066"},{"taxonomy":"product_cat","embeddable":true,"href":"https:\/\/dogpride.nl\/fr\/wp-json\/wp\/v2\/product_cat?post=74066"},{"taxonomy":"product_tag","embeddable":true,"href":"https:\/\/dogpride.nl\/fr\/wp-json\/wp\/v2\/product_tag?post=74066"}],"curies":[{"name":"wp","href":"https:\/\/api.w.org\/{rel}","templated":true}]}}