{"id":74050,"date":"2021-09-22T12:16:11","date_gmt":"2021-09-22T10:16:11","guid":{"rendered":"https:\/\/dogpride1.wpengine.com\/?post_type=product&#038;p=74050"},"modified":"2023-05-10T10:51:48","modified_gmt":"2023-05-10T08:51:48","slug":"magnum-duty-lite-schoen","status":"publish","type":"product","link":"https:\/\/dogpride.nl\/fr\/magnum-duty-lite-schoen\/","title":{"rendered":"Chaussure Magnum Duty Lite"},"content":{"rendered":"<h1 class=\"txt-title-fichier\">Chaussure Magnum Duty Lite<\/h1>\n<p>Chaussure Magnum Duty Lite<\/p>\n<p><span>La chaussure d&#039;uniforme Duty Lite pour hommes et femmes est durable, confortable et l\u00e9g\u00e8re. Tout en ajoutant un confort suppl\u00e9mentaire avec les semelles Ortholite qui offrent un amorti ultime.<\/span><\/p>\n<ul>\n<li>Tige en cuir pleine fleur durable<\/li>\n<li>Col rembourr\u00e9 pour plus de confort<\/li>\n<li>Doublure hautement respirante pour un confort maximal<\/li>\n<li>La semelle int\u00e9rieure OrthoLite offre un amorti sup\u00e9rieur<\/li>\n<li>Semelle ext\u00e9rieure en caoutchouc antid\u00e9rapante avec semelle interm\u00e9diaire en PU<\/li>\n<li>Test\u00e9 et certifi\u00e9 selon la norme europ\u00e9enne EN ISO 20347:2012 OB E SRC<\/li>\n<\/ul>","protected":false},"excerpt":{"rendered":"<p class=\"txt-title-fichier\">La chaussure d&#039;uniforme Duty Lite pour hommes et femmes est durable, confortable et l\u00e9g\u00e8re. Tout en ajoutant un confort suppl\u00e9mentaire avec les semelles Ortholite qui offrent un amorti ultime.<\/p>","protected":false},"featured_media":74051,"template":"","meta":[],"product_brand":[],"product_cat":[6064],"product_tag":[3400,4891,4870,4869],"class_list":{"0":"post-74050","1":"product","2":"type-product","3":"status-publish","4":"has-post-thumbnail","6":"product_cat-magnum-schoenen","7":"product_tag-active","8":"product_tag-duty","9":"product_tag-magnum","10":"product_tag-schoen","12":"first","13":"instock","14":"taxable","15":"shipping-taxable","16":"purchasable","17":"product-type-variable"},"mb":[],"mfb_rest_fields":["title"],"_links":{"self":[{"href":"https:\/\/dogpride.nl\/fr\/wp-json\/wp\/v2\/product\/74050","targetHints":{"allow":["GET"]}}],"collection":[{"href":"https:\/\/dogpride.nl\/fr\/wp-json\/wp\/v2\/product"}],"about":[{"href":"https:\/\/dogpride.nl\/fr\/wp-json\/wp\/v2\/types\/product"}],"wp:featuredmedia":[{"embeddable":true,"href":"https:\/\/dogpride.nl\/fr\/wp-json\/wp\/v2\/media\/74051"}],"wp:attachment":[{"href":"https:\/\/dogpride.nl\/fr\/wp-json\/wp\/v2\/media?parent=74050"}],"wp:term":[{"taxonomy":"product_brand","embeddable":true,"href":"https:\/\/dogpride.nl\/fr\/wp-json\/wp\/v2\/product_brand?post=74050"},{"taxonomy":"product_cat","embeddable":true,"href":"https:\/\/dogpride.nl\/fr\/wp-json\/wp\/v2\/product_cat?post=74050"},{"taxonomy":"product_tag","embeddable":true,"href":"https:\/\/dogpride.nl\/fr\/wp-json\/wp\/v2\/product_tag?post=74050"}],"curies":[{"name":"wp","href":"https:\/\/api.w.org\/{rel}","templated":true}]}}