{"id":74041,"date":"2021-09-22T11:11:58","date_gmt":"2021-09-22T09:11:58","guid":{"rendered":"https:\/\/dogpride1.wpengine.com\/?post_type=product&#038;p=74041"},"modified":"2021-12-27T15:11:19","modified_gmt":"2021-12-27T14:11:19","slug":"beschermhelm-fx-simunition","status":"publish","type":"product","link":"https:\/\/dogpride.nl\/fr\/beschermhelm-fx-simunition\/","title":{"rendered":"Casque de protection FX Simunition"},"content":{"rendered":"<h4 class=\"txt-title-fichier\"><span class=\"\">Casque de protection FX Simunition<\/span><\/h4>\n<p>Casque de protection FX Simunition<\/p>\n<p><span class=\"\">Casque de protection FX Simunition. Le casque monobloc offre une protection int\u00e9grale de la t\u00eate et offre une vision p\u00e9riph\u00e9rique \u00e0 180\u00b0 gr\u00e2ce \u00e0 une visi\u00e8re en polycarbonate anti-bu\u00e9e et anti-rayures.<br \/>\n<\/span>Le casque FX\u00ae peut \u00eatre port\u00e9 avec des lunettes.<br \/>\nLa coque ext\u00e9rieure facile d&#039;entretien est en nylon extr\u00eamement r\u00e9sistant.<\/p>\n<p><strong>Ce produit est r\u00e9glement\u00e9. Contactez-nous par email ou par t\u00e9l\u00e9phone. Courriel : info@dogpride.nl, T\u00e9l. : +31315655930 \/ +31638147051<\/strong><\/p>","protected":false},"excerpt":{"rendered":"<p class=\"txt-title-fichier\"><span class=\"\">Casque de protection FX Simunition. Le casque monobloc offre une protection int\u00e9grale de la t\u00eate et offre une vision p\u00e9riph\u00e9rique \u00e0 180\u00b0 gr\u00e2ce \u00e0 une visi\u00e8re en polycarbonate anti-bu\u00e9e et anti-rayures.<\/span><\/p>","protected":false},"featured_media":74042,"template":"","meta":[],"product_brand":[],"product_cat":[2911],"product_tag":[],"class_list":{"0":"post-74041","1":"product","2":"type-product","3":"status-publish","4":"has-post-thumbnail","6":"product_cat-pbm","8":"first","9":"instock","10":"taxable","11":"shipping-taxable","12":"purchasable","13":"product-type-simple"},"mb":[],"mfb_rest_fields":["title"],"_links":{"self":[{"href":"https:\/\/dogpride.nl\/fr\/wp-json\/wp\/v2\/product\/74041","targetHints":{"allow":["GET"]}}],"collection":[{"href":"https:\/\/dogpride.nl\/fr\/wp-json\/wp\/v2\/product"}],"about":[{"href":"https:\/\/dogpride.nl\/fr\/wp-json\/wp\/v2\/types\/product"}],"wp:featuredmedia":[{"embeddable":true,"href":"https:\/\/dogpride.nl\/fr\/wp-json\/wp\/v2\/media\/74042"}],"wp:attachment":[{"href":"https:\/\/dogpride.nl\/fr\/wp-json\/wp\/v2\/media?parent=74041"}],"wp:term":[{"taxonomy":"product_brand","embeddable":true,"href":"https:\/\/dogpride.nl\/fr\/wp-json\/wp\/v2\/product_brand?post=74041"},{"taxonomy":"product_cat","embeddable":true,"href":"https:\/\/dogpride.nl\/fr\/wp-json\/wp\/v2\/product_cat?post=74041"},{"taxonomy":"product_tag","embeddable":true,"href":"https:\/\/dogpride.nl\/fr\/wp-json\/wp\/v2\/product_tag?post=74041"}],"curies":[{"name":"wp","href":"https:\/\/api.w.org\/{rel}","templated":true}]}}