{"id":74022,"date":"2021-09-22T11:07:10","date_gmt":"2021-09-22T09:07:10","guid":{"rendered":"https:\/\/dogpride1.wpengine.com\/?post_type=product&#038;p=74022"},"modified":"2023-10-16T10:10:16","modified_gmt":"2023-10-16T08:10:16","slug":"morin-pro-taser-type-pie-trainingsoutfit","status":"publish","type":"product","link":"https:\/\/dogpride.nl\/fr\/morin-pro-taser-type-pie-trainingsoutfit\/","title":{"rendered":"Tenue d&#039;entra\u00eenement MORIN-PRO Taser type PIE"},"content":{"rendered":"<h4>Tenue d&#039;entra\u00eenement MORIN-PRO Taser type PIE<\/h4>\n<p>Tenue d&#039;entra\u00eenement MORIN-PRO Taser type PIE<\/p>\n<p><span class=\"\">Tenue d&#039;entra\u00eenement de type Taser PIE (pistolet \u00e0 impulsion \u00e9lectrique).<\/span><\/p>\n<p>Ce d\u00e9guisement vous offre une tr\u00e8s bonne mobilit\u00e9 pour l&#039;entra\u00eenement en situation r\u00e9elle et assure une protection efficace en \u00e9vitant que les fl\u00e9chettes m\u00e9talliques ne se coincent dans la peau.<\/p>\n<p>Veste \u00e0 ouverture rapide et prot\u00e8ge-cou amovible (non repr\u00e9sent\u00e9). Pantalon \u00e0 bretelles et bas de jambes ouverts avec velcro pour permettre le port de chaussures d&#039;intervention pendant l&#039;entra\u00eenement.<\/p>\n<p>Fabriqu\u00e9 et con\u00e7u dans nos ateliers.<\/p>\n<p>Taille standard \u00e0 pr\u00e9ciser lors de la commande, possibilit\u00e9 de personnalisation.<\/p>\n<p><span class=\"goog-text-highlight\">Mod\u00e8le utilis\u00e9 et homologu\u00e9 par le CNFPT pour la formation en unit\u00e9.<\/span><\/p>\n<p><strong>Tableau des tailles:<\/strong><\/p>\n<p><img loading=\"lazy\" decoding=\"async\" class=\"alignnone wp-image-74025 size-full\" src=\"https:\/\/www.dogpride.nl\/wp-content\/uploads\/verybig-2477-2.jpg\" alt=\"\" width=\"520\" height=\"520\" srcset=\"https:\/\/dogpride.nl\/wp-content\/uploads\/verybig-2477-2.jpg 520w, https:\/\/dogpride.nl\/wp-content\/uploads\/verybig-2477-2-250x250.jpg 250w, https:\/\/dogpride.nl\/wp-content\/uploads\/verybig-2477-2-100x100.jpg 100w, https:\/\/dogpride.nl\/wp-content\/uploads\/verybig-2477-2-400x400.jpg 400w, https:\/\/dogpride.nl\/wp-content\/uploads\/verybig-2477-2-300x300.jpg 300w, https:\/\/dogpride.nl\/wp-content\/uploads\/verybig-2477-2-150x150.jpg 150w, https:\/\/dogpride.nl\/wp-content\/uploads\/verybig-2477-2-66x66.jpg 66w, https:\/\/dogpride.nl\/wp-content\/uploads\/verybig-2477-2-200x200.jpg 200w\" sizes=\"auto, (max-width: 520px) 100vw, 520px\" \/><\/p>","protected":false},"excerpt":{"rendered":"<p>Tenue d&#039;entrainement MORIN PRO Taser type PIE. Ce d\u00e9guisement vous offre une tr\u00e8s bonne mobilit\u00e9 pour l&#039;entra\u00eenement en situation r\u00e9elle et assure une protection efficace en \u00e9vitant que les fl\u00e9chettes m\u00e9talliques ne se coincent dans la peau.<\/p>","protected":false},"featured_media":74024,"template":"","meta":[],"product_brand":[],"product_cat":[2911],"product_tag":[],"class_list":{"0":"post-74022","1":"product","2":"type-product","3":"status-publish","4":"has-post-thumbnail","6":"product_cat-pbm","8":"first","9":"instock","10":"taxable","11":"shipping-taxable","12":"purchasable","13":"product-type-variable"},"mb":[],"mfb_rest_fields":["title"],"_links":{"self":[{"href":"https:\/\/dogpride.nl\/fr\/wp-json\/wp\/v2\/product\/74022","targetHints":{"allow":["GET"]}}],"collection":[{"href":"https:\/\/dogpride.nl\/fr\/wp-json\/wp\/v2\/product"}],"about":[{"href":"https:\/\/dogpride.nl\/fr\/wp-json\/wp\/v2\/types\/product"}],"wp:featuredmedia":[{"embeddable":true,"href":"https:\/\/dogpride.nl\/fr\/wp-json\/wp\/v2\/media\/74024"}],"wp:attachment":[{"href":"https:\/\/dogpride.nl\/fr\/wp-json\/wp\/v2\/media?parent=74022"}],"wp:term":[{"taxonomy":"product_brand","embeddable":true,"href":"https:\/\/dogpride.nl\/fr\/wp-json\/wp\/v2\/product_brand?post=74022"},{"taxonomy":"product_cat","embeddable":true,"href":"https:\/\/dogpride.nl\/fr\/wp-json\/wp\/v2\/product_cat?post=74022"},{"taxonomy":"product_tag","embeddable":true,"href":"https:\/\/dogpride.nl\/fr\/wp-json\/wp\/v2\/product_tag?post=74022"}],"curies":[{"name":"wp","href":"https:\/\/api.w.org\/{rel}","templated":true}]}}