{"id":74016,"date":"2021-09-22T10:23:46","date_gmt":"2021-09-22T08:23:46","guid":{"rendered":"https:\/\/dogpride1.wpengine.com\/?post_type=product&#038;p=74016"},"modified":"2023-02-23T14:47:39","modified_gmt":"2023-02-23T13:47:39","slug":"ifak-medic-k9-ehbo-kit","status":"publish","type":"product","link":"https:\/\/dogpride.nl\/fr\/ifak-medic-k9-ehbo-kit\/","title":{"rendered":"Trousse de secours IFAK MEDIC K9"},"content":{"rendered":"<h4>Trousse de secours IFAK MEDIC K9<\/h4>\n<p><span class=\"\">Trousse de secours IFAK MEDIC K9. Trousse de secours compl\u00e8te pour chiens d&#039;intervention et de patrouille.<\/span><\/p>\n<p>Tr\u00e8s compact, ne prend pas trop de place dans un sac (le sac dans lequel sont int\u00e9gr\u00e9s les \u00e9l\u00e9ments du kit est le sac \u00e9tanche Noaks)<\/p>\n<p>Le kit comprend\u00a0:<br \/>\nUne couverture de survie orange renforc\u00e9e.<br \/>\nUn Swat T pour le garrot.<br \/>\n<span class=\"goog-text-highlight\">Un bandage H enroul\u00e9 ou un bandage traumatique CVN *<\/span><br \/>\n<span class=\"goog-text-highlight\">Une gaze comprim\u00e9e NAR ou Lifeguard ou H&amp;H Medical *<\/span><br \/>\n<span class=\"goog-text-highlight\">Un Cutter Kevler Un Medic Flat Tape ou un Combat Medic Tape *<\/span><br \/>\n<span class=\"goog-text-highlight\">Un sac \u00e9tanche pour tout ranger.<\/span><br \/>\nUn Sharpie<br \/>\nLe sac \u00e9tanche Noaks peut \u00eatre utilis\u00e9 comme abreuvoir.<br \/>\nLe ruban peut \u00eatre utilis\u00e9 comme lien pour la m\u00e2choire (en collant la partie collante)<\/p>\n<p>* Selon stock.<\/p>","protected":false},"excerpt":{"rendered":"<p><span class=\"\">Trousse de secours compl\u00e8te pour chiens d&#039;intervention et de patrouille.<\/span><\/p>","protected":false},"featured_media":74017,"template":"","meta":[],"product_brand":[],"product_cat":[2910],"product_tag":[],"class_list":{"0":"post-74016","1":"product","2":"type-product","3":"status-publish","4":"has-post-thumbnail","6":"product_cat-ehbo-bij-honden","8":"first","9":"instock","10":"taxable","11":"shipping-taxable","12":"purchasable","13":"product-type-simple"},"mb":[],"mfb_rest_fields":["title"],"_links":{"self":[{"href":"https:\/\/dogpride.nl\/fr\/wp-json\/wp\/v2\/product\/74016","targetHints":{"allow":["GET"]}}],"collection":[{"href":"https:\/\/dogpride.nl\/fr\/wp-json\/wp\/v2\/product"}],"about":[{"href":"https:\/\/dogpride.nl\/fr\/wp-json\/wp\/v2\/types\/product"}],"wp:featuredmedia":[{"embeddable":true,"href":"https:\/\/dogpride.nl\/fr\/wp-json\/wp\/v2\/media\/74017"}],"wp:attachment":[{"href":"https:\/\/dogpride.nl\/fr\/wp-json\/wp\/v2\/media?parent=74016"}],"wp:term":[{"taxonomy":"product_brand","embeddable":true,"href":"https:\/\/dogpride.nl\/fr\/wp-json\/wp\/v2\/product_brand?post=74016"},{"taxonomy":"product_cat","embeddable":true,"href":"https:\/\/dogpride.nl\/fr\/wp-json\/wp\/v2\/product_cat?post=74016"},{"taxonomy":"product_tag","embeddable":true,"href":"https:\/\/dogpride.nl\/fr\/wp-json\/wp\/v2\/product_tag?post=74016"}],"curies":[{"name":"wp","href":"https:\/\/api.w.org\/{rel}","templated":true}]}}