{"id":74014,"date":"2021-09-22T10:18:19","date_gmt":"2021-09-22T08:18:19","guid":{"rendered":"https:\/\/dogpride1.wpengine.com\/?post_type=product&#038;p=74014"},"modified":"2025-10-15T13:10:35","modified_gmt":"2025-10-15T11:10:35","slug":"k9-med-cyno-tourniquet-k9","status":"publish","type":"product","link":"https:\/\/dogpride.nl\/fr\/k9-med-cyno-tourniquet-k9\/","title":{"rendered":"Garrot Cyno K9 MED-K9"},"content":{"rendered":"<h4>Garrot Cyno K9 MED-K9<\/h4>\n<p><span class=\"\">K9 MED Cyno Tourniquet-K9. Le garrot K9 est con\u00e7u pour travailler efficacement sur l&#039;anatomie des chiens tels que les pattes avant ou arri\u00e8re, il est con\u00e7u pour \u00eatre plac\u00e9 haut sur le membre.<\/span><br \/>\nIl est dot\u00e9 d&#039;une technologie de traction int\u00e9gr\u00e9e qui emp\u00eache le garrot de glisser le long de la jambe de l&#039;animal, ce qui entra\u00eenerait une perte de compression.<\/p>\n<p>Le glissement se produit souvent lorsque des garrots ou des bandages de compression con\u00e7us pour les humains sont utilis\u00e9s sur une anatomie aussi effil\u00e9e.<br \/>\nLe Garrot K9 r\u00e9sout ces probl\u00e8mes et permet une installation tr\u00e8s rapide sur l&#039;animal<\/p>\n<p><span class=\"goog-text-highlight\">Le garrot est compos\u00e9 d&#039;une large bande antid\u00e9rapante con\u00e7ue pour adh\u00e9rer aux poils de chien m\u00eame mouill\u00e9s ou ensanglant\u00e9s.<\/span><\/p>\n<p><strong>Remarque ne convient pas \u00e0 l&#039;usage humain.<\/strong><\/p>\n<p><a href=\"https:\/\/www.k9medic.com\/\" target=\"_blank\" rel=\"noopener\"><img loading=\"lazy\" decoding=\"async\" class=\"alignnone\" title=\"Garrot Cyno K9 MED-K9\" src=\"https:\/\/dogpride.nl\/wp-content\/uploads\/verybig-4808-1.jpg\" alt=\"K9 MED Cyno tourniquet-K9\" width=\"204\" height=\"204\" \/><\/a><\/p>\n<p><a href=\"https:\/\/dogpride.nl\/fr\/?s=tourniquet&amp;post_type=product\"><img loading=\"lazy\" decoding=\"async\" class=\"alignnone wp-image-138087 size-thumbnail\" src=\"https:\/\/dogpride.nl\/wp-content\/uploads\/Logo-K9-Medic-150x150.jpg\" alt=\"Logo K9 Medic\" width=\"150\" height=\"150\" srcset=\"https:\/\/dogpride.nl\/wp-content\/uploads\/Logo-K9-Medic-150x150.jpg 150w, https:\/\/dogpride.nl\/wp-content\/uploads\/Logo-K9-Medic-100x100.jpg 100w\" sizes=\"auto, (max-width: 150px) 100vw, 150px\" \/><\/a><\/p>","protected":false},"excerpt":{"rendered":"<p>Tourniquet Cyno K9 MED K9. <span class=\"\">Le garrot K9 est con\u00e7u pour travailler efficacement sur l&#039;anatomie canine<\/span><\/p>","protected":false},"featured_media":74015,"template":"","meta":[],"product_brand":[],"product_cat":[2910],"product_tag":[],"class_list":{"0":"post-74014","1":"product","2":"type-product","3":"status-publish","4":"has-post-thumbnail","6":"product_cat-ehbo-bij-honden","8":"first","9":"instock","10":"taxable","11":"shipping-taxable","12":"purchasable","13":"product-type-simple"},"mb":[],"mfb_rest_fields":["title"],"_links":{"self":[{"href":"https:\/\/dogpride.nl\/fr\/wp-json\/wp\/v2\/product\/74014","targetHints":{"allow":["GET"]}}],"collection":[{"href":"https:\/\/dogpride.nl\/fr\/wp-json\/wp\/v2\/product"}],"about":[{"href":"https:\/\/dogpride.nl\/fr\/wp-json\/wp\/v2\/types\/product"}],"wp:featuredmedia":[{"embeddable":true,"href":"https:\/\/dogpride.nl\/fr\/wp-json\/wp\/v2\/media\/74015"}],"wp:attachment":[{"href":"https:\/\/dogpride.nl\/fr\/wp-json\/wp\/v2\/media?parent=74014"}],"wp:term":[{"taxonomy":"product_brand","embeddable":true,"href":"https:\/\/dogpride.nl\/fr\/wp-json\/wp\/v2\/product_brand?post=74014"},{"taxonomy":"product_cat","embeddable":true,"href":"https:\/\/dogpride.nl\/fr\/wp-json\/wp\/v2\/product_cat?post=74014"},{"taxonomy":"product_tag","embeddable":true,"href":"https:\/\/dogpride.nl\/fr\/wp-json\/wp\/v2\/product_tag?post=74014"}],"curies":[{"name":"wp","href":"https:\/\/api.w.org\/{rel}","templated":true}]}}