{"id":73977,"date":"2021-09-22T09:24:14","date_gmt":"2021-09-22T07:24:14","guid":{"rendered":"https:\/\/dogpride1.wpengine.com\/?post_type=product&#038;p=73977"},"modified":"2026-03-19T10:27:31","modified_gmt":"2026-03-19T09:27:31","slug":"noodbrancard-voor-evacueren-gewonde-hond","status":"publish","type":"product","link":"https:\/\/dogpride.nl\/fr\/noodbrancard-voor-evacueren-gewonde-hond\/","title":{"rendered":"Noodbrancard voor evacueren gewonde hond"},"content":{"rendered":"<h4>Noodbrancard voor evacueren gewonde hond<\/h4>\n<p>Noodbrancard voor evacueren gewonde hond. De noodbrancard is essentieel voor het verplaatsen van een gewonde hond.<\/p>\n<p>Cette civi\u00e8re est sp\u00e9cialement con\u00e7ue pour les forces militaires en op\u00e9rations \u00e0 distance pour \u00e9vacuer un chien bless\u00e9 d&#039;une zone sensible.<\/p>\n<p><a href=\"https:\/\/dogpride.nl\/fr\/\"><img loading=\"lazy\" decoding=\"async\" class=\"alignnone\" title=\"Noodbrancard voor evacueren gewonde hond\" src=\"https:\/\/dogpride.nl\/wp-content\/uploads\/verybig-3791-1.jpg\" alt=\"Noodbrancard voor evacueren gewonde hond\" width=\"127\" height=\"127\" \/><\/a><\/p>\n<p>Fabriqu\u00e9 en toile Cordura. Il est \u00e9quip\u00e9 de six poign\u00e9es pour faciliter le levage et de 4 trous pour positionner les pattes du chien \u00e0 croiser pour \u00e9viter les sauts et mieux stabiliser la civi\u00e8re pendant le transport.<\/p>\n<p>Se glisse facilement dans le compartiment sup\u00e9rieur d&#039;un filet ou d&#039;une trousse de premiers soins.<\/p>\n<p>Particuli\u00e8rement adapt\u00e9 aux chiens Berger Allemand et Malinois.<\/p>\n<p>Disponible en couleur noire sur stock.<br \/>\n<span class=\"goog-text-highlight\">Aussi disponible en CAM ou Coyote sur demande<\/span><br \/>\n<span class=\"goog-text-highlight\">Version pr\u00e9sent\u00e9e en Coyote<\/span><\/p>\n<p><a href=\"https:\/\/nl.wikipedia.org\/wiki\/Hoofdpagina\" target=\"_blank\" rel=\"noopener\"><img loading=\"lazy\" decoding=\"async\" class=\"alignnone\" src=\"https:\/\/dogpride.nl\/wp-content\/uploads\/verybig-3791-1.jpg\" alt=\"\" width=\"127\" height=\"127\" \/><\/a><\/p>","protected":false},"excerpt":{"rendered":"<p>Civi\u00e8re d&#039;urgence pour \u00e9vacuer un chien bless\u00e9. Particuli\u00e8rement adapt\u00e9 aux chiens Berger Allemand et Malinois.<\/p>","protected":false},"featured_media":73978,"template":"","meta":[],"product_brand":[],"product_cat":[2910],"product_tag":[6406,6405,6404],"class_list":{"0":"post-73977","1":"product","2":"type-product","3":"status-publish","4":"has-post-thumbnail","6":"product_cat-ehbo-bij-honden","7":"product_tag-evacueren","8":"product_tag-gewonde-hond","9":"product_tag-noodbrancard","11":"first","12":"instock","13":"taxable","14":"shipping-taxable","15":"purchasable","16":"product-type-simple"},"mb":[],"mfb_rest_fields":["title"],"_links":{"self":[{"href":"https:\/\/dogpride.nl\/fr\/wp-json\/wp\/v2\/product\/73977","targetHints":{"allow":["GET"]}}],"collection":[{"href":"https:\/\/dogpride.nl\/fr\/wp-json\/wp\/v2\/product"}],"about":[{"href":"https:\/\/dogpride.nl\/fr\/wp-json\/wp\/v2\/types\/product"}],"wp:featuredmedia":[{"embeddable":true,"href":"https:\/\/dogpride.nl\/fr\/wp-json\/wp\/v2\/media\/73978"}],"wp:attachment":[{"href":"https:\/\/dogpride.nl\/fr\/wp-json\/wp\/v2\/media?parent=73977"}],"wp:term":[{"taxonomy":"product_brand","embeddable":true,"href":"https:\/\/dogpride.nl\/fr\/wp-json\/wp\/v2\/product_brand?post=73977"},{"taxonomy":"product_cat","embeddable":true,"href":"https:\/\/dogpride.nl\/fr\/wp-json\/wp\/v2\/product_cat?post=73977"},{"taxonomy":"product_tag","embeddable":true,"href":"https:\/\/dogpride.nl\/fr\/wp-json\/wp\/v2\/product_tag?post=73977"}],"curies":[{"name":"wp","href":"https:\/\/api.w.org\/{rel}","templated":true}]}}