{"id":73970,"date":"2021-09-22T09:13:05","date_gmt":"2021-09-22T07:13:05","guid":{"rendered":"https:\/\/dogpride1.wpengine.com\/?post_type=product&#038;p=73970"},"modified":"2026-03-19T10:34:17","modified_gmt":"2026-03-19T09:34:17","slug":"nars-k9-trainingsdummy-itts","status":"publish","type":"product","link":"https:\/\/dogpride.nl\/fr\/nars-k9-trainingsdummy-itts\/","title":{"rendered":"NARS K9 mannequin d&#039;entra\u00eenement ITTS"},"content":{"rendered":"<h4 class=\"txt-title-fichier\">NARS K9 mannequin d&#039;entra\u00eenement ITTS<\/h4>\n<p><span class=\"\">Le mannequin d&#039;entra\u00eenement NARS K9 ITTS est un mannequin pour chien qui repr\u00e9sente les caract\u00e9ristiques anatomiques d&#039;un Malinois pesant environ 31 kg.<\/span><\/p>\n<p>C&#039;est le premier du genre au niveau international \u00e0 permettre l&#039;entra\u00eenement d&#039;urgence et le dressage des chiens.<\/p>\n<p><a href=\"https:\/\/www.licg.nl\/honden\/\" target=\"_blank\" rel=\"noopener\"><img loading=\"lazy\" decoding=\"async\" class=\"alignnone\" title=\"NARS K9 mannequin d&#039;entra\u00eenement ITTS\" src=\"https:\/\/dogpride.nl\/wp-content\/uploads\/verybig-5451-1.jpg\" alt=\"NARS K9 trainingsdummy ITTS\" width=\"122\" height=\"122\" \/><\/a><\/p>\n<p>De NARS K9 trainingsdummy ITTS wordt bestuurd door een draadloze tablet die de traumatische verwondingen simuleert die het meest worden opgelopen door honden tijdens het werk of tijdens de bevalling.<br \/>\nDe instructeur regelt het volume en de intensiteit van het geblaf, de ademhaling van de hond, de bloeding en de reacties op de interventies van de geleider via de afstandsbedieningstablet.<br \/>\n<span class=\"\">Le logiciel de la tablette contient des sc\u00e9narios pr\u00e9configur\u00e9s et un g\u00e9n\u00e9rateur de sc\u00e9narios.<\/span><\/p>\n<h4>Le NARS K9 se caract\u00e9rise par son poids r\u00e9aliste, ses rep\u00e8res anatomiques, sa respiration, sa fr\u00e9quence cardiaque et ses points de contr\u00f4le du pouls, son saignement actif et sa fourrure et ses pattes durables. Le simulateur comprend des membres interchangeables suppl\u00e9mentaires.<\/h4>\n<p>Les interventions possibles comprennent le contr\u00f4le des saignements, la gestion des voies respiratoires, l&#039;acc\u00e8s intraveineux et sous-cutan\u00e9 et la gestion des plaies.<\/p>\n<p>De kit bevat een zak voor transport en opslag (voorzien van wielen), een infuusplaats met vervangend bont, een plaats voor operaties aan de luchtwegen met vervangend bont, een navulbus voor gewrichtsbloed,<br \/>\n25 cl geconcentreerd kunstbloed, een NARS-tablet met software, een tabletoplader en een ingebouwde batterijoplaadkabel.<\/p>\n<ul>\n<li>Structure m\u00e9tallique enti\u00e8rement repens\u00e9e.<\/li>\n<li>Gamme \u00e9tendue de mouvements articulatoires.<\/li>\n<li><span class=\"goog-text-highlight\">Thorax pour r\u00e9animation cardiorespiratoire<\/span><\/li>\n<li><span class=\"goog-text-highlight\">5 membres interchangeables avec blessures.<\/span><\/li>\n<li>Am\u00e9lioration des voies respiratoires<\/li>\n<li>Blaft, bloedt en ademt Kunstbloedtank van 1 liter.<\/li>\n<li>Fonctionne sans fil via la tablette NARS<\/li>\n<\/ul>\n<p><a href=\"https:\/\/dogpride.nl\/fr\/\"><img loading=\"lazy\" decoding=\"async\" class=\"alignnone\" title=\"NARS K9 mannequin d&#039;entra\u00eenement ITTS\" src=\"https:\/\/dogpride.nl\/wp-content\/uploads\/verybig-5451-1.jpg\" alt=\"NARS K9 trainingsdummy ITTS\" width=\"122\" height=\"122\" \/><\/a><\/p>\n<p><strong>Contactez-nous pour votre prix. Courriel : info@dogpride.nl, T\u00e9l. : +31315655930 \/ +31638147051\u00a0<\/strong><\/p>","protected":false},"excerpt":{"rendered":"<p>Le NARS K9 se caract\u00e9rise par son poids r\u00e9aliste, ses rep\u00e8res anatomiques, sa respiration, sa fr\u00e9quence cardiaque et ses points de contr\u00f4le du pouls, son saignement actif et sa fourrure et ses pattes durables. Le simulateur comprend des membres interchangeables suppl\u00e9mentaires.<\/p>","protected":false},"featured_media":73971,"template":"","meta":[],"product_brand":[],"product_cat":[2910],"product_tag":[8033,8032,8031,4566,8029,8030],"class_list":{"0":"post-73970","1":"product","2":"type-product","3":"status-publish","4":"has-post-thumbnail","6":"product_cat-ehbo-bij-honden","7":"product_tag-ehbo-voor-honden","8":"product_tag-hondendummy","9":"product_tag-itts","10":"product_tag-k9","11":"product_tag-nars","12":"product_tag-trainingsdummy","14":"first","15":"instock","16":"taxable","17":"shipping-taxable","18":"product-type-simple"},"mb":[],"mfb_rest_fields":["title"],"_links":{"self":[{"href":"https:\/\/dogpride.nl\/fr\/wp-json\/wp\/v2\/product\/73970","targetHints":{"allow":["GET"]}}],"collection":[{"href":"https:\/\/dogpride.nl\/fr\/wp-json\/wp\/v2\/product"}],"about":[{"href":"https:\/\/dogpride.nl\/fr\/wp-json\/wp\/v2\/types\/product"}],"wp:featuredmedia":[{"embeddable":true,"href":"https:\/\/dogpride.nl\/fr\/wp-json\/wp\/v2\/media\/73971"}],"wp:attachment":[{"href":"https:\/\/dogpride.nl\/fr\/wp-json\/wp\/v2\/media?parent=73970"}],"wp:term":[{"taxonomy":"product_brand","embeddable":true,"href":"https:\/\/dogpride.nl\/fr\/wp-json\/wp\/v2\/product_brand?post=73970"},{"taxonomy":"product_cat","embeddable":true,"href":"https:\/\/dogpride.nl\/fr\/wp-json\/wp\/v2\/product_cat?post=73970"},{"taxonomy":"product_tag","embeddable":true,"href":"https:\/\/dogpride.nl\/fr\/wp-json\/wp\/v2\/product_tag?post=73970"}],"curies":[{"name":"wp","href":"https:\/\/api.w.org\/{rel}","templated":true}]}}