{"id":73896,"date":"2021-09-21T13:53:25","date_gmt":"2021-09-21T11:53:25","guid":{"rendered":"https:\/\/dogpride1.wpengine.com\/?post_type=product&#038;p=73896"},"modified":"2022-11-01T15:38:25","modified_gmt":"2022-11-01T14:38:25","slug":"morin-cordura-kevlar-manchet","status":"publish","type":"product","link":"https:\/\/dogpride.nl\/fr\/morin-cordura-kevlar-manchet\/","title":{"rendered":"Manchette MORIN Cordura\/Kevlar"},"content":{"rendered":"<h4>Manchette MORIN Cordura\/Kevlar<\/h4>\n<p><span class=\"\">Manchette MORIN Cordura\/Kevlar. Produit qui permet l&#039;utilisation en toute s\u00e9curit\u00e9 d&#039;appendices en caoutchouc pour un d\u00e9conditionnement extr\u00eame.<\/span><\/p>\n<p>A placer sur votre bras et fixer le bras en caoutchouc sur la protection. Cela vous permet de prot\u00e9ger votre bras \u00e0 l&#039;arri\u00e8re de la gueule sur l&#039;appendice dans le cas d&#039;un chien. La protection couvre \u00e9galement une grande partie de votre main (poing ferm\u00e9).<\/p>\n<p><span style=\"color: #ff0000;\"><strong>Veuillez noter que ce produit ne doit pas \u00eatre utilis\u00e9 comme brassard d&#039;entra\u00eenement \u00e0 la morsure ou comme brassard de d\u00e9conditionnement. Ne pas utiliser sans le bras en caoutchouc.<\/strong><\/span><\/p>\n<p><span class=\"goog-text-highlight\">(bras en option, non inclus)<\/span><\/p>","protected":false},"excerpt":{"rendered":"<p>Manchette MORIN Cordura \/ Kevlar. Cela vous permet de prot\u00e9ger votre bras \u00e0 l&#039;arri\u00e8re de la gueule sur l&#039;appendice dans le cas d&#039;un chien.<\/p>","protected":false},"featured_media":73897,"template":"","meta":[],"product_brand":[],"product_cat":[2900],"product_tag":[],"class_list":{"0":"post-73896","1":"product","2":"type-product","3":"status-publish","4":"has-post-thumbnail","6":"product_cat-civiele-bijt-en-interventie-training","8":"first","9":"instock","10":"taxable","11":"shipping-taxable","12":"purchasable","13":"product-type-variable"},"mb":[],"mfb_rest_fields":["title"],"_links":{"self":[{"href":"https:\/\/dogpride.nl\/fr\/wp-json\/wp\/v2\/product\/73896","targetHints":{"allow":["GET"]}}],"collection":[{"href":"https:\/\/dogpride.nl\/fr\/wp-json\/wp\/v2\/product"}],"about":[{"href":"https:\/\/dogpride.nl\/fr\/wp-json\/wp\/v2\/types\/product"}],"wp:featuredmedia":[{"embeddable":true,"href":"https:\/\/dogpride.nl\/fr\/wp-json\/wp\/v2\/media\/73897"}],"wp:attachment":[{"href":"https:\/\/dogpride.nl\/fr\/wp-json\/wp\/v2\/media?parent=73896"}],"wp:term":[{"taxonomy":"product_brand","embeddable":true,"href":"https:\/\/dogpride.nl\/fr\/wp-json\/wp\/v2\/product_brand?post=73896"},{"taxonomy":"product_cat","embeddable":true,"href":"https:\/\/dogpride.nl\/fr\/wp-json\/wp\/v2\/product_cat?post=73896"},{"taxonomy":"product_tag","embeddable":true,"href":"https:\/\/dogpride.nl\/fr\/wp-json\/wp\/v2\/product_tag?post=73896"}],"curies":[{"name":"wp","href":"https:\/\/api.w.org\/{rel}","templated":true}]}}