{"id":73884,"date":"2021-09-21T13:45:35","date_gmt":"2021-09-21T11:45:35","guid":{"rendered":"https:\/\/dogpride1.wpengine.com\/?post_type=product&#038;p=73884"},"modified":"2025-10-15T13:38:16","modified_gmt":"2025-10-15T11:38:16","slug":"civiele-deconditionering-onderarm","status":"publish","type":"product","link":"https:\/\/dogpride.nl\/fr\/civiele-deconditionering-onderarm\/","title":{"rendered":"D\u00e9conditionnement civil AVANT-BRAS"},"content":{"rendered":"<h4>D\u00e9conditionnement civil AVANT-BRAS<\/h4>\n<p>Bras factice en caoutchouc \u00e9quip\u00e9 d&#039;une poign\u00e9e pour tenir<br \/>\nCe type de produit est utilis\u00e9 pour former des chiens d&#039;intervention dans des conditions proches du monde r\u00e9el. Le chien aura la sensation de mordre un vrai bras.<\/p>\n<ul>\n<li><span class=\"goog-text-highlight\">Produit r\u00e9serv\u00e9 aux administrations, forces de l&#039;ordre et soci\u00e9t\u00e9s de s\u00e9curit\u00e9.<\/span><\/li>\n<\/ul>\n<p><a href=\"https:\/\/dogpride.nl\/fr\/k9\/cynotechnische-eenheden\/civiele-bijt-en-interventie-training\/\"><img loading=\"lazy\" decoding=\"async\" class=\"alignnone\" title=\"D\u00e9conditionnement civil AVANT-BRAS\" src=\"https:\/\/dogpride.nl\/wp-content\/uploads\/verybig-3496-5-1-150x150.jpg\" alt=\"Civiele deconditionering ONDERARM\" width=\"150\" height=\"150\" \/><\/a><\/p>\n<p><a href=\"https:\/\/www.morinfrance.com\/\" target=\"_blank\" rel=\"noopener\"><img loading=\"lazy\" decoding=\"async\" class=\"alignnone\" title=\"D\u00e9conditionnement civil AVANT-BRAS\" src=\"https:\/\/dogpride.nl\/wp-content\/uploads\/verybig-3496-3-1-150x150.jpg\" alt=\"Civiele deconditionering ONDERARM\" width=\"150\" height=\"150\" \/><\/a><\/p>","protected":false},"excerpt":{"rendered":"<p>Bras factice en caoutchouc \u00e9quip\u00e9 d&#039;une poign\u00e9e pour tenir. Ce type de produit est utilis\u00e9 pour former des chiens d&#039;intervention dans des conditions proches du monde r\u00e9el. Le chien aura la sensation de mordre un vrai bras.<\/p>","protected":false},"featured_media":73885,"template":"","meta":[],"product_brand":[],"product_cat":[2900],"product_tag":[],"class_list":{"0":"post-73884","1":"product","2":"type-product","3":"status-publish","4":"has-post-thumbnail","6":"product_cat-civiele-bijt-en-interventie-training","8":"first","9":"instock","10":"taxable","11":"shipping-taxable","12":"purchasable","13":"product-type-variable"},"mb":[],"mfb_rest_fields":["title"],"_links":{"self":[{"href":"https:\/\/dogpride.nl\/fr\/wp-json\/wp\/v2\/product\/73884","targetHints":{"allow":["GET"]}}],"collection":[{"href":"https:\/\/dogpride.nl\/fr\/wp-json\/wp\/v2\/product"}],"about":[{"href":"https:\/\/dogpride.nl\/fr\/wp-json\/wp\/v2\/types\/product"}],"wp:featuredmedia":[{"embeddable":true,"href":"https:\/\/dogpride.nl\/fr\/wp-json\/wp\/v2\/media\/73885"}],"wp:attachment":[{"href":"https:\/\/dogpride.nl\/fr\/wp-json\/wp\/v2\/media?parent=73884"}],"wp:term":[{"taxonomy":"product_brand","embeddable":true,"href":"https:\/\/dogpride.nl\/fr\/wp-json\/wp\/v2\/product_brand?post=73884"},{"taxonomy":"product_cat","embeddable":true,"href":"https:\/\/dogpride.nl\/fr\/wp-json\/wp\/v2\/product_cat?post=73884"},{"taxonomy":"product_tag","embeddable":true,"href":"https:\/\/dogpride.nl\/fr\/wp-json\/wp\/v2\/product_tag?post=73884"}],"curies":[{"name":"wp","href":"https:\/\/api.w.org\/{rel}","templated":true}]}}