{"id":73870,"date":"2021-09-21T12:18:30","date_gmt":"2021-09-21T10:18:30","guid":{"rendered":"https:\/\/dogpride1.wpengine.com\/?post_type=product&#038;p=73870"},"modified":"2026-03-19T10:36:55","modified_gmt":"2026-03-19T09:36:55","slug":"esp-telescopische-zoekspiegel-met-geintegreerd-licht","status":"publish","type":"product","link":"https:\/\/dogpride.nl\/fr\/esp-telescopische-zoekspiegel-met-geintegreerd-licht\/","title":{"rendered":"Miroir de recherche t\u00e9lescopique ESP avec \u00e9clairage int\u00e9gr\u00e9"},"content":{"rendered":"<h4>Miroir de recherche t\u00e9lescopique ESP avec \u00e9clairage int\u00e9gr\u00e9<\/h4>\n<p>ESP Miroir de recherche t\u00e9lescopique avec \u00e9clairage int\u00e9gr\u00e9. Miroir de contr\u00f4le avec \u00e9clairage<\/p>\n<p><a href=\"https:\/\/dogpride.nl\/fr\/\"><img loading=\"lazy\" decoding=\"async\" class=\"alignnone\" title=\"Miroir de recherche t\u00e9lescopique ESP avec \u00e9clairage int\u00e9gr\u00e9\" src=\"https:\/\/dogpride.nl\/wp-content\/uploads\/verybig-4397-2-150x150.jpg\" alt=\"ESP Telescopische-zoekspiegel met ge\u00efntegreerd-licht\" width=\"150\" height=\"150\" \/><\/a><\/p>\n<p align=\"justify\">Deze grote inspectiespiegel maakt de herkenning van gevaarlijke en moeilijk toegankelijke gebieden mogelijk, met name voor de detectie van explosieven.<br \/>\nDe parabolische vorm van de spiegel is praktisch, omdat hierdoor de kijkhoek kan worden vergroot.<br \/>\nDe spiegel is met een draaischarnier aan de steel bevestigd, waardoor de waarnemingshoek kan worden aangepast.<\/p>\n<p align=\"justify\"><strong>Caract\u00e9ristiques:<\/strong><\/p>\n<ul>\n<li>Le miroir est \u00e9quip\u00e9 d&#039;une tige t\u00e9lescopique, r\u00e9glable de 500 mm \u00e0 1050 mm.<\/li>\n<li>La poign\u00e9e antid\u00e9rapante assure une prise en main s\u00fbre.<\/li>\n<li>Le miroir peut \u00eatre facilement retir\u00e9 de la barre pour un transport facile.<\/li>\n<li><span class=\"goog-text-highlight\">Lampe MAGNUM : 14 LED<\/span><\/li>\n<li><span class=\"goog-text-highlight\">Diam\u00e8tre du miroir : 162 mm<\/span><\/li>\n<li><span class=\"goog-text-highlight\">Poids : 900g<\/span><\/li>\n<\/ul>\n<p><a href=\"https:\/\/nl.wikipedia.org\/wiki\/Hoofdpagina\" target=\"_blank\" rel=\"noopener\"><img loading=\"lazy\" decoding=\"async\" class=\"alignnone\" src=\"https:\/\/dogpride.nl\/wp-content\/uploads\/verybig-4397-2-150x150.jpg\" alt=\"\" width=\"150\" height=\"150\" \/><\/a><\/p>","protected":false},"excerpt":{"rendered":"<p>ESP Miroir de recherche t\u00e9lescopique avec \u00e9clairage int\u00e9gr\u00e9. La forme parabolique du miroir est pratique, car elle permet d&#039;augmenter l&#039;angle de vision.<\/p>","protected":false},"featured_media":73871,"template":"","meta":[],"product_brand":[],"product_cat":[2899],"product_tag":[8052,8050,8051],"class_list":{"0":"post-73870","1":"product","2":"type-product","3":"status-publish","4":"has-post-thumbnail","6":"product_cat-metaaldetectoren-voor-beveiliging","7":"product_tag-inspectiespiegel","8":"product_tag-telescopische","9":"product_tag-zoekspiegel","11":"first","12":"instock","13":"taxable","14":"shipping-taxable","15":"purchasable","16":"product-type-simple"},"mb":[],"mfb_rest_fields":["title"],"_links":{"self":[{"href":"https:\/\/dogpride.nl\/fr\/wp-json\/wp\/v2\/product\/73870","targetHints":{"allow":["GET"]}}],"collection":[{"href":"https:\/\/dogpride.nl\/fr\/wp-json\/wp\/v2\/product"}],"about":[{"href":"https:\/\/dogpride.nl\/fr\/wp-json\/wp\/v2\/types\/product"}],"wp:featuredmedia":[{"embeddable":true,"href":"https:\/\/dogpride.nl\/fr\/wp-json\/wp\/v2\/media\/73871"}],"wp:attachment":[{"href":"https:\/\/dogpride.nl\/fr\/wp-json\/wp\/v2\/media?parent=73870"}],"wp:term":[{"taxonomy":"product_brand","embeddable":true,"href":"https:\/\/dogpride.nl\/fr\/wp-json\/wp\/v2\/product_brand?post=73870"},{"taxonomy":"product_cat","embeddable":true,"href":"https:\/\/dogpride.nl\/fr\/wp-json\/wp\/v2\/product_cat?post=73870"},{"taxonomy":"product_tag","embeddable":true,"href":"https:\/\/dogpride.nl\/fr\/wp-json\/wp\/v2\/product_tag?post=73870"}],"curies":[{"name":"wp","href":"https:\/\/api.w.org\/{rel}","templated":true}]}}