{"id":73831,"date":"2021-09-21T10:33:24","date_gmt":"2021-09-21T08:33:24","guid":{"rendered":"https:\/\/dogpride1.wpengine.com\/?post_type=product&#038;p=73831"},"modified":"2022-10-28T19:02:02","modified_gmt":"2022-10-28T17:02:02","slug":"k9-detectie-trainingskit-voor-puppies","status":"publish","type":"product","link":"https:\/\/dogpride.nl\/fr\/k9-detectie-trainingskit-voor-puppies\/","title":{"rendered":"Kit d&#039;entra\u00eenement K9-Detection pour chiots"},"content":{"rendered":"<h4>Kit d&#039;entra\u00eenement K9-Detection pour chiots<\/h4>\n<p>Kit d&#039;entra\u00eenement K9-Detection pour chiots. Le kit d&#039;\u00e9ducation du chiot permet un conditionnement rapide du principe de d\u00e9tection.<\/p>\n<p>Le syst\u00e8me permet au chien d&#039;\u00ab imprimer \u00bb des odeurs rapidement et sans restriction.<\/p>\n<p>Le syst\u00e8me comprend 1 support de d\u00e9tection + 1 plaque de poids lourds pour que le chiot ne retourne pas le kit.<\/p>\n<p>Le chiot ne peut pas entrer en contact avec le mat\u00e9riel qui se trouve dans un certain compartiment.<\/p>\n<p>Pour une exp\u00e9rience d&#039;apprentissage efficace, il est recommand\u00e9 d&#039;utiliser au moins 3 \u00e0 4 kits.<\/p>\n<p><strong><span class=\"goog-text-highlight\">Vendus s\u00e9par\u00e9ment!!<\/span><\/strong><\/p>","protected":false},"excerpt":{"rendered":"<p>Kit d&#039;entra\u00eenement \u00e0 la d\u00e9tection K9 pour chiots. Le kit d&#039;\u00e9ducation du chiot permet un conditionnement rapide du principe de d\u00e9tection.<\/p>","protected":false},"featured_media":73832,"template":"","meta":[],"product_brand":[],"product_cat":[2879],"product_tag":[],"class_list":{"0":"post-73831","1":"product","2":"type-product","3":"status-publish","4":"has-post-thumbnail","6":"product_cat-detectie-trainingskit","8":"first","9":"instock","10":"taxable","11":"shipping-taxable","12":"purchasable","13":"product-type-simple"},"mb":[],"mfb_rest_fields":["title"],"_links":{"self":[{"href":"https:\/\/dogpride.nl\/fr\/wp-json\/wp\/v2\/product\/73831","targetHints":{"allow":["GET"]}}],"collection":[{"href":"https:\/\/dogpride.nl\/fr\/wp-json\/wp\/v2\/product"}],"about":[{"href":"https:\/\/dogpride.nl\/fr\/wp-json\/wp\/v2\/types\/product"}],"wp:featuredmedia":[{"embeddable":true,"href":"https:\/\/dogpride.nl\/fr\/wp-json\/wp\/v2\/media\/73832"}],"wp:attachment":[{"href":"https:\/\/dogpride.nl\/fr\/wp-json\/wp\/v2\/media?parent=73831"}],"wp:term":[{"taxonomy":"product_brand","embeddable":true,"href":"https:\/\/dogpride.nl\/fr\/wp-json\/wp\/v2\/product_brand?post=73831"},{"taxonomy":"product_cat","embeddable":true,"href":"https:\/\/dogpride.nl\/fr\/wp-json\/wp\/v2\/product_cat?post=73831"},{"taxonomy":"product_tag","embeddable":true,"href":"https:\/\/dogpride.nl\/fr\/wp-json\/wp\/v2\/product_tag?post=73831"}],"curies":[{"name":"wp","href":"https:\/\/api.w.org\/{rel}","templated":true}]}}