{"id":73647,"date":"2021-09-20T12:08:25","date_gmt":"2021-09-20T10:08:25","guid":{"rendered":"https:\/\/dogpride1.wpengine.com\/?post_type=product&#038;p=73647"},"modified":"2025-12-14T15:26:57","modified_gmt":"2025-12-14T14:26:57","slug":"morin-rookglazen-pot-met-deksel-500ml","status":"publish","type":"product","link":"https:\/\/dogpride.nl\/fr\/morin-rookglazen-pot-met-deksel-500ml\/","title":{"rendered":"MORIN Rookglazen Pot met Deksel 500ml"},"content":{"rendered":"<h4>MORIN Rookglazen Pot met Deksel 500ml<\/h4>\n<p>MORIN Rookglazen Pot met Deksel 500ml. De glazen pot is de enige geschikte verpakking die de niet-besmetting van explosieve of verdovende producten garandeert.<\/p>\n<p>A l&#039;aide d&#039;unit\u00e9s sp\u00e9cialis\u00e9es, nous avons s\u00e9lectionn\u00e9 un pot adapt\u00e9 aux sp\u00e9cialit\u00e9s de cynod\u00e9tection.<\/p>\n<p>Pot en verre 500 ml<br \/>\nCol large pour un rangement facile<br \/>\nDiam\u00e8tre 110 mm, diam\u00e8tre du col 87,5 mm<br \/>\nHauteur 83 mm sans couvercle, 88 mm avec couvercle<\/p>\n<p><span class=\"goog-text-highlight\">Couvercle sans joint en caoutchouc, mais assure l&#039;\u00e9tanch\u00e9it\u00e9 du contenu.<\/span><\/p>\n<p><a href=\"https:\/\/dogpride.nl\/fr\/k9\/detectie\/detectie-gebruiksvoorwerpen\/\"><img loading=\"lazy\" decoding=\"async\" class=\"alignnone\" title=\"MORIN Rookglazen Pot met Deksel 500ml\" src=\"https:\/\/dogpride.nl\/wp-content\/uploads\/verybig-4320-1.jpg\" alt=\"MORIN Rookglazen Pot met Deksel 500ml\" width=\"132\" height=\"132\" \/><\/a><\/p>\n<h4 data-start=\"42\" data-end=\"88\">**MORIN Rookglazen Pot met Deksel 500 ml<\/h4>\n<p data-start=\"89\" data-end=\"143\">Professionele, lichtwerende opslag voor geurtraining**<\/p>\n<p data-start=\"145\" data-end=\"605\">Le <strong data-start=\"148\" data-end=\"192\">MORIN Rookglazen Pot met Deksel 500ml<\/strong> is een hoogwaardige en professioneel ontworpen opslagoplossing voor <strong data-start=\"261\" data-end=\"401\">K9-geurdetectietraining, speurwerk, forensische toepassingen en andere disciplines waarbij geurzuiverheid en stabiliteit essentieel zijn<\/strong>. Deze rookglazen pot combineert de voordelen van glas \u2013 volledige geurneutraliteit \u2013 met extra <strong data-start=\"497\" data-end=\"524\">bescherming tegen licht<\/strong>, wat hem bijzonder geschikt maakt voor gevoelige geurdragers en trainingsgeuren.<\/p>\n<p data-start=\"607\" data-end=\"879\">Binnen professionele geurtraining kan blootstelling aan licht, met name UV-licht, bijdragen aan degradatie van geurcomponenten. De rookglazen uitvoering van deze MORIN pot vermindert dit risico aanzienlijk en helpt om geurmaterialen langer stabiel en consistent te houden.<\/p>\n<h4 data-start=\"881\" data-end=\"936\"><strong data-start=\"884\" data-end=\"936\">Rookglas: extra bescherming tegen lichtinvloeden<\/strong><\/h4>\n<p data-start=\"938\" data-end=\"1236\">In tegenstelling tot transparant glas biedt rookglas een belangrijke extra functie: het <strong data-start=\"1026\" data-end=\"1043\">filtert licht<\/strong>, waardoor geurdragers en trainingsmaterialen beter beschermd zijn tegen fotodegradatie. Dit is vooral relevant bij geurstoffen die langdurig worden opgeslagen of regelmatig worden hergebruikt.<\/p>\n<p data-start=\"1238\" data-end=\"1261\">Voordelen van rookglas:<\/p>\n<ul>\n<li data-start=\"1265\" data-end=\"1306\">Vermindert blootstelling aan (UV-)licht<\/li>\n<li data-start=\"1309\" data-end=\"1332\">Vertraagt geurafbraak<\/li>\n<li data-start=\"1335\" data-end=\"1372\">Beschermt vluchtige geurcomponenten<\/li>\n<li data-start=\"1375\" data-end=\"1408\">Geschikt voor langdurige opslag<\/li>\n<li data-start=\"1411\" data-end=\"1448\">Ondersteunt constante geurkwaliteit<\/li>\n<\/ul>\n<p data-start=\"1450\" data-end=\"1573\">Hierdoor is deze rookglazen pot ideaal voor trainers die maximale controle willen over de kwaliteit van hun geurmaterialen.<\/p>\n<h4 data-start=\"1575\" data-end=\"1627\"><strong data-start=\"1578\" data-end=\"1627\">Glas als gouden standaard voor geurzuiverheid<\/strong><\/h4>\n<p data-start=\"1629\" data-end=\"1913\">Net als andere professionele MORIN-oplossingen is deze pot vervaardigd uit <strong data-start=\"1704\" data-end=\"1724\">hoogwaardig glas<\/strong>. Glas is binnen K9-geurdetectie de voorkeurskeuze voor opslag, omdat het <strong data-start=\"1798\" data-end=\"1854\">geen geuren absorbeert en zelf ook geen geur afgeeft<\/strong>. Hierdoor blijft de inhoud volledig zuiver en onveranderd.<\/p>\n<p data-start=\"1915\" data-end=\"1946\">Belangrijke voordelen van glas:<\/p>\n<ul>\n<li data-start=\"1950\" data-end=\"1974\">Volledig geur-neutraal<\/li>\n<li data-start=\"1977\" data-end=\"2020\">Geen chemische interactie met geurstoffen<\/li>\n<li data-start=\"2023\" data-end=\"2068\">Geschikt voor herhaald en langdurig gebruik<\/li>\n<li data-start=\"2071\" data-end=\"2102\">Eenvoudig grondig te reinigen<\/li>\n<li data-start=\"2105\" data-end=\"2138\">Ondersteunt objectieve training<\/li>\n<\/ul>\n<p data-start=\"2140\" data-end=\"2236\">In combinatie met rookglas ontstaat zo een optimale balans tussen geurzuiverheid en bescherming.<\/p>\n<h4 data-start=\"2238\" data-end=\"2282\"><strong data-start=\"2241\" data-end=\"2282\">Stevig deksel voor veilige afsluiting<\/strong><\/h4>\n<p data-start=\"2284\" data-end=\"2544\">Le <strong data-start=\"148\" data-end=\"192\">MORIN Rookglazen Pot met Deksel 500ml<\/strong> is voorzien van een <strong data-start=\"2328\" data-end=\"2354\">goed afsluitend deksel<\/strong> dat zorgt voor gecontroleerde opslag van geurmaterialen. Het deksel voorkomt ongewenste geurverspreiding en beschermt de inhoud tegen externe invloeden zoals stof, vocht en omgevingsgeuren.<\/p>\n<p data-start=\"2546\" data-end=\"2571\">Voordelen van het deksel:<\/p>\n<ul>\n<li data-start=\"2575\" data-end=\"2599\">Betrouwbare afsluiting<\/li>\n<li data-start=\"2602\" data-end=\"2630\">Behoud van geurintensiteit<\/li>\n<li data-start=\"2633\" data-end=\"2665\">Bescherming tegen contaminatie<\/li>\n<li data-start=\"2668\" data-end=\"2704\">Veilig tijdens opslag en transport<\/li>\n<li data-start=\"2707\" data-end=\"2736\">Eenvoudig openen en sluiten<\/li>\n<\/ul>\n<p data-start=\"2738\" data-end=\"2815\">Dit maakt de pot geschikt voor zowel dagelijks gebruik als langdurige opslag.<\/p>\n<p data-start=\"2738\" data-end=\"2815\"><a href=\"https:\/\/dogpride.nl\/fr\/k9\/detectie\/detectie-gebruiksvoorwerpen\/\"><img loading=\"lazy\" decoding=\"async\" class=\"alignnone\" title=\"MORIN Rookglazen Pot met Deksel 500ml\" src=\"https:\/\/dogpride.nl\/wp-content\/uploads\/verybig-4320-1.jpg\" alt=\"MORIN Rookglazen Pot met Deksel 500ml\" width=\"132\" height=\"132\" \/><\/a><\/p>\n<h4 data-start=\"2817\" data-end=\"2876\"><strong data-start=\"2820\" data-end=\"2876\">Compact formaat van 500 ml \u2013 praktisch en veelzijdig<\/strong><\/h4>\n<p data-start=\"2878\" data-end=\"3172\">Met een inhoud van <strong data-start=\"2897\" data-end=\"2907\">500 ml<\/strong> is deze rookglazen pot compact en uiterst praktisch. Het formaat is ideaal voor kleinere geurdragers, referentiemonsters, blanco\u2019s en gecontroleerde trainingsopstellingen. De pot neemt weinig ruimte in, maar biedt voldoende volume voor effectieve geurontwikkeling.<\/p>\n<p data-start=\"3174\" data-end=\"3219\">Typische toepassingen van het 500 ml formaat:<\/p>\n<ul>\n<li data-start=\"3223\" data-end=\"3252\">Imprinting en basisdetectie<\/li>\n<li data-start=\"3255\" data-end=\"3284\">Opslag van referentiegeuren<\/li>\n<li data-start=\"3287\" data-end=\"3317\">Blanco\u2019s en distractorgeuren<\/li>\n<li data-start=\"3320\" data-end=\"3348\">Voorbereiding van geursets<\/li>\n<li data-start=\"3351\" data-end=\"3390\">Training met meerdere geuren tegelijk<\/li>\n<\/ul>\n<p data-start=\"3392\" data-end=\"3480\">Het compacte formaat maakt de pot ook zeer geschikt voor transport in koffers en tassen.<\/p>\n<h4 data-start=\"3482\" data-end=\"3539\"><strong data-start=\"3485\" data-end=\"3539\">Ondersteunt objectieve en reproduceerbare training<\/strong><\/h4>\n<p data-start=\"3541\" data-end=\"3784\">Consistente geurkwaliteit is een fundamentele voorwaarde voor betrouwbare detectietraining. Door gebruik te maken van rookglazen potten met deksel worden variabelen zoals lichtinvloed en contaminatie geminimaliseerd. Dit draagt direct bij aan:<\/p>\n<ul>\n<li data-start=\"3788\" data-end=\"3814\">Betrouwbare hondreacties<\/li>\n<li data-start=\"3817\" data-end=\"3844\">Minder foutieve meldingen<\/li>\n<li data-start=\"3847\" data-end=\"3877\">Constante trainingscondities<\/li>\n<li data-start=\"3880\" data-end=\"3920\">Eerlijke evaluaties en certificeringen<\/li>\n<li data-start=\"3923\" data-end=\"3959\">Professionele trainingsstandaarden<\/li>\n<\/ul>\n<p data-start=\"3961\" data-end=\"4043\">Voor opleidingscentra en operationele teams is dit niveau van controle essentieel.<\/p>\n<h4 data-start=\"4045\" data-end=\"4092\"><strong data-start=\"4048\" data-end=\"4092\">Geschikt voor opslag en veilig transport<\/strong><\/h4>\n<p data-start=\"4094\" data-end=\"4345\">Le <strong data-start=\"148\" data-end=\"192\">MORIN Rookglazen Pot met Deksel 500ml<\/strong> is geschikt voor zowel <strong data-start=\"4141\" data-end=\"4165\">opslag als transport<\/strong>, mits gecombineerd met een beschermende koffer of transportbox. Door het compacte formaat en de stevige constructie is de pot eenvoudig mee te nemen naar andere trainingslocaties.<\/p>\n<p data-start=\"4347\" data-end=\"4371\">Veelgebruikte situaties:<\/p>\n<ul>\n<li data-start=\"4375\" data-end=\"4405\">Opslag tussen trainingsdagen<\/li>\n<li data-start=\"4408\" data-end=\"4449\">Transport naar opleidingen en workshops<\/li>\n<li data-start=\"4452\" data-end=\"4496\">Gebruik tijdens examens en certificeringen<\/li>\n<li data-start=\"4499\" data-end=\"4534\">Operationele training en veldwerk<\/li>\n<li data-start=\"4537\" data-end=\"4574\">Beheer van meerdere geurcategorie\u00ebn<\/li>\n<\/ul>\n<p data-start=\"4576\" data-end=\"4674\">De rookglazen uitvoering biedt daarbij extra zekerheid tegen lichtblootstelling tijdens transport.<\/p>\n<h4 data-start=\"4676\" data-end=\"4726\"><strong data-start=\"4679\" data-end=\"4726\">Breed inzetbaar binnen meerdere disciplines<\/strong><\/h4>\n<p data-start=\"4728\" data-end=\"4895\">Hoewel deze <strong data-start=\"148\" data-end=\"192\">MORIN Rookglazen Pot met Deksel 500ml<\/strong> veel wordt gebruikt binnen K9-geurdetectie, is hij ook geschikt voor andere professionele toepassingen waarbij gecontroleerde opslag vereist is, zoals:<\/p>\n<ul>\n<li data-start=\"4899\" data-end=\"4929\">Explosieven- en HME-training<\/li>\n<li data-start=\"4932\" data-end=\"4951\">Narcoticadetectie<\/li>\n<li data-start=\"4954\" data-end=\"4981\">Wapen- en munitietraining<\/li>\n<li data-start=\"4984\" data-end=\"5010\">Forensische geurtraining<\/li>\n<li data-start=\"5013\" data-end=\"5047\">Biologische en medische detectie<\/li>\n<li data-start=\"5050\" data-end=\"5076\">Speurwerk en mantrailing<\/li>\n<\/ul>\n<p data-start=\"5078\" data-end=\"5191\">Dankzij de universele eigenschappen van glas en de lichtwerende werking van rookglas is deze pot breed inzetbaar.<\/p>\n<h4 data-start=\"5193\" data-end=\"5245\"><strong data-start=\"5196\" data-end=\"5245\">Duurzaam, hygi\u00ebnisch en onderhoudsvriendelijk<\/strong><\/h4>\n<p data-start=\"5247\" data-end=\"5491\">De MORIN rookglazen pot is eenvoudig te reinigen en behoudt zijn eigenschappen, zelfs bij intensief gebruik. Glas laat zich grondig schoonmaken zonder dat restgeuren achterblijven, wat de pot geschikt maakt voor langdurig professioneel gebruik.<\/p>\n<h4 data-start=\"5493\" data-end=\"5563\"><strong data-start=\"5496\" data-end=\"5563\">Waarom kiezen voor de MORIN Rookglazen Pot met Deksel 500ml?<\/strong><\/h4>\n<ul>\n<li data-start=\"5567\" data-end=\"5609\">Rookglas vermindert licht- en UV-invloed<\/li>\n<li data-start=\"5612\" data-end=\"5641\">Volledig geur-neutraal glas<\/li>\n<li data-start=\"5644\" data-end=\"5681\">Compact en praktisch 500 ml formaat<\/li>\n<li data-start=\"5684\" data-end=\"5728\">Betrouwbaar deksel voor veilige afsluiting<\/li>\n<li data-start=\"5731\" data-end=\"5779\">Ondersteunt consistente en objectieve training<\/li>\n<li data-start=\"5782\" data-end=\"5817\">Geschikt voor opslag en transport<\/li>\n<li data-start=\"5820\" data-end=\"5858\">Duurzaam en professioneel uitgevoerd<\/li>\n<\/ul>\n<p data-start=\"5860\" data-end=\"6188\">Le <strong data-start=\"5863\" data-end=\"5907\">MORIN Rookglazen Pot met Deksel 500ml<\/strong> is een onmisbaar hulpmiddel voor professionals die maximale controle willen over geurkwaliteit en trainingsbetrouwbaarheid. Door geurmaterialen veilig, lichtbeschermd en zuiver op te slaan, vormt deze pot een solide basis voor hoogwaardige en reproduceerbare geurdetectietraining.<\/p>\n<p data-start=\"5860\" data-end=\"6188\">\n<p data-start=\"4888\" data-end=\"5115\"><img loading=\"lazy\" decoding=\"async\" class=\"alignnone wp-image-148219 size-full\" title=\"MORIN Carrousel - 6 verstelbare armen\" src=\"https:\/\/dogpride.nl\/wp-content\/uploads\/logo-morin-2.png\" alt=\"MORIN Carrousel - 6 verstelbare armen\" width=\"190\" height=\"80\" srcset=\"https:\/\/dogpride.nl\/wp-content\/uploads\/logo-morin-2.png 190w, https:\/\/dogpride.nl\/wp-content\/uploads\/logo-morin-2-18x8.png 18w\" sizes=\"auto, (max-width: 190px) 100vw, 190px\" \/><\/p>\n<p data-start=\"4888\" data-end=\"5115\">\n<p data-start=\"4888\" data-end=\"5115\"><span style=\"color: #ffffff;\"><a style=\"color: #ffffff;\" href=\"https:\/\/www.morinfrance.com\/categorie\/chiens\" target=\"_blank\" rel=\"noopener\">Dog supplies, dog equipment, puppy accessories: Morin France<\/a><\/span><\/p>","protected":false},"excerpt":{"rendered":"<p>Le <strong data-start=\"148\" data-end=\"192\">MORIN Rookglazen Pot met Deksel 500ml<\/strong> is een hoogwaardige en professioneel ontworpen opslagoplossing voor <strong data-start=\"261\" data-end=\"401\">K9-geurdetectietraining, speurwerk, forensische toepassingen en andere disciplines waarbij geurzuiverheid en stabiliteit essentieel zijn<\/strong>.<\/p>","protected":false},"featured_media":73648,"template":"","meta":[],"product_brand":[],"product_cat":[2835],"product_tag":[19114,19116,19102,19120,19119,19111,19112,19113,19118,19109,19121,19115,19110,19117,19122],"class_list":{"0":"post-73647","1":"product","2":"type-product","3":"status-publish","4":"has-post-thumbnail","6":"product_cat-detectie-gebruiksvoorwerpen","7":"product_tag-anti-uv-geurpot-glas","8":"product_tag-detectiehond-geur-pot-500-ml","9":"product_tag-explosievendetectie-geurpot","10":"product_tag-forensische-geurtraining-pot","11":"product_tag-geurdragers-rookglas-opslaan","12":"product_tag-glazen-pot-rookglas-detectiehond","13":"product_tag-k9-geurtraining-rookglas","14":"product_tag-lichtwerende-geurpot","15":"product_tag-morin-geurpot","16":"product_tag-morin-rookglazen-pot-500ml","17":"product_tag-narcoticadetectie-opslag-rookglas","18":"product_tag-professionele-geurtraining-opslag","19":"product_tag-rookglas-geurtraining-pot","20":"product_tag-rookglazen-pot-met-deksel","21":"product_tag-speurhond-geurpot-professioneel","22":"product_shipping_class-vast-tarief-eu-overig","24":"first","25":"instock","26":"taxable","27":"shipping-taxable","28":"purchasable","29":"product-type-simple"},"mb":[],"mfb_rest_fields":["title"],"_links":{"self":[{"href":"https:\/\/dogpride.nl\/fr\/wp-json\/wp\/v2\/product\/73647","targetHints":{"allow":["GET"]}}],"collection":[{"href":"https:\/\/dogpride.nl\/fr\/wp-json\/wp\/v2\/product"}],"about":[{"href":"https:\/\/dogpride.nl\/fr\/wp-json\/wp\/v2\/types\/product"}],"wp:featuredmedia":[{"embeddable":true,"href":"https:\/\/dogpride.nl\/fr\/wp-json\/wp\/v2\/media\/73648"}],"wp:attachment":[{"href":"https:\/\/dogpride.nl\/fr\/wp-json\/wp\/v2\/media?parent=73647"}],"wp:term":[{"taxonomy":"product_brand","embeddable":true,"href":"https:\/\/dogpride.nl\/fr\/wp-json\/wp\/v2\/product_brand?post=73647"},{"taxonomy":"product_cat","embeddable":true,"href":"https:\/\/dogpride.nl\/fr\/wp-json\/wp\/v2\/product_cat?post=73647"},{"taxonomy":"product_tag","embeddable":true,"href":"https:\/\/dogpride.nl\/fr\/wp-json\/wp\/v2\/product_tag?post=73647"}],"curies":[{"name":"wp","href":"https:\/\/api.w.org\/{rel}","templated":true}]}}