{"id":73585,"date":"2021-09-17T15:51:30","date_gmt":"2021-09-17T13:51:30","guid":{"rendered":"https:\/\/dogpride1.wpengine.com\/?post_type=product&#038;p=73585"},"modified":"2025-12-02T18:03:13","modified_gmt":"2025-12-02T17:03:13","slug":"sigma-pseudo-corpse-scent-formulation-ii","status":"publish","type":"product","link":"https:\/\/dogpride.nl\/fr\/sigma-pseudo-corpse-scent-formulation-ii\/","title":{"rendered":"SIGMA Pseudo Corpse Scent Formulation II"},"content":{"rendered":"<h4 class=\"txt-title-fichier\">SIGMA Pseudo Corpse Scent Formulation II<\/h4>\n<p><span class=\"\">SIGMA Pseudo Corpse Scent Formulation II <strong>Na verrotting<\/strong>.<\/span><\/p>\n<p><span class=\"\">Ce produit est destin\u00e9 \u00e0 \u00eatre utilis\u00e9 dans la formation \u00e0 l&#039;examen de cadavres.<\/span><\/p>\n<p>Il permet de s&#039;entra\u00eener \u00e0 la d\u00e9tection apr\u00e8s purification. Conditionn\u00e9 dans quatre bouteilles en verre.<\/p>\n<p>Produits destin\u00e9s aux \u00e9quipes cynotechniques sp\u00e9cialis\u00e9es dans la recherche sur cadavres.<\/p>\n<p>Vente r\u00e9glement\u00e9e, export nous consulter.<br \/>\nVeuillez faire attention \u00e0 l&#039;int\u00e9grit\u00e9 du produit, les \u00e9changes ou les retours ne sont pas accept\u00e9s.<\/p>\n<p><span class=\"goog-text-highlight\">Conserver \u00e0 temp\u00e9rature ambiante dans un endroit frais et a\u00e9r\u00e9 non soumis \u00e0 des changements de temp\u00e9rature excessifs.<\/span><\/p>\n<p><strong>Emballage:\u00a0<\/strong>20ml<br \/>\n<a href=\"https:\/\/dogpride.nl\/fr\/k9\/detectie\/detectie-geurstoffen\/sigma-geurstoffen\/\"><img loading=\"lazy\" decoding=\"async\" class=\"alignnone\" title=\"SIGMA Pseudo Corpse Scent Formulation II\" src=\"https:\/\/dogpride.nl\/wp-content\/uploads\/verybig-3684-1.jpg\" alt=\"SIGMA Pseudo Corpse Scent Formulation II\" width=\"140\" height=\"140\" \/><\/a><\/p>\n<h4 data-start=\"265\" data-end=\"327\">**SIGMA Pseudo Corpse Scent Formulation II Na Verrotting<\/h4>\n<p data-start=\"328\" data-end=\"414\">Geavanceerde geurbron voor detectiehonden die gevorderde ontbinding moeten herkennen**<\/p>\n<p data-start=\"416\" data-end=\"941\"><strong data-start=\"416\" data-end=\"476\">SIGMA Pseudo Corpse Scent Formulation II Na Verrotting<\/strong> is een zeer gespecialiseerde, synthetische geurformule die is ontworpen voor het trainen van Human Remains Detection (HRD)-honden in het herkennen van geurprofielen die horen bij gevorderde ontbindingsstadia. Deze formulering wordt ingezet wanneer honden de basisgeuren van ontbinding al beheersen en verder moeten worden opgeleid voor realistische, forensisch relevante scenario\u2019s waarin menselijke resten zich in een vergevorderd stadium van verrotting bevinden.<\/p>\n<p data-start=\"943\" data-end=\"1397\">De geurcomponenten in Formulation II Na Verrotting zijn gebaseerd op diepgaand forensisch onderzoek en wetenschappelijke data over het geurgedrag van menselijke decompositie, inclusief geuren die ontstaan wanneer zachte weefsels verder afbreken en ontbindingsvloeistoffen interageren met de omgeving. Dankzij de synthetische productie bevat deze formulering <strong data-start=\"1301\" data-end=\"1330\">geen biologisch materiaal<\/strong>, waardoor training volledig veilig, legaal en hygi\u00ebnisch verloopt.<\/p>\n<hr data-start=\"1399\" data-end=\"1402\" \/>\n<h4 data-start=\"1404\" data-end=\"1489\"><strong data-start=\"1407\" data-end=\"1489\">Waarom Formulation II Na Verrotting essentieel is voor gevorderde HRD-training<\/strong><\/h4>\n<p data-start=\"1491\" data-end=\"1988\">Zodra menselijke resten een verder gevorderd stadium van ontbinding bereiken, wordt het geurprofiel aanzienlijk complexer. De concentraties van vluchtige organische stoffen (VOCs) nemen toe, geuren veranderen continu, en de verspreiding wordt be\u00efnvloed door factoren als bodemgesteldheid, temperatuur, vocht en gesloten ruimtes.<br data-start=\"1819\" data-end=\"1822\" \/>SIGMA Pseudo Corpse Scent Formulation II Na Verrotting maakt het mogelijk om deze complexe omstandigheden <strong data-start=\"1930\" data-end=\"1973\">nauwkeurig, gecontroleerd en consistent<\/strong> na te bootsen.<\/p>\n<p data-start=\"1990\" data-end=\"2052\">De formulering bevat geurmarkers die representatief zijn voor:<\/p>\n<ul>\n<li data-start=\"2056\" data-end=\"2086\">vergevorderde weefselafbraak<\/li>\n<li data-start=\"2089\" data-end=\"2125\">intensieve ontbindingsvloeistoffen<\/li>\n<li data-start=\"2128\" data-end=\"2178\">gasgeuren die ontstaan tijdens late decompositie<\/li>\n<li data-start=\"2181\" data-end=\"2239\">geurinteracties met grond, puin en organische omgevingen<\/li>\n<li data-start=\"2242\" data-end=\"2306\">VOC-profielen die typisch zijn voor \u201cna verrotting\u201d-scenario\u2019s<\/li>\n<\/ul>\n<p data-start=\"2308\" data-end=\"2458\">Deze geurcomplexiteit helpt honden trainen voor realistische HRD-operaties, waarbij subtiele sporen in uiteenlopende omgevingen moeten worden herkend.<\/p>\n<hr data-start=\"2460\" data-end=\"2463\" \/>\n<h4 data-start=\"2465\" data-end=\"2522\"><strong data-start=\"2468\" data-end=\"2522\">Volledig synthetisch, veilig en zonder regelgeving<\/strong><\/h4>\n<p data-start=\"2524\" data-end=\"2590\">Net als andere SIGMA-producten bevat Formulation II Na Verrotting:<\/p>\n<ul>\n<li data-start=\"2594\" data-end=\"2628\"><strong data-start=\"2594\" data-end=\"2626\">geen echte menselijke resten<\/strong><\/li>\n<li data-start=\"2631\" data-end=\"2675\"><strong data-start=\"2631\" data-end=\"2673\">geen pathogenen of organisch materiaal<\/strong><\/li>\n<li data-start=\"2678\" data-end=\"2709\"><strong data-start=\"2678\" data-end=\"2707\">geen hygi\u00ebnische risico\u2019s<\/strong><\/li>\n<li data-start=\"2712\" data-end=\"2769\"><strong data-start=\"2712\" data-end=\"2767\">geen juridische beperkingen of opslagverplichtingen<\/strong><\/li>\n<\/ul>\n<p data-start=\"2771\" data-end=\"2828\">Trainers kunnen hiermee oefenen in vrijwel elke omgeving:<\/p>\n<ul>\n<li data-start=\"2832\" data-end=\"2849\">trainingscentra<\/li>\n<li data-start=\"2852\" data-end=\"2870\">bossen en velden<\/li>\n<li data-start=\"2873\" data-end=\"2887\">puinlocaties<\/li>\n<li data-start=\"2890\" data-end=\"2911\">gebouwen en kelders<\/li>\n<li data-start=\"2914\" data-end=\"2926\">voertuigen<\/li>\n<li data-start=\"2929\" data-end=\"2982\">donkere, afgesloten of slecht geventileerde ruimtes<\/li>\n<\/ul>\n<p data-start=\"2984\" data-end=\"3103\">Doordat de geurcapsules geurdicht, waterbestendig en robuust zijn, blijven ze langdurig effectief en veilig in gebruik.<\/p>\n<p data-start=\"2984\" data-end=\"3103\"><a href=\"https:\/\/dogpride.nl\/fr\/k9\/detectie\/detectie-geurstoffen\/sigma-geurstoffen\/\"><img loading=\"lazy\" decoding=\"async\" class=\"alignnone\" title=\"SIGMA Pseudo Corpse Scent Formulation II\" src=\"https:\/\/dogpride.nl\/wp-content\/uploads\/verybig-3684-1.jpg\" alt=\"SIGMA Pseudo Corpse Scent Formulation II\" width=\"140\" height=\"140\" \/><\/a><\/p>\n<h4 data-start=\"3110\" data-end=\"3193\"><strong data-start=\"3113\" data-end=\"3193\">Perfect voor professionele teams die opereren onder moeilijke omstandigheden<\/strong><\/h4>\n<p data-start=\"3195\" data-end=\"3272\">SIGMA Pseudo Corpse Scent Formulation II Na Verrotting wordt gebruikt door:<\/p>\n<h4 data-start=\"3274\" data-end=\"3314\"><strong data-start=\"3278\" data-end=\"3312\">Politie &amp; Forensische diensten<\/strong><\/h4>\n<p data-start=\"3315\" data-end=\"3450\">Voor gevorderde casussen zoals lang vermiste personen, koude zaken, en locaties waar menselijke resten langdurig aanwezig zijn geweest.<\/p>\n<h4 data-start=\"3452\" data-end=\"3483\"><strong data-start=\"3456\" data-end=\"3481\">SAR- en USAR-eenheden<\/strong><\/h4>\n<p data-start=\"3484\" data-end=\"3556\">Voor training in complex terrein, ingestorte gebouwen en rampenlocaties.<\/p>\n<h4 data-start=\"3558\" data-end=\"3591\"><strong data-start=\"3562\" data-end=\"3589\">Rampenbestrijdingsteams<\/strong><\/h4>\n<p data-start=\"3592\" data-end=\"3671\">Bij grootschalige incidenten waarbij slachtoffers langere tijd onvindbaar zijn.<\/p>\n<h4 data-start=\"3673\" data-end=\"3712\"><strong data-start=\"3677\" data-end=\"3710\">Bergings- en HRD-specialisten<\/strong><\/h4>\n<p data-start=\"3713\" data-end=\"3788\">Voor honden die routinematig werken met sporen van gevorderde decompositie.<\/p>\n<p data-start=\"3790\" data-end=\"3962\">SIGMA Pseudo Corpse Scent Formulation II Na Verrotting is ontworpen om deze teams te ondersteunen met geurprofielen die zeer dicht bij de werkelijkheid staan \u2014 zonder de risico\u2019s van echt materiaal.<\/p>\n<hr data-start=\"3964\" data-end=\"3967\" \/>\n<h4 data-start=\"3969\" data-end=\"4034\"><strong data-start=\"3972\" data-end=\"4034\">Geschikt voor realistische en complexe trainingsscenario\u2019s<\/strong><\/h4>\n<p data-start=\"4036\" data-end=\"4116\">De capsules kunnen gemakkelijk worden ingezet in uiteenlopende situaties, zoals:<\/p>\n<ul>\n<li data-start=\"4120\" data-end=\"4165\">verstoppen in grond, bladeren, zand of puin<\/li>\n<li data-start=\"4168\" data-end=\"4223\">plaatsen in afgesloten ruimtes waar geur zich ophoopt<\/li>\n<li data-start=\"4226\" data-end=\"4273\">opnemen in scenario\u2019s met minimale ventilatie<\/li>\n<li data-start=\"4276\" data-end=\"4338\">combineren met terreintraining, vochtige omgevingen of hitte<\/li>\n<li data-start=\"4341\" data-end=\"4405\">inzetten voor lange-afstand detectie onder lastigere condities<\/li>\n<\/ul>\n<p data-start=\"4407\" data-end=\"4541\">Trainers kunnen de moeilijkheidsgraad stapsgewijs verhogen door te vari\u00ebren in wind, temperatuur, ventilatie, hoogte en verstopdiepte.<\/p>\n<hr data-start=\"4543\" data-end=\"4546\" \/>\n<h4 data-start=\"4548\" data-end=\"4631\"><strong data-start=\"4551\" data-end=\"4631\">Waarom kiezen voor SIGMA Pseudo Corpse Scent Formulation II Na Verrotting?<\/strong><\/h4>\n<ul>\n<li data-start=\"4635\" data-end=\"4685\">speciaal ontwikkeld voor gevorderde HRD-training<\/li>\n<li data-start=\"4688\" data-end=\"4746\">natuurgetrouw geurprofiel gebaseerd op \u201cpost-verrotting\u201d<\/li>\n<li data-start=\"4749\" data-end=\"4781\">volledig veilig en synthetisch<\/li>\n<li data-start=\"4784\" data-end=\"4824\">geen ethische of hygi\u00ebnische problemen<\/li>\n<li data-start=\"4827\" data-end=\"4858\">langdurig stabiel geurprofiel<\/li>\n<li data-start=\"4861\" data-end=\"4905\">perfecte aanvulling op Formulation I en II<\/li>\n<li data-start=\"4908\" data-end=\"4953\">internationaal erkend door HRD-specialisten<\/li>\n<\/ul>\n<p data-start=\"4955\" data-end=\"5085\">Met deze formulering kunnen honden leren omgaan met complexe, realistische situaties die zij in echte operaties zullen tegenkomen.<\/p>\n<p data-start=\"4955\" data-end=\"5085\">\n<p data-start=\"4955\" data-end=\"5085\"><img loading=\"lazy\" decoding=\"async\" class=\"alignnone wp-image-147094 size-medium\" title=\"SIGMA Pseudo Corpse Scent Formulation II Na Verrotting\" src=\"https:\/\/dogpride.nl\/wp-content\/uploads\/MERCK_MSIG_RGreen_RGB.jpg-650-300x150.webp\" alt=\"SIGMA Pseudo Corpse Scent Formulation II Na Verrotting\" width=\"300\" height=\"150\" srcset=\"https:\/\/dogpride.nl\/wp-content\/uploads\/MERCK_MSIG_RGreen_RGB.jpg-650-300x150.webp 300w, https:\/\/dogpride.nl\/wp-content\/uploads\/MERCK_MSIG_RGreen_RGB.jpg-650-18x9.webp 18w, https:\/\/dogpride.nl\/wp-content\/uploads\/MERCK_MSIG_RGreen_RGB.jpg-650-250x125.webp 250w, https:\/\/dogpride.nl\/wp-content\/uploads\/MERCK_MSIG_RGreen_RGB.jpg-650-400x199.webp 400w, https:\/\/dogpride.nl\/wp-content\/uploads\/MERCK_MSIG_RGreen_RGB.jpg-650.webp 650w\" sizes=\"auto, (max-width: 300px) 100vw, 300px\" \/><\/p>\n<p>&nbsp;<\/p>\n<p><span style=\"color: #ffffff;\"><a style=\"color: #ffffff;\" href=\"https:\/\/www.sigmaaldrich.com\/NL\/en\/search\/p3929?focus=products&amp;page=1&amp;perpage=30&amp;sort=relevance&amp;term=P3929&amp;type=product\" target=\"_blank\" rel=\"noopener\">P3929 | Sigma-Aldrich<\/a><\/span><\/p>","protected":false},"excerpt":{"rendered":"<p><strong data-start=\"416\" data-end=\"476\">SIGMA Pseudo Corpse Scent Formulation II Na Verrotting<\/strong> is een zeer gespecialiseerde, synthetische geurformule die is ontworpen voor het trainen van Human Remains Detection (HRD)-honden in het herkennen van geurprofielen.<\/p>","protected":false},"featured_media":73586,"template":"","meta":[],"product_brand":[],"product_cat":[4023],"product_tag":[16488,3154,3147,3148,16494,16486,16498,16487,16374,16492,16497,3155,16496,16493,3228,16490,16495,16485,16489,16491],"class_list":{"0":"post-73585","1":"product","2":"type-product","3":"status-publish","4":"has-post-thumbnail","6":"product_cat-sigma-geurstoffen","7":"product_tag-cadaver-training-scent-late-stage","8":"product_tag-cynotechnische-eenheid","9":"product_tag-detectie-geurstof","10":"product_tag-detectiehond","11":"product_tag-forensic-hrd-scent-kit","12":"product_tag-hrd-scent-advanced","13":"product_tag-hrd-training-na-verrotting","14":"product_tag-human-remains-advanced-decomposition-scent","15":"product_tag-human-remains-odor-training","16":"product_tag-k9-cadaver-scent-advanced","17":"product_tag-late-decomposition-odor-capsule","18":"product_tag-lijkgeur-na-verotting","19":"product_tag-professional-hrd-dog-training-scent","20":"product_tag-sar-decomposition-scent","21":"product_tag-scent-detection","22":"product_tag-sigma-hrd-formulation-ii","23":"product_tag-sigma-pseudo-corpse-advanced-scent","24":"product_tag-sigma-pseudo-corpse-formulation-ii-na-verrotting","25":"product_tag-synthetic-corpse-odor","26":"product_tag-vergevorderde-ontbinding-geurbron","27":"product_shipping_class-vast-tarief-eu-overig","29":"first","30":"instock","31":"taxable","32":"shipping-taxable","33":"purchasable","34":"product-type-simple"},"mb":[],"mfb_rest_fields":["title"],"_links":{"self":[{"href":"https:\/\/dogpride.nl\/fr\/wp-json\/wp\/v2\/product\/73585","targetHints":{"allow":["GET"]}}],"collection":[{"href":"https:\/\/dogpride.nl\/fr\/wp-json\/wp\/v2\/product"}],"about":[{"href":"https:\/\/dogpride.nl\/fr\/wp-json\/wp\/v2\/types\/product"}],"wp:featuredmedia":[{"embeddable":true,"href":"https:\/\/dogpride.nl\/fr\/wp-json\/wp\/v2\/media\/73586"}],"wp:attachment":[{"href":"https:\/\/dogpride.nl\/fr\/wp-json\/wp\/v2\/media?parent=73585"}],"wp:term":[{"taxonomy":"product_brand","embeddable":true,"href":"https:\/\/dogpride.nl\/fr\/wp-json\/wp\/v2\/product_brand?post=73585"},{"taxonomy":"product_cat","embeddable":true,"href":"https:\/\/dogpride.nl\/fr\/wp-json\/wp\/v2\/product_cat?post=73585"},{"taxonomy":"product_tag","embeddable":true,"href":"https:\/\/dogpride.nl\/fr\/wp-json\/wp\/v2\/product_tag?post=73585"}],"curies":[{"name":"wp","href":"https:\/\/api.w.org\/{rel}","templated":true}]}}