{"id":73500,"date":"2021-09-17T10:15:26","date_gmt":"2021-09-17T08:15:26","guid":{"rendered":"https:\/\/dogpride1.wpengine.com\/?post_type=product&#038;p=73500"},"modified":"2025-11-26T17:04:11","modified_gmt":"2025-11-26T16:04:11","slug":"scentlogix-semtex-training-aid","status":"publish","type":"product","link":"https:\/\/dogpride.nl\/fr\/scentlogix-semtex-training-aid\/","title":{"rendered":"SCENTLOGIX Semtex Training Aid"},"content":{"rendered":"<h4 class=\"txt-title-fichier\">SCENTLOGIX Semtex Training Aid<\/h4>\n<p><span class=\"\">SCENTLOGIX Semtex Training Aid<\/span><\/p>\n<p><span class=\"\">Les produits ScentLogix sont des produits destin\u00e9s \u00e0 l&#039;entra\u00eenement des chiens d\u00e9tecteurs d&#039;explosifs.<\/span><br \/>\nScentLogix propose des produits fiables et s\u00fbrs, inertes et sans aucun risque dans leur utilisation.<br \/>\nAucune autorisation de d\u00e9tention, de stockage et de transport n&#039;est requise, ces produits peuvent \u00eatre utilis\u00e9s sans aucune restriction de s\u00e9curit\u00e9.<br \/>\nScent Logix est le premier fabricant mondial d&#039;aides \u00e0 la formation pour les produits TATP et HMTD.<br \/>\nLes kits ScentLogix sont utilis\u00e9s par de nombreuses agences gouvernementales \u00e0 travers le monde.<\/p>\n<p>Lorsque vous n&#039;utilisez pas le produit, il est recommand\u00e9 de le conserver au r\u00e9frig\u00e9rateur ou au cong\u00e9lateur.<br \/>\n<span class=\"goog-text-highlight\">Le produit peut \u00eatre conserv\u00e9 hors cong\u00e9lateur plusieurs jours sans \u00eatre modifi\u00e9 (phase de transport et d&#039;utilisation par expl)<\/span><\/p>\n<h4><strong>Disponible en tant que\u00a0:<\/strong><\/h4>\n<ul>\n<li>Recharge<\/li>\n<li>Trousse de parfum<\/li>\n<\/ul>\n<p><a href=\"https:\/\/dogpride.nl\/fr\/k9\/detectie\/detectie-geurstoffen\/scentlogix-geurstoffen\/?product-page=1\"><img loading=\"lazy\" decoding=\"async\" class=\"alignnone wp-image-145229 size-thumbnail\" title=\"SCENTLOGIX Semtex Training Aid\" src=\"https:\/\/dogpride.nl\/wp-content\/uploads\/Semtex_replace-300x300-1-150x150.png\" alt=\"SCENTLOGIX Semtex Training Aid\" width=\"150\" height=\"150\" srcset=\"https:\/\/dogpride.nl\/wp-content\/uploads\/Semtex_replace-300x300-1-150x150.png 150w, https:\/\/dogpride.nl\/wp-content\/uploads\/Semtex_replace-300x300-1-12x12.png 12w, https:\/\/dogpride.nl\/wp-content\/uploads\/Semtex_replace-300x300-1-250x250.png 250w, https:\/\/dogpride.nl\/wp-content\/uploads\/Semtex_replace-300x300-1-100x100.png 100w, https:\/\/dogpride.nl\/wp-content\/uploads\/Semtex_replace-300x300-1.png 300w\" sizes=\"auto, (max-width: 150px) 100vw, 150px\" \/><\/a><\/p>\n<h4 data-start=\"185\" data-end=\"281\"><strong data-start=\"187\" data-end=\"281\">SCENTLOGIX Semtex Training Aid \u2013 Professionele trainingsgeur voor hoogexplosieven-detectie<\/strong><\/h4>\n<p data-start=\"283\" data-end=\"862\">Le <strong data-start=\"286\" data-end=\"320\">SCENTLOGIX Semtex Training Aid<\/strong> is een geavanceerde, veilige en volledig non-explosieve geurreplica die speciaal is ontwikkeld voor K9-detectieteams, overheidsdiensten en beveiligingsorganisaties die werken met hoogexplosieven. Semtex, een bekende plastische explosieve stof, wordt wereldwijd gebruikt in zowel militaire toepassingen als in illegale constructies. Door zijn kracht, stabiliteit en veelvoud aan toepassingen is het van cruciaal belang dat detectiehonden worden opgeleid met een geurbron die het Semtex-geurprofiel natuurgetrouw nabootst \u2013 zonder enig risico.<\/p>\n<p data-start=\"864\" data-end=\"1224\">Met de SCENTLOGIX Semtex Training Aid wordt dat mogelijk. Dit product biedt een uiterst realistische geur die wetenschappelijk overeenkomt met de vluchtige stoffen die Semtex kenmerkend maken, maar zonder de explosieve eigenschappen. Het is daarmee een veilig, betrouwbaar en professioneel hulpmiddel voor training, certificering en operationele voorbereiding.<\/p>\n<h4 data-start=\"1226\" data-end=\"1297\"><strong data-start=\"1229\" data-end=\"1297\">Natuurgetrouwe geurreplicatie \u2013 volledig non-explosief en veilig<\/strong><\/h4>\n<p data-start=\"1299\" data-end=\"1592\">SCENTLOGIX staat wereldwijd bekend vanwege zijn <strong data-start=\"1347\" data-end=\"1389\">moleculaire geurreplicatie-technologie<\/strong>, waarbij geurcomponenten van explosieve stoffen worden nagebootst zonder dat er gebruik wordt gemaakt van gevaarlijke materialen. De Semtex Training Aid bevat g\u00e9\u00e9n echte Semtex en is 100% non-explosief.<\/p>\n<p data-start=\"1594\" data-end=\"1607\">Dit betekent:<\/p>\n<ul>\n<li data-start=\"1611\" data-end=\"1658\">Geen speciale opslag- of vervoersvergunningen<\/li>\n<li data-start=\"1661\" data-end=\"1701\">Geen explosiegevaar of chemisch risico<\/li>\n<li data-start=\"1704\" data-end=\"1731\">Geen schadelijke residuen<\/li>\n<li data-start=\"1734\" data-end=\"1790\">Volledige veiligheid voor trainers, honden en omgeving<\/li>\n<\/ul>\n<p data-start=\"1792\" data-end=\"2005\">Ondanks deze veiligheid levert SCENTLOGIX een geur die nauw aansluit bij de echte vluchtige markers van Semtex, waardoor honden kunnen worden getraind op een geurprofiel dat identiek is aan operationele realiteit.<\/p>\n<h4 data-start=\"2007\" data-end=\"2056\"><strong data-start=\"2010\" data-end=\"2056\">Onmisbaar voor professionele detectieteams<\/strong><\/h4>\n<p data-start=\"2058\" data-end=\"2329\">Semtex wordt wereldwijd gebruikt in militaire springstoffen, commerci\u00eble toepassingen en soms in illegale situaties. De herkenning van deze stof is daarom een belangrijk onderdeel van explosievendetectieprogramma\u2019s. De <strong data-start=\"2277\" data-end=\"2311\">SCENTLOGIX Semtex Training Aid<\/strong> is geschikt voor:<\/p>\n<ul>\n<li data-start=\"2333\" data-end=\"2371\">Nationale politie- en douanediensten<\/li>\n<li data-start=\"2374\" data-end=\"2411\">Explosievenopruimingsdiensten (EOD)<\/li>\n<li data-start=\"2414\" data-end=\"2450\">Defensie- en militaire K9-eenheden<\/li>\n<li data-start=\"2453\" data-end=\"2486\">Luchthaven- en grensbeveiliging<\/li>\n<li data-start=\"2489\" data-end=\"2523\">Private beveiligingsorganisaties<\/li>\n<li data-start=\"2526\" data-end=\"2579\">Professionele K9-trainings- en certificeringscentra<\/li>\n<\/ul>\n<p data-start=\"2581\" data-end=\"2787\">Of het nu gaat om het imprinten van jonge honden, het onderhouden van detectieniveaus van ervaren K9\u2019s of het uitvoeren van certificeringsoefeningen, deze training aid biedt altijd een betrouwbare geurbron.<\/p>\n<h4 data-start=\"2789\" data-end=\"2831\"><strong data-start=\"2792\" data-end=\"2831\">Consistente, langdurige geurafgifte<\/strong><\/h4>\n<p data-start=\"2833\" data-end=\"3096\">Een van de grootste voordelen van SCENTLOGIX-producten is de <strong data-start=\"2894\" data-end=\"2950\">uitzonderlijke stabiliteit en langdurige geurafgifte<\/strong>. De Semtex Training Aid is ontwikkeld om gedurende weken tot maanden dezelfde hoogwaardige geurkwaliteit te bieden \u2013 zelfs bij intensief gebruik.<\/p>\n<p data-start=\"3098\" data-end=\"3108\">Avantages :<\/p>\n<ul>\n<li data-start=\"3112\" data-end=\"3149\">Constante geursterkte en -kwaliteit<\/li>\n<li data-start=\"3152\" data-end=\"3183\">Minimale degradatie over tijd<\/li>\n<li data-start=\"3186\" data-end=\"3230\">Geschikt voor intensieve trainingsschema\u2019s<\/li>\n<li data-start=\"3233\" data-end=\"3274\">Optimaal voor binnen- \u00e9n buitentraining<\/li>\n<li data-start=\"3277\" data-end=\"3344\">Betrouwbaar bij uiteenlopende temperaturen en weersomstandigheden<\/li>\n<\/ul>\n<p data-start=\"3346\" data-end=\"3463\">Dankzij deze duurzaamheid is de Semtex Training Aid niet alleen operationeel krachtig, maar ook zeer kosteneffici\u00ebnt.<\/p>\n<h4 data-start=\"3465\" data-end=\"3508\"><strong data-start=\"3468\" data-end=\"3508\">Veelzijdig en eenvoudig te gebruiken<\/strong><\/h4>\n<p data-start=\"3510\" data-end=\"3680\">De SCENTLOGIX Semtex Training Aid is compact, gebruiksklaar en flexibel in te zetten. Dit maakt het mogelijk om uiteenlopende realistische trainingsscenario\u2019s te cre\u00ebren.<\/p>\n<p data-start=\"3682\" data-end=\"3707\">Geschikt voor gebruik in:<\/p>\n<ul>\n<li data-start=\"3711\" data-end=\"3741\">Rugzakken, koffers en bagage<\/li>\n<li data-start=\"3744\" data-end=\"3780\">Voertuigen, cabine- en laadruimtes<\/li>\n<li data-start=\"3783\" data-end=\"3821\">Opslagruimtes, magazijnen en lockers<\/li>\n<li data-start=\"3824\" data-end=\"3869\">Detectiepijpen, kisten of verborgen ruimtes<\/li>\n<li data-start=\"3872\" data-end=\"3911\">Open terrein en stedelijke omgevingen<\/li>\n<\/ul>\n<p data-start=\"3913\" data-end=\"4130\">De geur verspreidt zich op natuurlijke wijze, waardoor honden kunnen trainen in situaties die vergelijkbaar zijn met echte operationele omstandigheden, inclusief luchtstromen, obstakels en variabele omgevingsfactoren.<\/p>\n<p data-start=\"3913\" data-end=\"4130\"><img loading=\"lazy\" decoding=\"async\" class=\"alignnone wp-image-145230 size-thumbnail\" title=\"SCENTLOGIX Semtex Training Aid\" src=\"https:\/\/dogpride.nl\/wp-content\/uploads\/Semtex-doble-300x300-1-150x150.png\" alt=\"SCENTLOGIX Semtex Training Aid\" width=\"150\" height=\"150\" srcset=\"https:\/\/dogpride.nl\/wp-content\/uploads\/Semtex-doble-300x300-1-150x150.png 150w, https:\/\/dogpride.nl\/wp-content\/uploads\/Semtex-doble-300x300-1-12x12.png 12w, https:\/\/dogpride.nl\/wp-content\/uploads\/Semtex-doble-300x300-1-250x250.png 250w, https:\/\/dogpride.nl\/wp-content\/uploads\/Semtex-doble-300x300-1-100x100.png 100w, https:\/\/dogpride.nl\/wp-content\/uploads\/Semtex-doble-300x300-1.png 300w\" sizes=\"auto, (max-width: 150px) 100vw, 150px\" \/><\/p>\n<h4 data-start=\"4132\" data-end=\"4199\"><strong data-start=\"4135\" data-end=\"4199\">Getest, wetenschappelijk gevalideerd en wereldwijd vertrouwd<\/strong><\/h4>\n<p data-start=\"4201\" data-end=\"4379\">Alle SCENTLOGIX-producten worden ontwikkeld volgens strenge kwaliteitsnormen en uitvoerig getest om realisme, veiligheid en betrouwbaarheid te garanderen. De Semtex Training Aid:<\/p>\n<ul>\n<li data-start=\"4383\" data-end=\"4410\">is volledig non-explosief<\/li>\n<li data-start=\"4413\" data-end=\"4449\">bevat geen schadelijke chemicali\u00ebn<\/li>\n<li data-start=\"4452\" data-end=\"4477\">laat geen residu achter<\/li>\n<li data-start=\"4480\" data-end=\"4519\">is veilig voor mens, dier en omgeving<\/li>\n<li data-start=\"4522\" data-end=\"4569\">is gebaseerd op wetenschappelijke geurstudies<\/li>\n<\/ul>\n<p data-start=\"4571\" data-end=\"4752\">Wereldwijd vertrouwen overheidsinstanties, defensie-operators en professioneel getrainde K9-teams op SCENTLOGIX vanwege de bewezen kwaliteit en nauwkeurigheid van hun geurproducten.<\/p>\n<h4 data-start=\"4754\" data-end=\"4811\"><strong data-start=\"4757\" data-end=\"4811\">Waarom kiezen voor SCENTLOGIX Semtex Training Aid?<\/strong><\/h4>\n<ul>\n<li data-start=\"4815\" data-end=\"4868\">Wetenschappelijk nauwkeurige geurreplica van Semtex<\/li>\n<li data-start=\"4871\" data-end=\"4920\">Volledig veilig, non-explosief en non-hazardous<\/li>\n<li data-start=\"4923\" data-end=\"4963\">Geschikt voor alle K9-trainingsniveaus<\/li>\n<li data-start=\"4966\" data-end=\"5021\">Realistische geurprestatie voor operationele detectie<\/li>\n<li data-start=\"5024\" data-end=\"5063\">Consistente en langdurige geurafgifte<\/li>\n<li data-start=\"5066\" data-end=\"5119\">Veelzijdig inzetbaar in diverse trainingsscenario\u2019s<\/li>\n<li data-start=\"5122\" data-end=\"5179\">Wereldwijd erkend door politie, defensie en beveiliging<\/li>\n<\/ul>\n<p data-start=\"5181\" data-end=\"5436\">Avec le <strong data-start=\"5188\" data-end=\"5222\">SCENTLOGIX Semtex Training Aid<\/strong> haal je een professionele, betrouwbare geurbron in huis die essentieel is voor hoogwaardige explosievendetectietraining. Ideaal voor teams die streven naar maximale realisme, veiligheid en operationele paraatheid.<\/p>\n<p data-start=\"5181\" data-end=\"5436\">\n<p data-start=\"5181\" data-end=\"5436\"><a href=\"https:\/\/scentlogix.com\/s\/\" target=\"_blank\" rel=\"noopener\"><img loading=\"lazy\" decoding=\"async\" class=\"alignnone\" title=\"SCENTLOGIX Semtex Training Aid\" src=\"https:\/\/dogpride.nl\/wp-content\/uploads\/ScentLogix-logo-1.jpg\" alt=\"SCENTLOGIX Semtex Training Aid\" width=\"292\" height=\"89\" \/><\/a><\/p>","protected":false},"excerpt":{"rendered":"<p class=\"txt-title-fichier\">Le <strong data-start=\"286\" data-end=\"320\">SCENTLOGIX Semtex Training Aid<\/strong> is een geavanceerde, veilige en volledig non-explosieve geurreplica die speciaal is ontwikkeld voor K9-detectieteams, overheidsdiensten en beveiligingsorganisaties die werken met hoogexplosieven.<\/p>","protected":false},"featured_media":145229,"template":"","meta":[],"product_brand":[],"product_cat":[4011],"product_tag":[3147,3148,15133,3235,15137,15127,15139,3230,15135,15138,14974,15130,15129,15128,3240,15126,14933,15131,3228,3252,12062,15123,3249,3257,15125,15134,15136,15132,15124,3243,3229,3232],"class_list":{"0":"post-73500","1":"product","2":"type-product","3":"status-publish","4":"has-post-thumbnail","6":"product_cat-scentlogix-geurstoffen","7":"product_tag-detectie-geurstof","8":"product_tag-detectiehond","9":"product_tag-detectiehond-explosieven-semtex","10":"product_tag-detectietraining","11":"product_tag-detection-dog-semtex","12":"product_tag-explosieve-detectie-semtex","13":"product_tag-explosieven-geurtraining-plastisch-explosief","14":"product_tag-explosievendetectie","15":"product_tag-explosievenhond-opleiding-semtex","16":"product_tag-geurimitatie-semtex","17":"product_tag-geurset-explosieven-training","18":"product_tag-hoogexplosieven-detectie-hond","19":"product_tag-k9-semtex-training","20":"product_tag-non-explosieve-semtex-replica","21":"product_tag-nosework","22":"product_tag-plastische-explosieven-geurtraining","23":"product_tag-professionele-k9-training-aids","24":"product_tag-realistische-semtex-geurreplica","25":"product_tag-scent-detection","26":"product_tag-scentlogix","27":"product_tag-scentlogix-nederland","28":"product_tag-scentlogix-semtex-training-aid","29":"product_tag-semtex","30":"product_tag-semtex-ah","31":"product_tag-semtex-detectiehond-training","32":"product_tag-semtex-geurbron","33":"product_tag-semtex-training-aid-kopen","34":"product_tag-semtex-training-k9","35":"product_tag-semtex-trainingsgeur","36":"product_tag-simulatiemiddel","37":"product_tag-sniffer-dogs","38":"product_tag-trainingssimulant","39":"product_shipping_class-groot-pakket","41":"first","42":"instock","43":"taxable","44":"shipping-taxable","45":"purchasable","46":"product-type-variable"},"mb":[],"mfb_rest_fields":["title"],"_links":{"self":[{"href":"https:\/\/dogpride.nl\/fr\/wp-json\/wp\/v2\/product\/73500","targetHints":{"allow":["GET"]}}],"collection":[{"href":"https:\/\/dogpride.nl\/fr\/wp-json\/wp\/v2\/product"}],"about":[{"href":"https:\/\/dogpride.nl\/fr\/wp-json\/wp\/v2\/types\/product"}],"wp:featuredmedia":[{"embeddable":true,"href":"https:\/\/dogpride.nl\/fr\/wp-json\/wp\/v2\/media\/145229"}],"wp:attachment":[{"href":"https:\/\/dogpride.nl\/fr\/wp-json\/wp\/v2\/media?parent=73500"}],"wp:term":[{"taxonomy":"product_brand","embeddable":true,"href":"https:\/\/dogpride.nl\/fr\/wp-json\/wp\/v2\/product_brand?post=73500"},{"taxonomy":"product_cat","embeddable":true,"href":"https:\/\/dogpride.nl\/fr\/wp-json\/wp\/v2\/product_cat?post=73500"},{"taxonomy":"product_tag","embeddable":true,"href":"https:\/\/dogpride.nl\/fr\/wp-json\/wp\/v2\/product_tag?post=73500"}],"curies":[{"name":"wp","href":"https:\/\/api.w.org\/{rel}","templated":true}]}}