{"id":73490,"date":"2021-09-16T17:21:32","date_gmt":"2021-09-16T15:21:32","guid":{"rendered":"https:\/\/dogpride1.wpengine.com\/?post_type=product&#038;p=73490"},"modified":"2025-12-22T12:17:05","modified_gmt":"2025-12-22T11:17:05","slug":"precision-explosives-potassium-chlorate","status":"publish","type":"product","link":"https:\/\/dogpride.nl\/fr\/precision-explosives-potassium-chlorate\/","title":{"rendered":"PRECISION Explosives Potassium Chlorate"},"content":{"rendered":"<h4 class=\"txt-title-fichier\">PRECISION Explosives Potassium Chlorate<\/h4>\n<p><span class=\"\">PRECISION Explosives Potassium Chlorate. Deze fabrikant gebruikt het geurdrukproces om een \u200b\u200bhoog kwaliteitsniveau te garanderen.<\/span><\/p>\n<p>C&#039;est un syst\u00e8me d&#039;impr\u00e9gnation du vrai parfum du produit et non d&#039;un pseudo.<\/p>\n<p>Les produits Precision Explosives sont fabriqu\u00e9s aux \u00c9tats-Unis et fournissent des aides \u00e0 la formation pour les chiens d\u00e9tecteurs d&#039;explosifs.<br \/>\nIls permettent aux unit\u00e9s sp\u00e9cialis\u00e9es d&#039;acc\u00e9der \u00e0 de v\u00e9ritables odeurs explosives sans aucun risque d&#039;explosion.<\/p>\n<p>Ce type de produit ne n\u00e9cessite pas de permis de stockage, pas de restriction de transport ou de stockage sp\u00e9cifique aux unit\u00e9s.<\/p>\n<p>Les produits Precision Explosives rendent donc leur utilisation pratique pour tout type d&#039;entra\u00eenement. Le proc\u00e9d\u00e9 de fabrication Precision Explosives garantit une pression d&#039;odeur plus \u00e9lev\u00e9e que certains vrais produits explosifs.<\/p>\n<p>Conserver dans un sac Mylar refermable. Tant que vous n&#039;avez pas ouvert ce sachet, la dur\u00e9e de conservation est illimit\u00e9e. La pochette minimise la quantit\u00e9 d&#039;espace libre autour du produit et emp\u00eache l&#039;\u00e9vaporation des odeurs. Le sachet permet \u00e9galement de ne pas contaminer le produit avec l&#039;ext\u00e9rieur.<\/p>\n<p>Il est recommand\u00e9 de retirer et de manipuler le produit avec des gants en nitrile non poudr\u00e9s pour \u00e9viter la contamination humaine.<br \/>\nLa dur\u00e9e de conservation du produit apr\u00e8s utilisation d\u00e9pend de la manipulation et du stockage. Cela peut varier d&#039;environ 4 \u00e0 6 mois. Un r\u00e9cent test en laboratoire, men\u00e9 aux \u00c9tats-Unis, a montr\u00e9 que seule l&#039;odeur du c\u00e2ble \u00e9tait pr\u00e9sente sur une impression usag\u00e9e de 4 mois. L&#039;\u00e9chantillon en question a \u00e9t\u00e9 utilis\u00e9 en formation, manipul\u00e9 par plusieurs personnes en respectant les consignes de manipulation et de stockage.<\/p>\n<p>L&#039;impression d&#039;odeur est con\u00e7ue en scellant le m\u00e9dia filtrant entre deux disques en aluminium rivet\u00e9s. Aucune colle n&#039;est utilis\u00e9e dans le processus et l&#039;assemblage se fait \u00e0 la main dans un environnement de laboratoire, en prenant toutes les pr\u00e9cautions n\u00e9cessaires pour \u00e9viter tout risque de contamination lors de la fabrication.<\/p>\n<ul>\n<li><strong>Donn\u00e9es techniques:<\/strong><\/li>\n<\/ul>\n<p>Dimensions : diam\u00e8tre 7,6 cm, \u00e9paisseur 0,635 cm.<\/p>\n<p>Mat\u00e9riaux : m\u00e9dia filtrant de qualit\u00e9 laboratoire, 2 couches de protection en aluminium fix\u00e9es par des rivets et conserv\u00e9es dans l&#039;enveloppe en Mylar.<\/p>\n<p>Parfum : Vraiment explosif, trait\u00e9 selon une m\u00e9thode brevet\u00e9e<\/p>\n<p>Attribution : illimit\u00e9e tant que vous n&#039;avez pas ouvert le sac. Puis environ 4 \u00e0 6 mois une fois ouvert et produit utilis\u00e9 pour la formation. La r\u00e9frig\u00e9ration n&#039;est pas n\u00e9cessaire, mais une temp\u00e9rature froide \u00e0 l&#039;abri de la lumi\u00e8re directe du soleil prolongera la dur\u00e9e de conservation.<\/p>\n<p>Poids explosif \u00e9quivalent : L&#039;odeur disponible est bas\u00e9e sur la zone expos\u00e9e et non sur le poids total pr\u00e9sent.<\/p>\n<p>Applications : Le disque en aluminium doit \u00eatre plac\u00e9 dans une pochette en nylon, cordura ou autre, comme celles que nous vendons.\u00a0<span class=\"goog-text-highlight\">La poche doit \u00eatre utilis\u00e9e comme support perturbateur pendant la phase d&#039;entra\u00eenement.<\/span><\/p>\n<p>&nbsp;<\/p>\n<p><a href=\"https:\/\/dogpride.nl\/fr\/k9\/detectie\/detectie-geurstoffen\/precision-geurstoffen\/\"><img loading=\"lazy\" decoding=\"async\" class=\"alignnone\" title=\"PRECISION Explosives - Potassium Chlorate\" src=\"https:\/\/dogpride.nl\/wp-content\/uploads\/Kali.jpg\" alt=\"PRECISION Explosives - Potassium Chlorate\" width=\"131\" height=\"131\" \/><\/a><\/p>\n<h4 data-start=\"390\" data-end=\"497\"><strong data-start=\"392\" data-end=\"497\">PRECISION Explosives Potassium Chlorate: veilige geurmaterialen voor professionele detectietraining<\/strong><\/h4>\n<p data-start=\"499\" data-end=\"981\">Binnen de veiligheidssector is het essentieel om betrouwbare en veilige trainingsmaterialen te gebruiken voor het opsporen van explosieve stoffen. <strong data-start=\"646\" data-end=\"691\">PRECISION Explosives &#8211; Potassium Chlorate<\/strong> biedt een gecontroleerd en wetenschappelijk ontwikkeld geurprofiel dat speciaal is ontworpen voor K9-training, detectiesystemen en forensische opleidingsomgevingen. Hierdoor kunnen professionals explosieven detecteren zonder ooit met echte gevaarlijke stoffen in aanraking te hoeven komen.<\/p>\n<p data-start=\"983\" data-end=\"1343\">Potassium chlorate is in de veiligheidswereld een bekende component die regelmatig wordt aangetroffen in zelfgemaakte explosieven (HME\u2019s). Juist om die reden moeten K9-teams goed worden getraind om de geursporen ervan te herkennen. De oplossingen van PRECISION Explosives maken dit mogelijk op een <strong data-start=\"1281\" data-end=\"1335\">volledig veilige, stabiele en wettelijk toegestane<\/strong> manier.<\/p>\n<hr data-start=\"1345\" data-end=\"1348\" \/>\n<h4 data-start=\"1350\" data-end=\"1406\"><strong data-start=\"1353\" data-end=\"1406\">Wat is PRECISION Explosives Potassium Chlorate?<\/strong><\/h4>\n<p data-start=\"1408\" data-end=\"1742\">PRECISION Explosives ontwikkelt gecontroleerde, veilige geurmaterialen die speciaal zijn ontworpen voor detectiehonden en sensortechnologie. De versie voor <strong data-start=\"1564\" data-end=\"1586\">Potassium Chlorate<\/strong> bevat <strong data-start=\"1593\" data-end=\"1620\">g\u00e9\u00e9n explosieve stoffen<\/strong>, maar reproduceert alleen de relevante geurcomponenten die nodig zijn om detectiedieren en systemen effectief te trainen.<\/p>\n<p data-start=\"1744\" data-end=\"1799\">Professionals kiezen voor deze geurmaterialen omdat ze:<\/p>\n<ul>\n<li data-start=\"1803\" data-end=\"1836\"><strong data-start=\"1803\" data-end=\"1829\">volledig non-hazardous<\/strong> zijn<\/li>\n<li data-start=\"1839\" data-end=\"1891\"><strong data-start=\"1839\" data-end=\"1869\">laboratorium-gecontroleerd<\/strong> worden geproduceerd<\/li>\n<li data-start=\"1894\" data-end=\"1935\"><strong data-start=\"1894\" data-end=\"1933\">consistent zijn van batch tot batch<\/strong><\/li>\n<li data-start=\"1938\" data-end=\"1982\"><strong data-start=\"1938\" data-end=\"1980\">veilig te transporteren en op te slaan<\/strong><\/li>\n<li data-start=\"1985\" data-end=\"2049\"><strong data-start=\"1985\" data-end=\"2047\">perfect geschikt zijn voor K9-training en sensorkalibratie<\/strong><\/li>\n<\/ul>\n<hr data-start=\"2051\" data-end=\"2054\" \/>\n<h4 data-start=\"2056\" data-end=\"2111\"><strong data-start=\"2059\" data-end=\"2111\">Waarom Potassium Chlorate-detectie belangrijk is<\/strong><\/h4>\n<p data-start=\"2113\" data-end=\"2353\">Potassium chlorate is een chemische stof die in diverse illegale explosiefmengsels kan voorkomen. Hoewel het in de industrie ook legale toepassingen kent, wordt het in de veiligheidssector vooral bestudeerd als geurcomponent voor opsporing.<\/p>\n<p data-start=\"2355\" data-end=\"2412\">De <strong data-start=\"2359\" data-end=\"2404\">PRECISION Explosives Potassium Chlorate<\/strong> kunnen:<\/p>\n<ul>\n<li data-start=\"2416\" data-end=\"2429\">douaneteams<\/li>\n<li data-start=\"2432\" data-end=\"2464\">politie- en militaire eenheden<\/li>\n<li data-start=\"2467\" data-end=\"2492\">forensische laboratoria<\/li>\n<li data-start=\"2495\" data-end=\"2517\">beveiligingsdiensten<\/li>\n<li data-start=\"2520\" data-end=\"2541\">K9-opleidingscentra<\/li>\n<\/ul>\n<p data-start=\"2543\" data-end=\"2626\">hun detectiestrategie\u00ebn trainen zonder dat er echte gevaarlijke stoffen nodig zijn.<\/p>\n<p data-start=\"2628\" data-end=\"2801\">De geurmaterialen vormen een realistische basis voor detectie, maar zonder de risico\u2019s die gepaard gaan met het gebruik van daadwerkelijke oxidatoren of explosieve mengsels.<\/p>\n<hr data-start=\"2803\" data-end=\"2806\" \/>\n<h4 data-start=\"2808\" data-end=\"2858\"><strong data-start=\"2811\" data-end=\"2858\">Voordelen voor K9-teams en detectiesystemen<\/strong><\/h4>\n<h4 data-start=\"2860\" data-end=\"2892\"><strong data-start=\"2864\" data-end=\"2890\">1. Maximale veiligheid<\/strong><\/h4>\n<p data-start=\"2893\" data-end=\"3007\">Er komt geen echte stof aan te pas. Het product is volledig veilig voor instructeurs, honden en trainingslocaties.<\/p>\n<h4 data-start=\"3009\" data-end=\"3047\"><strong data-start=\"3013\" data-end=\"3045\">2. Reproduceerbare kwaliteit<\/strong><\/h4>\n<p data-start=\"3048\" data-end=\"3148\">De geurprofielen blijven identiek, waardoor K9-teams consistente trainingsresultaten kunnen behalen.<\/p>\n<h4 data-start=\"3150\" data-end=\"3192\"><strong data-start=\"3154\" data-end=\"3190\">3. Realistische detectietraining<\/strong><\/h4>\n<p data-start=\"3193\" data-end=\"3283\">Geurcomponenten die in forensische context relevant zijn, worden natuurgetrouw nagebootst.<\/p>\n<h4 data-start=\"3285\" data-end=\"3330\"><strong data-start=\"3289\" data-end=\"3328\">4. Compatibel met sensortechnologie<\/strong><\/h4>\n<p data-start=\"3331\" data-end=\"3395\">PRECISION Explosives Potassium Chlorate wordt gebruikt voor:<\/p>\n<ul>\n<li data-start=\"3398\" data-end=\"3445\">kalibratie van elektronische detectiesensoren<\/li>\n<li data-start=\"3448\" data-end=\"3499\">testopstellingen voor chemische analyseapparatuur<\/li>\n<li data-start=\"3502\" data-end=\"3547\">trainingssimulaties in beveiligingsomgevingen<\/li>\n<\/ul>\n<h4 data-start=\"3549\" data-end=\"3588\"><strong data-start=\"3553\" data-end=\"3586\">5. Eenvoudig te implementeren<\/strong><\/h4>\n<p data-start=\"3589\" data-end=\"3712\">De materialen zijn lichtgewicht, non-hazardous en ideaal voor mobiele trainingsunits, oefenterreinen en indoorfaciliteiten.<\/p>\n<p data-start=\"3589\" data-end=\"3712\"><img loading=\"lazy\" decoding=\"async\" class=\"alignnone\" title=\"PRECISION Explosives - Potassium Chlorate\" src=\"https:\/\/dogpride.nl\/wp-content\/uploads\/Kali.jpg\" alt=\"PRECISION Explosives - Potassium Chlorate\" width=\"150\" height=\"150\" \/><\/p>\n<hr data-start=\"3714\" data-end=\"3717\" \/>\n<h4 data-start=\"3719\" data-end=\"3784\"><strong data-start=\"3722\" data-end=\"3784\">Toepassingen van PRECISION Explosives Potassium Chlorate<\/strong><\/h4>\n<p data-start=\"3786\" data-end=\"3833\">Professionals zetten de geurmaterialen in voor:<\/p>\n<ul>\n<li data-start=\"3837\" data-end=\"3858\">K9-hercertificering<\/li>\n<li data-start=\"3861\" data-end=\"3927\">realistische oefenopstellingen in voertuigen, gebouwen en bagage<\/li>\n<li data-start=\"3930\" data-end=\"3992\">training in HME-detectie (Home-Made Explosive odor profiles)<\/li>\n<li data-start=\"3995\" data-end=\"4045\">verificatie en kalibratie van detectieapparatuur<\/li>\n<li data-start=\"4048\" data-end=\"4082\">forensische trainingsprogramma\u2019s<\/li>\n<\/ul>\n<p data-start=\"4084\" data-end=\"4245\">Omdat het product geen explosieve werking heeft, zijn transport, opslag en gebruik eenvoudig en veilig \u2014 zonder speciale vergunningen of beveiligde faciliteiten.<\/p>\n<hr data-start=\"4247\" data-end=\"4250\" \/>\n<h4 data-start=\"4252\" data-end=\"4268\"><strong data-start=\"4255\" data-end=\"4268\">Conclusie<\/strong><\/h4>\n<p data-start=\"4270\" data-end=\"4634\"><strong data-start=\"4270\" data-end=\"4315\">PRECISION Explosives Potassium Chlorate<\/strong> biedt een vooruitstrevende, veilige en wetenschappelijk onderbouwde methode om explosievengerelateerde geurcomponenten te trainen zonder risico\u2019s. Voor K9-teams, douane, politie en detectietechnologie vormt dit geurmateriaal een betrouwbare basis voor professionele opleiding, certificering en operationele gereedheid.<\/p>\n<p data-start=\"4270\" data-end=\"4634\"><a href=\"https:\/\/www.pre-exp.com\/\" target=\"_blank\" rel=\"noopener\"><img loading=\"lazy\" decoding=\"async\" class=\"alignnone wp-image-145806 size-full\" title=\"PRECISION Explosives - Potassium Chlorate\" src=\"https:\/\/dogpride.nl\/wp-content\/uploads\/Logo-9.jpg\" alt=\"PRECISION Explosives - Potassium Chlorate\" width=\"124\" height=\"91\" srcset=\"https:\/\/dogpride.nl\/wp-content\/uploads\/Logo-9.jpg 124w, https:\/\/dogpride.nl\/wp-content\/uploads\/Logo-9-16x12.jpg 16w\" sizes=\"auto, (max-width: 124px) 100vw, 124px\" \/><\/a><\/p>","protected":false},"excerpt":{"rendered":"<p class=\"txt-title-fichier\"><strong data-start=\"646\" data-end=\"691\">PRECISION Explosives Potassium Chlorate<\/strong> biedt een gecontroleerd en wetenschappelijk ontwikkeld geurprofiel dat speciaal is ontworpen voor K9-training, detectiesystemen en forensische opleidingsomgevingen.<\/p>","protected":false},"featured_media":73491,"template":"","meta":[],"product_brand":[],"product_cat":[4021],"product_tag":[3147,3148,3235,3230,3254,3240,3259,3228,3243,3229,3232],"class_list":{"0":"post-73490","1":"product","2":"type-product","3":"status-publish","4":"has-post-thumbnail","6":"product_cat-precision-geurstoffen","7":"product_tag-detectie-geurstof","8":"product_tag-detectiehond","9":"product_tag-detectietraining","10":"product_tag-explosievendetectie","11":"product_tag-kaliumchloraat","12":"product_tag-nosework","13":"product_tag-precision-explosives","14":"product_tag-scent-detection","15":"product_tag-simulatiemiddel","16":"product_tag-sniffer-dogs","17":"product_tag-trainingssimulant","19":"first","20":"instock","21":"taxable","22":"shipping-taxable","23":"purchasable","24":"product-type-simple"},"mb":[],"mfb_rest_fields":["title"],"_links":{"self":[{"href":"https:\/\/dogpride.nl\/fr\/wp-json\/wp\/v2\/product\/73490","targetHints":{"allow":["GET"]}}],"collection":[{"href":"https:\/\/dogpride.nl\/fr\/wp-json\/wp\/v2\/product"}],"about":[{"href":"https:\/\/dogpride.nl\/fr\/wp-json\/wp\/v2\/types\/product"}],"wp:featuredmedia":[{"embeddable":true,"href":"https:\/\/dogpride.nl\/fr\/wp-json\/wp\/v2\/media\/73491"}],"wp:attachment":[{"href":"https:\/\/dogpride.nl\/fr\/wp-json\/wp\/v2\/media?parent=73490"}],"wp:term":[{"taxonomy":"product_brand","embeddable":true,"href":"https:\/\/dogpride.nl\/fr\/wp-json\/wp\/v2\/product_brand?post=73490"},{"taxonomy":"product_cat","embeddable":true,"href":"https:\/\/dogpride.nl\/fr\/wp-json\/wp\/v2\/product_cat?post=73490"},{"taxonomy":"product_tag","embeddable":true,"href":"https:\/\/dogpride.nl\/fr\/wp-json\/wp\/v2\/product_tag?post=73490"}],"curies":[{"name":"wp","href":"https:\/\/api.w.org\/{rel}","templated":true}]}}