{"id":73484,"date":"2021-09-16T17:06:35","date_gmt":"2021-09-16T15:06:35","guid":{"rendered":"https:\/\/dogpride1.wpengine.com\/?post_type=product&#038;p=73484"},"modified":"2025-12-22T12:21:15","modified_gmt":"2025-12-22T11:21:15","slug":"precision-explosives-hmtd","status":"publish","type":"product","link":"https:\/\/dogpride.nl\/fr\/precision-explosives-hmtd\/","title":{"rendered":"Precision Explosives HMTD"},"content":{"rendered":"<h4 class=\"txt-title-fichier\">PRECISION Explosives HMTD<\/h4>\n<p><span class=\"\">PRECISION Explosives HMTD. Deze fabrikant gebruikt het geurdrukproces om een \u200b\u200bhoog kwaliteitsniveau te garanderen.<\/span><\/p>\n<p>C&#039;est un syst\u00e8me d&#039;impr\u00e9gnation du vrai parfum du produit et non d&#039;un pseudo.<\/p>\n<p>Les produits Precision Explosives sont fabriqu\u00e9s aux \u00c9tats-Unis et fournissent des aides \u00e0 la formation pour les chiens d\u00e9tecteurs d&#039;explosifs.<br \/>\nIls permettent aux unit\u00e9s sp\u00e9cialis\u00e9es d&#039;acc\u00e9der \u00e0 de v\u00e9ritables odeurs explosives, sans aucun risque d&#039;explosion.<\/p>\n<p>Ce type de produit ne n\u00e9cessite pas de permis de stockage, pas de restriction de transport ou de stockage sp\u00e9cifique aux unit\u00e9s.<\/p>\n<p>Les produits Precision Explosives rendent donc leur utilisation pratique pour toutes sortes d&#039;entra\u00eenements. Le proc\u00e9d\u00e9 de fabrication Precision Explosives garantit une pression d&#039;odeur plus \u00e9lev\u00e9e que certains vrais produits explosifs.<\/p>\n<p>Conserver dans un sac Mylar refermable. Tant que vous n&#039;avez pas ouvert ce sachet, la dur\u00e9e de conservation est illimit\u00e9e. La pochette minimise la quantit\u00e9 d&#039;espace libre autour du produit et emp\u00eache l&#039;\u00e9vaporation des odeurs. Le sachet permet \u00e9galement de ne pas contaminer le produit avec l&#039;ext\u00e9rieur.<\/p>\n<p>Il est recommand\u00e9 de retirer et de manipuler le produit avec des gants en nitrile non poudr\u00e9s (disponibles sur notre site) pour \u00e9viter toute contamination humaine.<br \/>\nLa dur\u00e9e de conservation du produit apr\u00e8s utilisation d\u00e9pend de la manipulation et du stockage, elle peut varier d&#039;environ 4 \u00e0 6 mois. Un r\u00e9cent test de laboratoire effectu\u00e9 aux \u00c9tats-Unis a montr\u00e9 que seule l&#039;odeur du c\u00e2ble \u00e9tait pr\u00e9sente sur une impression usag\u00e9e de 4 mois. L&#039;\u00e9chantillon en question a \u00e9t\u00e9 utilis\u00e9 en formation et entra\u00eenement, manipul\u00e9 par plusieurs personnes tout en respectant les consignes de manipulation et de stockage.<\/p>\n<p>L&#039;impression d&#039;odeur est con\u00e7ue en scellant le m\u00e9dia filtrant entre deux disques en aluminium rivet\u00e9s. Aucune colle n&#039;est utilis\u00e9e dans le processus et l&#039;assemblage se fait \u00e0 la main dans un environnement de laboratoire, en prenant toutes les pr\u00e9cautions n\u00e9cessaires pour \u00e9viter tout risque de contamination lors de la fabrication.<\/p>\n<ul>\n<li><strong>Donn\u00e9es techniques:<\/strong><\/li>\n<\/ul>\n<p>Dimensions : diam\u00e8tre 7,6 cm, \u00e9paisseur 0,635 cm.<\/p>\n<p><span class=\"goog-text-highlight\">Mat\u00e9riaux : m\u00e9dia filtrant de qualit\u00e9 laboratoire, 2 couches de protection en aluminium fix\u00e9es par des rivets et conserv\u00e9es dans l&#039;enveloppe en Mylar.<\/span><\/p>\n<p>Parfum : Vraiment explosif, trait\u00e9 selon une m\u00e9thode brevet\u00e9e<\/p>\n<p>Attribution : illimit\u00e9e tant que vous n&#039;avez pas ouvert le sac. Puis environ 4 \u00e0 6 mois une fois ouvert et produit utilis\u00e9 pour la formation. La r\u00e9frig\u00e9ration n&#039;est pas n\u00e9cessaire, mais une temp\u00e9rature froide \u00e0 l&#039;abri de la lumi\u00e8re directe du soleil prolongera la dur\u00e9e de conservation.<\/p>\n<p>Poids explosif \u00e9quivalent : L&#039;odeur disponible est bas\u00e9e sur la zone expos\u00e9e et non sur le poids total pr\u00e9sent.<\/p>\n<p>Applications : Le disque en aluminium doit \u00eatre plac\u00e9 dans une pochette en nylon, cordura ou autre, comme celles que nous vendons. La poche doit \u00eatre utilis\u00e9e comme support perturbateur pendant la phase d&#039;entra\u00eenement.<\/p>\n<p><a href=\"https:\/\/dogpride.nl\/fr\/k9\/detectie\/detectie-geurstoffen\/precision-geurstoffen\/\"><img loading=\"lazy\" decoding=\"async\" class=\"alignnone\" title=\"PRECISION Explosives - HMTD\" src=\"https:\/\/dogpride.nl\/wp-content\/uploads\/HMTD.jpg\" alt=\"PRECISION Explosives - HMTD\" width=\"159\" height=\"159\" \/><\/a><\/p>\n<h4 data-start=\"324\" data-end=\"417\"><strong data-start=\"326\" data-end=\"417\">PRECISION Explosives HMTD: veilige geurmaterialen voor professionele detectietraining<\/strong><\/h4>\n<p data-start=\"419\" data-end=\"826\">Binnen de moderne veiligheids- en opsporingssector is het essentieel dat K9-teams en detectiesystemen kunnen trainen met betrouwbare en veilige geurmaterialen. <strong data-start=\"579\" data-end=\"610\">PRECISION Explosives HMTD<\/strong> biedt een geavanceerde, wetenschappelijk onderbouwde oplossing om detectiehonden en sensoren te trainen op geurcomponenten die geassocieerd worden met HMTD, zonder dat er ooit echte explosieve stoffen aanwezig zijn.<\/p>\n<p data-start=\"828\" data-end=\"1193\">HMTD is in forensische context bekend als een instabiele component die soms voorkomt in illegale zelfgemaakte explosieven (HME\u2019s). Omdat het hanteren van echte HMTD extreem gevaarlijk en verboden is, maken veiligheidsorganisaties gebruik van gecontroleerde geurprofielen. PRECISION Explosives levert deze geurmaterialen veilig, consistent en volledig non-hazardous.<\/p>\n<hr data-start=\"1195\" data-end=\"1198\" \/>\n<h4 data-start=\"1200\" data-end=\"1242\"><strong data-start=\"1203\" data-end=\"1242\">Wat is PRECISION Explosives HMTD?<\/strong><\/h4>\n<p data-start=\"1244\" data-end=\"1315\"><strong data-start=\"1244\" data-end=\"1275\">PRECISION Explosives HMTD<\/strong> is een professioneel geurmateriaal dat:<\/p>\n<ul>\n<li data-start=\"1319\" data-end=\"1360\"><strong data-start=\"1319\" data-end=\"1352\">g\u00e9\u00e9n explosieve eigenschappen<\/strong> bevat<\/li>\n<li data-start=\"1363\" data-end=\"1394\">volledig <strong data-start=\"1372\" data-end=\"1389\">non-hazardous<\/strong> is<\/li>\n<li data-start=\"1397\" data-end=\"1457\">onder <strong data-start=\"1403\" data-end=\"1436\">strikte laboratoriumcondities<\/strong> wordt geproduceerd<\/li>\n<li data-start=\"1460\" data-end=\"1514\">une <strong data-start=\"1464\" data-end=\"1506\">constante, reproduceerbare geurafgifte<\/strong> biedt<\/li>\n<li data-start=\"1517\" data-end=\"1579\">geschikt is voor zowel <strong data-start=\"1540\" data-end=\"1555\">K9-training<\/strong> si <strong data-start=\"1560\" data-end=\"1579\">sensorvalidatie<\/strong><\/li>\n<\/ul>\n<p data-start=\"1581\" data-end=\"1773\">De geurprofielen zijn ontworpen om de relevante vluchtige componenten na te bootsen die speurhonden dienen te herkennen. Zo kunnen teams zeer realistisch trainen zonder enig veiligheidsrisico.<\/p>\n<hr data-start=\"1775\" data-end=\"1778\" \/>\n<h4 data-start=\"1780\" data-end=\"1821\"><strong data-start=\"1783\" data-end=\"1821\">Waarom HMTD-detectie belangrijk is<\/strong><\/h4>\n<p data-start=\"1823\" data-end=\"2048\">Hoewel HMTD in training nooit fysiek aanwezig mag zijn, wordt het in de forensische wereld regelmatig genoemd als geurcomponent in rechercheonderzoek naar ge\u00efmproviseerde explosieven. Daarom is het cruciaal dat detectieteams:<\/p>\n<ul>\n<li data-start=\"2052\" data-end=\"2081\">geursporen kunnen herkennen<\/li>\n<li data-start=\"2084\" data-end=\"2122\">op een veilige manier kunnen trainen<\/li>\n<li data-start=\"2125\" data-end=\"2152\">consistent kunnen oefenen<\/li>\n<li data-start=\"2155\" data-end=\"2199\">voorbereid zijn op operationele scenario\u2019s<\/li>\n<\/ul>\n<p data-start=\"2201\" data-end=\"2319\"><strong data-start=\"2201\" data-end=\"2232\">PRECISION Explosives HMTD<\/strong> maakt dit mogelijk zonder vergunningen, speciale opslagruimtes of gevaarlijke stoffen.<\/p>\n<hr data-start=\"2321\" data-end=\"2324\" \/>\n<h4 data-start=\"2326\" data-end=\"2376\"><strong data-start=\"2329\" data-end=\"2376\">Voordelen voor K9-teams en detectiesensoren<\/strong><\/h4>\n<h4 data-start=\"2378\" data-end=\"2410\"><strong data-start=\"2382\" data-end=\"2408\">1. Maximale veiligheid<\/strong><\/h4>\n<p data-start=\"2411\" data-end=\"2498\">Het product bevat g\u00e9\u00e9n explosieve stoffen en vormt geen enkel risico voor mens of dier.<\/p>\n<h4 data-start=\"2500\" data-end=\"2542\"><strong data-start=\"2504\" data-end=\"2540\">2. Reproduceerbare geurkwaliteit<\/strong><\/h4>\n<p data-start=\"2543\" data-end=\"2663\">Elke batch van PRECISION Explosives HMTD bevat identieke geurprofielen. Ideaal voor certificering en hercertificering.<\/p>\n<h4 data-start=\"2665\" data-end=\"2700\"><strong data-start=\"2669\" data-end=\"2698\">3. Realisme zonder gevaar<\/strong><\/h4>\n<p data-start=\"2701\" data-end=\"2833\">De geurcomponenten die relevant zijn voor detectie worden natuurgetrouw nagebootst, maar zonder enige fysieke of chemische risico\u2019s.<\/p>\n<h4 data-start=\"2835\" data-end=\"2885\"><strong data-start=\"2839\" data-end=\"2883\">4. Geschikt voor sensoren en laboratoria<\/strong><\/h4>\n<p data-start=\"2886\" data-end=\"2933\">Professionele teams gebruiken het materiaal om:<\/p>\n<ul>\n<li data-start=\"2937\" data-end=\"2983\">elektronische detectiesensoren te kalibreren<\/li>\n<li data-start=\"2986\" data-end=\"3026\">chemische detectieapparatuur te testen<\/li>\n<li data-start=\"3029\" data-end=\"3092\">onderzoeksopstellingen in forensische context te ondersteunen<\/li>\n<\/ul>\n<h4 data-start=\"3094\" data-end=\"3125\"><strong data-start=\"3098\" data-end=\"3123\">5. Flexibel inzetbaar<\/strong><\/h4>\n<p data-start=\"3126\" data-end=\"3215\">Dankzij het compacte, veilige ontwerp kan PRECISION Explosives HMTD gebruikt worden in:<\/p>\n<ul>\n<li data-start=\"3219\" data-end=\"3231\">voertuigen<\/li>\n<li data-start=\"3234\" data-end=\"3242\">bagage<\/li>\n<li data-start=\"3245\" data-end=\"3264\">trainingsgebouwen<\/li>\n<li data-start=\"3267\" data-end=\"3282\">opslagruimtes<\/li>\n<li data-start=\"3285\" data-end=\"3308\">logistieke scenario\u2019s<\/li>\n<\/ul>\n<p><a href=\"https:\/\/dogpride.nl\/fr\/k9\/detectie\/detectie-geurstoffen\/precision-geurstoffen\/\"><img loading=\"lazy\" decoding=\"async\" class=\"alignnone\" title=\"PRECISION Explosives - HMTD\" src=\"https:\/\/dogpride.nl\/wp-content\/uploads\/HMTD.jpg\" alt=\"PRECISION Explosives - HMTD\" width=\"159\" height=\"159\" \/><\/a><\/p>\n<hr data-start=\"3310\" data-end=\"3313\" \/>\n<h4 data-start=\"3315\" data-end=\"3366\"><strong data-start=\"3318\" data-end=\"3366\">Toepassingen van PRECISION Explosives HMTD<\/strong><\/h4>\n<p data-start=\"3368\" data-end=\"3416\">Het geurmateriaal wordt wereldwijd ingezet voor:<\/p>\n<ul>\n<li data-start=\"3420\" data-end=\"3464\">explosievendetectie-training voor K9-teams<\/li>\n<li data-start=\"3467\" data-end=\"3535\">geavanceerde oefenscenario\u2019s op luchthavens, havens en grensposten<\/li>\n<li data-start=\"3538\" data-end=\"3572\">forensische onderwijsprogramma\u2019s<\/li>\n<li data-start=\"3575\" data-end=\"3604\">sensortesten en verificatie<\/li>\n<li data-start=\"3607\" data-end=\"3657\">operationele simulaties in beveiligde omgevingen<\/li>\n<\/ul>\n<p data-start=\"3659\" data-end=\"3802\">Organisaties waarderen vooral dat PRECISION-geurprofielen geen speciale vergunningen, strikte veiligheidszones of gevaarlijke stoffen vereisen.<\/p>\n<hr data-start=\"3804\" data-end=\"3807\" \/>\n<h4 data-start=\"3809\" data-end=\"3825\"><strong data-start=\"3812\" data-end=\"3825\">Conclusie<\/strong><\/h4>\n<p data-start=\"3827\" data-end=\"4195\"><strong data-start=\"3827\" data-end=\"3858\">PRECISION Explosives HMTD<\/strong> is een veilige, professionele en uiterst betrouwbare oplossing voor het trainen van detectiehonden en detectiesystemen. Door uitsluitend gecontroleerde geurcomponenten te gebruiken, zonder enige explosieve eigenschappen, kunnen veiligheidsdiensten hun teams voorbereiden op realistische en kritieke situaties \u2014 volledig zonder risico\u2019s.<\/p>\n<p data-start=\"3827\" data-end=\"4195\"><a href=\"https:\/\/www.pre-exp.com\/\" target=\"_blank\" rel=\"noopener\"><img loading=\"lazy\" decoding=\"async\" class=\"alignnone wp-image-145806 size-full\" title=\"PRECISION Explosives - HMTD\" src=\"https:\/\/dogpride.nl\/wp-content\/uploads\/Logo-9.jpg\" alt=\"PRECISION Explosives - HMTD\" width=\"124\" height=\"91\" srcset=\"https:\/\/dogpride.nl\/wp-content\/uploads\/Logo-9.jpg 124w, https:\/\/dogpride.nl\/wp-content\/uploads\/Logo-9-16x12.jpg 16w\" sizes=\"auto, (max-width: 124px) 100vw, 124px\" \/><\/a><\/p>","protected":false},"excerpt":{"rendered":"<p class=\"txt-title-fichier\"><strong data-start=\"579\" data-end=\"610\">PRECISION Explosives HMTD<\/strong> biedt een geavanceerde, wetenschappelijk onderbouwde oplossing om detectiehonden en sensoren te trainen op geurcomponenten die geassocieerd worden met HMTD, zonder dat er ooit echte explosieve stoffen aanwezig zijn.<\/p>","protected":false},"featured_media":73485,"template":"","meta":[],"product_brand":[],"product_cat":[4021],"product_tag":[3147,3148,3235,3230,3255,3240,3259,3228,3243,3229,3232],"class_list":{"0":"post-73484","1":"product","2":"type-product","3":"status-publish","4":"has-post-thumbnail","6":"product_cat-precision-geurstoffen","7":"product_tag-detectie-geurstof","8":"product_tag-detectiehond","9":"product_tag-detectietraining","10":"product_tag-explosievendetectie","11":"product_tag-hmtd","12":"product_tag-nosework","13":"product_tag-precision-explosives","14":"product_tag-scent-detection","15":"product_tag-simulatiemiddel","16":"product_tag-sniffer-dogs","17":"product_tag-trainingssimulant","19":"first","20":"instock","21":"taxable","22":"shipping-taxable","23":"purchasable","24":"product-type-simple"},"mb":[],"mfb_rest_fields":["title"],"_links":{"self":[{"href":"https:\/\/dogpride.nl\/fr\/wp-json\/wp\/v2\/product\/73484","targetHints":{"allow":["GET"]}}],"collection":[{"href":"https:\/\/dogpride.nl\/fr\/wp-json\/wp\/v2\/product"}],"about":[{"href":"https:\/\/dogpride.nl\/fr\/wp-json\/wp\/v2\/types\/product"}],"wp:featuredmedia":[{"embeddable":true,"href":"https:\/\/dogpride.nl\/fr\/wp-json\/wp\/v2\/media\/73485"}],"wp:attachment":[{"href":"https:\/\/dogpride.nl\/fr\/wp-json\/wp\/v2\/media?parent=73484"}],"wp:term":[{"taxonomy":"product_brand","embeddable":true,"href":"https:\/\/dogpride.nl\/fr\/wp-json\/wp\/v2\/product_brand?post=73484"},{"taxonomy":"product_cat","embeddable":true,"href":"https:\/\/dogpride.nl\/fr\/wp-json\/wp\/v2\/product_cat?post=73484"},{"taxonomy":"product_tag","embeddable":true,"href":"https:\/\/dogpride.nl\/fr\/wp-json\/wp\/v2\/product_tag?post=73484"}],"curies":[{"name":"wp","href":"https:\/\/api.w.org\/{rel}","templated":true}]}}