{"id":73480,"date":"2021-09-16T16:44:44","date_gmt":"2021-09-16T14:44:44","guid":{"rendered":"https:\/\/dogpride1.wpengine.com\/?post_type=product&#038;p=73480"},"modified":"2025-12-22T12:24:43","modified_gmt":"2025-12-22T11:24:43","slug":"precision-explosives-gsr-gun-shot-residue","status":"publish","type":"product","link":"https:\/\/dogpride.nl\/fr\/precision-explosives-gsr-gun-shot-residue\/","title":{"rendered":"PRECISION Explosives GSR Gun Shot Residue"},"content":{"rendered":"<h4 class=\"txt-title-fichier\">PRECISION Explosives GSR Gun Shot Residue<\/h4>\n<p><span class=\"\">PRECISION Explosives GSR Gun Shot Residue. Deze fabrikant gebruikt het geurdrukproces om een \u200b\u200bhoog kwaliteitsniveau te garanderen.<\/span><\/p>\n<p>Il s&#039;agit d&#039;un syst\u00e8me pour impr\u00e9gner le vrai parfum du produit et non un pseudo.<\/p>\n<p>Les produits Precision Explosives sont fabriqu\u00e9s aux \u00c9tats-Unis et fournissent des aides \u00e0 la formation pour les chiens d\u00e9tecteurs d&#039;explosifs.<br \/>\nIls permettent aux unit\u00e9s sp\u00e9cialis\u00e9es d&#039;acc\u00e9der \u00e0 de v\u00e9ritables odeurs explosives, sans aucun risque d&#039;explosion.<\/p>\n<p>Ce type de produit ne n\u00e9cessite pas d&#039;autorisation de d\u00e9tention, pas de restriction de transport ou de stockage sp\u00e9cifique aux unit\u00e9s.<\/p>\n<p>Les produits Precision Explosives pour la d\u00e9tection et l&#039;investigation des chiens rendent donc leur utilisation pratique pour toutes sortes de dressage.<\/p>\n<p>Le processus de fabrication de Precision Explosive permet d&#039;assurer une pression d&#039;odeur plus \u00e9lev\u00e9e que certains vrais produits explosifs.<\/p>\n<p>Conserver dans un sac Mylar refermable. Tant que vous n&#039;avez pas ouvert ce sachet, la dur\u00e9e de conservation est illimit\u00e9e. La pochette minimise la quantit\u00e9 d&#039;espace libre autour du produit et emp\u00eache l&#039;\u00e9vaporation des odeurs. Le sachet permet \u00e9galement de ne pas contaminer le produit avec l&#039;ext\u00e9rieur.<\/p>\n<p>Il est recommand\u00e9 de retirer et de manipuler le produit avec des gants en nitrile non poudr\u00e9s (disponibles sur notre site) pour \u00e9viter toute contamination humaine.<br \/>\nLa dur\u00e9e de conservation du produit apr\u00e8s utilisation d\u00e9pend de la manipulation et du stockage, elle peut varier d&#039;environ 4 \u00e0 6 mois. Un r\u00e9cent test de laboratoire effectu\u00e9 aux \u00c9tats-Unis a montr\u00e9 que seule l&#039;odeur du c\u00e2ble \u00e9tait pr\u00e9sente sur une impression usag\u00e9e de 4 mois. L&#039;\u00e9chantillon en question a \u00e9t\u00e9 utilis\u00e9 en formation et entra\u00eenement, manipul\u00e9 par plusieurs personnes tout en respectant les consignes de manipulation et de stockage.<\/p>\n<p>L&#039;impression d&#039;odeur est con\u00e7ue en scellant le m\u00e9dia filtrant entre deux disques en aluminium rivet\u00e9s. Aucune colle n&#039;est utilis\u00e9e dans le processus et l&#039;assemblage se fait \u00e0 la main dans un environnement de laboratoire, en prenant toutes les pr\u00e9cautions n\u00e9cessaires pour \u00e9viter tout risque de contamination lors de la fabrication.<\/p>\n<ul>\n<li><strong>Donn\u00e9es techniques:<\/strong><\/li>\n<\/ul>\n<p>Dimensions : diam\u00e8tre 7,6 cm, \u00e9paisseur 0,635 cm.<\/p>\n<p>Mat\u00e9riaux : m\u00e9dia filtrant de qualit\u00e9 laboratoire, 2 couches de protection en aluminium fix\u00e9es par des rivets et conserv\u00e9es dans l&#039;enveloppe en Mylar.<\/p>\n<p>Parfum : Vraiment explosif, trait\u00e9 selon une m\u00e9thode brevet\u00e9e<\/p>\n<p>Stockage : Illimit\u00e9 tant que vous n&#039;avez pas ouvert la pochette. Puis environ 4 \u00e0 6 mois une fois ouvert et produit utilis\u00e9 pour la formation. La r\u00e9frig\u00e9ration n&#039;est pas n\u00e9cessaire, mais une temp\u00e9rature froide \u00e0 l&#039;abri de la lumi\u00e8re directe du soleil prolongera la dur\u00e9e de conservation.<\/p>\n<p>Poids explosif \u00e9quivalent : L&#039;odeur disponible est bas\u00e9e sur la zone expos\u00e9e et non sur le poids total pr\u00e9sent.<\/p>\n<p><span class=\"goog-text-highlight\">Applications : Le disque en aluminium doit \u00eatre plac\u00e9 dans une pochette en nylon, cordura ou autre, comme celles que nous vendons.\u00a0<\/span>La poche doit \u00eatre utilis\u00e9e comme support perturbateur pendant la phase d&#039;entra\u00eenement.<\/p>\n<p><a href=\"https:\/\/dogpride.nl\/fr\/k9\/detectie\/detectie-geurstoffen\/precision-geurstoffen\/?product-page=2\"><img loading=\"lazy\" decoding=\"async\" class=\"alignnone\" title=\"PRECISION Explosives - GSR (Gun Shot Residue)\" src=\"https:\/\/dogpride.nl\/wp-content\/uploads\/GSR.jpg\" alt=\"PRECISION Explosives - GSR (Gun Shot Residue)\" width=\"143\" height=\"143\" \/><\/a><\/p>\n<h4 data-start=\"345\" data-end=\"461\"><strong data-start=\"347\" data-end=\"461\">PRECISION Explosives GSR Gun Shot Residue: veilige geurmaterialen voor forensische detectie en K9-training<\/strong><\/h4>\n<p data-start=\"463\" data-end=\"981\">Binnen forensisch onderzoek, politie-opleidingen en veiligheidsdiensten speelt het herkennen van schietrestanten een belangrijke rol. <strong>PRECISION Explosives GSR Gun Shot Residue<\/strong>\u00a0is ontwikkeld om professionals een veilig, betrouwbaar en reproduceerbaar geurprofiel te bieden dat ideaal is voor K9-training, detectiesensoren en forensische educatie. Deze geurmaterialen bevatten <strong data-start=\"846\" data-end=\"893\">geen wapens, munitie of schadelijke stoffen<\/strong>, maar bootsen specifiek de geursporen na die relevant zijn voor het detecteren van GSR.<\/p>\n<p data-start=\"983\" data-end=\"1335\">GSR \u2014 oftewel schietrestanten \u2014 bestaat uit microscopisch kleine deeltjes die vrijkomen na het afvuren van een wapen. In onderzoekssituaties kan het identificeren ervan waardevol zijn, maar echte schietrestanten zijn nooit geschikt of veilig voor trainingsdoeleinden. Daarom bieden veilige geurprofielen van PRECISION Explosives een ideaal alternatief.<\/p>\n<hr data-start=\"1337\" data-end=\"1340\" \/>\n<h4 data-start=\"1342\" data-end=\"1402\"><strong data-start=\"1345\" data-end=\"1402\">Wat is PRECISION Explosives GSR Gun Shot Residue?<\/strong><\/h4>\n<p data-start=\"1404\" data-end=\"1545\"><strong>PRECISION Explosives GSR Gun Shot Residue<\/strong> is een gecontroleerd, synthetisch geurprofiel dat volledig non-hazardous is.<br data-start=\"1530\" data-end=\"1533\" \/>Het product:<\/p>\n<ul>\n<li data-start=\"1549\" data-end=\"1584\">bevat <strong data-start=\"1555\" data-end=\"1582\">geen echte GSR-deeltjes<\/strong><\/li>\n<li data-start=\"1587\" data-end=\"1638\">is veilig voor mensen, dieren en trainingsruimtes<\/li>\n<li data-start=\"1641\" data-end=\"1700\">wordt ontwikkeld in gecontroleerde laboratoriumomgevingen<\/li>\n<li data-start=\"1703\" data-end=\"1750\">biedt een <strong data-start=\"1713\" data-end=\"1748\">constante, stabiele geurafgifte<\/strong><\/li>\n<li data-start=\"1753\" data-end=\"1830\">is geschikt voor zowel <strong data-start=\"1776\" data-end=\"1794\">detectiehonden<\/strong> si <strong data-start=\"1799\" data-end=\"1830\">technische detectiesystemen<\/strong><\/li>\n<\/ul>\n<p data-start=\"1832\" data-end=\"1966\">Hierdoor kunnen forensische specialisten en beveiligingsdiensten realistisch trainen, zonder enige risico\u2019s of wettelijke beperkingen.<\/p>\n<hr data-start=\"1968\" data-end=\"1971\" \/>\n<h4 data-start=\"1973\" data-end=\"2013\"><strong data-start=\"1976\" data-end=\"2013\">Waarom GSR-detectie belangrijk is<\/strong><\/h4>\n<p data-start=\"2015\" data-end=\"2051\">GSR-detectie kan een rol spelen bij:<\/p>\n<ul>\n<li data-start=\"2055\" data-end=\"2077\">forensisch onderzoek<\/li>\n<li data-start=\"2080\" data-end=\"2105\">opsporingsondersteuning<\/li>\n<li data-start=\"2108\" data-end=\"2129\">veiligheidsanalyses<\/li>\n<li data-start=\"2132\" data-end=\"2168\">screening van personen of objecten<\/li>\n<li data-start=\"2171\" data-end=\"2222\">opleidingsprogramma\u2019s voor politie en K9-eenheden<\/li>\n<\/ul>\n<p data-start=\"2224\" data-end=\"2476\">Omdat echte schietrestanten gezondheidsrisico\u2019s met zich meebrengen en vaak vergunningplichtige stoffen bevatten, zijn veilige geurprofielen zoals <strong>PRECISION Explosives GSR Gun Shot Residue<\/strong>\u00a0de enige verantwoorde keuze voor opleiding en training.<\/p>\n<hr data-start=\"2478\" data-end=\"2481\" \/>\n<h4 data-start=\"2483\" data-end=\"2534\"><strong data-start=\"2486\" data-end=\"2534\">Voordelen voor K9-teams en sensortechnologie<\/strong><\/h4>\n<h4 data-start=\"2536\" data-end=\"2577\"><strong data-start=\"2540\" data-end=\"2575\">1. 100% veilig en non-hazardous<\/strong><\/h4>\n<p data-start=\"2578\" data-end=\"2732\">Er komen geen gevaarlijke deeltjes of residuen aan te pas. Dit maakt het product geschikt voor binnenruimtes, publieke locaties en mobiele trainingsunits.<\/p>\n<h4 data-start=\"2734\" data-end=\"2782\"><strong data-start=\"2738\" data-end=\"2780\">2. Perfect reproduceerbaar geurprofiel<\/strong><\/h4>\n<p data-start=\"2783\" data-end=\"2938\">Elke batch van PRECISION Explosives GSR Gun Shot Residue biedt dezelfde geurintensiteit, ideaal voor certificering en hercertificering van speurhonden.<\/p>\n<h4 data-start=\"2940\" data-end=\"2991\"><strong data-start=\"2944\" data-end=\"2989\">3. Realistisch forensisch trainingseffect<\/strong><\/h4>\n<p data-start=\"2992\" data-end=\"3115\">De geurcomponenten zijn gebaseerd op forensische studies en bieden een realistische, maar veilige simulatie van GSR-geuren.<\/p>\n<p><strong data-start=\"3121\" data-end=\"3158\">4. Geschikt voor detectiesensoren<\/strong><\/p>\n<p data-start=\"3161\" data-end=\"3209\">Organisaties gebruiken deze geurmaterialen voor:<\/p>\n<ul>\n<li data-start=\"3213\" data-end=\"3264\">kalibratie van elektronische geurdetectiesystemen<\/li>\n<li data-start=\"3267\" data-end=\"3310\">testen van forensische analysetechnologie<\/li>\n<li data-start=\"3313\" data-end=\"3357\">validatie van chemische detectieapparatuur<\/li>\n<\/ul>\n<h4 data-start=\"3359\" data-end=\"3387\"><strong data-start=\"3363\" data-end=\"3385\">5. Breed inzetbaar<\/strong><\/h4>\n<p data-start=\"3388\" data-end=\"3426\">Het product is flexibel toepasbaar in:<\/p>\n<ul>\n<li data-start=\"3430\" data-end=\"3442\">voertuigen<\/li>\n<li data-start=\"3445\" data-end=\"3464\">trainingsgebouwen<\/li>\n<li data-start=\"3467\" data-end=\"3486\">koffers en bagage<\/li>\n<li data-start=\"3489\" data-end=\"3514\">kleding en oppervlakken<\/li>\n<li data-start=\"3517\" data-end=\"3562\">oefenomgevingen voor screening van personen<\/li>\n<\/ul>\n<p><a href=\"https:\/\/dogpride.nl\/fr\/k9\/detectie\/detectie-geurstoffen\/precision-geurstoffen\/?product-page=2\"><img loading=\"lazy\" decoding=\"async\" class=\"alignnone\" title=\"PRECISION Explosives - GSR (Gun Shot Residue)\" src=\"https:\/\/dogpride.nl\/wp-content\/uploads\/GSR.jpg\" alt=\"PRECISION Explosives - GSR (Gun Shot Residue)\" width=\"143\" height=\"143\" \/><\/a><\/p>\n<hr data-start=\"3564\" data-end=\"3567\" \/>\n<h4 data-start=\"3569\" data-end=\"3638\"><strong data-start=\"3572\" data-end=\"3638\">Toepassingen van PRECISION Explosives GSR Gun Shot Residue<\/strong><\/h4>\n<p data-start=\"3640\" data-end=\"3686\">Het geurprofiel wordt wereldwijd ingezet door:<\/p>\n<ul>\n<li data-start=\"3690\" data-end=\"3722\">politie en rechercheafdelingen<\/li>\n<li data-start=\"3725\" data-end=\"3746\">K9-opleidingscentra<\/li>\n<li data-start=\"3749\" data-end=\"3790\">luchthavens en beveiligingsorganisaties<\/li>\n<li data-start=\"3793\" data-end=\"3826\">forensische onderwijsinstituten<\/li>\n<li data-start=\"3829\" data-end=\"3865\">ontwikkelaars van detectiesensoren<\/li>\n<\/ul>\n<p data-start=\"3867\" data-end=\"3987\">Dankzij het veilige karakter is het ideaal voor zowel basisopleiding als geavanceerde scenario- en real-life simulaties.<\/p>\n<hr data-start=\"3989\" data-end=\"3992\" \/>\n<h4 data-start=\"3994\" data-end=\"4010\"><strong data-start=\"3997\" data-end=\"4010\">Conclusie<\/strong><\/h4>\n<p data-start=\"4012\" data-end=\"4420\"><strong>PRECISION Explosives GSR Gun Shot Residue<\/strong> biedt een moderne, veilige en uiterst betrouwbare manier om detectieteams te trainen in het herkennen van geursporen die geassocieerd worden met schietrestanten. Door de combinatie van wetenschappelijke nauwkeurigheid en volledige veiligheid is dit geurmateriaal een essentieel hulpmiddel voor forensische training, K9-detectie en technologische verificatie.<\/p>\n<p data-start=\"4012\" data-end=\"4420\"><a href=\"https:\/\/www.pre-exp.com\/\" target=\"_blank\" rel=\"noopener\"><img loading=\"lazy\" decoding=\"async\" class=\"alignnone wp-image-145806 size-full\" title=\"PRECISION Explosives - GSR (Gun Shot Residue)\" src=\"https:\/\/dogpride.nl\/wp-content\/uploads\/Logo-9.jpg\" alt=\"PRECISION Explosives - GSR (Gun Shot Residue)\" width=\"124\" height=\"91\" srcset=\"https:\/\/dogpride.nl\/wp-content\/uploads\/Logo-9.jpg 124w, https:\/\/dogpride.nl\/wp-content\/uploads\/Logo-9-16x12.jpg 16w\" sizes=\"auto, (max-width: 124px) 100vw, 124px\" \/><\/a><\/p>","protected":false},"excerpt":{"rendered":"<p class=\"txt-title-fichier\"><strong>PRECISION Explosives GSR Gun Shot Residue <\/strong>is ontwikkeld om professionals een veilig, betrouwbaar en reproduceerbaar geurprofiel te bieden dat ideaal is voor K9-training, detectiesensoren en forensische educatie.<\/p>","protected":false},"featured_media":73481,"template":"","meta":[],"product_brand":[],"product_cat":[4021],"product_tag":[3147,3148,16140,3235,3230,16143,16138,3260,11660,16139,16136,16137,16076,3240,3259,16135,3261,3228,16141,3243,3229,3232,16142],"class_list":{"0":"post-73480","1":"product","2":"type-product","3":"status-publish","4":"has-post-thumbnail","6":"product_cat-precision-geurstoffen","7":"product_tag-detectie-geurstof","8":"product_tag-detectiehond","9":"product_tag-detectiehonden-forensisch","10":"product_tag-detectietraining","11":"product_tag-explosievendetectie","12":"product_tag-forensische-detectie-oplossingen","13":"product_tag-forensische-geurmaterialen","14":"product_tag-gsr","15":"product_tag-gsr-detectie","16":"product_tag-gsr-geurprofiel-detectie","17":"product_tag-gun-shot-residue-training","18":"product_tag-k9-gsr-training","19":"product_tag-non-hazardous-training-aids","20":"product_tag-nosework","21":"product_tag-precision-explosives","22":"product_tag-precision-explosives-gsr","23":"product_tag-residu","24":"product_tag-scent-detection","25":"product_tag-sensor-kalibratie-gsr","26":"product_tag-simulatiemiddel","27":"product_tag-sniffer-dogs","28":"product_tag-trainingssimulant","29":"product_tag-veiligheidsdiensten-training","30":"product_shipping_class-vast-tarief-eu-overig","32":"first","33":"instock","34":"taxable","35":"shipping-taxable","36":"purchasable","37":"product-type-simple"},"mb":[],"mfb_rest_fields":["title"],"_links":{"self":[{"href":"https:\/\/dogpride.nl\/fr\/wp-json\/wp\/v2\/product\/73480","targetHints":{"allow":["GET"]}}],"collection":[{"href":"https:\/\/dogpride.nl\/fr\/wp-json\/wp\/v2\/product"}],"about":[{"href":"https:\/\/dogpride.nl\/fr\/wp-json\/wp\/v2\/types\/product"}],"wp:featuredmedia":[{"embeddable":true,"href":"https:\/\/dogpride.nl\/fr\/wp-json\/wp\/v2\/media\/73481"}],"wp:attachment":[{"href":"https:\/\/dogpride.nl\/fr\/wp-json\/wp\/v2\/media?parent=73480"}],"wp:term":[{"taxonomy":"product_brand","embeddable":true,"href":"https:\/\/dogpride.nl\/fr\/wp-json\/wp\/v2\/product_brand?post=73480"},{"taxonomy":"product_cat","embeddable":true,"href":"https:\/\/dogpride.nl\/fr\/wp-json\/wp\/v2\/product_cat?post=73480"},{"taxonomy":"product_tag","embeddable":true,"href":"https:\/\/dogpride.nl\/fr\/wp-json\/wp\/v2\/product_tag?post=73480"}],"curies":[{"name":"wp","href":"https:\/\/api.w.org\/{rel}","templated":true}]}}