{"id":73476,"date":"2021-09-16T16:37:30","date_gmt":"2021-09-16T14:37:30","guid":{"rendered":"https:\/\/dogpride1.wpengine.com\/?post_type=product&#038;p=73476"},"modified":"2025-12-22T12:54:13","modified_gmt":"2025-12-22T11:54:13","slug":"precision-explosives-ryl-tetryl","status":"publish","type":"product","link":"https:\/\/dogpride.nl\/fr\/precision-explosives-ryl-tetryl\/","title":{"rendered":"PRECISION Explosives RYL Tetryl"},"content":{"rendered":"<h4 class=\"txt-title-fichier\">PRECISION Explosives RYL Tetryl<\/h4>\n<p>PRECISION Explosives RYL Tetryl. Deze fabrikant gebruikt het geurdrukproces om een \u200b\u200bhoog kwaliteitsniveau te garanderen.<\/p>\n<p>C&#039;est un syst\u00e8me d&#039;impr\u00e9gnation du vrai parfum du produit et non d&#039;un pseudo.<\/p>\n<p>Les produits Precision Explosives sont fabriqu\u00e9s aux \u00c9tats-Unis et fournissent des aides \u00e0 la formation pour les chiens d\u00e9tecteurs d&#039;explosifs.<br \/>\nIls permettent aux unit\u00e9s sp\u00e9cialis\u00e9es d&#039;acc\u00e9der \u00e0 de v\u00e9ritables odeurs explosives, sans aucun risque d&#039;explosion.<\/p>\n<p><span class=\"\">Ce type de produit ne n\u00e9cessite pas de permis de stockage, pas de restriction de transport ou de stockage sp\u00e9cifique aux unit\u00e9s.<\/span><\/p>\n<p>Les produits Precision Explosives rendent donc leur utilisation pratique pour toutes sortes d&#039;entra\u00eenements. Le proc\u00e9d\u00e9 de fabrication Precision Explosives garantit une pression d&#039;odeur plus \u00e9lev\u00e9e que certains vrais produits explosifs.<\/p>\n<p>Conserver dans un sac Mylar refermable. Tant que vous n&#039;avez pas ouvert ce sachet, la dur\u00e9e de conservation est illimit\u00e9e. La pochette minimise la quantit\u00e9 d&#039;espace libre autour du produit et emp\u00eache l&#039;\u00e9vaporation des odeurs. Le sachet permet \u00e9galement de ne pas contaminer le produit avec l&#039;ext\u00e9rieur.<\/p>\n<p><span class=\"\">Il est recommand\u00e9 de retirer et de manipuler le produit avec des gants en nitrile non poudr\u00e9s pour \u00e9viter la contamination humaine.<\/span><br \/>\nLa dur\u00e9e de conservation du produit apr\u00e8s utilisation d\u00e9pend de la manipulation et du stockage, elle peut varier d&#039;environ 4 \u00e0 6 mois. Un r\u00e9cent test de laboratoire effectu\u00e9 aux \u00c9tats-Unis a montr\u00e9 que seule l&#039;odeur du c\u00e2ble \u00e9tait pr\u00e9sente sur une impression usag\u00e9e de 4 mois. L&#039;\u00e9chantillon en question a \u00e9t\u00e9 utilis\u00e9 en formation et entra\u00eenement, manipul\u00e9 par plusieurs personnes tout en respectant les consignes de manipulation et de stockage.<\/p>\n<p>L&#039;impression d&#039;odeur est con\u00e7ue en scellant le m\u00e9dia filtrant entre deux disques en aluminium rivet\u00e9s. Aucune colle n&#039;est utilis\u00e9e dans le processus et l&#039;assemblage se fait \u00e0 la main dans un environnement de laboratoire, en prenant toutes les pr\u00e9cautions n\u00e9cessaires pour \u00e9viter tout risque de contamination lors de la fabrication.<\/p>\n<ul>\n<li><strong>Donn\u00e9es techniques:<\/strong><\/li>\n<\/ul>\n<p>Dimensions : diam\u00e8tre 7,6 cm, \u00e9paisseur 0,635 cm.<\/p>\n<p>Mat\u00e9riaux : m\u00e9dia filtrant de qualit\u00e9 laboratoire, 2 couches de protection en aluminium fix\u00e9es par des rivets et conserv\u00e9es dans l&#039;enveloppe en Mylar.<\/p>\n<p>Parfum : Vraiment explosif, trait\u00e9 selon une m\u00e9thode brevet\u00e9e<\/p>\n<p>Attribution : illimit\u00e9e tant que vous n&#039;avez pas ouvert le sac. Puis environ 4 \u00e0 6 mois une fois ouvert et produit utilis\u00e9 pour la formation. La r\u00e9frig\u00e9ration n&#039;est pas n\u00e9cessaire, mais une temp\u00e9rature froide \u00e0 l&#039;abri de la lumi\u00e8re directe du soleil prolongera la dur\u00e9e de conservation.<\/p>\n<p>Poids explosif \u00e9quivalent : L&#039;odeur disponible est bas\u00e9e sur la zone expos\u00e9e et non sur le poids total pr\u00e9sent.<\/p>\n<p>Applications : Le disque en aluminium doit \u00eatre plac\u00e9 dans une pochette en nylon, cordura ou autre, comme celles que nous vendons.\u00a0<span class=\"goog-text-highlight\">La poche doit \u00eatre utilis\u00e9e comme support perturbateur pendant la phase d&#039;entra\u00eenement.<\/span><\/p>\n<p><a href=\"https:\/\/dogpride.nl\/fr\/k9\/detectie\/detectie-geurstoffen\/precision-geurstoffen\/?product-page=2\"><img loading=\"lazy\" decoding=\"async\" class=\"alignnone\" title=\"PRECISION Explosives - RYL (Tetryl)\" src=\"https:\/\/dogpride.nl\/wp-content\/uploads\/RYL.jpg\" alt=\"PRECISION Explosives - RYL (Tetryl)\" width=\"130\" height=\"130\" \/><\/a><\/p>\n<h4 data-start=\"367\" data-end=\"471\"><strong data-start=\"369\" data-end=\"471\">PRECISION Explosives RYL Tetryl: veilige geurmaterialen voor professionele explosievendetectie<\/strong><\/h4>\n<p data-start=\"473\" data-end=\"848\">Voor veiligheidsdiensten, K9-trainers en forensische specialisten is het cruciaal om te beschikken over veilige, reproduceerbare en professionele geurmaterialen. PRECISION Explosives RYL Tetryl is ontwikkeld om detectieteams te trainen op herkenbare geurcomponenten die forensisch relevant zijn voor Tetryl, zonder dat er enige vorm van explosieve stof aanwezig is.<\/p>\n<p data-start=\"850\" data-end=\"1258\">Tetryl is historisch bekend als een militair explosief, maar vanwege de risico\u2019s en wettelijke beperkingen mag het nooit worden gebruikt in trainingssituaties. Daarom vormen laboratorium-gecontroleerde geurprofielen de enige veilige, effectieve en realistische manier om detectiehonden en sensoren te trainen. PRECISION Explosives levert hiervoor een non-hazardous, consistent en volledig legaal alternatief.<\/p>\n<hr data-start=\"1260\" data-end=\"1263\" \/>\n<h4 data-start=\"1265\" data-end=\"1315\"><strong data-start=\"1268\" data-end=\"1315\">Wat is PRECISION Explosives RYL Tetryl?<\/strong><\/h4>\n<p data-start=\"1317\" data-end=\"1403\"><strong>PRECISION Explosives RYL Tetryl<\/strong> is een synthetisch ontwikkeld geurprofiel dat:<\/p>\n<ul>\n<li data-start=\"1407\" data-end=\"1448\"><strong data-start=\"1407\" data-end=\"1440\">g\u00e9\u00e9n explosieve eigenschappen<\/strong> bezit<\/li>\n<li data-start=\"1451\" data-end=\"1492\">volledig <strong data-start=\"1460\" data-end=\"1487\">veilig en non-hazardous<\/strong> is<\/li>\n<li data-start=\"1495\" data-end=\"1557\">de relevante geurcomponenten van Tetryl realistisch nabootst<\/li>\n<li data-start=\"1560\" data-end=\"1620\">onder <strong data-start=\"1566\" data-end=\"1599\">strikte laboratoriumcondities<\/strong> wordt geproduceerd<\/li>\n<li data-start=\"1623\" data-end=\"1676\">ideaal is voor <strong data-start=\"1638\" data-end=\"1653\">K9-training<\/strong> \u00e9n <strong data-start=\"1657\" data-end=\"1676\">sensorvalidatie<\/strong><\/li>\n<\/ul>\n<p data-start=\"1678\" data-end=\"1839\">Omdat het product geen gevaarlijke stoffen bevat, kan het worden ingezet in vrijwel elke trainingsomgeving, van binnenruimtes tot mobiele trainings\u00adopstellingen.<\/p>\n<hr data-start=\"1841\" data-end=\"1844\" \/>\n<h4 data-start=\"1846\" data-end=\"1893\"><strong data-start=\"1849\" data-end=\"1893\">Waarom Tetryl detectie belangrijk blijft<\/strong><\/h4>\n<p data-start=\"1895\" data-end=\"2030\">Hoewel Tetryl tegenwoordig minder vaak voorkomt in moderne toepassingen, blijft het in forensische onderzoeken regelmatig voorkomen in:<\/p>\n<ul>\n<li data-start=\"2034\" data-end=\"2050\">oudere munitie<\/li>\n<li data-start=\"2053\" data-end=\"2079\">militaire opslagplaatsen<\/li>\n<li data-start=\"2082\" data-end=\"2117\">historische explosieve materialen<\/li>\n<li data-start=\"2120\" data-end=\"2147\">legacy-detectiescenario\u2019s<\/li>\n<\/ul>\n<p data-start=\"2149\" data-end=\"2376\">Daarom moeten detectieteams voorbereid zijn op het herkennen van de geurprofielen die geassocieerd worden met Tetryl.<br data-start=\"2266\" data-end=\"2269\" \/><strong>PRECISION Explosives RYL Tetryl<\/strong> biedt hiervoor een veilige, consistente en professionele oplossing.<\/p>\n<hr data-start=\"2378\" data-end=\"2381\" \/>\n<h4 data-start=\"2383\" data-end=\"2444\"><strong data-start=\"2386\" data-end=\"2444\">Voordelen voor K9-teams en technische detectiesystemen<\/strong><\/h4>\n<h4 data-start=\"2446\" data-end=\"2476\"><strong data-start=\"2450\" data-end=\"2476\">1. Volledig risicovrij<\/strong><\/h4>\n<p data-start=\"2477\" data-end=\"2605\">Het product bevat geen Tetryl of explosieve bestanddelen, waardoor het veilig is voor honden, trainers en trainingsfaciliteiten.<\/p>\n<h4 data-start=\"2607\" data-end=\"2639\"><strong data-start=\"2611\" data-end=\"2639\">2. Constante geurafgifte<\/strong><\/h4>\n<p data-start=\"2640\" data-end=\"2790\">Elke batch van <strong>PRECISION Explosives RYL Tetryl<\/strong> biedt dezelfde geurprofielen, wat essentieel is voor betrouwbare certificering en hercertificering.<\/p>\n<h4 data-start=\"2792\" data-end=\"2826\"><strong data-start=\"2796\" data-end=\"2826\">3. Realistisch geurprofiel<\/strong><\/h4>\n<p data-start=\"2827\" data-end=\"2951\">Gebaseerd op wetenschappelijke analyse van vluchtige componenten, zodat K9-teams effectief relevante sporen leren herkennen.<\/p>\n<h4 data-start=\"2953\" data-end=\"2994\"><strong data-start=\"2957\" data-end=\"2994\">4. Ideaal voor sensorontwikkeling<\/strong><\/h4>\n<p data-start=\"2995\" data-end=\"3049\">Professionele detectietechnologie kan met dit product:<\/p>\n<ul>\n<li data-start=\"3053\" data-end=\"3074\">worden gekalibreerd<\/li>\n<li data-start=\"3077\" data-end=\"3119\">worden getest in realistische scenario\u2019s<\/li>\n<li data-start=\"3122\" data-end=\"3169\">worden geverifieerd voor operationeel gebruik<\/li>\n<\/ul>\n<h4 data-start=\"3171\" data-end=\"3217\"><strong data-start=\"3175\" data-end=\"3217\">5. Geschikt voor elk trainingsscenario<\/strong><\/h4>\n<p data-start=\"3218\" data-end=\"3347\">Van gebouwinspecties en voertuigtraining tot logistieke omgevingen \u2014 het product is flexibel te gebruiken zonder speciale opslag.<\/p>\n<p data-start=\"3218\" data-end=\"3347\"><a href=\"https:\/\/dogpride.nl\/fr\/k9\/detectie\/detectie-geurstoffen\/precision-geurstoffen\/?product-page=2\"><img loading=\"lazy\" decoding=\"async\" class=\"alignnone\" title=\"PRECISION Explosives - RYL (Tetryl)\" src=\"https:\/\/dogpride.nl\/wp-content\/uploads\/RYL.jpg\" alt=\"PRECISION Explosives - RYL (Tetryl)\" width=\"130\" height=\"130\" \/><\/a><\/p>\n<h4 data-start=\"3354\" data-end=\"3413\"><strong data-start=\"3357\" data-end=\"3413\">Toepassingen van PRECISION Explosives RYL Tetryl<\/strong><\/h4>\n<p data-start=\"3415\" data-end=\"3461\">Dit geurprofiel wordt wereldwijd ingezet door:<\/p>\n<ul>\n<li data-start=\"3465\" data-end=\"3500\">politie- en militaire K9-eenheden<\/li>\n<li data-start=\"3503\" data-end=\"3528\">douane en grensbewaking<\/li>\n<li data-start=\"3531\" data-end=\"3569\">explosievendetectie-opleidingscentra<\/li>\n<li data-start=\"3572\" data-end=\"3606\">forensische onderzoeksinstituten<\/li>\n<li data-start=\"3609\" data-end=\"3645\">ontwikkelaars van detectiesensoren<\/li>\n<\/ul>\n<p data-start=\"3647\" data-end=\"3788\">Omdat het product volledig non-hazardous is, kan het zonder vergunningen worden gebruikt in educatieve, operationele en onderzoeksomgevingen.<\/p>\n<hr data-start=\"3790\" data-end=\"3793\" \/>\n<h4 data-start=\"3795\" data-end=\"3811\"><strong data-start=\"3798\" data-end=\"3811\">Conclusie<\/strong><\/h4>\n<p data-start=\"3813\" data-end=\"4179\"><strong>PRECISION Explosives RYL Tetryl<\/strong> biedt een veilige, betrouwbare en hoogwaardige methode om Tetryl-gerelateerde geurcomponenten te trainen zonder enige explosieve risico\u2019s. Het product ondersteunt K9-teams, forensische specialisten en technologische systemen bij het voorbereiden op realistische detectiescenario\u2019s \u2014 volledig legaal en met maximale veiligheid.<\/p>\n<p data-start=\"3813\" data-end=\"4179\"><a href=\"https:\/\/www.pre-exp.com\/\" target=\"_blank\" rel=\"noopener\"><img loading=\"lazy\" decoding=\"async\" class=\"alignnone wp-image-145806 size-full\" title=\"PRECISION Explosives - RYL (Tetryl)\" src=\"https:\/\/dogpride.nl\/wp-content\/uploads\/Logo-9.jpg\" alt=\"PRECISION Explosives - RYL (Tetryl)\" width=\"124\" height=\"91\" srcset=\"https:\/\/dogpride.nl\/wp-content\/uploads\/Logo-9.jpg 124w, https:\/\/dogpride.nl\/wp-content\/uploads\/Logo-9-16x12.jpg 16w\" sizes=\"auto, (max-width: 124px) 100vw, 124px\" \/><\/a><\/p>","protected":false},"excerpt":{"rendered":"<p class=\"txt-title-fichier\"><strong>PRECISION Explosives RYL Tetryl<\/strong> is ontwikkeld om detectieteams te trainen op herkenbare geurcomponenten die forensisch relevant zijn voor Tetryl, zonder dat er enige vorm van explosieve stof aanwezig is.<\/p>","protected":false},"featured_media":73477,"template":"","meta":[],"product_brand":[],"product_cat":[4021],"product_tag":[3147,3148,16078,3235,16134,3230,9747,10369,16074,16198,3240,3259,16206,3262,16208,3228,16102,3243,3229,3263,16207,3232,16200],"class_list":{"0":"post-73476","1":"product","2":"type-product","3":"status-publish","4":"has-post-thumbnail","6":"product_cat-precision-geurstoffen","7":"product_tag-detectie-geurstof","8":"product_tag-detectiehond","9":"product_tag-detectiehonden-explosieven","10":"product_tag-detectietraining","11":"product_tag-explosieven-geurprofilering","12":"product_tag-explosievendetectie","13":"product_tag-explosievendetectie-training","14":"product_tag-forensische-detectie","15":"product_tag-geurmaterialen-detectie","16":"product_tag-non-hazardous-explosieven-training","17":"product_tag-nosework","18":"product_tag-precision-explosives","19":"product_tag-precision-explosives-ryl","20":"product_tag-ryl","21":"product_tag-ryl-detectie-training","22":"product_tag-scent-detection","23":"product_tag-sensor-kalibratie-explosieven","24":"product_tag-simulatiemiddel","25":"product_tag-sniffer-dogs","26":"product_tag-teryl","27":"product_tag-tetryl-geurprofiel","28":"product_tag-trainingssimulant","29":"product_tag-veiligheidsdiensten-explosieven-training","30":"product_shipping_class-vast-tarief-eu-overig","32":"first","33":"instock","34":"taxable","35":"shipping-taxable","36":"purchasable","37":"product-type-simple"},"mb":[],"mfb_rest_fields":["title"],"_links":{"self":[{"href":"https:\/\/dogpride.nl\/fr\/wp-json\/wp\/v2\/product\/73476","targetHints":{"allow":["GET"]}}],"collection":[{"href":"https:\/\/dogpride.nl\/fr\/wp-json\/wp\/v2\/product"}],"about":[{"href":"https:\/\/dogpride.nl\/fr\/wp-json\/wp\/v2\/types\/product"}],"wp:featuredmedia":[{"embeddable":true,"href":"https:\/\/dogpride.nl\/fr\/wp-json\/wp\/v2\/media\/73477"}],"wp:attachment":[{"href":"https:\/\/dogpride.nl\/fr\/wp-json\/wp\/v2\/media?parent=73476"}],"wp:term":[{"taxonomy":"product_brand","embeddable":true,"href":"https:\/\/dogpride.nl\/fr\/wp-json\/wp\/v2\/product_brand?post=73476"},{"taxonomy":"product_cat","embeddable":true,"href":"https:\/\/dogpride.nl\/fr\/wp-json\/wp\/v2\/product_cat?post=73476"},{"taxonomy":"product_tag","embeddable":true,"href":"https:\/\/dogpride.nl\/fr\/wp-json\/wp\/v2\/product_tag?post=73476"}],"curies":[{"name":"wp","href":"https:\/\/api.w.org\/{rel}","templated":true}]}}