{"id":73472,"date":"2021-09-16T16:33:41","date_gmt":"2021-09-16T14:33:41","guid":{"rendered":"https:\/\/dogpride1.wpengine.com\/?post_type=product&#038;p=73472"},"modified":"2025-12-22T13:40:16","modified_gmt":"2025-12-22T12:40:16","slug":"precision-explosives-petn","status":"publish","type":"product","link":"https:\/\/dogpride.nl\/fr\/precision-explosives-petn\/","title":{"rendered":"PRECISION Explosives PETN"},"content":{"rendered":"<h4 class=\"txt-title-fichier\">PRECISION Explosives PETN<\/h4>\n<p><span class=\"\">PRECISION Explosives PETN. Deze fabrikant gebruikt het geurdrukproces om een \u200b\u200bhoog kwaliteitsniveau te garanderen.<\/span><\/p>\n<p>C&#039;est un syst\u00e8me d&#039;impr\u00e9gnation du vrai parfum du produit et non d&#039;un pseudo.<\/p>\n<p>Les produits Precision Explosives sont fabriqu\u00e9s aux \u00c9tats-Unis et fournissent des aides \u00e0 la formation pour les chiens d\u00e9tecteurs d&#039;explosifs.<br \/>\nIls permettent aux unit\u00e9s sp\u00e9cialis\u00e9es d&#039;acc\u00e9der \u00e0 de v\u00e9ritables odeurs explosives, sans aucun risque d&#039;explosion.<\/p>\n<p>Ce type de produit ne n\u00e9cessite pas de permis de stockage, pas de restriction de transport ou de stockage sp\u00e9cifique aux unit\u00e9s.<\/p>\n<p>Les produits Precision Explosives rendent donc leur utilisation pratique pour toutes sortes d&#039;entra\u00eenements. Le proc\u00e9d\u00e9 de fabrication Precision Explosives garantit une pression d&#039;odeur plus \u00e9lev\u00e9e que certains vrais produits explosifs.<\/p>\n<p>Conserver dans un sac Mylar refermable. Tant que vous n&#039;avez pas ouvert ce sachet, la dur\u00e9e de conservation est illimit\u00e9e. La pochette minimise la quantit\u00e9 d&#039;espace libre autour du produit et emp\u00eache l&#039;\u00e9vaporation des odeurs. Le sachet permet \u00e9galement de ne pas contaminer le produit avec l&#039;ext\u00e9rieur.<\/p>\n<p>Il est recommand\u00e9 de retirer et de manipuler le produit avec des gants en nitrile non poudr\u00e9s pour \u00e9viter la contamination humaine.<br \/>\nLa dur\u00e9e de conservation du produit apr\u00e8s utilisation d\u00e9pend de la manipulation et du stockage, elle peut varier d&#039;environ 4 \u00e0 6 mois. Un r\u00e9cent test de laboratoire effectu\u00e9 aux \u00c9tats-Unis a montr\u00e9 que seule l&#039;odeur du c\u00e2ble \u00e9tait pr\u00e9sente sur une impression usag\u00e9e de 4 mois. L&#039;\u00e9chantillon en question a \u00e9t\u00e9 utilis\u00e9 en formation et entra\u00eenement, manipul\u00e9 par plusieurs personnes tout en respectant les consignes de manipulation et de stockage.<\/p>\n<p>L&#039;impression d&#039;odeur est con\u00e7ue en scellant le m\u00e9dia filtrant entre deux disques en aluminium rivet\u00e9s. Aucune colle n&#039;est utilis\u00e9e dans le processus et l&#039;assemblage se fait \u00e0 la main dans un environnement de laboratoire, en prenant toutes les pr\u00e9cautions n\u00e9cessaires pour \u00e9viter tout risque de contamination lors de la fabrication.<\/p>\n<ul>\n<li><strong>Donn\u00e9es techniques:<\/strong><\/li>\n<\/ul>\n<p>Dimensions : diam\u00e8tre 7,6 cm, \u00e9paisseur 0,635 cm.<\/p>\n<p>Mat\u00e9riaux : m\u00e9dia filtrant de qualit\u00e9 laboratoire, 2 couches de protection en aluminium fix\u00e9es par des rivets et conserv\u00e9es dans l&#039;enveloppe en Mylar.<\/p>\n<p>Parfum : Vraiment explosif, trait\u00e9 selon une m\u00e9thode brevet\u00e9e<\/p>\n<p>Attribution : illimit\u00e9e tant que vous n&#039;avez pas ouvert le sac. Puis environ 4 \u00e0 6 mois une fois ouvert et produit utilis\u00e9 pour la formation. La r\u00e9frig\u00e9ration n&#039;est pas n\u00e9cessaire, mais une temp\u00e9rature froide \u00e0 l&#039;abri de la lumi\u00e8re directe du soleil prolongera la dur\u00e9e de conservation.<\/p>\n<p>Poids explosif \u00e9quivalent : L&#039;odeur disponible est bas\u00e9e sur la zone expos\u00e9e et non sur le poids total pr\u00e9sent.<\/p>\n<p>Applications : Le disque en aluminium doit \u00eatre plac\u00e9 dans une pochette en nylon, cordura ou autre, comme celles que nous vendons.\u00a0<span class=\"goog-text-highlight\">La poche doit \u00eatre utilis\u00e9e comme support perturbateur pendant la phase d&#039;entra\u00eenement.<\/span><\/p>\n<p><a href=\"https:\/\/dogpride.nl\/fr\/k9\/detectie\/detectie-geurstoffen\/precision-geurstoffen\/?product-page=2\"><img loading=\"lazy\" decoding=\"async\" class=\"alignnone\" title=\"PRECISION Explosives - PETN\" src=\"https:\/\/dogpride.nl\/wp-content\/uploads\/PETN.jpg\" alt=\"PRECISION Explosives - PETN\" width=\"156\" height=\"156\" \/><\/a><\/p>\n<h4 data-start=\"366\" data-end=\"459\"><strong data-start=\"368\" data-end=\"459\">PRECISION Explosives PETN: veilige geurmaterialen voor professionele detectietraining<\/strong><\/h4>\n<p data-start=\"461\" data-end=\"871\">Binnen de wereld van explosievendetectie, grensbewaking en forensisch onderzoek groeit de noodzaak aan veilige, reproduceerbare en hoogwaardige geurmaterialen. <strong data-start=\"621\" data-end=\"652\">PRECISION Explosives PETN<\/strong> is speciaal ontwikkeld om detectiehonden, forensische specialisten en geavanceerde detectiesystemen te trainen op geurcomponenten die geassocieerd worden met PETN &#8211; volledig zonder explosieve eigenschappen of risico\u2019s.<\/p>\n<p data-start=\"873\" data-end=\"1275\">PETN is in forensische context bekend als een hoogenergetische stof die voorkomt in bepaalde militaire en industri\u00eble explosieven. Omdat de echte stof te gevaarlijk en wettelijk verboden is voor trainingssituaties, vormen synthetische geurprofielen de enige veilige en realistische optie. PRECISION Explosives levert deze geurprofielen in een volledig non-hazardous, consistent en professioneel format.<\/p>\n<hr data-start=\"1277\" data-end=\"1280\" \/>\n<h4 data-start=\"1282\" data-end=\"1324\"><strong data-start=\"1285\" data-end=\"1324\">Wat is PRECISION Explosives PETN?<\/strong><\/h4>\n<p data-start=\"1326\" data-end=\"1407\"><strong data-start=\"1326\" data-end=\"1357\">PRECISION Explosives PETN<\/strong> is een laboratorium-geproduceerd geurprofiel dat:<\/p>\n<ul>\n<li data-start=\"1411\" data-end=\"1446\"><strong data-start=\"1411\" data-end=\"1438\">g\u00e9\u00e9n explosieve werking<\/strong> bevat<\/li>\n<li data-start=\"1449\" data-end=\"1490\">volledig <strong data-start=\"1458\" data-end=\"1475\">non-hazardous<\/strong> en veilig is<\/li>\n<li data-start=\"1493\" data-end=\"1555\">de relevante geurcomponenten van PETN natuurgetrouw nabootst<\/li>\n<li data-start=\"1558\" data-end=\"1613\">onder <strong data-start=\"1564\" data-end=\"1594\">strikte kwaliteitscontrole<\/strong> wordt ontwikkeld<\/li>\n<li data-start=\"1616\" data-end=\"1669\">ideaal is voor <strong data-start=\"1631\" data-end=\"1646\">K9-training<\/strong> et <strong data-start=\"1650\" data-end=\"1669\">sensorvalidatie<\/strong><\/li>\n<\/ul>\n<p data-start=\"1671\" data-end=\"1814\">Dankzij het veilige karakter kan het product worden gebruikt in vrijwel elke trainingsomgeving, van binnenruimtes tot mobiele detectielocaties.<\/p>\n<hr data-start=\"1816\" data-end=\"1819\" \/>\n<h4 data-start=\"1821\" data-end=\"1862\"><strong data-start=\"1824\" data-end=\"1862\">Waarom PETN-detectie belangrijk is<\/strong><\/h4>\n<p data-start=\"1864\" data-end=\"2010\">PETN blijft een relevant onderwerp binnen internationale veiligheidsoperaties en forensisch onderzoek. Het is daarom essentieel dat detectieteams:<\/p>\n<ul>\n<li data-start=\"2014\" data-end=\"2053\">geursporen effectief kunnen herkennen<\/li>\n<li data-start=\"2056\" data-end=\"2098\">consistent en betrouwbaar kunnen trainen<\/li>\n<li data-start=\"2101\" data-end=\"2143\">realistische scenario\u2019s kunnen nabootsen<\/li>\n<li data-start=\"2146\" data-end=\"2192\">voorbereid zijn op incidenten in de praktijk<\/li>\n<\/ul>\n<p data-start=\"2194\" data-end=\"2328\">De <strong data-start=\"2198\" data-end=\"2229\">PRECISION Explosives PETN<\/strong> wordt dit mogelijk zonder de gevaren, vergunningen of logistieke beperkingen van echte materialen.<\/p>\n<hr data-start=\"2330\" data-end=\"2333\" \/>\n<h4 data-start=\"2335\" data-end=\"2388\"><strong data-start=\"2338\" data-end=\"2388\">Voordelen voor K9-teams en detectietechnologie<\/strong><\/h4>\n<h4 data-start=\"2390\" data-end=\"2422\"><strong data-start=\"2394\" data-end=\"2420\">1. Maximale veiligheid<\/strong><\/h4>\n<p data-start=\"2423\" data-end=\"2525\">Het product bevat geen PETN en vormt geen enkel risico voor honden, trainers of trainingsfaciliteiten.<\/p>\n<h4 data-start=\"2527\" data-end=\"2571\"><strong data-start=\"2531\" data-end=\"2569\">2. Reproduceerbare geurkwaliteiten<\/strong><\/h4>\n<p data-start=\"2572\" data-end=\"2695\">Elke batch van PRECISION Explosives PETN levert dezelfde geurconsistentie, ideaal voor certificering en hercertificering.<\/p>\n<h4 data-start=\"2697\" data-end=\"2742\"><strong data-start=\"2701\" data-end=\"2740\">3. Realistisch maar volledig legaal<\/strong><\/h4>\n<p data-start=\"2743\" data-end=\"2846\">De geurcomponenten zijn gebaseerd op wetenschappelijke analyse van PETN-gerelateerde vluchtige stoffen.<\/p>\n<h4 data-start=\"2848\" data-end=\"2892\"><strong data-start=\"2852\" data-end=\"2890\">4. Compatibel met detectiesensoren<\/strong><\/h4>\n<p data-start=\"2893\" data-end=\"2940\">Professionals gebruiken dit geurmateriaal voor:<\/p>\n<ul>\n<li data-start=\"2944\" data-end=\"2961\">sensorvalidatie<\/li>\n<li data-start=\"2964\" data-end=\"3001\">kalibratie van explosievendetectors<\/li>\n<li data-start=\"3004\" data-end=\"3048\">testopstellingen in beveiligingsomgevingen<\/li>\n<\/ul>\n<h4 data-start=\"3050\" data-end=\"3094\"><strong data-start=\"3054\" data-end=\"3092\">5. Breed inzetbaar in elk scenario<\/strong><\/h4>\n<p data-start=\"3095\" data-end=\"3122\">Het product is ideaal voor:<\/p>\n<ul>\n<li data-start=\"3126\" data-end=\"3157\">voertuig- en bagageoefeningen<\/li>\n<li data-start=\"3160\" data-end=\"3178\">gebouwinspecties<\/li>\n<li data-start=\"3181\" data-end=\"3214\">grootschalige scenario-training<\/li>\n<li data-start=\"3217\" data-end=\"3251\">forensische onderwijsprogramma\u2019s<\/li>\n<li data-start=\"3254\" data-end=\"3287\">grens- en luchthavenbeveiliging<\/li>\n<\/ul>\n<p><a href=\"https:\/\/dogpride.nl\/fr\/k9\/detectie\/detectie-geurstoffen\/precision-geurstoffen\/?product-page=2\"><img loading=\"lazy\" decoding=\"async\" class=\"alignnone\" title=\"PRECISION Explosives - PETN\" src=\"https:\/\/dogpride.nl\/wp-content\/uploads\/PETN.jpg\" alt=\"PRECISION Explosives - PETN\" width=\"156\" height=\"156\" \/><\/a><\/p>\n<hr data-start=\"3289\" data-end=\"3292\" \/>\n<h4 data-start=\"3294\" data-end=\"3345\"><strong data-start=\"3297\" data-end=\"3345\">Toepassingen van PRECISION Explosives PETN<\/strong><\/h4>\n<p data-start=\"3347\" data-end=\"3393\">Dit geurprofiel wordt wereldwijd ingezet door:<\/p>\n<ul>\n<li data-start=\"3397\" data-end=\"3432\">politie- en militaire K9-eenheden<\/li>\n<li data-start=\"3435\" data-end=\"3467\">douane- en grensbewakingsteams<\/li>\n<li data-start=\"3470\" data-end=\"3500\">forensische opleidingscentra<\/li>\n<li data-start=\"3503\" data-end=\"3542\">ontwikkelaars van detectietechnologie<\/li>\n<li data-start=\"3545\" data-end=\"3568\">onderzoekslaboratoria<\/li>\n<\/ul>\n<p data-start=\"3570\" data-end=\"3704\">Doordat het product volledig non-hazardous is, zijn geen speciale vergunningen, veiligheidszones of complexe opslagprocedures vereist.<\/p>\n<hr data-start=\"3706\" data-end=\"3709\" \/>\n<h4 data-start=\"3711\" data-end=\"3727\"><strong data-start=\"3714\" data-end=\"3727\">Conclusie<\/strong><\/h4>\n<p data-start=\"3729\" data-end=\"4084\"><strong data-start=\"3729\" data-end=\"3760\">PRECISION Explosives PETN<\/strong> biedt een betrouwbare, veilige en wetenschappelijk onderbouwde oplossing voor professionele detectietraining. Met zorgvuldig ontwikkelde geurprofielen, zonder explosieve eigenschappen, ondersteunt dit product K9-teams, forensische specialisten en detectiesystemen in hun voorbereiding op realistische en kritieke situaties.<\/p>\n<p data-start=\"3729\" data-end=\"4084\"><a href=\"https:\/\/www.pre-exp.com\/\" target=\"_blank\" rel=\"noopener\"><img loading=\"lazy\" decoding=\"async\" class=\"alignnone wp-image-145806 size-full\" title=\"PRECISION Explosives - PETN\" src=\"https:\/\/dogpride.nl\/wp-content\/uploads\/Logo-9.jpg\" alt=\"PRECISION Explosives - PETN\" width=\"124\" height=\"91\" srcset=\"https:\/\/dogpride.nl\/wp-content\/uploads\/Logo-9.jpg 124w, https:\/\/dogpride.nl\/wp-content\/uploads\/Logo-9-16x12.jpg 16w\" sizes=\"auto, (max-width: 124px) 100vw, 124px\" \/><\/a><\/p>","protected":false},"excerpt":{"rendered":"<p class=\"txt-title-fichier\"><strong data-start=\"621\" data-end=\"652\">PRECISION Explosives PETN<\/strong> is speciaal ontwikkeld om detectiehonden, forensische specialisten en geavanceerde detectiesystemen te trainen op geurcomponenten die geassocieerd worden met PETN &#8211; volledig zonder explosieve eigenschappen of risico\u2019s.<\/p>","protected":false},"featured_media":73475,"template":"","meta":[],"product_brand":[],"product_cat":[4021],"product_tag":[3147,3148,16078,3235,16134,3230,16108,10369,16074,16198,3240,3238,15030,16210,3259,16209,3228,16102,3243,3229,3232,16211],"class_list":{"0":"post-73472","1":"product","2":"type-product","3":"status-publish","4":"has-post-thumbnail","6":"product_cat-precision-geurstoffen","7":"product_tag-detectie-geurstof","8":"product_tag-detectiehond","9":"product_tag-detectiehonden-explosieven","10":"product_tag-detectietraining","11":"product_tag-explosieven-geurprofilering","12":"product_tag-explosievendetectie","13":"product_tag-explosievendetectie-k9","14":"product_tag-forensische-detectie","15":"product_tag-geurmaterialen-detectie","16":"product_tag-non-hazardous-explosieven-training","17":"product_tag-nosework","18":"product_tag-petn","19":"product_tag-petn-detectie-training","20":"product_tag-petn-geurprofiel-training","21":"product_tag-precision-explosives","22":"product_tag-precision-explosives-petn","23":"product_tag-scent-detection","24":"product_tag-sensor-kalibratie-explosieven","25":"product_tag-simulatiemiddel","26":"product_tag-sniffer-dogs","27":"product_tag-trainingssimulant","28":"product_tag-veiligheidsdiensten-training-petn","29":"product_shipping_class-vast-tarief-eu-overig","31":"first","32":"instock","33":"taxable","34":"shipping-taxable","35":"purchasable","36":"product-type-simple"},"mb":[],"mfb_rest_fields":["title"],"_links":{"self":[{"href":"https:\/\/dogpride.nl\/fr\/wp-json\/wp\/v2\/product\/73472","targetHints":{"allow":["GET"]}}],"collection":[{"href":"https:\/\/dogpride.nl\/fr\/wp-json\/wp\/v2\/product"}],"about":[{"href":"https:\/\/dogpride.nl\/fr\/wp-json\/wp\/v2\/types\/product"}],"wp:featuredmedia":[{"embeddable":true,"href":"https:\/\/dogpride.nl\/fr\/wp-json\/wp\/v2\/media\/73475"}],"wp:attachment":[{"href":"https:\/\/dogpride.nl\/fr\/wp-json\/wp\/v2\/media?parent=73472"}],"wp:term":[{"taxonomy":"product_brand","embeddable":true,"href":"https:\/\/dogpride.nl\/fr\/wp-json\/wp\/v2\/product_brand?post=73472"},{"taxonomy":"product_cat","embeddable":true,"href":"https:\/\/dogpride.nl\/fr\/wp-json\/wp\/v2\/product_cat?post=73472"},{"taxonomy":"product_tag","embeddable":true,"href":"https:\/\/dogpride.nl\/fr\/wp-json\/wp\/v2\/product_tag?post=73472"}],"curies":[{"name":"wp","href":"https:\/\/api.w.org\/{rel}","templated":true}]}}