{"id":73470,"date":"2021-09-16T16:09:20","date_gmt":"2021-09-16T14:09:20","guid":{"rendered":"https:\/\/dogpride1.wpengine.com\/?post_type=product&#038;p=73470"},"modified":"2025-12-22T13:41:27","modified_gmt":"2025-12-22T12:41:27","slug":"precision-explosives-c4","status":"publish","type":"product","link":"https:\/\/dogpride.nl\/fr\/precision-explosives-c4\/","title":{"rendered":"PRECISION Explosives C4"},"content":{"rendered":"<h4 class=\"txt-title-fichier\">PRECISION Explosives C4<\/h4>\n<p>PRECISION Explosives C4. Deze fabrikant gebruikt het geurdrukproces om een \u200b\u200bhoog kwaliteitsniveau te garanderen.<\/p>\n<p>C&#039;est un syst\u00e8me d&#039;impr\u00e9gnation du vrai parfum du produit et non d&#039;un pseudo.<\/p>\n<p>Les produits Precision Explosives sont fabriqu\u00e9s aux \u00c9tats-Unis et fournissent des aides \u00e0 la formation pour les chiens d\u00e9tecteurs d&#039;explosifs.<br \/>\nIls permettent aux unit\u00e9s sp\u00e9cialis\u00e9es d&#039;acc\u00e9der \u00e0 de v\u00e9ritables odeurs explosives, sans aucun risque d&#039;explosion.<\/p>\n<p>Ce type de produit ne n\u00e9cessite pas de permis de stockage, pas de restriction de transport ou de stockage sp\u00e9cifique aux unit\u00e9s.<\/p>\n<p>Les produits Precision Explosives rendent donc leur utilisation pratique pour toutes sortes d&#039;entra\u00eenements. Le proc\u00e9d\u00e9 de fabrication Precision Explosives garantit une pression d&#039;odeur plus \u00e9lev\u00e9e que certains vrais produits explosifs.<\/p>\n<p>Conserver dans un sac Mylar refermable. Tant que vous n&#039;avez pas ouvert ce sachet, la dur\u00e9e de conservation est illimit\u00e9e. La pochette minimise la quantit\u00e9 d&#039;espace libre autour du produit et emp\u00eache l&#039;\u00e9vaporation des odeurs. Le sachet permet \u00e9galement de ne pas contaminer le produit avec l&#039;ext\u00e9rieur.<\/p>\n<p>Il est recommand\u00e9 de retirer et de manipuler le produit avec des gants en nitrile non poudr\u00e9s pour \u00e9viter la contamination humaine.<br \/>\nLa dur\u00e9e de conservation du produit apr\u00e8s utilisation d\u00e9pend de la manipulation et du stockage, elle peut varier d&#039;environ 4 \u00e0 6 mois. Un r\u00e9cent test de laboratoire effectu\u00e9 aux \u00c9tats-Unis a montr\u00e9 que seule l&#039;odeur du c\u00e2ble \u00e9tait pr\u00e9sente sur une impression usag\u00e9e de 4 mois. L&#039;\u00e9chantillon en question a \u00e9t\u00e9 utilis\u00e9 en formation et entra\u00eenement, manipul\u00e9 par plusieurs personnes tout en respectant les consignes de manipulation et de stockage.<\/p>\n<p>L&#039;impression d&#039;odeur est con\u00e7ue en scellant le m\u00e9dia filtrant entre deux disques en aluminium rivet\u00e9s. Aucune colle n&#039;est utilis\u00e9e dans le processus et l&#039;assemblage se fait \u00e0 la main dans un environnement de laboratoire, en prenant toutes les pr\u00e9cautions n\u00e9cessaires pour \u00e9viter tout risque de contamination lors de la fabrication.<\/p>\n<ul>\n<li><strong>Donn\u00e9es techniques:<\/strong><\/li>\n<\/ul>\n<p>Dimensions : diam\u00e8tre 7,6 cm, \u00e9paisseur 0,635 cm.<\/p>\n<p>Mat\u00e9riaux : m\u00e9dia filtrant de qualit\u00e9 laboratoire, 2 couches de protection en aluminium fix\u00e9es par des rivets et conserv\u00e9es dans l&#039;enveloppe en Mylar.<\/p>\n<p>Parfum : Vraiment explosif, trait\u00e9 selon une m\u00e9thode brevet\u00e9e<\/p>\n<p>Attribution : illimit\u00e9e tant que vous n&#039;avez pas ouvert le sac. Puis environ 4 \u00e0 6 mois une fois ouvert et produit utilis\u00e9 pour la formation. La r\u00e9frig\u00e9ration n&#039;est pas n\u00e9cessaire, mais une temp\u00e9rature froide \u00e0 l&#039;abri de la lumi\u00e8re directe du soleil prolongera la dur\u00e9e de conservation.<\/p>\n<p>Poids explosif \u00e9quivalent : L&#039;odeur disponible est bas\u00e9e sur la zone expos\u00e9e et non sur le poids total pr\u00e9sent.<\/p>\n<p><span class=\"goog-text-highlight\">Applications : Le disque en aluminium doit \u00eatre plac\u00e9 dans une pochette en nylon, cordura ou autre, comme celles que nous vendons.\u00a0<\/span>La poche doit \u00eatre utilis\u00e9e comme support perturbateur pendant la phase d&#039;entra\u00eenement.<\/p>\n<p><a href=\"https:\/\/dogpride.nl\/fr\/k9\/detectie\/detectie-geurstoffen\/precision-geurstoffen\/?product-page=2\"><img loading=\"lazy\" decoding=\"async\" class=\"alignnone\" title=\"PRECISION Explosives - C4\" src=\"https:\/\/dogpride.nl\/wp-content\/uploads\/C4.jpg\" alt=\"PRECISION Explosives - C4\" width=\"122\" height=\"122\" \/><\/a><\/p>\n<h4 data-start=\"366\" data-end=\"460\"><strong data-start=\"368\" data-end=\"460\">PRECISION Explosives C4: veilige geurmaterialen voor professionele explosievendetectie<\/strong><\/h4>\n<p data-start=\"462\" data-end=\"867\">Binnen K9-opleidingscentra, forensische instellingen, grensbewaking en veiligheidsdiensten is het cruciaal om te kunnen trainen met materialen die zowel realistisch als volledig veilig zijn. <strong data-start=\"653\" data-end=\"682\">PRECISION Explosives C4<\/strong> is ontworpen om detectiehonden en geavanceerde detectiesensoren te trainen op geurcomponenten die worden geassocieerd met C4 &#8211; zonder dat er ook maar \u00e9\u00e9n explosieve stof aanwezig is.<\/p>\n<p data-start=\"869\" data-end=\"1166\">C4 is internationaal bekend als een hoogenergetisch militair explosief. Omdat de stof zelf gevaarlijk en wettelijk ontoegankelijk is voor training, zijn synthetische, gecontroleerde geurprofielen de enige professionele en veilige manier om detectieteams voor te bereiden op operationele situaties.<\/p>\n<hr data-start=\"1168\" data-end=\"1171\" \/>\n<h4 data-start=\"1173\" data-end=\"1213\"><strong data-start=\"1176\" data-end=\"1213\">Wat is PRECISION Explosives C4?<\/strong><\/h4>\n<p data-start=\"1215\" data-end=\"1297\"><strong data-start=\"1215\" data-end=\"1244\">PRECISION Explosives C4<\/strong> is een laboratorium-gecontroleerd geurmateriaal dat:<\/p>\n<ul>\n<li data-start=\"1301\" data-end=\"1342\"><strong data-start=\"1301\" data-end=\"1334\">g\u00e9\u00e9n explosieve eigenschappen<\/strong> bevat<\/li>\n<li data-start=\"1345\" data-end=\"1376\">volledig <strong data-start=\"1354\" data-end=\"1371\">non-hazardous<\/strong> is<\/li>\n<li data-start=\"1379\" data-end=\"1429\">geurcomponenten van C4 <strong data-start=\"1402\" data-end=\"1427\">realistisch simuleert<\/strong><\/li>\n<li data-start=\"1432\" data-end=\"1491\">ontwikkeld is voor <strong data-start=\"1451\" data-end=\"1466\">K9-training<\/strong> \u00e9n <strong data-start=\"1470\" data-end=\"1489\">sensorvalidatie<\/strong><\/li>\n<li data-start=\"1494\" data-end=\"1557\">elke batch een <strong data-start=\"1509\" data-end=\"1549\">stabiel, reproduceerbaar geurprofiel<\/strong> biedt<\/li>\n<\/ul>\n<p data-start=\"1559\" data-end=\"1723\">Dankzij deze betrouwbaarheid kunnen trainers consistent werken, certificeren en realistische scenario\u2019s opbouwen zonder veiligheidsrisico\u2019s of vergunningsvereisten.<\/p>\n<hr data-start=\"1725\" data-end=\"1728\" \/>\n<h4 data-start=\"1730\" data-end=\"1769\"><strong data-start=\"1733\" data-end=\"1769\">Waarom C4 detectie belangrijk is<\/strong><\/h4>\n<p data-start=\"1771\" data-end=\"1948\">Hoewel C4 zelf nooit aanwezig mag zijn in een trainingsomgeving, blijft het een belangrijke component in veel forensische en veiligheidsonderzoeken. Detectieteams moeten daarom:<\/p>\n<ul>\n<li data-start=\"1952\" data-end=\"1993\">geursporen gerelateerd aan C4 herkennen<\/li>\n<li data-start=\"1996\" data-end=\"2036\">realistisch maar veilig kunnen trainen<\/li>\n<li data-start=\"2039\" data-end=\"2093\">ervaring opdoen met uiteenlopende detectiescenario\u2019s<\/li>\n<li data-start=\"2096\" data-end=\"2137\">voorbereid zijn op daadwerkelijke inzet<\/li>\n<\/ul>\n<p data-start=\"2139\" data-end=\"2251\"><strong data-start=\"2139\" data-end=\"2168\">PRECISION Explosives C4<\/strong> maakt dit mogelijk zonder gevaar, juridische beperkingen of complexe opslagregels.<\/p>\n<hr data-start=\"2253\" data-end=\"2256\" \/>\n<h4 data-start=\"2258\" data-end=\"2308\"><strong data-start=\"2261\" data-end=\"2308\">Voordelen voor K9-teams en detectiesensoren<\/strong><\/h4>\n<h4 data-start=\"2310\" data-end=\"2343\"><strong data-start=\"2314\" data-end=\"2341\">1. Volledige veiligheid<\/strong><\/h4>\n<p data-start=\"2344\" data-end=\"2452\">Geen explosieve stoffen, geen risico\u2019s. Ideaal voor trainingsruimtes, oefenterreinen en publieke omgevingen.<\/p>\n<h4 data-start=\"2454\" data-end=\"2496\"><strong data-start=\"2458\" data-end=\"2494\">2. Reproduceerbare geurkwaliteit<\/strong><\/h4>\n<p data-start=\"2497\" data-end=\"2584\">Elke batch levert een identiek geurprofiel, essentieel voor certificering en evaluatie.<\/p>\n<h4 data-start=\"2586\" data-end=\"2626\"><strong data-start=\"2590\" data-end=\"2624\">3. Wetenschappelijk onderbouwd<\/strong><\/h4>\n<p data-start=\"2627\" data-end=\"2703\">De geurcomponenten zijn gebaseerd op forensisch relevante vluchtige stoffen.<\/p>\n<h4 data-start=\"2705\" data-end=\"2748\"><strong data-start=\"2709\" data-end=\"2746\">4. Perfect voor sensortechnologie<\/strong><\/h4>\n<p data-start=\"2749\" data-end=\"2792\">PRECISION Explosives C4 is geschikt voor:<\/p>\n<ul>\n<li data-start=\"2796\" data-end=\"2839\">kalibratie van chemische detectiesensoren<\/li>\n<li data-start=\"2842\" data-end=\"2860\">testopstellingen<\/li>\n<li data-start=\"2863\" data-end=\"2897\">verificatie van detectiesystemen<\/li>\n<li data-start=\"2900\" data-end=\"2924\">onderzoeksfaciliteiten<\/li>\n<\/ul>\n<h4 data-start=\"2926\" data-end=\"2980\"><strong data-start=\"2930\" data-end=\"2978\">5. Flexibel inzetbaar in trainingsscenario\u2019s<\/strong><\/h4>\n<p data-start=\"2981\" data-end=\"3003\">Veilig te plaatsen in:<\/p>\n<ul>\n<li data-start=\"3007\" data-end=\"3019\">voertuigen<\/li>\n<li data-start=\"3022\" data-end=\"3032\">gebouwen<\/li>\n<li data-start=\"3035\" data-end=\"3043\">bagage<\/li>\n<li data-start=\"3046\" data-end=\"3058\">containers<\/li>\n<li data-start=\"3061\" data-end=\"3093\">oefenlocaties binnen en buiten<\/li>\n<\/ul>\n<p><a href=\"https:\/\/dogpride.nl\/fr\/k9\/detectie\/detectie-geurstoffen\/precision-geurstoffen\/?product-page=2\"><img loading=\"lazy\" decoding=\"async\" class=\"alignnone\" title=\"PRECISION Explosives - C4\" src=\"https:\/\/dogpride.nl\/wp-content\/uploads\/C4.jpg\" alt=\"PRECISION Explosives - C4\" width=\"122\" height=\"122\" \/><\/a><\/p>\n<hr data-start=\"3095\" data-end=\"3098\" \/>\n<h4 data-start=\"3100\" data-end=\"3149\"><strong data-start=\"3103\" data-end=\"3149\">Toepassingen van PRECISION Explosives C4<\/strong><\/h4>\n<p data-start=\"3151\" data-end=\"3209\">Professionals gebruiken dit geurmateriaal wereldwijd voor:<\/p>\n<ul>\n<li data-start=\"3213\" data-end=\"3256\">explosievendetectie-training met K9-teams<\/li>\n<li data-start=\"3259\" data-end=\"3293\">geavanceerde scenario-oefeningen<\/li>\n<li data-start=\"3296\" data-end=\"3327\">opleiding en hercertificering<\/li>\n<li data-start=\"3330\" data-end=\"3374\">forensisch onderzoek en praktijksimulaties<\/li>\n<li data-start=\"3377\" data-end=\"3462\">kalibratie en testen van detectiesystemen op luchthavens, havens en grensovergangen<\/li>\n<\/ul>\n<p data-start=\"3464\" data-end=\"3581\">Het non-hazardous karakter maakt het ideaal voor zowel grote beveiligingsorganisaties als gespecialiseerde K9-centra.<\/p>\n<hr data-start=\"3583\" data-end=\"3586\" \/>\n<h4 data-start=\"3588\" data-end=\"3604\"><strong data-start=\"3591\" data-end=\"3604\">Conclusie<\/strong><\/h4>\n<p data-start=\"3606\" data-end=\"4017\"><strong data-start=\"3606\" data-end=\"3635\">PRECISION Explosives C4<\/strong> biedt een volledig veilige, betrouwbare en professioneel gevalideerde manier om C4-gerelateerde geurcomponenten te trainen zonder explosieve risico\u2019s. Met consistente geurprofielen en wetenschappelijke nauwkeurigheid ondersteunt dit product K9-teams, forensische specialisten en detectiesystemen bij het voorbereiden op de realistische uitdagingen van moderne veiligheidsoperaties.<\/p>\n<p data-start=\"3606\" data-end=\"4017\"><a href=\"https:\/\/www.pre-exp.com\/\" target=\"_blank\" rel=\"noopener\"><img loading=\"lazy\" decoding=\"async\" class=\"alignnone wp-image-145806 size-full\" title=\"PRECISION Explosives - C4\" src=\"https:\/\/dogpride.nl\/wp-content\/uploads\/Logo-9.jpg\" alt=\"PRECISION Explosives - C4\" width=\"124\" height=\"91\" srcset=\"https:\/\/dogpride.nl\/wp-content\/uploads\/Logo-9.jpg 124w, https:\/\/dogpride.nl\/wp-content\/uploads\/Logo-9-16x12.jpg 16w\" sizes=\"auto, (max-width: 124px) 100vw, 124px\" \/><\/a><\/p>\n<p>&nbsp;<\/p>","protected":false},"excerpt":{"rendered":"<p class=\"txt-title-fichier\"><strong data-start=\"653\" data-end=\"682\">PRECISION Explosives C4<\/strong> is ontworpen om detectiehonden en geavanceerde detectiesensoren te trainen op geurcomponenten die worden geassocieerd met C4 &#8211; zonder dat er ook maar \u00e9\u00e9n explosieve stof aanwezig is.<\/p>","protected":false},"featured_media":73471,"template":"","meta":[],"product_brand":[],"product_cat":[4021],"product_tag":[3250,16214,16213,3147,3148,16078,3235,16134,3230,16108,10369,16074,16198,3240,3259,16212,3228,16102,3243,3229,3232,16200],"class_list":{"0":"post-73470","1":"product","2":"type-product","3":"status-publish","4":"has-post-thumbnail","6":"product_cat-precision-geurstoffen","7":"product_tag-c4","8":"product_tag-c4-detectie-training","9":"product_tag-c4-geurprofiel-training","10":"product_tag-detectie-geurstof","11":"product_tag-detectiehond","12":"product_tag-detectiehonden-explosieven","13":"product_tag-detectietraining","14":"product_tag-explosieven-geurprofilering","15":"product_tag-explosievendetectie","16":"product_tag-explosievendetectie-k9","17":"product_tag-forensische-detectie","18":"product_tag-geurmaterialen-detectie","19":"product_tag-non-hazardous-explosieven-training","20":"product_tag-nosework","21":"product_tag-precision-explosives","22":"product_tag-precision-explosives-c4","23":"product_tag-scent-detection","24":"product_tag-sensor-kalibratie-explosieven","25":"product_tag-simulatiemiddel","26":"product_tag-sniffer-dogs","27":"product_tag-trainingssimulant","28":"product_tag-veiligheidsdiensten-explosieven-training","29":"product_shipping_class-vast-tarief-eu-overig","31":"first","32":"instock","33":"taxable","34":"shipping-taxable","35":"purchasable","36":"product-type-simple"},"mb":[],"mfb_rest_fields":["title"],"_links":{"self":[{"href":"https:\/\/dogpride.nl\/fr\/wp-json\/wp\/v2\/product\/73470","targetHints":{"allow":["GET"]}}],"collection":[{"href":"https:\/\/dogpride.nl\/fr\/wp-json\/wp\/v2\/product"}],"about":[{"href":"https:\/\/dogpride.nl\/fr\/wp-json\/wp\/v2\/types\/product"}],"wp:featuredmedia":[{"embeddable":true,"href":"https:\/\/dogpride.nl\/fr\/wp-json\/wp\/v2\/media\/73471"}],"wp:attachment":[{"href":"https:\/\/dogpride.nl\/fr\/wp-json\/wp\/v2\/media?parent=73470"}],"wp:term":[{"taxonomy":"product_brand","embeddable":true,"href":"https:\/\/dogpride.nl\/fr\/wp-json\/wp\/v2\/product_brand?post=73470"},{"taxonomy":"product_cat","embeddable":true,"href":"https:\/\/dogpride.nl\/fr\/wp-json\/wp\/v2\/product_cat?post=73470"},{"taxonomy":"product_tag","embeddable":true,"href":"https:\/\/dogpride.nl\/fr\/wp-json\/wp\/v2\/product_tag?post=73470"}],"curies":[{"name":"wp","href":"https:\/\/api.w.org\/{rel}","templated":true}]}}