{"id":73431,"date":"2021-09-16T12:06:55","date_gmt":"2021-09-16T10:06:55","guid":{"rendered":"https:\/\/dogpride1.wpengine.com\/?post_type=product&#038;p=73431"},"modified":"2025-12-02T16:07:40","modified_gmt":"2025-12-02T15:07:40","slug":"sokks-cadaver-scent-odor","status":"publish","type":"product","link":"https:\/\/dogpride.nl\/fr\/sokks-cadaver-scent-odor\/","title":{"rendered":"SOKKS Cadaver scent odor"},"content":{"rendered":"<h4 class=\"txt-title-fichier\">SOKKS Cadaver scent odor<\/h4>\n<p><span class=\"\">SOKKS Cadaver scent odor. SOKKS-MPTS\u00ae Corpse helpt u uw hond te trainen om zowel dode en levende mensen als menselijk bloed op te sporen.\u00a0<\/span><br \/>\nSOKKS Cadaver scent odor is een echte menselijke geur en stelt honden in staat om mensen te detecteren in ALLE stadia van ontbinding.<br \/>\nLes chiens qui ont d\u00e9j\u00e0 \u00e9t\u00e9 entra\u00een\u00e9s avec SOKKS-MPTS\u00ae ont fait leurs preuves dans les relev\u00e9s terrestres et aquatiques.<\/p>\n<p>SOKKS\u00ae est le r\u00e9sultat d&#039;une recherche scientifique qui se concentre exclusivement sur l&#039;utilisation de vraies microparticules (pas de microparticules synth\u00e9tiques). SOKKS\u00ae-MPTS est destin\u00e9 \u00e0 l&#039;appui des unit\u00e9s cynotechniques polici\u00e8res, militaires ou priv\u00e9es.<\/p>\n<p>Un tube SOKKS\u00ae-MPTS contient toutes les odeurs (tous les m\u00e9dicaments, tous les explosifs\u2026) et peut \u00eatre utilis\u00e9 plusieurs fois pour un chien conditionn\u00e9 !<\/p>\n<p>SOKKS\u00ae-MPTS contient de vraies particules, pas de copie d&#039;odeur, pas de PSEUDO !<\/p>\n<p>La fabrication et le contr\u00f4le des \u00e9quipements SOKKS\u00ae-MPTS sont bas\u00e9s sur les r\u00e9sultats obtenus gr\u00e2ce aux travaux men\u00e9s sous la direction du Prof. Dr. Wolf A Kafka dans les institutions internationales de recherche.<\/p>\n<p><span class=\"goog-text-highlight\">Pour plus d&#039;informations, consultez les documents PDF \u00e0 t\u00e9l\u00e9charger ci-contre (\u00e0 gauche)<\/span><\/p>\n<p><span class=\"goog-text-highlight\">1 flacon de 50 tubes convient pour environ 500 utilisations<\/span><\/p>\n<p><span class=\"goog-text-highlight\">Pour d&#039;autres emballages, veuillez nous contacter.<\/span><\/p>\n<p>&nbsp;<\/p>\n<p><a href=\"https:\/\/dogpride.nl\/fr\/k9\/detectie\/detectie-geurstoffen\/sokks-geurstoffen\/\"><img loading=\"lazy\" decoding=\"async\" class=\"alignnone\" title=\"SOKKS Cadaver scent odor\" src=\"https:\/\/dogpride.nl\/wp-content\/uploads\/verybig-3962-2-150x150.jpg\" alt=\"SOKKS Cadaver scent odor\" width=\"150\" height=\"150\" \/><\/a><\/p>\n<h4 data-start=\"195\" data-end=\"287\"><strong data-start=\"197\" data-end=\"287\">SOKKS Cadaver Scent Odor \u2013 Geurbron voor detectiehonden die menselijke resten opsporen<\/strong><\/h4>\n<p data-start=\"289\" data-end=\"836\">SOKKS Cadaver Scent Odor is een geavanceerde, wetenschappelijk ontwikkelde geurbron die speciaal ontworpen is voor het trainen van detectiehonden in het herkennen van menselijke resten. Deze geurcapsules worden wereldwijd ingezet door politie, reddingsteams, rampenbestrijding, forensische diensten, K9-instructeurs en internationale zoek- en reddingseenheden. Dankzij de uiterst natuurgetrouwe, maar volledig synthetische geurprofielen biedt SOKKS een veilige en effectieve methode om honden op te leiden voor complexe en cruciale zoekopdrachten.<\/p>\n<p data-start=\"838\" data-end=\"1229\">Het opsporen van menselijke resten vereist een uitzonderlijke nauwkeurigheid. Of het nu gaat om forensische onderzoeken, vermissingszaken, rampgebieden of situaties met beperkte toegang: een goed getrainde cadaverhond kan het verschil betekenen tussen wel of geen succesvolle vondst. SOKKS Cadaver Scent Odor helpt honden deze taak te leren zonder enige risico\u2019s voor de trainer of omgeving.<\/p>\n<hr data-start=\"1231\" data-end=\"1234\" \/>\n<h4 data-start=\"1236\" data-end=\"1285\"><strong data-start=\"1238\" data-end=\"1285\">Realistisch, consistent en 100% synthetisch<\/strong><\/h4>\n<p data-start=\"1287\" data-end=\"1760\">Wat SOKKS Cadaver Scent Odor uniek maakt, is dat de geur volledig synthetisch wordt geproduceerd en dus geen echte menselijke resten bevat. De geurcapsules zijn ontwikkeld op basis van uitgebreid forensisch onderzoek naar typische ontbindingscomponenten, waardoor het resultaat extreem realistisch is. Tegelijkertijd voorkomt het gebruik van synthetische geuren alle hygi\u00ebnische, ethische en juridische problemen die gepaard gaan met het werken met echte humane materialen.<\/p>\n<p data-start=\"1762\" data-end=\"2124\">Doordat de geurcomponenten stabiel blijven, is de geurbron altijd consistent. Dit is een groot voordeel ten opzichte van echte ontbindingsgeuren, die afhankelijk zijn van temperatuur, vocht, afbraakfase en opslag. Met SOKKS krijgt de hond altijd hetzelfde geurprofiel aangeboden, wat de leercurve aanzienlijk versnelt en de betrouwbaarheid van detectie verhoogt.<\/p>\n<hr data-start=\"2126\" data-end=\"2129\" \/>\n<h4 data-start=\"2131\" data-end=\"2185\"><strong data-start=\"2133\" data-end=\"2185\">Volledig veilig, hygi\u00ebnisch en legaal in gebruik<\/strong><\/h4>\n<p data-start=\"2187\" data-end=\"2627\">SOKKS Cadaver Scent Odor bevat geen organisch materiaal, geen gevaarlijke stoffen en geen pathogenen. Hierdoor is het product volledig veilig voor zowel hond als trainer en kan het overal worden gebruikt: binnen, buiten, in trainingscentra, voertuigen, ru\u00efnes, bossen, woonwijken en rampterreinen.<br data-start=\"2484\" data-end=\"2487\" \/>Er zijn geen speciale vergunningen of beschermingsmaatregelen nodig, en er is geen risico op besmetting of ongewenste verspreiding van geur.<\/p>\n<p data-start=\"2629\" data-end=\"2646\">De capsules zijn:<\/p>\n<ul>\n<li data-start=\"2649\" data-end=\"2665\">waterbestendig<\/li>\n<li data-start=\"2668\" data-end=\"2677\">lekvrij<\/li>\n<li data-start=\"2680\" data-end=\"2729\">bestand tegen uiteenlopende weersomstandigheden<\/li>\n<li data-start=\"2732\" data-end=\"2755\">eenvoudig te hanteren<\/li>\n<li data-start=\"2758\" data-end=\"2791\">geschikt voor intensief gebruik<\/li>\n<\/ul>\n<p data-start=\"2793\" data-end=\"2887\">Dit maakt SOKKS ideaal voor zowel dagelijkse trainingssessies als gespecialiseerde scenario\u2019s.<\/p>\n<hr data-start=\"2889\" data-end=\"2892\" \/>\n<h4 data-start=\"2894\" data-end=\"2948\"><strong data-start=\"2896\" data-end=\"2948\">Ideaal voor uiteenlopende zoek- en reddingstaken<\/strong><\/h4>\n<p data-start=\"2950\" data-end=\"3028\">SOKKS Cadaver Scent Odor wordt wereldwijd gebruikt in de volgende disciplines:<\/p>\n<h4 data-start=\"3030\" data-end=\"3061\"><strong data-start=\"3034\" data-end=\"3059\">Forensische opsporing<\/strong><\/h4>\n<p data-start=\"3062\" data-end=\"3193\">Honden worden getraind om menselijke resten te vinden die verborgen, begraven of verspreid zijn \u2014 cruciaal voor misdaadonderzoeken.<\/p>\n<h4 data-start=\"3195\" data-end=\"3240\"><strong data-start=\"3199\" data-end=\"3238\">Zoek- en reddingsteams (SAR &amp; USAR)<\/strong><\/h4>\n<p data-start=\"3241\" data-end=\"3391\">Bij rampen zoals aardbevingen, instortingen of overstromingen helpt geurtraining met SOKKS honden om slachtoffers en menselijke resten te lokaliseren.<\/p>\n<h4 data-start=\"3393\" data-end=\"3419\"><strong data-start=\"3397\" data-end=\"3417\">Vermissingszaken<\/strong><\/h4>\n<p data-start=\"3420\" data-end=\"3531\">Politie en reddingsteams gebruiken kadaverhonden om te zoeken in bossen, ruige terreinen en afgelegen gebieden.<\/p>\n<h4 data-start=\"3533\" data-end=\"3556\"><strong data-start=\"3537\" data-end=\"3554\">Waterzoekwerk<\/strong><\/h4>\n<p data-start=\"3557\" data-end=\"3685\">SOKKS kan worden gebruikt voor het trainen van waterzoekhonden die menselijke resten onder het wateroppervlak moeten detecteren.<\/p>\n<p data-start=\"3687\" data-end=\"3811\">Deze brede toepasbaarheid maakt SOKKS Cadaver Scent Odor een cruciaal hulpmiddel voor professionals die op het hoogste niveau opereren.<\/p>\n<p data-start=\"3687\" data-end=\"3811\"><img loading=\"lazy\" decoding=\"async\" class=\"alignnone wp-image-147064 size-thumbnail\" title=\"SOKKS Cadaver Scent Odor\" src=\"https:\/\/dogpride.nl\/wp-content\/uploads\/SOKKS\u00ae-Cadaver-150x150.jpg\" alt=\"SOKKS Cadaver scent odor\" width=\"150\" height=\"150\" srcset=\"https:\/\/dogpride.nl\/wp-content\/uploads\/SOKKS\u00ae-Cadaver-150x150.jpg 150w, https:\/\/dogpride.nl\/wp-content\/uploads\/SOKKS\u00ae-Cadaver-300x300.jpg 300w, https:\/\/dogpride.nl\/wp-content\/uploads\/SOKKS\u00ae-Cadaver-12x12.jpg 12w, https:\/\/dogpride.nl\/wp-content\/uploads\/SOKKS\u00ae-Cadaver-250x250.jpg 250w, https:\/\/dogpride.nl\/wp-content\/uploads\/SOKKS\u00ae-Cadaver-400x400.jpg 400w, https:\/\/dogpride.nl\/wp-content\/uploads\/SOKKS\u00ae-Cadaver-100x100.jpg 100w, https:\/\/dogpride.nl\/wp-content\/uploads\/SOKKS\u00ae-Cadaver.jpg 520w\" sizes=\"auto, (max-width: 150px) 100vw, 150px\" \/><\/p>\n<hr data-start=\"3813\" data-end=\"3816\" \/>\n<h4 data-start=\"3818\" data-end=\"3884\"><strong data-start=\"3820\" data-end=\"3884\">Eenvoudig in te zetten voor realistische trainingsscenario\u2019s<\/strong><\/h4>\n<p data-start=\"3886\" data-end=\"4192\">De capsules kunnen worden verstopt in gebouwen, voertuigen, bossen, puinlocaties, ru\u00efnes, kleding, dozen en trainingsmaterialen. Hierdoor kunnen trainers levensechte zoekopdrachten cre\u00ebren die aansluiten op de praktijk. Dankzij het consistente geurprofiel blijft de kwaliteit van de training altijd gelijk.<\/p>\n<p data-start=\"4194\" data-end=\"4222\">Trainers kunnen vari\u00ebren in:<\/p>\n<ul>\n<li data-start=\"4225\" data-end=\"4260\">diepte (begraven verstopplaatsen)<\/li>\n<li data-start=\"4263\" data-end=\"4272\">afstand<\/li>\n<li data-start=\"4275\" data-end=\"4283\">hoogte<\/li>\n<li data-start=\"4286\" data-end=\"4298\">ventilatie<\/li>\n<li data-start=\"4301\" data-end=\"4331\">complexiteit van het terrein<\/li>\n<\/ul>\n<p data-start=\"4333\" data-end=\"4423\">Zo leert de hond werken onder alle omstandigheden, precies zoals in echte inzetomgevingen.<\/p>\n<hr data-start=\"4425\" data-end=\"4428\" \/>\n<h4 data-start=\"4430\" data-end=\"4501\"><strong data-start=\"4432\" data-end=\"4501\">Een betrouwbare en professionele geurbron voor K9-cadavertraining<\/strong><\/h4>\n<p data-start=\"4503\" data-end=\"4836\">SOKKS Cadaver Scent Odor is een onmisbaar instrument voor organisaties die streven naar nauwkeurigheid, betrouwbaarheid en professionaliteit in het opsporen van menselijke resten. Dankzij de veilige, synthetische en gestandaardiseerde geurcomponenten krijgen honden de optimale basis om deze belangrijke taak succesvol uit te voeren.<\/p>\n<p data-start=\"4503\" data-end=\"4836\">\n<p data-start=\"4503\" data-end=\"4836\"><a href=\"https:\/\/www.sokksk9international.com\/EN\/product-myces-k9.html\" target=\"_blank\" rel=\"noopener\"><img loading=\"lazy\" decoding=\"async\" class=\"alignnone wp-image-147048 size-full\" title=\"SOKKS Cadaver Scent Odor\" src=\"https:\/\/dogpride.nl\/wp-content\/uploads\/sokks-248x95-1.png\" alt=\"SOKKS Cadaver Scent Odor\" width=\"248\" height=\"95\" srcset=\"https:\/\/dogpride.nl\/wp-content\/uploads\/sokks-248x95-1.png 248w, https:\/\/dogpride.nl\/wp-content\/uploads\/sokks-248x95-1-18x7.png 18w\" sizes=\"auto, (max-width: 248px) 100vw, 248px\" \/><\/a><\/p>","protected":false},"excerpt":{"rendered":"<p class=\"txt-title-fichier\">SOKKS Cadaver Scent Odor is een geavanceerde, wetenschappelijk ontwikkelde geurbron die speciaal ontworpen is voor het trainen van detectiehonden in het herkennen van menselijke resten.<\/p>","protected":false},"featured_media":147064,"template":"","meta":[],"product_brand":[],"product_cat":[4020],"product_tag":[16365,16364,3147,3148,16377,3235,16371,16368,16367,16374,16370,3276,3240,16375,3228,16372,3243,3229,3269,16376,16363,16366,16373,16369,3232],"class_list":{"0":"post-73431","1":"product","2":"type-product","3":"status-publish","4":"has-post-thumbnail","6":"product_cat-sokks-geurstoffen","7":"product_tag-cadaver-detection-dog","8":"product_tag-cadaver-geurbron-hond","9":"product_tag-detectie-geurstof","10":"product_tag-detectiehond","11":"product_tag-detectiehond-menselijke-resten","12":"product_tag-detectietraining","13":"product_tag-forensische-detectiehond","14":"product_tag-hrd-dog-training-scent","15":"product_tag-human-remains-detection-scent","16":"product_tag-human-remains-odor-training","17":"product_tag-kadaver-hond-training-geur","18":"product_tag-lijken","19":"product_tag-nosework","20":"product_tag-rampenbestrijding-hond-geur","21":"product_tag-scent-detection","22":"product_tag-search-and-rescue-cadaver-scent","23":"product_tag-simulatiemiddel","24":"product_tag-sniffer-dogs","25":"product_tag-sokks","26":"product_tag-sokks-cadaver-kopen","27":"product_tag-sokks-cadaver-scent","28":"product_tag-sokks-cadaver-training","29":"product_tag-sokks-hrd","30":"product_tag-synthetische-cadavergeur","31":"product_tag-trainingssimulant","32":"product_shipping_class-vast-tarief-eu-overig","34":"first","35":"instock","36":"taxable","37":"shipping-taxable","38":"purchasable","39":"product-type-simple"},"mb":[],"mfb_rest_fields":["title"],"_links":{"self":[{"href":"https:\/\/dogpride.nl\/fr\/wp-json\/wp\/v2\/product\/73431","targetHints":{"allow":["GET"]}}],"collection":[{"href":"https:\/\/dogpride.nl\/fr\/wp-json\/wp\/v2\/product"}],"about":[{"href":"https:\/\/dogpride.nl\/fr\/wp-json\/wp\/v2\/types\/product"}],"wp:featuredmedia":[{"embeddable":true,"href":"https:\/\/dogpride.nl\/fr\/wp-json\/wp\/v2\/media\/147064"}],"wp:attachment":[{"href":"https:\/\/dogpride.nl\/fr\/wp-json\/wp\/v2\/media?parent=73431"}],"wp:term":[{"taxonomy":"product_brand","embeddable":true,"href":"https:\/\/dogpride.nl\/fr\/wp-json\/wp\/v2\/product_brand?post=73431"},{"taxonomy":"product_cat","embeddable":true,"href":"https:\/\/dogpride.nl\/fr\/wp-json\/wp\/v2\/product_cat?post=73431"},{"taxonomy":"product_tag","embeddable":true,"href":"https:\/\/dogpride.nl\/fr\/wp-json\/wp\/v2\/product_tag?post=73431"}],"curies":[{"name":"wp","href":"https:\/\/api.w.org\/{rel}","templated":true}]}}