{"id":73429,"date":"2021-09-16T12:00:11","date_gmt":"2021-09-16T10:00:11","guid":{"rendered":"https:\/\/dogpride1.wpengine.com\/?post_type=product&#038;p=73429"},"modified":"2025-12-22T14:05:57","modified_gmt":"2025-12-22T13:05:57","slug":"sokks-accelerant-fire-arson","status":"publish","type":"product","link":"https:\/\/dogpride.nl\/fr\/sokks-accelerant-fire-arson\/","title":{"rendered":"SOKKS Accelerant Fire Arson"},"content":{"rendered":"<h4 class=\"txt-title-fichier\">SOKKS Accelerant Fire Arson<\/h4>\n<p><span class=\"\">SOKKS Accelerant Fire Arson. SOKKS-MPTS\u00ae Fire Accelerator helpt u uw hond te trainen om alle versnellers te detecteren.\u00a0<\/span><\/p>\n<p>Il a \u00e9t\u00e9 largement prouv\u00e9 en Allemagne et les r\u00e9sultats peuvent \u00eatre v\u00e9rifi\u00e9s.<br \/>\nSi votre unit\u00e9 d&#039;enqu\u00eate sur les incendies envisage d&#039;utiliser une \u00e9quipe de chiens dans le cadre de la proc\u00e9dure de recherche, nous recommandons l&#039;acc\u00e9l\u00e9rateur d&#039;incendie SOKKS comme aide \u00e0 la formation.<\/p>\n<p>Un tube de parfum contient tous les parfums suivants\u00a0:<\/p>\n<p>1.1 \u00c9thanol 78<br \/>\n1.2 Isopropanol 82<br \/>\n2.1 Ac\u00e9tone 56<br \/>\n2.2 M\u00e9thyl\u00e9thylc\u00e9tone 80<br \/>\n3.1 Ac\u00e9tate d&#039;\u00e9thyle 77<br \/>\n3.2 Ac\u00e9tate de butyle 127<br \/>\n4.1 Butylglycol\u00a0171\u00a05.1 Hexeen 69<br \/>\n5.2 Cyclohex\u00e8ne 80<br \/>\n5.3 Tolu\u00e8ne 110<br \/>\n5.4 M\u00e9lange de xylol 140<br \/>\n6.1 Essence 40-200<br \/>\n6.2 Huile de bougie 130 -280<br \/>\n6.3 Gazole 160-360<br \/>\n6.4 ESPRIT 78<br \/>\n(les chiffres repr\u00e9sentent la pression de vapeur)<\/p>\n<p>SOKKS\u00ae est le r\u00e9sultat d&#039;une recherche scientifique qui se concentre exclusivement sur l&#039;utilisation de vraies microparticules (pas de microparticules synth\u00e9tiques). SOKKS\u00ae-MPTS est destin\u00e9 \u00e0 l&#039;appui des unit\u00e9s cynotechniques polici\u00e8res, militaires ou priv\u00e9es.<\/p>\n<p>Un tube SOKKS\u00ae-MPTS contient toutes les odeurs (tous les m\u00e9dicaments, tous les explosifs\u2026) et peut \u00eatre utilis\u00e9 plusieurs fois pour un chien conditionn\u00e9 !<\/p>\n<p>SOKKS\u00ae-MPTS contient de vraies particules, pas de copie d&#039;odeur, pas de PSEUDO !<\/p>\n<p>La production et le contr\u00f4le du mat\u00e9riau SOKKS\u00ae-MPTS sont bas\u00e9s sur les r\u00e9sultats obtenus gr\u00e2ce aux travaux men\u00e9s sous la direction du Prof. Dr. Wolf A Kafka dans les institutions internationales de recherche.<\/p>\n<p><span class=\"goog-text-highlight\">1 flacon de 50 tubes convient pour environ 500 utilisations<\/span><\/p>\n<p><span class=\"goog-text-highlight\">Pour d&#039;autres emballages, veuillez nous contacter.<\/span><\/p>\n<p><a href=\"https:\/\/dogpride.nl\/fr\/k9\/detectie\/detectie-geurstoffen\/sokks-geurstoffen\/\"><img loading=\"lazy\" decoding=\"async\" class=\"alignnone\" title=\"SOKKS Accelerant Fire Arson\" src=\"https:\/\/dogpride.nl\/wp-content\/uploads\/verybig-3962-2-150x150.jpg\" alt=\"SOKKS Accelerant Fire Arson\" width=\"150\" height=\"150\" \/><\/a><\/p>\n<p>&nbsp;<\/p>\n<h4 data-start=\"248\" data-end=\"364\"><strong data-start=\"250\" data-end=\"364\">SOKKS Accelerant Fire Arson \u2013 Geurbron voor detectiehonden die brandversnellers en brandstichting opsporen<\/strong><\/h4>\n<p data-start=\"366\" data-end=\"982\">SOKKS Accelerant Fire Arson is een geavanceerde, synthetische geurbron die speciaal is ontwikkeld om detectiehonden te trainen in het herkennen van brandversnellende stoffen en residuen die worden gebruikt bij brandstichting. Dit product biedt een extreem realistisch, maar volledig veilig geurprofiel dat perfect aansluit op de dagelijkse praktijk van brandonderzoek, forensische opsporing en recherchewerk. Honden die zijn opgeleid met SOKKS Accelerant kunnen brandbare vloeistoffen en brandresten nauwkeurig lokaliseren, zelfs wanneer ze sterk verdund, deels verdampt of verborgen zijn in complexe omgevingen.<\/p>\n<p data-start=\"984\" data-end=\"1366\">Brandstichting is een ernstige en vaak moeilijk te bewijzen vorm van criminaliteit. Veel sporen verdwijnen tijdens de brand, waardoor het werk van gespecialiseerde brandonderzoeksteams uitdagend wordt. Het inzetten van accelerant-detectiehonden is dan ook van groot belang. SOKKS maakt het mogelijk om deze honden op een veilige, gestandaardiseerde en betrouwbare manier te trainen.<\/p>\n<hr data-start=\"1368\" data-end=\"1371\" \/>\n<h4 data-start=\"1373\" data-end=\"1436\"><strong data-start=\"1376\" data-end=\"1436\">Realistische geurprofielen gebaseerd op brandversnellers<\/strong><\/h4>\n<p data-start=\"1438\" data-end=\"1641\">SOKKS Accelerant Fire Arson is ontwikkeld op basis van een reeks typische chemische verbindingen die voorkomen in brandversnellende vloeistoffen. Denk hierbij aan geuren die representatief zijn voor:<\/p>\n<ul>\n<li data-start=\"1645\" data-end=\"1654\">benzine<\/li>\n<li data-start=\"1657\" data-end=\"1668\">petroleum<\/li>\n<li data-start=\"1671\" data-end=\"1686\">oplosmiddelen<\/li>\n<li data-start=\"1689\" data-end=\"1720\">alcoholgebaseerde versnellers<\/li>\n<li data-start=\"1723\" data-end=\"1763\">synthetische brandbaarheidscomponenten<\/li>\n<\/ul>\n<p data-start=\"1765\" data-end=\"1915\">Het synthetische geurprofiel is uiterst nauwkeurig nagebootst zodat honden de geuren herkennen zoals ze in echte brandonderzoeken worden aangetroffen.<\/p>\n<p data-start=\"1917\" data-end=\"2119\">Het grote voordeel: <strong data-start=\"1937\" data-end=\"1999\">er wordt geen echte brandstof of gevaarlijke stof gebruikt<\/strong>. De capsules bevatten alleen veilige synthetische geurcomponenten, waardoor het trainen zonder risico kan plaatsvinden.<\/p>\n<hr data-start=\"2121\" data-end=\"2124\" \/>\n<h4 data-start=\"2126\" data-end=\"2179\"><strong data-start=\"2129\" data-end=\"2179\">Volledig veilig, legaal en eenvoudig inzetbaar<\/strong><\/h4>\n<p data-start=\"2181\" data-end=\"2394\">Traditionele training met echte brandversnellers brengt risico\u2019s met zich mee, zoals brandgevaar, gezondheidsproblemen en strenge opslagvoorschriften. Met SOKKS Accelerant Fire Arson vervallen al deze uitdagingen. De geurcapsules zijn:<\/p>\n<ul>\n<li data-start=\"2398\" data-end=\"2416\">100% synthetisch<\/li>\n<li data-start=\"2419\" data-end=\"2437\">niet ontvlambaar<\/li>\n<li data-start=\"2440\" data-end=\"2453\">niet giftig<\/li>\n<li data-start=\"2456\" data-end=\"2479\">geurtechnisch stabiel<\/li>\n<li data-start=\"2482\" data-end=\"2498\">waterbestendig<\/li>\n<li data-start=\"2501\" data-end=\"2529\">onmiddellijk gebruiksklaar<\/li>\n<\/ul>\n<p data-start=\"2531\" data-end=\"2717\">Dankzij dit ontwerp kunnen trainers overal en op elk moment geurtraining geven \u2014 in oefencentra, voertuigen, gebouwen, opslagruimtes of buitenlocaties \u2014 zonder enige veiligheidsrisico\u2019s.<\/p>\n<hr data-start=\"2719\" data-end=\"2722\" \/>\n<h4 data-start=\"2724\" data-end=\"2780\"><strong data-start=\"2727\" data-end=\"2780\">Consistente geursterkte voor betrouwbare training<\/strong><\/h4>\n<p data-start=\"2782\" data-end=\"3111\">Het grootste probleem bij het trainen van accelerant-detectiehonden met echte stoffen is de variatie in geurintensiteit. Vloeibare brandversnellers verdampen snel, trekken in materialen of veranderen in geur door contact met lucht en ondergrond. Hierdoor is het moeilijk voor honden om een stabiele geurreferentie te ontwikkelen.<\/p>\n<p data-start=\"3113\" data-end=\"3158\">SOKKS Accelerant Fire Arson biedt altijd:<\/p>\n<ul>\n<li data-start=\"3162\" data-end=\"3184\">dezelfde intensiteit<\/li>\n<li data-start=\"3187\" data-end=\"3211\">dezelfde geurkwaliteit<\/li>\n<li data-start=\"3214\" data-end=\"3242\">dezelfde trainingservaring<\/li>\n<\/ul>\n<p data-start=\"3244\" data-end=\"3401\">Dit zorgt voor een veel snellere en betrouwbaardere opbouw van geurherkenning, waardoor honden preciezer en zelfverzekerder werken tijdens echte onderzoeken.<\/p>\n<hr data-start=\"3403\" data-end=\"3406\" \/>\n<h4 data-start=\"3408\" data-end=\"3485\"><strong data-start=\"3411\" data-end=\"3485\">Brede inzetbaarheid binnen brandonderzoek en forensische ondersteuning<\/strong><\/h4>\n<p data-start=\"3487\" data-end=\"3535\">SOKKS Accelerant wordt wereldwijd gebruikt door:<\/p>\n<h4 data-start=\"3537\" data-end=\"3580\"><strong data-start=\"3541\" data-end=\"3578\">Brandweer en brandonderzoeksteams<\/strong><\/h4>\n<p data-start=\"3581\" data-end=\"3695\">Voor het lokaliseren van brandversnellers in puin, restmaterialen, vloerbedekking, auto\u2019s, containers en gebouwen.<\/p>\n<h4 data-start=\"3697\" data-end=\"3727\"><strong data-start=\"3701\" data-end=\"3725\">Forensische diensten<\/strong><\/h4>\n<p data-start=\"3728\" data-end=\"3822\">Voor het ondersteunen van bewijsverzameling en het bevestigen van patronen van brandstichting.<\/p>\n<h4 data-start=\"3824\" data-end=\"3854\"><strong data-start=\"3828\" data-end=\"3852\">Politie en recherche<\/strong><\/h4>\n<p data-start=\"3855\" data-end=\"3932\">Bij onderzoeken naar misdrijven, verzekeringsfraude, autobranden en sabotage.<\/p>\n<h4 data-start=\"3934\" data-end=\"3989\"><strong data-start=\"3938\" data-end=\"3987\">K9-trainers gespecialiseerd in arson-detectie<\/strong><\/h4>\n<p data-start=\"3990\" data-end=\"4103\">Voor het opleiden van honden op een veilige en professionele manier, zonder gebruik van gevaarlijke vloeistoffen.<\/p>\n<p data-start=\"3990\" data-end=\"4103\"><img loading=\"lazy\" decoding=\"async\" class=\"alignnone wp-image-147071 size-thumbnail\" title=\"SOKKS Accelerant \/ Fire \/ Arson\" src=\"https:\/\/dogpride.nl\/wp-content\/uploads\/Accelerant-Fire-Arson-150x150.jpg\" alt=\"SOKKS Accelerant \/ Fire \/ Arson\" width=\"150\" height=\"150\" srcset=\"https:\/\/dogpride.nl\/wp-content\/uploads\/Accelerant-Fire-Arson-150x150.jpg 150w, https:\/\/dogpride.nl\/wp-content\/uploads\/Accelerant-Fire-Arson-300x300.jpg 300w, https:\/\/dogpride.nl\/wp-content\/uploads\/Accelerant-Fire-Arson-12x12.jpg 12w, https:\/\/dogpride.nl\/wp-content\/uploads\/Accelerant-Fire-Arson-250x250.jpg 250w, https:\/\/dogpride.nl\/wp-content\/uploads\/Accelerant-Fire-Arson-400x400.jpg 400w, https:\/\/dogpride.nl\/wp-content\/uploads\/Accelerant-Fire-Arson-100x100.jpg 100w, https:\/\/dogpride.nl\/wp-content\/uploads\/Accelerant-Fire-Arson.jpg 520w\" sizes=\"auto, (max-width: 150px) 100vw, 150px\" \/><\/p>\n<hr data-start=\"4105\" data-end=\"4108\" \/>\n<h4 data-start=\"4110\" data-end=\"4177\"><strong data-start=\"4113\" data-end=\"4177\">Geschikt voor realistische en uitdagende trainingsscenario\u2019s<\/strong><\/h4>\n<p data-start=\"4179\" data-end=\"4353\">De compacte capsules zijn eenvoudig te verbergen in objecten, voertuigen, meubels, kleding, puin en constructiemateriaal. Hierdoor kunnen trainers scenario\u2019s simuleren zoals:<\/p>\n<ul>\n<li data-start=\"4357\" data-end=\"4387\">restanten van brandmateriaal<\/li>\n<li data-start=\"4390\" data-end=\"4418\">verbrande vloeren en muren<\/li>\n<li data-start=\"4421\" data-end=\"4460\">geabsorbeerde vloeistoffen in textiel<\/li>\n<li data-start=\"4463\" data-end=\"4505\">verstopte brandversnellers in voertuigen<\/li>\n<li data-start=\"4508\" data-end=\"4559\">brandhaarden in verschillende kamers of segmenten<\/li>\n<\/ul>\n<p data-start=\"4561\" data-end=\"4665\">Zo wordt de hond voorbereid op echte omstandigheden waarin brandversnellers moeilijk te detecteren zijn.<\/p>\n<hr data-start=\"4667\" data-end=\"4670\" \/>\n<h4 data-start=\"4672\" data-end=\"4740\"><strong data-start=\"4675\" data-end=\"4740\">Een onmisbare geurbron voor professionele arson-detectieteams<\/strong><\/h4>\n<p data-start=\"4742\" data-end=\"5150\">SOKKS Accelerant Fire Arson is een essentieel instrument voor iedereen die zich bezighoudt met brandonderzoek, forensische detectie en opsporing van brandstichting. Door de combinatie van veiligheid, consistentie en wetenschappelijk onderbouwde geurprofielen kunnen K9-teams op het hoogste niveau trainen. Het resultaat: sneller, preciezer en betrouwbaarder speurwerk in situaties waar elke seconde telt.<\/p>\n<p data-start=\"4742\" data-end=\"5150\">\n<p data-start=\"4742\" data-end=\"5150\"><a href=\"https:\/\/www.sokksk9international.com\/EN\/product-myces-k9.html\" target=\"_blank\" rel=\"noopener\"><img loading=\"lazy\" decoding=\"async\" class=\"alignnone wp-image-147048 size-full\" title=\"SOKKS Accelerant \/ Fire \/ Arson\" src=\"https:\/\/dogpride.nl\/wp-content\/uploads\/sokks-248x95-1.png\" alt=\"SOKKS Accelerant \/ Fire \/ Arson\" width=\"248\" height=\"95\" srcset=\"https:\/\/dogpride.nl\/wp-content\/uploads\/sokks-248x95-1.png 248w, https:\/\/dogpride.nl\/wp-content\/uploads\/sokks-248x95-1-18x7.png 18w\" sizes=\"auto, (max-width: 248px) 100vw, 248px\" \/><\/a><\/p>","protected":false},"excerpt":{"rendered":"<p class=\"txt-title-fichier\"><strong>SOKKS Accelerant Fire Arson<\/strong> is een geavanceerde, synthetische geurbron die speciaal is ontwikkeld om detectiehonden te trainen in het herkennen van brandversnellende stoffen en residuen die worden gebruikt bij brandstichting.<\/p>","protected":false},"featured_media":147071,"template":"","meta":[],"product_brand":[],"product_cat":[4020],"product_tag":[16383,16391,16384,16394,16390,16385,3277,16382,3147,3148,3235,16392,16388,16387,3240,3228,3243,3229,3269,16380,16389,16393,16381,16386,3232],"class_list":{"0":"post-73429","1":"product","2":"type-product","3":"status-publish","4":"has-post-thumbnail","6":"product_cat-sokks-geurstoffen","7":"product_tag-accelerant-detection-dog","8":"product_tag-accelerant-odor-training","9":"product_tag-arson-detection-scent","10":"product_tag-arson-dog-training-scent","11":"product_tag-brandonderzoek-hond-geur","12":"product_tag-brandstichting-geurtraining","13":"product_tag-brandversneller","14":"product_tag-brandversneller-detectie-hond","15":"product_tag-detectie-geurstof","16":"product_tag-detectiehond","17":"product_tag-detectietraining","18":"product_tag-fire-investigation-k9-scent","19":"product_tag-forensische-branddetectie-hond","20":"product_tag-k9-fire-investigation","21":"product_tag-nosework","22":"product_tag-scent-detection","23":"product_tag-simulatiemiddel","24":"product_tag-sniffer-dogs","25":"product_tag-sokks","26":"product_tag-sokks-accelerant-scent","27":"product_tag-sokks-arson-training","28":"product_tag-sokks-fire-accelerant","29":"product_tag-sokks-fire-arson","30":"product_tag-synthetische-accelerant-geur","31":"product_tag-trainingssimulant","32":"product_shipping_class-vast-tarief-eu-overig","34":"first","35":"instock","36":"taxable","37":"shipping-taxable","38":"purchasable","39":"product-type-simple"},"mb":[],"mfb_rest_fields":["title"],"_links":{"self":[{"href":"https:\/\/dogpride.nl\/fr\/wp-json\/wp\/v2\/product\/73429","targetHints":{"allow":["GET"]}}],"collection":[{"href":"https:\/\/dogpride.nl\/fr\/wp-json\/wp\/v2\/product"}],"about":[{"href":"https:\/\/dogpride.nl\/fr\/wp-json\/wp\/v2\/types\/product"}],"wp:featuredmedia":[{"embeddable":true,"href":"https:\/\/dogpride.nl\/fr\/wp-json\/wp\/v2\/media\/147071"}],"wp:attachment":[{"href":"https:\/\/dogpride.nl\/fr\/wp-json\/wp\/v2\/media?parent=73429"}],"wp:term":[{"taxonomy":"product_brand","embeddable":true,"href":"https:\/\/dogpride.nl\/fr\/wp-json\/wp\/v2\/product_brand?post=73429"},{"taxonomy":"product_cat","embeddable":true,"href":"https:\/\/dogpride.nl\/fr\/wp-json\/wp\/v2\/product_cat?post=73429"},{"taxonomy":"product_tag","embeddable":true,"href":"https:\/\/dogpride.nl\/fr\/wp-json\/wp\/v2\/product_tag?post=73429"}],"curies":[{"name":"wp","href":"https:\/\/api.w.org\/{rel}","templated":true}]}}