{"id":73394,"date":"2021-09-16T10:32:55","date_gmt":"2021-09-16T08:32:55","guid":{"rendered":"https:\/\/dogpride1.wpengine.com\/?post_type=product&#038;p=73394"},"modified":"2026-01-10T15:41:44","modified_gmt":"2026-01-10T14:41:44","slug":"mohoc-k9-hoofdharnas","status":"publish","type":"product","link":"https:\/\/dogpride.nl\/fr\/mohoc-k9-hoofdharnas\/","title":{"rendered":"MOHOC K9 Hoofdharnas"},"content":{"rendered":"<h4 class=\"txt-title-fichier\">MOHOC K9 Hoofdharnas<\/h4>\n<p><span class=\"\">MOHOC K9 Hoofdharnas. Lichtgewicht en comfortabel K9 tactisch harnas voor hondenkop en MOHOC camerabevestiging.<\/span><\/p>\n<p>Capturez le point de vue de votre K9 d&#039;une mani\u00e8re jamais vue auparavant, le MOHOC capture exactement ce que le chien voit.<\/p>\n<p><strong>Couleur:<\/strong> Noir<\/p>\n<p><span class=\"goog-text-highlight\"><strong>CARACT\u00c9RISTIQUES:<\/strong> <\/span><\/p>\n<p><span class=\"goog-text-highlight\">L\u00e9ger, confortable, tactique et s\u00fbr<\/span><br \/>\n<span class=\"goog-text-highlight\">Rembourr\u00e9 4 points r\u00e9glable avec Velcro\u00ae<\/span><br \/>\n<span class=\"goog-text-highlight\">Construction en nylon<\/span><br \/>\n<span class=\"goog-text-highlight\">Convient \u00e0 tous les chiens de travail de taille moyenne \u00e0 grande<\/span><\/p>\n<p><a href=\"https:\/\/dogpride.nl\/fr\/k9\/cynotechnische-eenheden\/k9-cameras\/\"><img loading=\"lazy\" decoding=\"async\" class=\"alignnone\" title=\"MOHOC K9 Hoofdharnas\" src=\"https:\/\/dogpride.nl\/wp-content\/uploads\/K9-Mount3-150x150.jpg\" alt=\"MOHOC K9 Hoofdharnas\" width=\"150\" height=\"150\" \/><\/a><\/p>\n<p data-start=\"290\" data-end=\"725\">Il <strong data-start=\"294\" data-end=\"318\">MOHOC K9 Hoofdharnas<\/strong> is een professioneel harnas dat speciaal is ontworpen om MOHOC-camera\u2019s stevig en veilig te dragen op werkhonden tijdens tactische operaties, training, search-and-rescue, beveiliging en andere specialistische toepassingen. Dit harnas biedt een stabiele en ergonomische basis om visuele data direct via een on-board camera vast te leggen \u2014 zonder het comfort of de bewegingsvrijheid van de hond te beperken.<\/p>\n<p data-start=\"727\" data-end=\"1124\">Wanneer teams in het veld opereren, is realtime informatie onmisbaar. Met het <strong data-start=\"805\" data-end=\"829\">MOHOC K9 Hoofdharnas<\/strong> kan de camera op een optimale positie worden geplaatst om hoogwaardige POV (Point Of View)-beelden te registreren. Dit zorgt voor directe visuele feedback die gebruikt kan worden door handlers, commandoposten en analyse-teams, wat de situational awareness en inzetbaarheid aanzienlijk verhoogt.<\/p>\n<p data-start=\"1126\" data-end=\"1521\">Dankzij het doelgerichte ontwerp is dit harnas versterkt voor dagelijks intensief gebruik. De combinatie van duurzame materialen, slimme bevestigingspunten en ergonomische pasvorm zorgt ervoor dat het apparaat zelfs bij snelle bewegingen stabiel blijft zitten. Dit is cruciaal tijdens tactische training, sprintacties of dynamische scenario\u2019s waarin ononderbroken beeldregistratie essentieel is.<\/p>\n<h4 data-start=\"1523\" data-end=\"1583\"><strong data-start=\"1527\" data-end=\"1583\">Belangrijkste voordelen van het MOHOC K9 Hoofdharnas<\/strong><\/h4>\n<ul>\n<li data-start=\"1587\" data-end=\"1719\"><strong data-start=\"1587\" data-end=\"1614\">Optimale positionering:<\/strong> Gedefinieerde montagepunten voor MOHOC-camera\u2019s, zodat de lens altijd het zichtveld van de hond volgt.<\/li>\n<li data-start=\"1722\" data-end=\"1846\"><strong data-start=\"1722\" data-end=\"1747\">Robuuste constructie:<\/strong> Duurzame materialen en versterkte bevestigingen maken het harnas geschikt voor intensieve inzet.<\/li>\n<li data-start=\"1849\" data-end=\"1980\"><strong data-start=\"1849\" data-end=\"1874\">Ergonomische pasvorm:<\/strong> Ontworpen om de natuurlijke beweging en comfort van de hond te behouden, zelfs gedurende lange operaties.<\/li>\n<\/ul>\n<h4 data-start=\"1982\" data-end=\"2026\"><strong data-start=\"1986\" data-end=\"2026\">Ontworpen voor prestaties \u00e9n comfort<\/strong><\/h4>\n<p data-start=\"2028\" data-end=\"2413\">Il <strong data-start=\"2032\" data-end=\"2056\">MOHOC K9 Hoofdharnas<\/strong> neemt het traditionele \u201charnas plus losse camera\u2019tjes\u201d stapje verder door een ge\u00efntegreerde en geoptimaliseerde draagoplossing te bieden. De bevestigingspunten zijn specifiek geplaatst om de camera zo te positioneren dat de hond g\u00e9\u00e9n hinder ondervindt tijdens zijn taken, terwijl handlers een realtime beeld krijgen vanuit het perspectief van de hond zelf.<\/p>\n<p data-start=\"2415\" data-end=\"2688\">Dankzij de brede verstelopties kan het harnas eenvoudig aangepast worden aan verschillende rassen, formaten en lichaamsvormen. Dit zorgt voor een stabiel draagcomfort zonder onnodige druk of schuiven \u2014 essentieel wanneer de hond lange tijd met extra apparatuur moet werken.<\/p>\n<p data-start=\"2415\" data-end=\"2688\"><img loading=\"lazy\" decoding=\"async\" class=\"alignnone\" title=\"MOHOC K9 Hoofdharnas\" src=\"https:\/\/dogpride.nl\/wp-content\/uploads\/K9-Mount-150x150.jpg\" alt=\"MOHOC K9 Hoofdharnas\" width=\"150\" height=\"150\" \/><\/p>\n<h4 data-start=\"2690\" data-end=\"2746\"><strong data-start=\"2694\" data-end=\"2746\">Toepassingsgebieden van het MOHOC K9 Hoofdharnas<\/strong><\/h4>\n<ul>\n<li data-start=\"2750\" data-end=\"2867\"><strong data-start=\"2750\" data-end=\"2774\">Tactische operaties:<\/strong> Cre\u00eber realtime zicht op objecten en ruimtes tijdens clearing, binnentredingen en missies.<\/li>\n<li data-start=\"2870\" data-end=\"2969\"><strong data-start=\"2870\" data-end=\"2892\">Search-and-rescue:<\/strong> Gebruik de visuele feed om zoekgebieden sneller en effici\u00ebnter te scannen.<\/li>\n<li data-start=\"2972\" data-end=\"3072\"><strong data-start=\"2972\" data-end=\"2998\">Training en evaluatie:<\/strong> Analyseer beelden om gedrag, positionering en technieken te verbeteren.<\/li>\n<li data-start=\"3075\" data-end=\"3189\"><strong data-start=\"3075\" data-end=\"3110\">Beveiliging &amp; crowd management:<\/strong> Visualiseer potentieel risicovolle locaties vanaf het perspectief van de hond.<\/li>\n<\/ul>\n<h4 data-start=\"3191\" data-end=\"3240\"><strong data-start=\"3195\" data-end=\"3240\">Veiligheid en betrouwbaarheid in het veld<\/strong><\/h4>\n<p data-start=\"3242\" data-end=\"3619\">Il <strong data-start=\"3246\" data-end=\"3270\">MOHOC K9 Hoofdharnas<\/strong> is zo gebouwd dat zowel hond als camera beschermd blijven onder zware omstandigheden. Het materiaal is bestand tegen intensieve bewegingen, ruig terrein, water, stof en wisselende temperaturen. De harnasstructuur zelf helpt bij het absorberen van schokken zodat de camera stabiel blijft \u2014 zelfs wanneer de hond sprint of een abrupte beweging maakt.<\/p>\n<p data-start=\"3621\" data-end=\"3987\">De bevestigingssystemen zijn gelijktijdig ontworpen met het oog op snelle montage en demontage. Dit maakt het harnas ideaal voor teams die flexibiliteit nodig hebben in combinatie met maximale prestaties. Door te werken met betrouwbare bevestigingsclips en gestroomlijnde bevestigingspunten, biedt het systeem een duurzame, veilige basis voor mobiele camera-opnames.<\/p>\n<h3 data-start=\"3989\" data-end=\"4038\"><strong data-start=\"3993\" data-end=\"4038\">Ergonomie en functionaliteit gecombineerd<\/strong><\/h3>\n<p data-start=\"4040\" data-end=\"4360\">Cruciaal aan elk harnas is dat het de hond niet belemmert in zijn natuurlijke gedrag. Het <strong data-start=\"4130\" data-end=\"4154\">MOHOC K9 Hoofdharnas<\/strong> is ontworpen met meerdere verstelpunten en zachte, toch sterke materialen die wrijving en irritatie minimaliseren. Het harnas blijft comfortabel zitten, zelfs tijdens langere operaties of trainingssessies.<\/p>\n<p data-start=\"4362\" data-end=\"4544\">Door het robuuste karakter van de constructie geniet je bovendien van extra gemoedsrust: dit harnas behoudt zijn vorm en functionaliteit ook bij herhaald gebruik en intensieve inzet.<\/p>\n<hr data-start=\"4546\" data-end=\"4549\" \/>\n<h4 data-start=\"4551\" data-end=\"4599\"><strong data-start=\"4554\" data-end=\"4599\">Materialen en Specificaties<\/strong><\/h4>\n<ul>\n<li data-start=\"4603\" data-end=\"4661\"><strong data-start=\"4603\" data-end=\"4623\">Compatibiliteit:<\/strong> Ontworpen voor MOHOC actioncamera\u2019s<\/li>\n<li data-start=\"4664\" data-end=\"4711\"><strong data-start=\"4664\" data-end=\"4680\">Construction:<\/strong> Duurzame nylon\/polyester mix<\/li>\n<li data-start=\"4714\" data-end=\"4767\"><strong data-start=\"4714\" data-end=\"4730\">Bevestiging:<\/strong> Verstelbare clips en montagepunten<\/li>\n<li data-start=\"4770\" data-end=\"4827\"><strong data-start=\"4770\" data-end=\"4782\">Confort:<\/strong> Ergonomische padding en verstelbare banden<\/li>\n<li data-start=\"4830\" data-end=\"4895\"><strong data-start=\"4830\" data-end=\"4842\">Usage:<\/strong> Tactisch, training, search-and-rescue, beveiliging<\/li>\n<li data-start=\"4898\" data-end=\"4972\"><strong data-start=\"4898\" data-end=\"4920\">Weerbestendigheid:<\/strong> Bestand tegen stof, vocht, temperatuurschommelingen<\/li>\n<\/ul>\n<p>&nbsp;<\/p>\n<p><a href=\"https:\/\/www.mohoc.com\/\" target=\"_blank\" rel=\"noopener\"><img loading=\"lazy\" decoding=\"async\" class=\"alignnone wp-image-151414 size-full\" title=\"MOHOC\" src=\"https:\/\/dogpride.nl\/wp-content\/uploads\/Mohoc.jpg\" alt=\"MOHOC\" width=\"233\" height=\"60\" srcset=\"https:\/\/dogpride.nl\/wp-content\/uploads\/Mohoc.jpg 233w, https:\/\/dogpride.nl\/wp-content\/uploads\/Mohoc-18x5.jpg 18w\" sizes=\"auto, (max-width: 233px) 100vw, 233px\" \/><\/a><\/p>","protected":false},"excerpt":{"rendered":"<p class=\"txt-title-fichier\"><span class=\"goog-text-highlight\">Harnais de casque MOHOC K9. <span class=\"\">Harnais de t\u00eate de chien tactique K9 l\u00e9ger et confortable et support de cam\u00e9ra MOHOC.<\/span><\/span><\/p>","protected":false},"featured_media":151416,"template":"","meta":[],"product_brand":[],"product_cat":[2825],"product_tag":[21785,21783,21757,21782,13859,21755,21786,21784],"class_list":{"0":"post-73394","1":"product","2":"type-product","3":"status-publish","4":"has-post-thumbnail","6":"product_cat-k9-cameras","7":"product_tag-hond-pov-camera-mount","8":"product_tag-k9-camera-harnas","9":"product_tag-k9-visual-support","10":"product_tag-mohoc-k9-hoofdharnas","11":"product_tag-professionele-k9-uitrusting","12":"product_tag-realtime-hond-video","13":"product_tag-search-and-rescue-harness","14":"product_tag-tactical-dog-harness-mohoc","15":"product_shipping_class-vast-tarief-eu-overig","17":"first","18":"instock","19":"taxable","20":"shipping-taxable","21":"purchasable","22":"product-type-simple"},"mb":[],"mfb_rest_fields":["title"],"_links":{"self":[{"href":"https:\/\/dogpride.nl\/fr\/wp-json\/wp\/v2\/product\/73394","targetHints":{"allow":["GET"]}}],"collection":[{"href":"https:\/\/dogpride.nl\/fr\/wp-json\/wp\/v2\/product"}],"about":[{"href":"https:\/\/dogpride.nl\/fr\/wp-json\/wp\/v2\/types\/product"}],"wp:featuredmedia":[{"embeddable":true,"href":"https:\/\/dogpride.nl\/fr\/wp-json\/wp\/v2\/media\/151416"}],"wp:attachment":[{"href":"https:\/\/dogpride.nl\/fr\/wp-json\/wp\/v2\/media?parent=73394"}],"wp:term":[{"taxonomy":"product_brand","embeddable":true,"href":"https:\/\/dogpride.nl\/fr\/wp-json\/wp\/v2\/product_brand?post=73394"},{"taxonomy":"product_cat","embeddable":true,"href":"https:\/\/dogpride.nl\/fr\/wp-json\/wp\/v2\/product_cat?post=73394"},{"taxonomy":"product_tag","embeddable":true,"href":"https:\/\/dogpride.nl\/fr\/wp-json\/wp\/v2\/product_tag?post=73394"}],"curies":[{"name":"wp","href":"https:\/\/api.w.org\/{rel}","templated":true}]}}