{"id":73386,"date":"2021-09-16T10:26:22","date_gmt":"2021-09-16T08:26:22","guid":{"rendered":"https:\/\/dogpride1.wpengine.com\/?post_type=product&#038;p=73386"},"modified":"2026-01-10T16:05:05","modified_gmt":"2026-01-10T15:05:05","slug":"mohoc-day-camera","status":"publish","type":"product","link":"https:\/\/dogpride.nl\/fr\/mohoc-day-camera\/","title":{"rendered":"MOHOC Day Camera"},"content":{"rendered":"<h4>MOHOC Day Camera<\/h4>\n<p><span class=\"\">MOHOC Day Camera. De MOHOC is de 1e militaire camera ter wereld ontwikkeld voor de krijgsmacht.<\/span><\/p>\n<p>De CurveLock \u2122 -basis is geoptimaliseerd voor gevechtshelmen en de enkele knop maakt het zeer gemakkelijk te gebruiken en intu\u00eftief met handschoenen. Het lage en discrete profiel minimaliseert botsingen met obstakels. Tactisch zonder lichtemissie en zonder geluid, de trillingen van de camera geven de operator aan dat deze operationeel is, wat erg praktisch is met anti-ruispluggen of in een zeer lawaaierige omgeving. Het werkt met een oplaadbare batterij of 2 CR123-batterijen van de tactische lampen om de autonomie te vergroten als de missie wordt verlengd.<\/p>\n<h4><strong>FORCES<\/strong>:<\/h4>\n<p>Un seul bouton avec des r\u00e9glages faciles pour prioriser la mission<br \/>\nOptimis\u00e9 tactiquement, pas de bip, uniquement des vibrations transmises \u00e0 travers le casque \u00e0 l&#039;op\u00e9rateur Pas d&#039;\u00e9mission de lumi\u00e8re blanche et anti-\u00e9blouissement<br \/>\nlentille enduite Base unique CurveLock \u2122 s&#039;adapte parfaitement aux casques sup\u00e9rieurs ou horizontaux<br \/>\nBascule tr\u00e8s rapidement et facilement entre les casques ou autres supports \u00e9quip\u00e9s de Velcro\u00ae<\/p>\n<p>Filmer en basse lumi\u00e8re<br \/>\nFonctionne avec sa batterie rechargeable ou 2 piles CR123 (fonctionne \u00e9galement avec une seule batterie) Vid\u00e9o Full HD 1080p, photo 12MP et fonction boucle Robuste et \u00e9tanche (IP68)<br \/>\nApplication Android \/ IOS qui permet d&#039;acc\u00e9der aux param\u00e8tres internes, de contr\u00f4ler et de s\u00e9curiser la visualisation en direct sans fil sur tablette ou smartphone MOHOC APP (Android)<\/p>\n<h4><strong>CARACT\u00c9RISTIQUES (JOUR)<\/strong>:<\/h4>\n<p>Vid\u00e9o : 1080p \u00e0 60\/30 FPS Full HD ou 720p \u00e0 120\/60\/30FPS (121\u00b0 \/ Ratio : 16:9) Codec MP4 H264 Photo : 12 MP, Photo manuelle, photo rafale avec time-lapse 60 , 30, 5 ou 1 seconde (140\u00b0 \/ Ratio : 4:3) JPG Double enregistrement : prend des photos et enregistre des vid\u00e9os en m\u00eame temps en 1080p \/ 30FPS, 720p \/ 60FPS ou 720p \/ 30FPS \u00c9tanche : 10 m\u00e8tres IP68 (sans bo\u00eetier suppl\u00e9mentaire) Robuste : test\u00e9 et \u00e9prouv\u00e9 sur une chute de 2 m\u00e8tres Temp\u00e9rature de fonctionnement : -10\u2070 C \u00e0 60\u2070 C Microphones (2) : st\u00e9r\u00e9o \/ Audio : 32kHz \u2013 48kHz selon r\u00e9glage vid\u00e9o<br \/>\nSans fil : Wi-Fi 2,4 GHz 802.11b\/g\/n (mot de passe Wi-Fi : Eliteops) M\u00e9moire : Compatible jusqu&#039;\u00e0 128 Go MicroSD, classe 10 ou sup\u00e9rieure requise (en option)<br \/>\nAutonomie : 3 heures avec batterie Li-ion rechargeable et 5 heures + avec 2 piles CR123 (en option)<\/p>\n<p>Chargez la batterie Li-ion via un c\u00e2ble USB vers un ordinateur<br \/>\nConnectivit\u00e9 : Chargez et synchronisez via une connexion Micro USB 2.0 et HDMI pour la lecture<\/p>\n<p>Optique : objectif F2.8, champ de vision de 140\u00b0 et capteur CMOS<\/p>\n<p>Balance des blancs automatique \/ ISO : automatique (100-3200) \/ Capteur gyroscopique Faible luminosit\u00e9 : automatique pour une prise de vue optimale dans des environnements peu \u00e9clair\u00e9s<br \/>\nObjectif orientable : rotation manuelle jusqu&#039;\u00e0 190\u00b0 pour filmer horizontalement ou n&#039;importe quelle position gr\u00e2ce \u00e0 un rep\u00e8re<br \/>\nFixation : Velcro\u00ae directement sur le casque ou le couvre-casque. Livr\u00e9 avec cordon de s\u00e9curit\u00e9.<br \/>\nApplication Android\/IOS en WiFi pour piloter la cam\u00e9ra et ses r\u00e9glages, lire en direct ou t\u00e9l\u00e9charger des fichiers sur votre tablette ou smartphone Dimensions : 52 mm x 42 mm x 88 mm Poids : 202 g (avec batterie rechargeable) NSN 5836-01- 672- 5757<\/p>\n<h4><span class=\"goog-text-highlight\"><strong>DANS LA BOITE<\/strong>: <\/span><\/h4>\n<p><span class=\"goog-text-highlight\">La version diurne MOHOC\u2122 Camera (Pr\u00e9-assembl\u00e9e avec Velcro\u00ae)<\/span><br \/>\n<span class=\"goog-text-highlight\">Batterie rechargeable 1100mAh 2 bandes Velcro\u00ae pour le montage<\/span><br \/>\n<span class=\"goog-text-highlight\">Un c\u00e2ble USB\/MicroUSB pour le chargement et le transfert Un cordon de s\u00e9curit\u00e9 et une housse en microfibre<\/span><br \/>\n<span class=\"goog-text-highlight\">D\u00e9marrage d&#039;un guide (FR ) Un autocollant Mohoc<\/span><\/p>\n<p><a href=\"https:\/\/dogpride.nl\/fr\/k9\/cynotechnische-eenheden\/k9-cameras\/\"><img loading=\"lazy\" decoding=\"async\" class=\"alignnone\" title=\"MOHOC Day Camera\" src=\"https:\/\/dogpride.nl\/wp-content\/uploads\/verybig-4549-7-150x150.jpg\" alt=\"MOHOC Day Camera\" width=\"150\" height=\"150\" \/><\/a><\/p>\n<p data-start=\"315\" data-end=\"811\">Le <strong data-start=\"318\" data-end=\"338\">MOHOC Day Camera<\/strong> is een professionele body-worn camera die speciaal is ontworpen voor gebruik bij daglicht en goed verlichte omstandigheden. Deze camera is ontwikkeld voor tactische teams, K9-eenheden, beveiligingsprofessionals en operationele gebruikers die betrouwbare en stabiele videobeelden nodig hebben tijdens trainingen en inzet overdag. Door het unieke, ultradunne ontwerp en de robuuste constructie onderscheidt de MOHOC Day Camera zich duidelijk van traditionele actioncamera\u2019s.<\/p>\n<p data-start=\"813\" data-end=\"1274\">Wat de <strong data-start=\"820\" data-end=\"840\">MOHOC Day Camera<\/strong> direct herkenbaar maakt, is het extreem lage profiel. In tegenstelling tot standaard camera\u2019s steekt deze camera nauwelijks uit wanneer hij op een helm, harnas of schouderbevestiging wordt gedragen. Dit vermindert het risico op blijven haken, verbetert de bewegingsvrijheid en zorgt voor een betere balans tijdens dynamische activiteiten. Vooral bij tactische operaties, K9-inzet en werken in nauwe ruimtes is dit een groot voordeel.<\/p>\n<p data-start=\"1276\" data-end=\"1685\">De Day Camera is geoptimaliseerd voor gebruik bij daglicht en heldere omgevingen. De sensor is afgestemd op situaties met voldoende licht, waardoor beelden scherp, contrastrijk en natuurgetrouw worden vastgelegd. Dit maakt de <strong data-start=\"1502\" data-end=\"1522\">MOHOC Day Camera<\/strong> uitermate geschikt voor patrouilles, trainingen, observaties, gebouwinspecties en operationele inzetten overdag waarbij detail en betrouwbaarheid essentieel zijn.<\/p>\n<p data-start=\"1687\" data-end=\"2080\">De camera is ontworpen met eenvoud en betrouwbaarheid als uitgangspunt. De bediening van de <strong data-start=\"1779\" data-end=\"1799\">MOHOC Day Camera<\/strong> is intu\u00eftief en snel, zodat gebruikers zonder afleiding kunnen schakelen tussen opname en standby. Dit is belangrijk in situaties waar focus en snelheid cruciaal zijn. De camera is eenvoudig te bedienen, ook met handschoenen aan, wat hem geschikt maakt voor professioneel gebruik.<\/p>\n<p data-start=\"2082\" data-end=\"2428\">De robuuste behuizing van de <strong data-start=\"2111\" data-end=\"2131\">MOHOC Day Camera<\/strong> is bestand tegen intensieve belasting. De camera presteert betrouwbaar onder uiteenlopende omstandigheden zoals stof, regen, trillingen en temperatuurschommelingen. Hierdoor kan hij probleemloos worden ingezet in zowel stedelijke als landelijke omgevingen, tijdens training of operationele inzet.<\/p>\n<p data-start=\"2430\" data-end=\"2823\">Voor K9-toepassingen biedt de MOHOC Day Camera extra meerwaarde. Dankzij het lichte gewicht en het lage profiel kan de camera comfortabel worden gedragen op een K9-hoofdharnas of helm, zonder de hond te hinderen in beweging of focus. De natuurlijke prestaties van de hond blijven behouden, terwijl handlers en teams waardevolle visuele informatie verkrijgen vanuit het perspectief van de hond.<\/p>\n<h4 data-start=\"2825\" data-end=\"2852\">Belangrijkste voordelen<\/h4>\n<ul>\n<li data-start=\"2855\" data-end=\"2915\">Geoptimaliseerd voor daglicht en goed verlichte omgevingen<\/li>\n<li data-start=\"2918\" data-end=\"2949\">Ultraplat en discreet ontwerp<\/li>\n<li data-start=\"2952\" data-end=\"3004\">Professionele betrouwbaarheid voor tactische inzet<\/li>\n<\/ul>\n<p data-start=\"3006\" data-end=\"3361\">Le <strong data-start=\"3009\" data-end=\"3029\">MOHOC Day Camera<\/strong> is compatibel met verschillende montage-oplossingen, zoals helmbevestigingen, schoudermounts en harnassen. Hierdoor kan de camera flexibel worden ingezet, afhankelijk van de missie of trainingsdoelen. De opnames zijn geschikt voor evaluatie, rapportage en trainingsanalyse, wat bijdraagt aan betere voorbereiding en besluitvorming.<\/p>\n<p data-start=\"3006\" data-end=\"3361\"><img loading=\"lazy\" decoding=\"async\" class=\"alignnone\" title=\"MOHOC Day Camera\" src=\"https:\/\/dogpride.nl\/wp-content\/uploads\/verybig-4549-2-150x150.jpg\" alt=\"MOHOC Day Camera\" width=\"150\" height=\"150\" \/><\/p>\n<p data-start=\"3363\" data-end=\"3650\">Binnen trainingsomgevingen is de camera een waardevol hulpmiddel. Door oefeningen en scenario\u2019s overdag vast te leggen, krijgen trainers inzicht in gedrag, positionering en samenwerking. Dit helpt bij het verbeteren van technieken, timing en communicatie tussen teamleden en K9-handlers.<\/p>\n<p data-start=\"3652\" data-end=\"3967\">Le <strong data-start=\"3655\" data-end=\"3675\">MOHOC Day Camera<\/strong> is ontwikkeld voor professioneel gebruik en niet voor recreatieve doeleinden. De camera richt zich volledig op functionele prestaties, duurzaamheid en betrouwbaarheid. Er zijn geen overbodige functies toegevoegd; alles is ontworpen om onder operationele omstandigheden optimaal te presteren.<\/p>\n<p data-start=\"3969\" data-end=\"4290\">Een ander belangrijk voordeel is de discrete uitstraling. De camera valt minder op dan traditionele actioncamera\u2019s, wat bijdraagt aan veiligheid en professionaliteit tijdens inzet. Dit maakt de MOHOC Day Camera zeer geschikt voor tactische, beveiligings- en observatietaken waar zichtbaarheid van apparatuur ongewenst is.<\/p>\n<p data-start=\"4292\" data-end=\"4746\">Samenvattend is de <strong data-start=\"4311\" data-end=\"4331\">MOHOC Day Camera<\/strong> een hoogwaardige body-worn camera voor professionals die overdag betrouwbare videoregistratie nodig hebben. Dankzij het lage profiel, de uitstekende prestaties bij daglicht en de robuuste constructie is deze camera een uitstekende keuze voor tactische teams, K9-eenheden, beveiliging en training. De MOHOC Day Camera levert duidelijke visuele informatie wanneer precisie, betrouwbaarheid en comfort centraal staan.<\/p>\n<p data-start=\"4292\" data-end=\"4746\">\n<p data-start=\"4292\" data-end=\"4746\"><a href=\"https:\/\/www.mohoc.com\/\" target=\"_blank\" rel=\"noopener\"><img loading=\"lazy\" decoding=\"async\" class=\"alignnone wp-image-151414 size-full\" title=\"MOHOC\" src=\"https:\/\/dogpride.nl\/wp-content\/uploads\/Mohoc.jpg\" alt=\"MOHOC\" width=\"233\" height=\"60\" srcset=\"https:\/\/dogpride.nl\/wp-content\/uploads\/Mohoc.jpg 233w, https:\/\/dogpride.nl\/wp-content\/uploads\/Mohoc-18x5.jpg 18w\" sizes=\"auto, (max-width: 233px) 100vw, 233px\" \/><\/a><\/p>","protected":false},"excerpt":{"rendered":"<p>Le <strong data-start=\"318\" data-end=\"338\">MOHOC Day Camera<\/strong> is een professionele body-worn camera die speciaal is ontworpen voor gebruik bij daglicht en goed verlichte omstandigheden.<\/p>","protected":false},"featured_media":73385,"template":"","meta":[],"product_brand":[],"product_cat":[2825],"product_tag":[21803,21801,21798,21797,21794,21800,21804,21799,21802],"class_list":{"0":"post-73386","1":"product","2":"type-product","3":"status-publish","4":"has-post-thumbnail","6":"product_cat-k9-cameras","7":"product_tag-action-camera-laag-profiel","8":"product_tag-k9-camera-dag","9":"product_tag-mohoc-camera-daylight","10":"product_tag-mohoc-day-camera","11":"product_tag-mohoc-tactical-camera","12":"product_tag-professionele-body-worn-camera","13":"product_tag-professionele-camera-inzet","14":"product_tag-tactische-bodycam-daglicht","15":"product_tag-tactische-camera-overdag","16":"product_shipping_class-vast-tarief-eu-overig","18":"first","19":"instock","20":"taxable","21":"shipping-taxable","22":"purchasable","23":"product-type-simple"},"mb":[],"mfb_rest_fields":["title"],"_links":{"self":[{"href":"https:\/\/dogpride.nl\/fr\/wp-json\/wp\/v2\/product\/73386","targetHints":{"allow":["GET"]}}],"collection":[{"href":"https:\/\/dogpride.nl\/fr\/wp-json\/wp\/v2\/product"}],"about":[{"href":"https:\/\/dogpride.nl\/fr\/wp-json\/wp\/v2\/types\/product"}],"wp:featuredmedia":[{"embeddable":true,"href":"https:\/\/dogpride.nl\/fr\/wp-json\/wp\/v2\/media\/73385"}],"wp:attachment":[{"href":"https:\/\/dogpride.nl\/fr\/wp-json\/wp\/v2\/media?parent=73386"}],"wp:term":[{"taxonomy":"product_brand","embeddable":true,"href":"https:\/\/dogpride.nl\/fr\/wp-json\/wp\/v2\/product_brand?post=73386"},{"taxonomy":"product_cat","embeddable":true,"href":"https:\/\/dogpride.nl\/fr\/wp-json\/wp\/v2\/product_cat?post=73386"},{"taxonomy":"product_tag","embeddable":true,"href":"https:\/\/dogpride.nl\/fr\/wp-json\/wp\/v2\/product_tag?post=73386"}],"curies":[{"name":"wp","href":"https:\/\/api.w.org\/{rel}","templated":true}]}}