{"id":73366,"date":"2021-09-16T09:39:06","date_gmt":"2021-09-16T07:39:06","guid":{"rendered":"https:\/\/dogpride1.wpengine.com\/?post_type=product&#038;p=73366"},"modified":"2022-01-24T10:39:37","modified_gmt":"2022-01-24T09:39:37","slug":"guardian-adventure-light-lamp","status":"publish","type":"product","link":"https:\/\/dogpride.nl\/fr\/guardian-adventure-light-lamp\/","title":{"rendered":"Ampoule Guardian Adventure"},"content":{"rendered":"<h4 class=\"txt-title-fichier\">Ampoule Guardian Adventure<\/h4>\n<p>Ampoule Guardian Adventure Light. La lampe Guardian\u2122 Dual Function est robuste, \u00e9tanche et tr\u00e8s facile \u00e0 utiliser. Couleurs : Rouge ou Infrarouge<\/p>\n<p>Avec sa double fonction de clignotement constant, le Guardian\u2122 peut fournir plus de 250 heures d&#039;utilisation et peut \u00eatre vu \u00e0 plus de 5 km.<br \/>\nQue vous soyez sur une route sombre avec des \u00e9quipages routiers ou en mission de nuit, le Guardian\u2122 est une lumi\u00e8re \u00e0 avoir quand vous avez besoin d&#039;\u00eatre vu.<\/p>\n<p><strong><span class=\"goog-text-highlight\">Caract\u00e9ristiques:<br \/>\n<\/span><\/strong><br \/>\n<span class=\"goog-text-highlight\">Etanche \u00e0 100 m\u00e8tres et op\u00e9rationnel de -40\u00b0C \u00e0 +50\u00b0C<\/span><br \/>\n<span class=\"goog-text-highlight\">Fourni avec un clip de ceinture<\/span><br \/>\n<span class=\"goog-text-highlight\">Vissez le Guardian pour l&#039;allumer Retournez la pile (2x CR2032) pour choisir le mode : Fixe (fixe) ou clignotant (stroboscope)<\/span><br \/>\n<span class=\"goog-text-highlight\">Dimensions : 4,12 cm x 3,49 cm x 2,54 cm<\/span><br \/>\n<span class=\"goog-text-highlight\">Autonomie de la batterie : fixe = 100 heures \/ clignotant = 250 heures<\/span><br \/>\n<span class=\"goog-text-highlight\">Dur\u00e9e de vie des LED\u00a0: 44 ans et plus<\/span><br \/>\n<span class=\"goog-text-highlight\">Poids : 20 g avec piles et clip ceinture<\/span><br \/>\nType de batterie : 2 x CR-2032 (incluses)<\/p>\n<p>Couleurs disponibles : Rouge ou infrarouge<\/p>","protected":false},"excerpt":{"rendered":"<p class=\"txt-title-fichier\"><span class=\"goog-text-highlight\">La lampe Guardian Adventure Light est robuste, \u00e9tanche et tr\u00e8s facile \u00e0 utiliser. Couleurs : Rouge ou Infrarouge.<\/span><\/p>","protected":false},"featured_media":73367,"template":"","meta":[],"product_brand":[],"product_cat":[2814,2919],"product_tag":[],"class_list":{"0":"post-73366","1":"product","2":"type-product","3":"status-publish","4":"has-post-thumbnail","6":"product_cat-hondenharnassen","7":"product_cat-verlichting-voor-k9-handlers","9":"first","10":"instock","11":"taxable","12":"shipping-taxable","13":"purchasable","14":"product-type-variable"},"mb":[],"mfb_rest_fields":["title"],"_links":{"self":[{"href":"https:\/\/dogpride.nl\/fr\/wp-json\/wp\/v2\/product\/73366","targetHints":{"allow":["GET"]}}],"collection":[{"href":"https:\/\/dogpride.nl\/fr\/wp-json\/wp\/v2\/product"}],"about":[{"href":"https:\/\/dogpride.nl\/fr\/wp-json\/wp\/v2\/types\/product"}],"wp:featuredmedia":[{"embeddable":true,"href":"https:\/\/dogpride.nl\/fr\/wp-json\/wp\/v2\/media\/73367"}],"wp:attachment":[{"href":"https:\/\/dogpride.nl\/fr\/wp-json\/wp\/v2\/media?parent=73366"}],"wp:term":[{"taxonomy":"product_brand","embeddable":true,"href":"https:\/\/dogpride.nl\/fr\/wp-json\/wp\/v2\/product_brand?post=73366"},{"taxonomy":"product_cat","embeddable":true,"href":"https:\/\/dogpride.nl\/fr\/wp-json\/wp\/v2\/product_cat?post=73366"},{"taxonomy":"product_tag","embeddable":true,"href":"https:\/\/dogpride.nl\/fr\/wp-json\/wp\/v2\/product_tag?post=73366"}],"curies":[{"name":"wp","href":"https:\/\/api.w.org\/{rel}","templated":true}]}}