{"id":73284,"date":"2021-09-15T14:26:11","date_gmt":"2021-09-15T12:26:11","guid":{"rendered":"https:\/\/dogpride1.wpengine.com\/?post_type=product&#038;p=73284"},"modified":"2025-10-27T09:27:57","modified_gmt":"2025-10-27T08:27:57","slug":"guardian-sport-dog-verlicht-volgsysteem","status":"publish","type":"product","link":"https:\/\/dogpride.nl\/fr\/guardian-sport-dog-verlicht-volgsysteem\/","title":{"rendered":"Syst\u00e8me de suivi lumineux GUARDIAN Sport Dog"},"content":{"rendered":"<h4>Syst\u00e8me de suivi lumineux GUARDIAN Sport Dog<\/h4>\n<p><span class=\"\">Syst\u00e8me de suivi lumineux Sport Dog pour mieux localiser votre chien la nuit.<\/span><\/p>\n<p><span class=\"\">Livr\u00e9 avec 1 set lumineux + kit nylon avec mousqueton + support clip int\u00e9gr\u00e9.<\/span><\/p>\n<p>Lampe tr\u00e8s r\u00e9sistante aux chocs, 250 heures d&#039;autonomie, \u00e9tanche \u00e0 100 m, fonctionne \u00e0 des temp\u00e9ratures de -40\u00b0c \u00e0 +50\u00b0c.<br \/>\nAllumage continu ou \u00e9clair.<br \/>\n<span class=\"goog-text-highlight\">Piles lithium 2 CR2032, tr\u00e8s bonne visibilit\u00e9 2 km en plaine.<\/span><br \/>\nLampe id\u00e9ale \u00e0 clipser sur un harnais type questage, ou \u00e0 fixer sur un collier.<br \/>\nConvient \u00e0 un bracelet de 19 \u00e0 25 mm<\/p>\n<p>Couleurs disponibles : Bleu, Orange, Vert, Rouge et Blanc<\/p>\n<p><a href=\"https:\/\/dogpride.nl\/fr\/guardian-sport-dog-verlicht-volgsysteem\/\"><img loading=\"lazy\" decoding=\"async\" class=\"alignnone\" title=\"Syst\u00e8me de suivi lumineux GUARDIAN Sport Dog\" src=\"https:\/\/dogpride.nl\/wp-content\/uploads\/verybig-2494-3.jpg\" alt=\"GUARDIAN Sport Dog verlicht volgsysteem\" width=\"103\" height=\"103\" \/><\/a><\/p>\n<p><span style=\"color: #ffffff;\"><a style=\"color: #ffffff;\" href=\"https:\/\/www.k9dynamics.com\/guardian-light\" target=\"_blank\" rel=\"noopener\">https:\/\/www.k9dynamics.com\/guardian-light<\/a><\/span><\/p>","protected":false},"excerpt":{"rendered":"<p>Syst\u00e8me de suivi lumineux GUARDIAN Sport Dog. Couleurs disponibles : Bleu, Orange, Vert, Rouge et Blanc<\/p>","protected":false},"featured_media":73285,"template":"","meta":[],"product_brand":[],"product_cat":[2814],"product_tag":[],"class_list":{"0":"post-73284","1":"product","2":"type-product","3":"status-publish","4":"has-post-thumbnail","6":"product_cat-hondenharnassen","8":"first","9":"instock","10":"taxable","11":"shipping-taxable","12":"purchasable","13":"product-type-variable"},"mb":[],"mfb_rest_fields":["title"],"_links":{"self":[{"href":"https:\/\/dogpride.nl\/fr\/wp-json\/wp\/v2\/product\/73284","targetHints":{"allow":["GET"]}}],"collection":[{"href":"https:\/\/dogpride.nl\/fr\/wp-json\/wp\/v2\/product"}],"about":[{"href":"https:\/\/dogpride.nl\/fr\/wp-json\/wp\/v2\/types\/product"}],"wp:featuredmedia":[{"embeddable":true,"href":"https:\/\/dogpride.nl\/fr\/wp-json\/wp\/v2\/media\/73285"}],"wp:attachment":[{"href":"https:\/\/dogpride.nl\/fr\/wp-json\/wp\/v2\/media?parent=73284"}],"wp:term":[{"taxonomy":"product_brand","embeddable":true,"href":"https:\/\/dogpride.nl\/fr\/wp-json\/wp\/v2\/product_brand?post=73284"},{"taxonomy":"product_cat","embeddable":true,"href":"https:\/\/dogpride.nl\/fr\/wp-json\/wp\/v2\/product_cat?post=73284"},{"taxonomy":"product_tag","embeddable":true,"href":"https:\/\/dogpride.nl\/fr\/wp-json\/wp\/v2\/product_tag?post=73284"}],"curies":[{"name":"wp","href":"https:\/\/api.w.org\/{rel}","templated":true}]}}