{"id":73276,"date":"2021-09-15T14:05:56","date_gmt":"2021-09-15T12:05:56","guid":{"rendered":"https:\/\/dogpride1.wpengine.com\/?post_type=product&#038;p=73276"},"modified":"2025-12-17T13:51:22","modified_gmt":"2025-12-17T12:51:22","slug":"kurgo-nylon-harnas-voor-go-pro-camera","status":"publish","type":"product","link":"https:\/\/dogpride.nl\/fr\/kurgo-nylon-harnas-voor-go-pro-camera\/","title":{"rendered":"KURGO Harnais en nylon pour cam\u00e9ra GO PRO"},"content":{"rendered":"<h4>KURGO Harnais en nylon pour cam\u00e9ra GO PRO<\/h4>\n<p>KURGO Harnais en nylon pour cam\u00e9ra GO PRO.<\/p>\n<p>Het KURGO Nylon harnas voor GO PRO camera is speciaal ontworpen voor het installeren van een GO PRO- of Sony Action Cam-type camera op uw hond.<br \/>\nIl vous permet de voir le monde depuis la hauteur de votre chien. Ou pour envoyer votre chien explorer certaines zones.<\/p>\n<p><span class=\"\">Selon le type de cam\u00e9ra, le harnais est \u00e9quip\u00e9 de plaques m\u00e9talliques pour un montage sur le dos (\u00e0 hauteur d&#039;\u00e9paule) ou sur la poitrine.<\/span><\/p>\n<p>GO PRO : attache dos ou poitrine<br \/>\nSony Action Cam : uniquement \u00e0 l&#039;arri\u00e8re.<\/p>\n<p>Le harnais est fourni sans colle de montage.<\/p>\n<p>5 points de r\u00e9glage pour un placement parfait sur l&#039;animal.<\/p>\n<p><strong>Tailles\u00a0:<\/strong><\/p>\n<ul>\n<li>Taille S : tour de cou 30 \u00e0 50 cm, tour de poitrine 41 \u00e0 56 cm, pour chien de 5 \u00e0 11 kg.<\/li>\n<li><span class=\"goog-text-highlight\">Taille M : tour de cou de 40 \u00e0 63 cm, tour de poitrine de 46 \u00e0 71 cm, pour chiens de 11 \u00e0 23 kg<\/span><\/li>\n<li><span class=\"goog-text-highlight\">Taille L : tour de cou de 46 \u00e0 76 cm, tour de poitrine de 61 \u00e0 86 cm, pour chiens de 23 \u00e0 36 kg<\/span><\/li>\n<li><span class=\"goog-text-highlight\">Taille XL : tour de cou de 61 \u00e0 89 cm, tour de poitrine de 71 \u00e0 112 cm, pour chiens de 36 \u00e0 50 kg<\/span><\/li>\n<\/ul>\n<p><a href=\"https:\/\/dogpride.nl\/fr\/kurgo-nylon-harnas-voor-go-pro-camera\/\"><img loading=\"lazy\" decoding=\"async\" class=\"alignnone\" title=\"KURGO Harnais en nylon pour cam\u00e9ra GO PRO\" src=\"https:\/\/dogpride.nl\/wp-content\/uploads\/verybig-3758-1.jpg\" alt=\"KURGO Nylon harnas voor GO PRO camera\" width=\"172\" height=\"172\" \/><\/a><a href=\"https:\/\/www.kurgo.com\/?srsltid=AfmBOoqmH77vc-nbgpMX9kBGtPkv47ih2CFLaTvgXG-Wa9NGQ4TWCKDM\" target=\"_blank\" rel=\"noopener\"><img loading=\"lazy\" decoding=\"async\" class=\"alignnone\" src=\"https:\/\/dogpride.nl\/wp-content\/uploads\/verybig-3758-1.jpg\" alt=\"\" width=\"145\" height=\"145\" \/><\/a><\/p>","protected":false},"excerpt":{"rendered":"<p>Harnais en nylon pour cam\u00e9ra GO PRO. Il vous permet de voir le monde \u00e0 hauteur de votre chien ou d&#039;envoyer votre chien explorer certaines zones. GO PRO : attache dos ou poitrine.<\/p>","protected":false},"featured_media":73277,"template":"","meta":[],"product_brand":[],"product_cat":[2814,374],"product_tag":[],"class_list":{"0":"post-73276","1":"product","2":"type-product","3":"status-publish","4":"has-post-thumbnail","6":"product_cat-hondenharnassen","7":"product_cat-overige-hondentuigjes","9":"first","10":"instock","11":"taxable","12":"shipping-taxable","13":"purchasable","14":"product-type-variable"},"mb":[],"mfb_rest_fields":["title"],"_links":{"self":[{"href":"https:\/\/dogpride.nl\/fr\/wp-json\/wp\/v2\/product\/73276","targetHints":{"allow":["GET"]}}],"collection":[{"href":"https:\/\/dogpride.nl\/fr\/wp-json\/wp\/v2\/product"}],"about":[{"href":"https:\/\/dogpride.nl\/fr\/wp-json\/wp\/v2\/types\/product"}],"wp:featuredmedia":[{"embeddable":true,"href":"https:\/\/dogpride.nl\/fr\/wp-json\/wp\/v2\/media\/73277"}],"wp:attachment":[{"href":"https:\/\/dogpride.nl\/fr\/wp-json\/wp\/v2\/media?parent=73276"}],"wp:term":[{"taxonomy":"product_brand","embeddable":true,"href":"https:\/\/dogpride.nl\/fr\/wp-json\/wp\/v2\/product_brand?post=73276"},{"taxonomy":"product_cat","embeddable":true,"href":"https:\/\/dogpride.nl\/fr\/wp-json\/wp\/v2\/product_cat?post=73276"},{"taxonomy":"product_tag","embeddable":true,"href":"https:\/\/dogpride.nl\/fr\/wp-json\/wp\/v2\/product_tag?post=73276"}],"curies":[{"name":"wp","href":"https:\/\/api.w.org\/{rel}","templated":true}]}}