{"id":73243,"date":"2021-09-15T13:29:51","date_gmt":"2021-09-15T11:29:51","guid":{"rendered":"https:\/\/dogpride1.wpengine.com\/?post_type=product&#038;p=73243"},"modified":"2026-03-19T11:03:03","modified_gmt":"2026-03-19T10:03:03","slug":"morin-speur-identificatieharnas-voor-brandweerlieden","status":"publish","type":"product","link":"https:\/\/dogpride.nl\/fr\/morin-speur-identificatieharnas-voor-brandweerlieden\/","title":{"rendered":"Harnais de recherche \/ identification MORIN pour pompiers"},"content":{"rendered":"<h4>Harnais de recherche \/ identification MORIN pour pompiers<\/h4>\n<p>Armure sp\u00e9cialement con\u00e7ue pour la recherche utilitaire.<br \/>\nGrande visibilit\u00e9.<\/p>\n<p><a href=\"https:\/\/dogpride.nl\/fr\/\"><img loading=\"lazy\" decoding=\"async\" class=\"alignnone\" title=\"Harnais de recherche \/ identification MORIN pour pompiers\" src=\"https:\/\/dogpride.nl\/wp-content\/uploads\/verybig-2493-2-150x150.jpg\" alt=\"MORIN speur- \/ identificatieharnas voor brandweerlieden\" width=\"150\" height=\"150\" \/><\/a><br \/>\nEn toile PVC matelass\u00e9e, sangle ventrale et sternale r\u00e9glable de 50 mm, boucle \u00e0 d\u00e9clenchement rapide extra-forte, 1 anneau soud\u00e9, boucle pour attacher stroboscope ou lumi\u00e8re fixe (lumi\u00e8re en option).<br \/>\nToile PVC jaune ultra r\u00e9sistante, bandes r\u00e9fl\u00e9chissantes 50 mm (bande pompier).<br \/>\nProduit \u00e9galement disponible en orange et rouge.<br \/>\nPossibilit\u00e9 de personnalisation avec badge ou marquage (nous consulter).<\/p>\n<p>Taille 1 : Malinois<br \/>\nTaille 2 : Berger Allemand<\/p>\n<p><a href=\"https:\/\/www.licg.nl\/honden\/\" target=\"_blank\" rel=\"noopener\"><img loading=\"lazy\" decoding=\"async\" class=\"alignnone\" src=\"https:\/\/dogpride.nl\/wp-content\/uploads\/verybig-2493-2-150x150.jpg\" alt=\"\" width=\"150\" height=\"150\" \/><\/a><\/p>","protected":false},"excerpt":{"rendered":"<p>Harnais de recherche \/ identification MORIN pour pompiers. Armure sp\u00e9cialement con\u00e7ue pour la recherche utilitaire.<\/p>","protected":false},"featured_media":73244,"template":"","meta":[],"product_brand":[],"product_cat":[2814],"product_tag":[3116,3117],"class_list":{"0":"post-73243","1":"product","2":"type-product","3":"status-publish","4":"has-post-thumbnail","6":"product_cat-hondenharnassen","7":"product_tag-identificatieharnas-voor-brandweerlieden","8":"product_tag-utiliteitsonderzoek","10":"first","11":"instock","12":"taxable","13":"shipping-taxable","14":"purchasable","15":"product-type-variable"},"mb":[],"mfb_rest_fields":["title"],"_links":{"self":[{"href":"https:\/\/dogpride.nl\/fr\/wp-json\/wp\/v2\/product\/73243","targetHints":{"allow":["GET"]}}],"collection":[{"href":"https:\/\/dogpride.nl\/fr\/wp-json\/wp\/v2\/product"}],"about":[{"href":"https:\/\/dogpride.nl\/fr\/wp-json\/wp\/v2\/types\/product"}],"wp:featuredmedia":[{"embeddable":true,"href":"https:\/\/dogpride.nl\/fr\/wp-json\/wp\/v2\/media\/73244"}],"wp:attachment":[{"href":"https:\/\/dogpride.nl\/fr\/wp-json\/wp\/v2\/media?parent=73243"}],"wp:term":[{"taxonomy":"product_brand","embeddable":true,"href":"https:\/\/dogpride.nl\/fr\/wp-json\/wp\/v2\/product_brand?post=73243"},{"taxonomy":"product_cat","embeddable":true,"href":"https:\/\/dogpride.nl\/fr\/wp-json\/wp\/v2\/product_cat?post=73243"},{"taxonomy":"product_tag","embeddable":true,"href":"https:\/\/dogpride.nl\/fr\/wp-json\/wp\/v2\/product_tag?post=73243"}],"curies":[{"name":"wp","href":"https:\/\/api.w.org\/{rel}","templated":true}]}}