{"id":73225,"date":"2021-09-15T13:05:07","date_gmt":"2021-09-15T11:05:07","guid":{"rendered":"https:\/\/dogpride1.wpengine.com\/?post_type=product&#038;p=73225"},"modified":"2026-03-19T11:13:21","modified_gmt":"2026-03-19T10:13:21","slug":"elite-canine-speciaal-interventieharnas","status":"publish","type":"product","link":"https:\/\/dogpride.nl\/fr\/elite-canine-speciaal-interventieharnas\/","title":{"rendered":"Harnais Sp\u00e9cial Intervention ELITE CANINE"},"content":{"rendered":"<h4>Harnais Sp\u00e9cial Intervention ELITE CANINE<\/h4>\n<p>Harnais Sp\u00e9cial Intervention ELITE CANINE<\/p>\n<p><span class=\"\">Ce harnais a \u00e9t\u00e9 d\u00e9velopp\u00e9 pour les chiens des forces sp\u00e9ciales dans les activit\u00e9s de plein air afin de leur permettre d&#039;accomplir une vari\u00e9t\u00e9 de missions. <\/span><\/p>\n<p><span class=\"\">Une <\/span><span class=\"\">taille \u2013 r\u00e9glable pour tous les chiens de 20 kg \u00e0 55 kg.<\/span><br \/>\nFabriqu\u00e9 en toile de type Cordura et sangle en nylon.<\/p>\n<p><a href=\"https:\/\/dogpride.nl\/fr\/\"><img loading=\"lazy\" decoding=\"async\" class=\"alignnone\" title=\"Harnais Sp\u00e9cial Intervention ELITE CANINE\" src=\"https:\/\/dogpride.nl\/wp-content\/uploads\/verybig-3788-2-1-150x150.jpg\" alt=\"ELITE CANINE Speciaal interventieharnas\" width=\"150\" height=\"150\" \/><\/a><\/p>\n<p><span class=\"\">ELITE CANINE Speciaal interventieharnas Robuust ontwerp, met dit harnas kunt u verschillende situaties aan: abseilen, klimmen, paraspringen &#8230;<\/span><\/p>\n<p><span class=\"\">\u00c9quip\u00e9 de deux poign\u00e9es de levage sur le dessus du harnais, vous pouvez facilement saisir votre chien et l&#039;aider \u00e0 franchir des obstacles ou \u00e0 &quot;charger&quot; dans les camions de transport de troupes.<\/span><\/p>\n<p>Deux anneaux en V Mil-Spec sur le dessus du harnais vous permettent d&#039;attacher rapidement le chien \u00e0 votre harnais. Les deux anneaux en V permettent \u00e9galement d&#039;accrocher une ceinture \u00e0 l&#039;avant et\/ou \u00e0 l&#039;arri\u00e8re.<\/p>\n<p>Les sangles PALS des deux c\u00f4t\u00e9s permettent la fixation de tous types de pochettes ou d&#039;accessoires avec syst\u00e8me MOLLE.<\/p>\n<p>Le haut du harnais est \u00e9quip\u00e9 d&#039;une large bande velcro permettant d&#039;attacher divers accessoires ou d&#039;installer des accessoires de cam\u00e9ra de reconnaissance (en option)<\/p>\n<p>Le bas du harnais en contact avec le chien est con\u00e7u dans une mati\u00e8re confortable et alv\u00e9ol\u00e9e qui permet une bonne \u00e9vacuation de la transpiration du chien (dans les zones d&#039;intervention \u00e0 forte chaleur). Les alv\u00e9oles offrent \u00e9galement un excellent confort et amorti lors de l&#039;exercice lorsque le harnais est \u00e9quip\u00e9 de poches ou d&#039;autres accessoires.<\/p>\n<p>Pour la version avec boucles COBRA :<br \/>\nLes boucles m\u00e9talliques Cobra de Mil-Spec vous permettent de mettre ou de retirer le harnais en quelques secondes.<\/p>\n<p><a href=\"https:\/\/nl.wikipedia.org\/wiki\/Hoofdpagina\" target=\"_blank\" rel=\"noopener\"><img loading=\"lazy\" decoding=\"async\" class=\"alignnone\" src=\"https:\/\/dogpride.nl\/wp-content\/uploads\/verybig-3788-2-1-150x150.jpg\" alt=\"ELITE CANINE Speciaal interventieharnas\" width=\"150\" height=\"150\" \/><\/a><\/p>\n<p><span class=\"goog-text-highlight\">Pour la version avec boucles classiques :<\/span><br \/>\n<span class=\"goog-text-highlight\">Les boucles classiques sont \u00e9quip\u00e9es d&#039;un bouton de s\u00e9curit\u00e9 qui les emp\u00eache de s&#039;ouvrir lors d&#039;une intervention ou dans des passages techniques.<\/span><\/p>","protected":false},"excerpt":{"rendered":"<p>Harnais Sp\u00e9cial Intervention ELITE CANINE. <span class=\"\">Ce harnais a \u00e9t\u00e9 d\u00e9velopp\u00e9 pour les chiens des forces sp\u00e9ciales dans les activit\u00e9s de plein air afin de leur permettre d&#039;accomplir une vari\u00e9t\u00e9 de missions. Taille unique - r\u00e9glable pour tous les chiens de 20kg \u00e0 55kg.<\/span><\/p>","protected":false},"featured_media":113593,"template":"","meta":[],"product_brand":[],"product_cat":[2814],"product_tag":[3119,3120,3121,3118],"class_list":{"0":"post-73225","1":"product","2":"type-product","3":"status-publish","4":"has-post-thumbnail","6":"product_cat-hondenharnassen","7":"product_tag-abseilen","8":"product_tag-klimmen","9":"product_tag-paraspringen-special-forces-honden","10":"product_tag-speciaal-interventieharnas","12":"first","13":"instock","14":"taxable","15":"shipping-taxable","16":"purchasable","17":"product-type-variable"},"mb":[],"mfb_rest_fields":["title"],"_links":{"self":[{"href":"https:\/\/dogpride.nl\/fr\/wp-json\/wp\/v2\/product\/73225","targetHints":{"allow":["GET"]}}],"collection":[{"href":"https:\/\/dogpride.nl\/fr\/wp-json\/wp\/v2\/product"}],"about":[{"href":"https:\/\/dogpride.nl\/fr\/wp-json\/wp\/v2\/types\/product"}],"wp:featuredmedia":[{"embeddable":true,"href":"https:\/\/dogpride.nl\/fr\/wp-json\/wp\/v2\/media\/113593"}],"wp:attachment":[{"href":"https:\/\/dogpride.nl\/fr\/wp-json\/wp\/v2\/media?parent=73225"}],"wp:term":[{"taxonomy":"product_brand","embeddable":true,"href":"https:\/\/dogpride.nl\/fr\/wp-json\/wp\/v2\/product_brand?post=73225"},{"taxonomy":"product_cat","embeddable":true,"href":"https:\/\/dogpride.nl\/fr\/wp-json\/wp\/v2\/product_cat?post=73225"},{"taxonomy":"product_tag","embeddable":true,"href":"https:\/\/dogpride.nl\/fr\/wp-json\/wp\/v2\/product_tag?post=73225"}],"curies":[{"name":"wp","href":"https:\/\/api.w.org\/{rel}","templated":true}]}}