{"id":73213,"date":"2021-09-15T11:25:52","date_gmt":"2021-09-15T09:25:52","guid":{"rendered":"https:\/\/dogpride1.wpengine.com\/?post_type=product&#038;p=73213"},"modified":"2026-03-19T11:19:01","modified_gmt":"2026-03-19T10:19:01","slug":"dogart-pro-honden-harnas","status":"publish","type":"product","link":"https:\/\/dogpride.nl\/fr\/dogart-pro-honden-harnas\/","title":{"rendered":"Harnais DOGART PRO+ CHIEN"},"content":{"rendered":"<h4>Harnais DOGART PRO+ CHIEN<\/h4>\n<p><span class=\"\">Le harnais DOGART PRO+ est un harnais pour chiens de patrouille ou d&#039;intervention.<\/span><\/p>\n<p>Harnais avec un anneau pour accrocher la ligne et une poign\u00e9e pour un maintien optimal.<br \/>\nFabriqu\u00e9 en caoutchouc respirant et tissu 3D.<\/p>\n<p><a href=\"https:\/\/dogpride.nl\/fr\/\"><img loading=\"lazy\" decoding=\"async\" class=\"alignnone\" title=\"Harnais DOGART PRO+ CHIEN\" src=\"https:\/\/dogpride.nl\/wp-content\/uploads\/verybig-5039-3-150x150.jpg\" alt=\"DOGART PRO+ HONDEN harnas\" width=\"150\" height=\"150\" \/><\/a><\/p>\n<p>Le harnais est \u00e9quip\u00e9 en standard d&#039;1 attache rapide et peut \u00eatre \u00e9quip\u00e9 en option d&#039;une deuxi\u00e8me attache rapide (1 droite \/ 1 gauche) pour faciliter la mise en place du chien.<br \/>\n\u00c9galement fourni avec une sangle de velcro de chaque c\u00f4t\u00e9 pour la personnalisation du harnais (la sangle mesure environ 16 x 3 cm)<\/p>\n<p><span class=\"\">Le harnais PRO+ offre un confort parfait et s&#039;adapte \u00e0 votre chien comme une seconde peau.<\/span><\/p>\n<p>Il \u00e9pouse litt\u00e9ralement les courbes du chien tout en le laissant libre de ses mouvements.<br \/>\nHarnais l\u00e9ger, r\u00e9sistant et innovant.\u00a0<span class=\"goog-text-highlight\">Il a une forme oblique avec une ergonomie \u00e9tudi\u00e9e qui n&#039;interf\u00e8re pas avec la respiration, les aboiements ou le travail de motivation.\u00a0<\/span><span class=\"\">S&#039;adapte au corps du chien et ne se d\u00e9forme pas gr\u00e2ce \u00e0 sa semi-rigidit\u00e9.<\/span><\/p>\n<p><a href=\"https:\/\/nl.wikipedia.org\/wiki\/Hoofdpagina\" target=\"_blank\" rel=\"noopener\"><img loading=\"lazy\" decoding=\"async\" class=\"alignnone\" src=\"https:\/\/dogpride.nl\/wp-content\/uploads\/verybig-5039-3-150x150.jpg\" alt=\"\" width=\"150\" height=\"150\" \/><\/a><\/p>\n<p>Taille 1 : pour les chiens entre 25 et 32 kg<br \/>\nTaille 2 : pour les chiens entre 32,1 et 50 kg<\/p>\n<p><strong>Ce harnais est fabriqu\u00e9 sur commande. Le d\u00e9lai de livraison est d&#039;environ 3-4 mois!<\/strong><\/p>","protected":false},"excerpt":{"rendered":"<p>Harnais DOGART PRO+ CHIEN. <span class=\"\">Le harnais DOGART PRO+ est un harnais pour chiens de patrouille ou d&#039;intervention.<\/span><\/p>","protected":false},"featured_media":73214,"template":"","meta":[],"product_brand":[],"product_cat":[2814],"product_tag":[3122],"class_list":{"0":"post-73213","1":"product","2":"type-product","3":"status-publish","4":"has-post-thumbnail","6":"product_cat-hondenharnassen","7":"product_tag-patrouille-of-interventiehonden","9":"first","10":"instock","11":"taxable","12":"shipping-taxable","13":"purchasable","14":"product-type-variable"},"mb":[],"mfb_rest_fields":["title"],"_links":{"self":[{"href":"https:\/\/dogpride.nl\/fr\/wp-json\/wp\/v2\/product\/73213","targetHints":{"allow":["GET"]}}],"collection":[{"href":"https:\/\/dogpride.nl\/fr\/wp-json\/wp\/v2\/product"}],"about":[{"href":"https:\/\/dogpride.nl\/fr\/wp-json\/wp\/v2\/types\/product"}],"wp:featuredmedia":[{"embeddable":true,"href":"https:\/\/dogpride.nl\/fr\/wp-json\/wp\/v2\/media\/73214"}],"wp:attachment":[{"href":"https:\/\/dogpride.nl\/fr\/wp-json\/wp\/v2\/media?parent=73213"}],"wp:term":[{"taxonomy":"product_brand","embeddable":true,"href":"https:\/\/dogpride.nl\/fr\/wp-json\/wp\/v2\/product_brand?post=73213"},{"taxonomy":"product_cat","embeddable":true,"href":"https:\/\/dogpride.nl\/fr\/wp-json\/wp\/v2\/product_cat?post=73213"},{"taxonomy":"product_tag","embeddable":true,"href":"https:\/\/dogpride.nl\/fr\/wp-json\/wp\/v2\/product_tag?post=73213"}],"curies":[{"name":"wp","href":"https:\/\/api.w.org\/{rel}","templated":true}]}}