{"id":73193,"date":"2021-09-14T16:37:40","date_gmt":"2021-09-14T14:37:40","guid":{"rendered":"https:\/\/dogpride1.wpengine.com\/?post_type=product&#038;p=73193"},"modified":"2026-03-19T11:20:08","modified_gmt":"2026-03-19T10:20:08","slug":"morin-special-forces-interventieharnas","status":"publish","type":"product","link":"https:\/\/dogpride.nl\/fr\/morin-special-forces-interventieharnas\/","title":{"rendered":"MORIN Special Forces interventieharnas"},"content":{"rendered":"<h4>MORIN Special Forces interventieharnas<\/h4>\n<p>Harnais sp\u00e9cialement con\u00e7u pour les groupes d&#039;intervention.<\/p>\n<p>Armure d&#039;intervention &quot;forces sp\u00e9ciales&quot;.<\/p>\n<p><a href=\"https:\/\/dogpride.nl\/fr\/\"><img loading=\"lazy\" decoding=\"async\" class=\"alignnone\" title=\"MORIN Special Forces interventieharnas\" src=\"https:\/\/dogpride.nl\/wp-content\/uploads\/verybig-2991-2-150x150.jpg\" alt=\"MORIN Special Forces interventieharnas\" width=\"150\" height=\"150\" \/><\/a><\/p>\n<p>Fabriqu\u00e9 en cordura noir tr\u00e8s r\u00e9sistant.<br \/>\nEquip\u00e9 de 2 poign\u00e9es pour porter le chien ou pour aider aux passages techniques.<br \/>\nSyst\u00e8me de lib\u00e9ration rapide par une poign\u00e9e qui lib\u00e8re imm\u00e9diatement le chien avant le d\u00e9but de l&#039;attaque.<br \/>\nCe harnais vous permet \u00e9galement de descendre en rappel avec votre chien (selon le syst\u00e8me de descente que vous utilisez).<\/p>\n<p>Taille unique pour Malinois.<br \/>\nPossibilit\u00e9 de fabrication sur mesure, merci de nous contacter<br \/>\nDans ce cas, donnez-nous la circonf\u00e9rence du thorax<\/p>\n<p><a href=\"https:\/\/nl.wikipedia.org\/wiki\/Hoofdpagina\" target=\"_blank\" rel=\"noopener\"><img loading=\"lazy\" decoding=\"async\" class=\"alignnone\" src=\"https:\/\/dogpride.nl\/wp-content\/uploads\/verybig-2991-2-150x150.jpg\" alt=\"\" width=\"150\" height=\"150\" \/><\/a><\/p>\n<p>*****<br \/>\nMod\u00e8le enregistr\u00e9 au niveau europ\u00e9en.<br \/>\n<span class=\"goog-text-highlight\">Toutes reproductions, m\u00eame partielles, sont strictement interdites sous peine de poursuites.<\/span><\/p>","protected":false},"excerpt":{"rendered":"<p>Armure d&#039;intervention &quot;Forces Sp\u00e9ciales&quot; MORIN. Equip\u00e9 de 2 poign\u00e9es pour porter le chien ou pour aider aux passages techniques.<\/p>","protected":false},"featured_media":73194,"template":"","meta":[],"product_brand":[],"product_cat":[2814],"product_tag":[3125,3124],"class_list":{"0":"post-73193","1":"product","2":"type-product","3":"status-publish","4":"has-post-thumbnail","6":"product_cat-hondenharnassen","7":"product_tag-interventieharnas-voor-honden","8":"product_tag-special-forces-interventieharnas","10":"first","11":"instock","12":"taxable","13":"shipping-taxable","14":"purchasable","15":"product-type-simple"},"mb":[],"mfb_rest_fields":["title"],"_links":{"self":[{"href":"https:\/\/dogpride.nl\/fr\/wp-json\/wp\/v2\/product\/73193","targetHints":{"allow":["GET"]}}],"collection":[{"href":"https:\/\/dogpride.nl\/fr\/wp-json\/wp\/v2\/product"}],"about":[{"href":"https:\/\/dogpride.nl\/fr\/wp-json\/wp\/v2\/types\/product"}],"wp:featuredmedia":[{"embeddable":true,"href":"https:\/\/dogpride.nl\/fr\/wp-json\/wp\/v2\/media\/73194"}],"wp:attachment":[{"href":"https:\/\/dogpride.nl\/fr\/wp-json\/wp\/v2\/media?parent=73193"}],"wp:term":[{"taxonomy":"product_brand","embeddable":true,"href":"https:\/\/dogpride.nl\/fr\/wp-json\/wp\/v2\/product_brand?post=73193"},{"taxonomy":"product_cat","embeddable":true,"href":"https:\/\/dogpride.nl\/fr\/wp-json\/wp\/v2\/product_cat?post=73193"},{"taxonomy":"product_tag","embeddable":true,"href":"https:\/\/dogpride.nl\/fr\/wp-json\/wp\/v2\/product_tag?post=73193"}],"curies":[{"name":"wp","href":"https:\/\/api.w.org\/{rel}","templated":true}]}}