{"id":73186,"date":"2021-09-14T16:26:57","date_gmt":"2021-09-14T14:26:57","guid":{"rendered":"https:\/\/dogpride1.wpengine.com\/?post_type=product&#038;p=73186"},"modified":"2026-03-19T11:21:38","modified_gmt":"2026-03-19T10:21:38","slug":"petzl-harnas-voor-luchttouwhonden","status":"publish","type":"product","link":"https:\/\/dogpride.nl\/fr\/petzl-harnas-voor-luchttouwhonden\/","title":{"rendered":"Harnais PETZL pour chien de corde \u00e0 air"},"content":{"rendered":"<h4>Harnais PETZL pour chien de corde \u00e0 air<\/h4>\n<p>Harnais PETZL pour chien de corde \u00e0 air<\/p>\n<p><span class=\"\">Sp\u00e9cialiste de la verticalit\u00e9 et de l&#039;\u00e9clairage \u00ab mains libres \u00bb depuis plus de trente ans, Petzl affirme une volont\u00e9 claire : concevoir et distribuer des \u00e9quipements pour aider les personnes \u00e0 s&#039;engager, avancer et \u00e9voluer en terrain vertical. Efficacit\u00e9, libert\u00e9 et s\u00e9curit\u00e9 maximales.<\/span><\/p>\n<p>Deze producten integreren alle beperkingen die u dagelijks tegenkomt: herhaald en intensief gebruik van de uitrusting, klimatologische gevaren, diversiteit van het terrein.<br \/>\nZe bevorderen maximale ergonomie, eenvoud en gebruikscomfort, met inachtneming van een absolute vereiste van kwaliteit en betrouwbaarheid .<\/p>\n<p><a href=\"https:\/\/dogpride.nl\/fr\/\"><img loading=\"lazy\" decoding=\"async\" class=\"alignnone\" title=\"Harnais PETZL pour chien de corde \u00e0 air\" src=\"https:\/\/dogpride.nl\/wp-content\/uploads\/verybig-3600-1.jpg\" alt=\"PETZL harnas voor luchttouwhonden\" width=\"217\" height=\"217\" \/><\/a><\/p>\n<p>Harnais pour corde \u00e0 air pour chien<br \/>\nPermet la corde \u00e0 air et l&#039;utilisation de longes en phase de recherche.<br \/>\nIntervention possible du chien \u00e9quip\u00e9 du harnais (recherche et frappe).<br \/>\nElastique de pr\u00e9-positionnement pour ajuster facilement le harnais au chien.<br \/>\nNombreux r\u00e9glages permettant une adaptation aux diff\u00e9rentes morphologies (Malinois, Berger Allemand, etc.).<br \/>\nMousses amovibles pour un entretien facile.<br \/>\nL\u00e9ger et peu encombrant.<\/p>\n<p><a href=\"https:\/\/www.licg.nl\/honden\/\" target=\"_blank\" rel=\"noopener\"><img loading=\"lazy\" decoding=\"async\" class=\"alignnone\" title=\"Harnais PETZL pour chien de corde \u00e0 air\" src=\"https:\/\/dogpride.nl\/wp-content\/uploads\/verybig-3600-1.jpg\" alt=\"PETZL harnas voor luchttouwhonden\" width=\"217\" height=\"217\" \/><\/a><\/p>\n<p><span class=\"goog-text-highlight\">Caract\u00e9ristiques:<\/span><br \/>\n<span class=\"goog-text-highlight\">Poids : 890g<\/span><\/p>","protected":false},"excerpt":{"rendered":"<p>Harnais PETZL pour chien de corde \u00e0 air. Nombreux r\u00e9glages permettant une adaptation aux diff\u00e9rentes morphologies (Malinois, Berger Allemand, etc.).<\/p>","protected":false},"featured_media":73187,"template":"","meta":[],"product_brand":[],"product_cat":[2814],"product_tag":[3130,4606,3128,3288,8905,8904,6964,8906,3132,3129,3131],"class_list":{"0":"post-73186","1":"product","2":"type-product","3":"status-publish","4":"has-post-thumbnail","6":"product_cat-hondenharnassen","7":"product_tag-efficientie","8":"product_tag-harnas","9":"product_tag-harnas-voor-luchttouwhonden","10":"product_tag-honden","11":"product_tag-luchttouwhonden","12":"product_tag-petzl","13":"product_tag-sar","14":"product_tag-touwen","15":"product_tag-veiligheid","16":"product_tag-verticaliteit","17":"product_tag-vrijheid","18":"product_shipping_class-vast-tarief-eu-overig","20":"first","21":"instock","22":"taxable","23":"shipping-taxable","24":"purchasable","25":"product-type-simple"},"mb":[],"mfb_rest_fields":["title"],"_links":{"self":[{"href":"https:\/\/dogpride.nl\/fr\/wp-json\/wp\/v2\/product\/73186","targetHints":{"allow":["GET"]}}],"collection":[{"href":"https:\/\/dogpride.nl\/fr\/wp-json\/wp\/v2\/product"}],"about":[{"href":"https:\/\/dogpride.nl\/fr\/wp-json\/wp\/v2\/types\/product"}],"wp:featuredmedia":[{"embeddable":true,"href":"https:\/\/dogpride.nl\/fr\/wp-json\/wp\/v2\/media\/73187"}],"wp:attachment":[{"href":"https:\/\/dogpride.nl\/fr\/wp-json\/wp\/v2\/media?parent=73186"}],"wp:term":[{"taxonomy":"product_brand","embeddable":true,"href":"https:\/\/dogpride.nl\/fr\/wp-json\/wp\/v2\/product_brand?post=73186"},{"taxonomy":"product_cat","embeddable":true,"href":"https:\/\/dogpride.nl\/fr\/wp-json\/wp\/v2\/product_cat?post=73186"},{"taxonomy":"product_tag","embeddable":true,"href":"https:\/\/dogpride.nl\/fr\/wp-json\/wp\/v2\/product_tag?post=73186"}],"curies":[{"name":"wp","href":"https:\/\/api.w.org\/{rel}","templated":true}]}}