{"id":73176,"date":"2021-09-14T15:55:12","date_gmt":"2021-09-14T13:55:12","guid":{"rendered":"https:\/\/dogpride1.wpengine.com\/?post_type=product&#038;p=73176"},"modified":"2022-01-19T13:02:12","modified_gmt":"2022-01-19T12:02:12","slug":"morin-pro-helikopter-harnas","status":"publish","type":"product","link":"https:\/\/dogpride.nl\/fr\/morin-pro-helikopter-harnas\/","title":{"rendered":"Harnais pour h\u00e9licopt\u00e8re MORIN Pro"},"content":{"rendered":"<h4>Harnais pour h\u00e9licopt\u00e8re MORIN Pro<\/h4>\n<p><span class=\"\">Le harnais pour h\u00e9licopt\u00e8re MORIN Pro est sp\u00e9cialement con\u00e7u pour les unit\u00e9s d&#039;\u00e9lite et d&#039;intervention police, arm\u00e9e, pompiers<\/span><\/p>\n<p>Produit tr\u00e8s s\u00fbr, conception robuste. Fabriqu\u00e9 en toile Cordura doubl\u00e9e.<\/p>\n<p>Possibilit\u00e9 de porter le chien sur la poitrine ou le dos (bretelles incluses)<br \/>\nPossibilit\u00e9 d&#039;abaisser le chien tout seul (points d&#039;attache au centre du harnais)<\/p>\n<p><strong>Conception d&#039;\u00e9quipement et d&#039;armure :<\/strong><\/p>\n<ul>\n<li>Harnais \/ Bretelles pour port sur le dos ou la poitrine :<\/li>\n<li>Harnais homme en sangle nylon 50 mm + renfort feutre 65 mm pour un maximum de confort au niveau des \u00e9paules.<\/li>\n<li>Les deux bretelles sont reli\u00e9es par une sangle r\u00e9glable de 20 mm \u00e0 d\u00e9gagement rapide.<\/li>\n<li>Harnais \u00e9quip\u00e9 de 4 mousquetons haute s\u00e9curit\u00e9 avec fermeture \u00e0 vis. Les mousquetons utilis\u00e9s sont homologu\u00e9s CE et garantissent une s\u00e9curit\u00e9 totale.<\/li>\n<\/ul>\n<p><strong><span class=\"\">Armure:<\/span><\/strong><br \/>\n<span class=\"\">syst\u00e8me interne du harnais par des sangles en nylon de 25 mm r\u00e9glables et facilement attach\u00e9es :<\/span><br \/>\n<span class=\"\">2 sangles avant\/arri\u00e8re + 2 sangles poitrine\/lat\u00e9rales<\/span><br \/>\n<span class=\"\">3 sangles r\u00e9glables de l&#039;ext\u00e9rieur permettent de s&#039;adapter au mieux au corps pour assurer un excellent maintien et confort au chien.<\/span><br \/>\n1 ceinture de s\u00e9curit\u00e9 r\u00e9glable pour une s\u00e9curit\u00e9 suppl\u00e9mentaire de la sangle de poitrine.<br \/>\nHarnais \u00e9quip\u00e9 de 4 anneaux soud\u00e9s pour accrocher le harnais de l&#039;homme (servant \u00e9galement \u00e0 accrocher \u00e0 certains syst\u00e8mes de descente utilis\u00e9s par la gendarmerie).<\/p>\n<p>Syst\u00e8me de point d&#039;attache en sangle nylon 25 mm, tr\u00e8s r\u00e9sistant, garantissant une s\u00e9curit\u00e9 totale. Avec ce syst\u00e8me, le chien ne peut descendre qu&#039;en rappel ou en tyrolienne.<br \/>\n<span class=\"\">Pour un maximum de confort et de s\u00e9curit\u00e9 dans cette configuration de descente 2 sangles cousues \u00ab enroulent \u00bb le harnais de part en part et sont en 1 seule partie int\u00e9grale.<\/span><\/p>\n<h4>Harnais de forme \u00ab anatomique \u00bb pour \u00e9pouser au mieux la forme de la poitrine du chien.<\/h4>\n<p>Le chien peut uriner sans desserrer la fente pour les m\u00e2les.<\/p>","protected":false},"excerpt":{"rendered":"<p>Harnais pour h\u00e9licopt\u00e8re MORIN Pro. Possibilit\u00e9 de porter le chien sur la poitrine ou sur le dos (bretelles incluses). Possibilit\u00e9 d&#039;abaisser le chien tout seul (points d&#039;attache au centre du harnais)<\/p>","protected":false},"featured_media":73177,"template":"","meta":[],"product_brand":[],"product_cat":[2814],"product_tag":[3136,3133,3138,3139,3134,3135,3137],"class_list":{"0":"post-73176","1":"product","2":"type-product","3":"status-publish","4":"has-post-thumbnail","6":"product_cat-hondenharnassen","7":"product_tag-brandweer","8":"product_tag-elite-eenheden","9":"product_tag-helicopterharnas-voor-honden","10":"product_tag-hond-op-de-borst-of-rug-dragen","11":"product_tag-interventiepolitie","12":"product_tag-leger","13":"product_tag-pro-helikopterharnas","15":"first","16":"instock","17":"taxable","18":"shipping-taxable","19":"purchasable","20":"product-type-variable"},"mb":[],"mfb_rest_fields":["title"],"_links":{"self":[{"href":"https:\/\/dogpride.nl\/fr\/wp-json\/wp\/v2\/product\/73176","targetHints":{"allow":["GET"]}}],"collection":[{"href":"https:\/\/dogpride.nl\/fr\/wp-json\/wp\/v2\/product"}],"about":[{"href":"https:\/\/dogpride.nl\/fr\/wp-json\/wp\/v2\/types\/product"}],"wp:featuredmedia":[{"embeddable":true,"href":"https:\/\/dogpride.nl\/fr\/wp-json\/wp\/v2\/media\/73177"}],"wp:attachment":[{"href":"https:\/\/dogpride.nl\/fr\/wp-json\/wp\/v2\/media?parent=73176"}],"wp:term":[{"taxonomy":"product_brand","embeddable":true,"href":"https:\/\/dogpride.nl\/fr\/wp-json\/wp\/v2\/product_brand?post=73176"},{"taxonomy":"product_cat","embeddable":true,"href":"https:\/\/dogpride.nl\/fr\/wp-json\/wp\/v2\/product_cat?post=73176"},{"taxonomy":"product_tag","embeddable":true,"href":"https:\/\/dogpride.nl\/fr\/wp-json\/wp\/v2\/product_tag?post=73176"}],"curies":[{"name":"wp","href":"https:\/\/api.w.org\/{rel}","templated":true}]}}