{"id":73170,"date":"2021-09-14T15:47:10","date_gmt":"2021-09-14T13:47:10","guid":{"rendered":"https:\/\/dogpride1.wpengine.com\/?post_type=product&#038;p=73170"},"modified":"2026-03-19T11:23:05","modified_gmt":"2026-03-19T10:23:05","slug":"morin-hondenlier-hefharnas","status":"publish","type":"product","link":"https:\/\/dogpride.nl\/fr\/morin-hondenlier-hefharnas\/","title":{"rendered":"Treuil pour chien \/ Harnais de levage MORIN"},"content":{"rendered":"<h4>Treuil pour chien \/ Harnais de levage MORIN<\/h4>\n<p><span class=\"\">Avec ce harnais de treuil, vous pouvez treuiller ou soulever votre chien \u00e0 faible hauteur.<\/span><\/p>\n<p>Ce harnais est id\u00e9al pour le treuillage \u00e0 faible hauteur et pour aider votre chien \u00e0 franchir des obstacles techniques (monter dans un camion pour d\u00e9tection, franchir une cl\u00f4ture\u2026) ou lorsque ce dernier perd sa mobilit\u00e9 avec l&#039;\u00e2ge.<\/p>\n<p><a href=\"https:\/\/dogpride.nl\/fr\/\"><img loading=\"lazy\" decoding=\"async\" class=\"alignnone\" title=\"Treuil pour chien \/ Harnais de levage MORIN\" src=\"https:\/\/dogpride.nl\/wp-content\/uploads\/verybig-3616-1.jpg\" alt=\"MORIN Hondenlier \/ hefharnas\" width=\"170\" height=\"170\" \/><\/a><\/p>\n<p>Les \u00e9lingues peuvent \u00eatre accroch\u00e9es \u00e0 un palan \u00e0 l&#039;aide des anneaux ou utilis\u00e9es comme poign\u00e9e de support pour aider votre chien \u00e0 marcher et \u00e0 se d\u00e9placer lorsqu&#039;il est bless\u00e9, \u00e2g\u00e9 ou handicap\u00e9.<br \/>\nPour une utilisation en soutien, nous vous informons que ce harnais ne permet pas aux chiens m\u00e2les d&#039;uriner car il n&#039;y a pas de fente pr\u00e9vue \u00e0 cet effet.<\/p>\n<p><a href=\"https:\/\/www.licg.nl\/honden\/\" target=\"_blank\" rel=\"noopener\"><img loading=\"lazy\" decoding=\"async\" class=\"alignnone\" title=\"Treuil pour chien \/ Harnais de levage MORIN\" src=\"https:\/\/dogpride.nl\/wp-content\/uploads\/verybig-3616-1.jpg\" alt=\"MORIN Hondenlier \/ hefharnas\" width=\"170\" height=\"170\" \/><\/a><\/p>\n<p>Rapide et facile \u00e0 installer<\/p>\n<p>Fabriqu\u00e9 en nylon avec rembourrage en mousse. Sangle de maintien \u00e0 d\u00e9gagement rapide avant et arri\u00e8re.<\/p>\n<p><strong><span class=\"goog-text-highlight\">CONSEILS DE S\u00c9CURIT\u00c9 : Attention pour treuil ou treuil de hauteur moyenne et haute nous conseillons notre mod\u00e8le \u00ab h\u00e9licopt\u00e8re pro \u00bb qui est bien plus s\u00e9curisant !<\/span><\/strong><\/p>","protected":false},"excerpt":{"rendered":"<p>Treuil \/ harnais de levage pour chien MORIN. Ce harnais est id\u00e9al pour treuiller \u00e0 faible hauteur et aider votre chien \u00e0 franchir des obstacles techniques (monter dans un camion pour d\u00e9tection, franchir une cl\u00f4ture\u2026)<\/p>","protected":false},"featured_media":73171,"template":"","meta":[],"product_brand":[],"product_cat":[2814],"product_tag":[3142,3140,3141],"class_list":{"0":"post-73170","1":"product","2":"type-product","3":"status-publish","4":"has-post-thumbnail","6":"product_cat-hondenharnassen","7":"product_tag-een-hek-oversteken","8":"product_tag-liertuig-voor-honden","9":"product_tag-voor-detectie","11":"first","12":"instock","13":"taxable","14":"shipping-taxable","15":"purchasable","16":"product-type-variable"},"mb":[],"mfb_rest_fields":["title"],"_links":{"self":[{"href":"https:\/\/dogpride.nl\/fr\/wp-json\/wp\/v2\/product\/73170","targetHints":{"allow":["GET"]}}],"collection":[{"href":"https:\/\/dogpride.nl\/fr\/wp-json\/wp\/v2\/product"}],"about":[{"href":"https:\/\/dogpride.nl\/fr\/wp-json\/wp\/v2\/types\/product"}],"wp:featuredmedia":[{"embeddable":true,"href":"https:\/\/dogpride.nl\/fr\/wp-json\/wp\/v2\/media\/73171"}],"wp:attachment":[{"href":"https:\/\/dogpride.nl\/fr\/wp-json\/wp\/v2\/media?parent=73170"}],"wp:term":[{"taxonomy":"product_brand","embeddable":true,"href":"https:\/\/dogpride.nl\/fr\/wp-json\/wp\/v2\/product_brand?post=73170"},{"taxonomy":"product_cat","embeddable":true,"href":"https:\/\/dogpride.nl\/fr\/wp-json\/wp\/v2\/product_cat?post=73170"},{"taxonomy":"product_tag","embeddable":true,"href":"https:\/\/dogpride.nl\/fr\/wp-json\/wp\/v2\/product_tag?post=73170"}],"curies":[{"name":"wp","href":"https:\/\/api.w.org\/{rel}","templated":true}]}}