{"id":73163,"date":"2021-09-14T15:35:00","date_gmt":"2021-09-14T13:35:00","guid":{"rendered":"https:\/\/dogpride1.wpengine.com\/?post_type=product&#038;p=73163"},"modified":"2026-03-19T11:24:15","modified_gmt":"2026-03-19T10:24:15","slug":"morin-multi-k9-harnas","status":"publish","type":"product","link":"https:\/\/dogpride.nl\/fr\/morin-multi-k9-harnas\/","title":{"rendered":"Harnais MORIN MULTI K9"},"content":{"rendered":"<h4>Harnais MORIN MULTI K9<\/h4>\n<p><span class=\"\">Het MORIN MULTI K9 harnas is een veelzijdig hondentuigje dat voor meerdere functies kan worden gebruikt<\/span><\/p>\n<p>Gilet tactique modulaire facile \u00e0 porter pour chien qui offre plusieurs options de configuration pour s&#039;adapter au profil de la mission.<br \/>\nLes bretelles sont rembourr\u00e9es et r\u00e9glables pour une r\u00e9partition ergonomique du poids, un confort maximal et une mobilit\u00e9 illimit\u00e9e.<br \/>\nConstruit avec du mat\u00e9riel et des mat\u00e9riaux r\u00e9sistants aux normes MIL-SPEC, le harnais est con\u00e7u pour r\u00e9sister \u00e0 l&#039;environnement de combat et convient \u00e0 la descente en rappel, au levage et au tir \u00e0 la corde \u00e0 grande vitesse.<\/p>\n<p><a href=\"https:\/\/dogpride.nl\/fr\/\"><img loading=\"lazy\" decoding=\"async\" class=\"alignnone\" title=\"Harnais MORIN MULTI K9\" src=\"https:\/\/dogpride.nl\/wp-content\/uploads\/verybig-4515-1-1-150x150.jpg\" alt=\"MORIN MULTI K9 harnas\" width=\"150\" height=\"150\" \/><\/a><\/p>\n<ul>\n<li>Points de fixation de l&#039;anneau en V MIlSPEC<\/li>\n<li>Poign\u00e9es renforc\u00e9es pour levage, chargement, transport.<\/li>\n<li>Maille a\u00e9rodynamique extr\u00eamement extensible dans les 4 sens pour une circulation d&#039;air et un confort maximum.<\/li>\n<li><span class=\"\">Sangle de transport en nylon trait\u00e9 \u00e0 la r\u00e9sine<\/span><\/li>\n<li><span class=\"\">Panneaux lat\u00e9raux en Velvro pour attacher les badges<\/span><\/li>\n<li><span class=\"\">Points de montage int\u00e9gr\u00e9s pour une vari\u00e9t\u00e9 de syst\u00e8mes d&#039;\u00e9clairage ou de marquage.<\/span><\/li>\n<li>Panneaux lat\u00e9raux MOLLE<\/li>\n<li>2 points d&#039;attache de laisse<\/li>\n<li>Sangle de maintien arri\u00e8re amovible<\/li>\n<li>Panneau sup\u00e9rieur MOLLE avec bouche GoPro.<\/li>\n<li>Adapter voor verschillende rugcamerasystemen op COBRA- harnas met 6 gespen.<\/li>\n<\/ul>\n<p><a href=\"https:\/\/www.licg.nl\/honden\/\" target=\"_blank\" rel=\"noopener\"><img loading=\"lazy\" decoding=\"async\" class=\"alignnone\" src=\"https:\/\/dogpride.nl\/wp-content\/uploads\/verybig-4515-1-1-150x150.jpg\" alt=\"\" width=\"150\" height=\"150\" \/><\/a><\/p>\n<p><strong>Chaque harnais est fabriqu\u00e9 sur commande et ajust\u00e9 \u00e0 la taille de chaque chien.<\/strong><br \/>\n<strong>D\u00e9lai de livraison environ 30 \u00e0 45 jours !<\/strong><\/p>\n<p>Couleur : vert ou noir<\/p>","protected":false},"excerpt":{"rendered":"<p>Construit avec du mat\u00e9riel et des mat\u00e9riaux r\u00e9sistants aux normes MIL-SPEC, le harnais est con\u00e7u pour r\u00e9sister \u00e0 l&#039;environnement de combat et convient \u00e0 la descente en rappel, au levage et au tir \u00e0 la corde \u00e0 grande vitesse.<\/p>\n<p style=\"text-align: center;\"><span style=\"color: #ff0000;\"><strong>Prix sur demande!<\/strong><\/span><\/p>","protected":false},"featured_media":73162,"template":"","meta":[],"product_brand":[],"product_cat":[2814],"product_tag":[3119,7995,3146,3143,3145,3144],"class_list":{"0":"post-73163","1":"product","2":"type-product","3":"status-publish","4":"has-post-thumbnail","6":"product_cat-hondenharnassen","7":"product_tag-abseilen","8":"product_tag-mil-spec","9":"product_tag-modulair-tactisch-hondenvest","10":"product_tag-multi-k9-harnas","11":"product_tag-tillen","12":"product_tag-veelzijdig-hondentuigje","14":"first","15":"instock","16":"taxable","17":"shipping-taxable","18":"product-type-simple"},"mb":[],"mfb_rest_fields":["title"],"_links":{"self":[{"href":"https:\/\/dogpride.nl\/fr\/wp-json\/wp\/v2\/product\/73163","targetHints":{"allow":["GET"]}}],"collection":[{"href":"https:\/\/dogpride.nl\/fr\/wp-json\/wp\/v2\/product"}],"about":[{"href":"https:\/\/dogpride.nl\/fr\/wp-json\/wp\/v2\/types\/product"}],"wp:featuredmedia":[{"embeddable":true,"href":"https:\/\/dogpride.nl\/fr\/wp-json\/wp\/v2\/media\/73162"}],"wp:attachment":[{"href":"https:\/\/dogpride.nl\/fr\/wp-json\/wp\/v2\/media?parent=73163"}],"wp:term":[{"taxonomy":"product_brand","embeddable":true,"href":"https:\/\/dogpride.nl\/fr\/wp-json\/wp\/v2\/product_brand?post=73163"},{"taxonomy":"product_cat","embeddable":true,"href":"https:\/\/dogpride.nl\/fr\/wp-json\/wp\/v2\/product_cat?post=73163"},{"taxonomy":"product_tag","embeddable":true,"href":"https:\/\/dogpride.nl\/fr\/wp-json\/wp\/v2\/product_tag?post=73163"}],"curies":[{"name":"wp","href":"https:\/\/api.w.org\/{rel}","templated":true}]}}