{"id":73146,"date":"2021-09-14T15:12:37","date_gmt":"2021-09-14T13:12:37","guid":{"rendered":"https:\/\/dogpride1.wpengine.com\/?post_type=product&#038;p=73146"},"modified":"2022-10-25T12:32:38","modified_gmt":"2022-10-25T10:32:38","slug":"morin-kogelvrij-vest-voor-honden-met-molle-systeem","status":"publish","type":"product","link":"https:\/\/dogpride.nl\/fr\/morin-kogelvrij-vest-voor-honden-met-molle-systeem\/","title":{"rendered":"MORIN Gilet pare-balles pour chien avec syst\u00e8me MOLLE"},"content":{"rendered":"<h1>MORIN Gilet pare-balles pour chien avec syst\u00e8me MOLLE<\/h1>\n<p>MORIN Gilet pare-balles pour chien avec syst\u00e8me MOLLE<\/p>\n<p><span class=\"goog-text-highlight\">Le gilet pare-balles pour chien offre une protection du torse, du dos et des flancs en classe IIIA NIJ 0101.06 tout en maintenant une libert\u00e9 de mouvement maximale du chien.<br \/>\n<\/span>Ce gilet a une forme ergonomique.<br \/>\nLes r\u00e9glages par sangles lat\u00e9rales et les packs balistiques souples s&#039;adaptent au mieux \u00e0 la morphologie du chien.<br \/>\nLes enveloppes qui re\u00e7oivent le colis balistique sont facilement accessibles gr\u00e2ce aux fermetures \u00e9clair.<\/p>\n<p>Con\u00e7u pour s&#039;adapter \u00e0 la morphologie du chien, il est disponible en 3 tailles.<br \/>\nCe gilet est \u00e9quip\u00e9 d&#039;un anneau pour la laisse sur le col. Et deux sangles \u00e0 l&#039;arri\u00e8re pour porter ou tenir le chien.<br \/>\n<span class=\"\">Ces deux laisses sont \u00e9quip\u00e9es d&#039;un syst\u00e8me qui permet de les replier lorsqu&#039;elles ne sont pas utilis\u00e9es, afin que le chien ne se coince pas sur les obstacles.<\/span><\/p>\n<ul>\n<li>R\u00e9alis\u00e9 en toile type Cordura, doublure polyester.<\/li>\n<li>Poids environ 2,04 kg en taille 1 avec emballage balistique<\/li>\n<\/ul>\n<p>Disponible en tailles : 1, 2 et 3<\/p>\n<p><strong>Tableau des tailles:<\/strong><\/p>\n<p><img loading=\"lazy\" decoding=\"async\" class=\"alignnone wp-image-73150 size-full\" src=\"https:\/\/www.dogpride.nl\/wp-content\/uploads\/verybig-3730-5.jpg\" alt=\"\" width=\"520\" height=\"520\" srcset=\"https:\/\/dogpride.nl\/wp-content\/uploads\/verybig-3730-5.jpg 520w, https:\/\/dogpride.nl\/wp-content\/uploads\/verybig-3730-5-250x250.jpg 250w, https:\/\/dogpride.nl\/wp-content\/uploads\/verybig-3730-5-100x100.jpg 100w, https:\/\/dogpride.nl\/wp-content\/uploads\/verybig-3730-5-400x400.jpg 400w, https:\/\/dogpride.nl\/wp-content\/uploads\/verybig-3730-5-300x300.jpg 300w, https:\/\/dogpride.nl\/wp-content\/uploads\/verybig-3730-5-150x150.jpg 150w, https:\/\/dogpride.nl\/wp-content\/uploads\/verybig-3730-5-66x66.jpg 66w, https:\/\/dogpride.nl\/wp-content\/uploads\/verybig-3730-5-200x200.jpg 200w\" sizes=\"auto, (max-width: 520px) 100vw, 520px\" \/><\/p>","protected":false},"excerpt":{"rendered":"<p>MORIN Gilet pare-balles pour chien avec syst\u00e8me MOLLE. <span class=\"goog-text-highlight\">Le gilet pare-balles pour chien offre une protection du torse, du dos et des flancs en classe IIIA NIJ 0101.06 tout en maintenant une libert\u00e9 de mouvement maximale du chien.<\/span><\/p>","protected":false},"featured_media":73147,"template":"","meta":[],"product_brand":[],"product_cat":[2808],"product_tag":[3110,3111],"class_list":{"0":"post-73146","1":"product","2":"type-product","3":"status-publish","4":"has-post-thumbnail","6":"product_cat-honden-veiligheidsvesten","7":"product_tag-kogelvrij-harnas-voor-honden","8":"product_tag-molle-systeem","10":"first","11":"instock","12":"taxable","13":"shipping-taxable","14":"purchasable","15":"product-type-variable"},"mb":[],"mfb_rest_fields":["title"],"_links":{"self":[{"href":"https:\/\/dogpride.nl\/fr\/wp-json\/wp\/v2\/product\/73146","targetHints":{"allow":["GET"]}}],"collection":[{"href":"https:\/\/dogpride.nl\/fr\/wp-json\/wp\/v2\/product"}],"about":[{"href":"https:\/\/dogpride.nl\/fr\/wp-json\/wp\/v2\/types\/product"}],"wp:featuredmedia":[{"embeddable":true,"href":"https:\/\/dogpride.nl\/fr\/wp-json\/wp\/v2\/media\/73147"}],"wp:attachment":[{"href":"https:\/\/dogpride.nl\/fr\/wp-json\/wp\/v2\/media?parent=73146"}],"wp:term":[{"taxonomy":"product_brand","embeddable":true,"href":"https:\/\/dogpride.nl\/fr\/wp-json\/wp\/v2\/product_brand?post=73146"},{"taxonomy":"product_cat","embeddable":true,"href":"https:\/\/dogpride.nl\/fr\/wp-json\/wp\/v2\/product_cat?post=73146"},{"taxonomy":"product_tag","embeddable":true,"href":"https:\/\/dogpride.nl\/fr\/wp-json\/wp\/v2\/product_tag?post=73146"}],"curies":[{"name":"wp","href":"https:\/\/api.w.org\/{rel}","templated":true}]}}