{"id":73137,"date":"2021-09-14T14:49:30","date_gmt":"2021-09-14T12:49:30","guid":{"rendered":"https:\/\/dogpride1.wpengine.com\/?post_type=product&#038;p=73137"},"modified":"2022-10-27T10:13:50","modified_gmt":"2022-10-27T08:13:50","slug":"protech-ballistisch-beschermings-harnas","status":"publish","type":"product","link":"https:\/\/dogpride.nl\/fr\/protech-ballistisch-beschermings-harnas\/","title":{"rendered":"Harnais de protection balistique PROTECH"},"content":{"rendered":"<h1 class=\"txt-title-fichier\">Harnais de protection balistique PROTECH<\/h1>\n<p>Harnais de protection balistique PROTECH<\/p>\n<p><span class=\"goog-text-highlight\">Le gilet pare-balles PROTECH pour chien offre une protection de classe NIJ II ou NIJ III selon le niveau souhait\u00e9.<\/span><\/p>\n<p>Il prot\u00e8ge efficacement le chien sur la poitrine, le dos et les flancs tout en favorisant la mobilit\u00e9 de votre chien lors de l&#039;intervention.<\/p>\n<p>Forme ergonomique, avec r\u00e9glages de r\u00e9glage par sangle.<br \/>\nLe harnais est \u00e9quip\u00e9 d&#039;un velcro, d&#039;une poign\u00e9e et d&#039;un point d&#039;attache pour laisse ou longe.<br \/>\nFabriqu\u00e9 en toile Cordura robuste, un nylon ripstop \u00e0 l&#039;int\u00e9rieur pour une bonne respirabilit\u00e9.<br \/>\nExtension arri\u00e8re amovible<\/p>\n<p>Disponible en noir, multicam et vert tactique<\/p>\n<p><span class=\"\">Sp\u00e9cifiez la taille et la couleur lors de la commande par e-mail info@dogpride.nl<\/span><\/p>\n<p><strong>Tableau des tailles:<\/strong><\/p>\n<p><img loading=\"lazy\" decoding=\"async\" class=\"alignnone wp-image-73138 size-full\" src=\"https:\/\/www.dogpride.nl\/wp-content\/uploads\/Maattabel-.jpg\" alt=\"\" width=\"618\" height=\"680\" srcset=\"https:\/\/dogpride.nl\/wp-content\/uploads\/Maattabel-.jpg 618w, https:\/\/dogpride.nl\/wp-content\/uploads\/Maattabel--250x275.jpg 250w, https:\/\/dogpride.nl\/wp-content\/uploads\/Maattabel--400x440.jpg 400w, https:\/\/dogpride.nl\/wp-content\/uploads\/Maattabel--273x300.jpg 273w, https:\/\/dogpride.nl\/wp-content\/uploads\/Maattabel--200x220.jpg 200w, https:\/\/dogpride.nl\/wp-content\/uploads\/Maattabel--600x660.jpg 600w\" sizes=\"auto, (max-width: 618px) 100vw, 618px\" \/><\/p>","protected":false},"excerpt":{"rendered":"<p class=\"txt-title-fichier\"><span class=\"goog-text-highlight\">Le gilet pare-balles PROTECH pour chien offre une protection de classe NIJ II ou NIJ III selon le niveau souhait\u00e9.<\/span><\/p>","protected":false},"featured_media":73139,"template":"","meta":[],"product_brand":[],"product_cat":[2808],"product_tag":[4604,4605,4606,4603],"class_list":{"0":"post-73137","1":"product","2":"type-product","3":"status-publish","4":"has-post-thumbnail","6":"product_cat-honden-veiligheidsvesten","7":"product_tag-ballistisch","8":"product_tag-beschermings","9":"product_tag-harnas","10":"product_tag-protech","12":"first","13":"instock","14":"taxable","15":"shipping-taxable","16":"purchasable","17":"product-type-variable"},"mb":[],"mfb_rest_fields":["title"],"_links":{"self":[{"href":"https:\/\/dogpride.nl\/fr\/wp-json\/wp\/v2\/product\/73137","targetHints":{"allow":["GET"]}}],"collection":[{"href":"https:\/\/dogpride.nl\/fr\/wp-json\/wp\/v2\/product"}],"about":[{"href":"https:\/\/dogpride.nl\/fr\/wp-json\/wp\/v2\/types\/product"}],"wp:featuredmedia":[{"embeddable":true,"href":"https:\/\/dogpride.nl\/fr\/wp-json\/wp\/v2\/media\/73139"}],"wp:attachment":[{"href":"https:\/\/dogpride.nl\/fr\/wp-json\/wp\/v2\/media?parent=73137"}],"wp:term":[{"taxonomy":"product_brand","embeddable":true,"href":"https:\/\/dogpride.nl\/fr\/wp-json\/wp\/v2\/product_brand?post=73137"},{"taxonomy":"product_cat","embeddable":true,"href":"https:\/\/dogpride.nl\/fr\/wp-json\/wp\/v2\/product_cat?post=73137"},{"taxonomy":"product_tag","embeddable":true,"href":"https:\/\/dogpride.nl\/fr\/wp-json\/wp\/v2\/product_tag?post=73137"}],"curies":[{"name":"wp","href":"https:\/\/api.w.org\/{rel}","templated":true}]}}