{"id":73128,"date":"2021-09-14T14:43:00","date_gmt":"2021-09-14T12:43:00","guid":{"rendered":"https:\/\/dogpride1.wpengine.com\/?post_type=product&#038;p=73128"},"modified":"2022-10-27T10:48:28","modified_gmt":"2022-10-27T08:48:28","slug":"sioen-balistics-beschermings-harnas-sts-k9","status":"publish","type":"product","link":"https:\/\/dogpride.nl\/fr\/sioen-balistics-beschermings-harnas-sts-k9\/","title":{"rendered":"Harnais de protection SIOEN BALISTICS STS-K9"},"content":{"rendered":"<h1>Harnais de protection SIOEN BALISTICS STS-K9<\/h1>\n<p>Harnais de protection SIOEN BALISTICS STS-K9 + MOLLE + anti-coup + flottabilit\u00e9<\/p>\n<p><span class=\"\">Harnais de protection complet pour chiens et brigade canine<\/span><\/p>\n<p>Ce harnais pour chien est tr\u00e8s complet :<\/p>\n<ul>\n<li>Protection balistique IIIA<\/li>\n<li>Protection de la lame<\/li>\n<li>Puissance flottante<\/li>\n<li>Syst\u00e8me MOLLE<\/li>\n<\/ul>\n<p>Le STS-K9 est le gilet pare-balles pour chien de derni\u00e8re g\u00e9n\u00e9ration de Sioen Balistics, d\u00e9velopp\u00e9 en collaboration avec des unit\u00e9s d&#039;intervention.<br \/>\nCe gilet est bas\u00e9 sur un grand nombre de retours d&#039;exp\u00e9rience de ma\u00eetres-chiens fran\u00e7ais et \u00e9trangers. Il \u00e9tablit une nouvelle norme pour la protection des chiens affect\u00e9s lors de missions \u00e0 haut risque.<\/p>\n<p>Qu&#039;il s&#039;agisse de protection, de souplesse ou d&#039;ergonomie, le STS K9 est un produit unique. Il offre une protection pare-balles et anti-couteau de diff\u00e9rents niveaux, tout en pr\u00e9servant au maximum la mobilit\u00e9 et le confort de l&#039;animal.<\/p>\n<p>B\u00e9n\u00e9ficiant des derni\u00e8res \u00e9volutions de la balistique, ce gilet offre une protection \u00e0 270\u00b0 (dos, abdomen et flancs), prot\u00e9geant les organes vitaux.<br \/>\nIl est rapide \u00e0 enfiler et gr\u00e2ce \u00e0 des entretoises il s&#039;adapte \u00e0 la taille de l&#039;animal.<br \/>\nC\u00f4t\u00e9 mati\u00e8re, le gilet est compos\u00e9 majoritairement de mesh pour un maximum d&#039;a\u00e9ration, de Cordura pour les parties sujettes aux frottements et les parties \u00e9lastiques pour rendre le gilet plus confortable.<\/p>\n<h2><strong>Les actifs:<\/strong><\/h2>\n<ul>\n<li>Syst\u00e8me MOLLE<\/li>\n<li>Plusieurs points d&#039;ancrage<\/li>\n<li>Multi-missions<\/li>\n<li>Modularit\u00e9 de la protection<\/li>\n<li>Protection des organes vitaux<\/li>\n<li>Confortable<\/li>\n<li>L\u00e9ger, fin et souple<\/li>\n<li>R\u00e9sistant<\/li>\n<li>Diff\u00e9rentes tailles disponibles et ajustables<\/li>\n<li>Plusieurs couleurs<\/li>\n<li>Comprend un forfait de flottaison<\/li>\n<li>Comprend 2 sangles de transport<\/li>\n<\/ul>\n<p>Ce harnais poss\u00e8de plusieurs points de portage, permettant au conducteur d&#039;accrocher une ligne vers l&#039;avant ou vers l&#039;arri\u00e8re, d&#039;effectuer des commandes de conduite, mais aussi de porter le chien sur le dos ou \u00e0 bout de bras. Les trois sangles font le tour de l&#039;animal pour r\u00e9partir la traction sur une surface large et confortable pour le chien, elles se rapprochent ensuite de la zone des boucles CObra Austrialpin (deux sangles r\u00e9glables sont incluses)<\/p>\n<p>Pour les missions comportant une composante fluviale ou marine, le pack flottabilit\u00e9 compense le poids du gilet en cas de chute du chien \u00e0 l&#039;eau. absorption de la d\u00e9formation arri\u00e8re des packs balistiques lors d&#039;un impact de munition).<\/p>\n<h2>Ce harnais est fait de mat\u00e9riaux qui ont un effet ignifuge.<\/h2>\n<p>Selon la zone op\u00e9ratoire, le gilet est disponible en diff\u00e9rents coloris : Multicam (sur commande), Vert Olive (en stock) et Noir (sur commande)<br \/>\nDisponible en tailles XS, S, M et L<br \/>\nDiff\u00e9rents niveaux de protection NIJ IIIA, SK1, classe VPAM, HOSBD\u2026)<\/p>\n<p>Dans un souci de maintien et de modularit\u00e9 dans le choix du pack balistique, les diff\u00e9rents \u00e9l\u00e9ments du gilet sont facilement dissociables en fonction des besoins. La housse est \u00e9galement lavable en machine.<br \/>\n<span class=\"\"><br \/>\nLe mod\u00e8le vendu en standard est une version en pack balistique NIJ IIIA<\/span><\/p>\n<p><strong>Tableau des tailles:<\/strong><\/p>\n<p><img loading=\"lazy\" decoding=\"async\" class=\"alignnone size-full wp-image-96640\" src=\"https:\/\/www.dogpride.nl\/wp-content\/uploads\/Maattabel-Sioen-Ballistics.jpg\" alt=\"Maattabel\" width=\"721\" height=\"332\" srcset=\"https:\/\/dogpride.nl\/wp-content\/uploads\/Maattabel-Sioen-Ballistics.jpg 721w, https:\/\/dogpride.nl\/wp-content\/uploads\/Maattabel-Sioen-Ballistics-250x115.jpg 250w, https:\/\/dogpride.nl\/wp-content\/uploads\/Maattabel-Sioen-Ballistics-400x184.jpg 400w, https:\/\/dogpride.nl\/wp-content\/uploads\/Maattabel-Sioen-Ballistics-300x138.jpg 300w, https:\/\/dogpride.nl\/wp-content\/uploads\/Maattabel-Sioen-Ballistics-200x92.jpg 200w, https:\/\/dogpride.nl\/wp-content\/uploads\/Maattabel-Sioen-Ballistics-600x276.jpg 600w\" sizes=\"auto, (max-width: 721px) 100vw, 721px\" \/><\/p>","protected":false},"excerpt":{"rendered":"<p>Ce gilet est bas\u00e9 sur un grand nombre de retours d&#039;exp\u00e9rience de ma\u00eetres-chiens fran\u00e7ais et \u00e9trangers. Il \u00e9tablit une nouvelle norme pour la protection des chiens affect\u00e9s lors de missions \u00e0 haut risque.<\/p>","protected":false},"featured_media":73127,"template":"","meta":[],"product_brand":[],"product_cat":[2808],"product_tag":[3112,3113,3115,3114,4607],"class_list":{"0":"post-73128","1":"product","2":"type-product","3":"status-publish","4":"has-post-thumbnail","6":"product_cat-honden-veiligheidsvesten","7":"product_tag-ballistisch-beschermingsharnas","8":"product_tag-dragen","9":"product_tag-drijfvermogen","10":"product_tag-mesbeschermer","11":"product_tag-sts-k9","13":"first","14":"instock","15":"taxable","16":"shipping-taxable","17":"purchasable","18":"product-type-variable"},"mb":[],"mfb_rest_fields":["title"],"_links":{"self":[{"href":"https:\/\/dogpride.nl\/fr\/wp-json\/wp\/v2\/product\/73128","targetHints":{"allow":["GET"]}}],"collection":[{"href":"https:\/\/dogpride.nl\/fr\/wp-json\/wp\/v2\/product"}],"about":[{"href":"https:\/\/dogpride.nl\/fr\/wp-json\/wp\/v2\/types\/product"}],"wp:featuredmedia":[{"embeddable":true,"href":"https:\/\/dogpride.nl\/fr\/wp-json\/wp\/v2\/media\/73127"}],"wp:attachment":[{"href":"https:\/\/dogpride.nl\/fr\/wp-json\/wp\/v2\/media?parent=73128"}],"wp:term":[{"taxonomy":"product_brand","embeddable":true,"href":"https:\/\/dogpride.nl\/fr\/wp-json\/wp\/v2\/product_brand?post=73128"},{"taxonomy":"product_cat","embeddable":true,"href":"https:\/\/dogpride.nl\/fr\/wp-json\/wp\/v2\/product_cat?post=73128"},{"taxonomy":"product_tag","embeddable":true,"href":"https:\/\/dogpride.nl\/fr\/wp-json\/wp\/v2\/product_tag?post=73128"}],"curies":[{"name":"wp","href":"https:\/\/api.w.org\/{rel}","templated":true}]}}